{"id":4430,"date":"2025-06-23T14:00:29","date_gmt":"2025-06-23T14:00:29","guid":{"rendered":"https:\/\/canadametal.com\/servicios\/"},"modified":"2026-04-09T11:09:11","modified_gmt":"2026-04-09T11:09:11","slug":"servicios","status":"publish","type":"page","link":"https:\/\/www.canadametal.com\/es\/servicios\/","title":{"rendered":"Servicios"},"content":{"rendered":"","protected":false},"excerpt":{"rendered":"","protected":false},"author":1,"featured_media":0,"parent":0,"menu_order":0,"comment_status":"closed","ping_status":"closed","template":"templates\/services-template.php","meta":{"_themeisle_gutenberg_block_has_review":false,"footnotes":""},"class_list":["post-4430","page","type-page","status-publish","hentry"],"yoast_head":"<!-- This site is optimized with the Yoast SEO plugin v25.4 - https:\/\/yoast.com\/wordpress\/plugins\/seo\/ -->\n<title>Soldadura, revestimiento y relleno de plomo \u2013 Canada Metal North America<\/title>\n<meta name=\"description\" content=\"Canada Metal ofrece servicios de alta calidad de quemado (soldadura), relleno, revestimiento, extrusi\u00f3n y laminaci\u00f3n de plomo con una trayectoria de experiencia en dise\u00f1o, fabricaci\u00f3n, reparaci\u00f3n e instalaci\u00f3n.\" \/>\n<meta name=\"robots\" content=\"index, follow, max-snippet:-1, max-image-preview:large, max-video-preview:-1\" \/>\n<link rel=\"canonical\" href=\"https:\/\/www.canadametal.com\/es\/servicios\/\" \/>\n<meta property=\"og:locale\" content=\"es_ES\" \/>\n<meta property=\"og:type\" content=\"article\" \/>\n<meta property=\"og:title\" content=\"Soldadura, revestimiento y relleno de plomo \u2013 Canada Metal North America\" \/>\n<meta property=\"og:description\" content=\"Canada Metal ofrece servicios de alta calidad de quemado (soldadura), relleno, revestimiento, extrusi\u00f3n y laminaci\u00f3n de plomo con una trayectoria de experiencia en dise\u00f1o, fabricaci\u00f3n, reparaci\u00f3n e instalaci\u00f3n.\" \/>\n<meta property=\"og:url\" content=\"https:\/\/www.canadametal.com\/es\/servicios\/\" \/>\n<meta property=\"og:site_name\" content=\"Canada Metal\" \/>\n<meta property=\"article:modified_time\" content=\"2026-04-09T11:09:11+00:00\" \/>\n<meta name=\"twitter:card\" content=\"summary_large_image\" \/>\n<!-- \/ Yoast SEO plugin. -->","yoast_head_json":{"title":"Soldadura, revestimiento y relleno de plomo \u2013 Canada Metal North America","description":"Canada Metal ofrece servicios de alta calidad de quemado (soldadura), relleno, revestimiento, extrusi\u00f3n y laminaci\u00f3n de plomo con una trayectoria de experiencia en dise\u00f1o, fabricaci\u00f3n, reparaci\u00f3n e instalaci\u00f3n.","robots":{"index":"index","follow":"follow","max-snippet":"max-snippet:-1","max-image-preview":"max-image-preview:large","max-video-preview":"max-video-preview:-1"},"canonical":"https:\/\/www.canadametal.com\/es\/servicios\/","og_locale":"es_ES","og_type":"article","og_title":"Soldadura, revestimiento y relleno de plomo \u2013 Canada Metal North America","og_description":"Canada Metal ofrece servicios de alta calidad de quemado (soldadura), relleno, revestimiento, extrusi\u00f3n y laminaci\u00f3n de plomo con una trayectoria de experiencia en dise\u00f1o, fabricaci\u00f3n, reparaci\u00f3n e instalaci\u00f3n.","og_url":"https:\/\/www.canadametal.com\/es\/servicios\/","og_site_name":"Canada Metal","article_modified_time":"2026-04-09T11:09:11+00:00","twitter_card":"summary_large_image","schema":{"@context":"https:\/\/schema.org","@graph":[{"@type":"WebPage","@id":"https:\/\/www.canadametal.com\/es\/servicios\/","url":"https:\/\/www.canadametal.com\/es\/servicios\/","name":"Soldadura, revestimiento y relleno de plomo \u2013 Canada Metal North America","isPartOf":{"@id":"https:\/\/www.canadametal.com\/es\/#website"},"datePublished":"2025-06-23T14:00:29+00:00","dateModified":"2026-04-09T11:09:11+00:00","description":"Canada Metal ofrece servicios de alta calidad de quemado (soldadura), relleno, revestimiento, extrusi\u00f3n y laminaci\u00f3n de plomo con una trayectoria de experiencia en dise\u00f1o, fabricaci\u00f3n, reparaci\u00f3n e instalaci\u00f3n.","breadcrumb":{"@id":"https:\/\/www.canadametal.com\/es\/servicios\/#breadcrumb"},"inLanguage":"es","potentialAction":[{"@type":"ReadAction","target":["https:\/\/www.canadametal.com\/es\/servicios\/"]}]},{"@type":"BreadcrumbList","@id":"https:\/\/www.canadametal.com\/es\/servicios\/#breadcrumb","itemListElement":[{"@type":"ListItem","position":1,"name":"Home","item":"https:\/\/www.canadametal.com\/es\/"},{"@type":"ListItem","position":2,"name":"Servicios"}]},{"@type":"WebSite","@id":"https:\/\/www.canadametal.com\/es\/#website","url":"https:\/\/www.canadametal.com\/es\/","name":"Canada Metal","description":"Lead Suppliers, Lead Ingots | Canada Metal North America","publisher":{"@id":"https:\/\/www.canadametal.com\/es\/#organization"},"potentialAction":[{"@type":"SearchAction","target":{"@type":"EntryPoint","urlTemplate":"https:\/\/www.canadametal.com\/es\/?s={search_term_string}"},"query-input":{"@type":"PropertyValueSpecification","valueRequired":true,"valueName":"search_term_string"}}],"inLanguage":"es"},{"@type":"Organization","@id":"https:\/\/www.canadametal.com\/es\/#organization","name":"Canada Metal","url":"https:\/\/www.canadametal.com\/es\/","logo":{"@type":"ImageObject","inLanguage":"es","@id":"https:\/\/www.canadametal.com\/es\/#\/schema\/logo\/image\/","url":"https:\/\/www.canadametal.com\/wp-content\/uploads\/2025\/10\/cropped-N299.3-16-CMNA-Radiation-Shielding-1_1-1.png","contentUrl":"https:\/\/www.canadametal.com\/wp-content\/uploads\/2025\/10\/cropped-N299.3-16-CMNA-Radiation-Shielding-1_1-1.png","width":1754,"height":155,"caption":"Canada Metal"},"image":{"@id":"https:\/\/www.canadametal.com\/es\/#\/schema\/logo\/image\/"}}]}},"_links":{"self":[{"href":"https:\/\/www.canadametal.com\/es\/wp-json\/wp\/v2\/pages\/4430","targetHints":{"allow":["GET"]}}],"collection":[{"href":"https:\/\/www.canadametal.com\/es\/wp-json\/wp\/v2\/pages"}],"about":[{"href":"https:\/\/www.canadametal.com\/es\/wp-json\/wp\/v2\/types\/page"}],"author":[{"embeddable":true,"href":"https:\/\/www.canadametal.com\/es\/wp-json\/wp\/v2\/users\/1"}],"replies":[{"embeddable":true,"href":"https:\/\/www.canadametal.com\/es\/wp-json\/wp\/v2\/comments?post=4430"}],"version-history":[{"count":5,"href":"https:\/\/www.canadametal.com\/es\/wp-json\/wp\/v2\/pages\/4430\/revisions"}],"predecessor-version":[{"id":5823,"href":"https:\/\/www.canadametal.com\/es\/wp-json\/wp\/v2\/pages\/4430\/revisions\/5823"}],"wp:attachment":[{"href":"https:\/\/www.canadametal.com\/es\/wp-json\/wp\/v2\/media?parent=4430"}],"curies":[{"name":"wp","href":"https:\/\/api.w.org\/{rel}","templated":true}]}}