{"id":4605,"date":"2025-07-20T11:11:23","date_gmt":"2025-07-20T11:11:23","guid":{"rendered":"https:\/\/canadametal.com\/products\/anodos-de-zinc-marinos\/"},"modified":"2025-07-20T11:11:23","modified_gmt":"2025-07-20T11:11:23","slug":"anodos-de-zinc-marinos","status":"publish","type":"product","link":"https:\/\/www.canadametal.com\/es\/produits\/marine-zinc-anodes\/","title":{"rendered":"\u00c1nodos de zinc marinos"},"content":{"rendered":"<p><span style=\"text-decoration: underline;\"><strong>Descripci\u00f3n<\/strong><\/span><br \/>\nLos \u00e1nodos de zinc marino se utilizan ampliamente para proteger embarcaciones y estructuras comerciales, privadas y militares contra la corrosi\u00f3n o el \u00f3xido en ambientes marinos. Su naturaleza sacrificada prolonga la vida \u00fatil de barcos, naves, embarcaciones y estructuras marinas.<\/p>\n<p>Los \u00e1nodos de zinc son la opci\u00f3n preferida para protecci\u00f3n en aplicaciones de agua salada, ya que ofrecen menor resistencia a los electrolitos producidos en este tipo de ambiente. El zinc, en esencia, evita la corrosi\u00f3n y el \u00f3xido en otras superficies met\u00e1licas al atraer primero la corrosi\u00f3n y disolverse con el tiempo, protegiendo los cascos y otras piezas met\u00e1licas mediante su \u201csacrificio\u201d.<\/p>\n<p><span style=\"text-decoration: underline;\"><strong>Aplicaciones<\/strong><\/span><br \/>\nCascos, tanques de agua salada, sentinas, planchas de fondo, quillas, timones, t\u00faneles de eje, tanques de lastre, tanques de carga, tuber\u00edas de acero, plataformas de producci\u00f3n, pilotes de acero para muelles, intercambiadores de calor.<\/p>\n<p><span style=\"text-decoration: underline;\"><strong>Industrias<\/strong><\/span><br \/>\nSector mar\u00edtimo comercial, petr\u00f3leo y gas, defensa<\/p>\n<p><span style=\"text-decoration: underline;\"><strong>Formatos<\/strong><\/span><br \/>\nNuestros \u00e1nodos tipo barra y placa, disponibles en versiones \u201catornillables\u201d y \u201csoldables\u201d, en formatos aerodin\u00e1micos, semi-aerodin\u00e1micos y tipo l\u00e1grima, est\u00e1n especialmente formulados para proporcionar una protecci\u00f3n superior contra la corrosi\u00f3n en los cascos y componentes de embarcaciones y estructuras marinas. Ambos estilos usan insertos de aluminio o acero. Los \u00e1nodos soldables tienen pesta\u00f1as para soldadura directa a la estructura del barco. Las pesta\u00f1as de acero (correas) vienen de forma est\u00e1ndar. Tambi\u00e9n hay pesta\u00f1as de aluminio disponibles en la mayor\u00eda de los modelos.<\/p>\n<p>Explore nuestra selecci\u00f3n de \u00e1nodos marinos y varillas de \u00e1nodo de zinc en Canad\u00e1 a continuaci\u00f3n y cont\u00e1ctenos directamente para sus necesidades espec\u00edficas.<\/p>\n","protected":false},"excerpt":{"rendered":"<p>Descripci\u00f3n Los \u00e1nodos de zinc marino se utilizan ampliamente para proteger embarcaciones y estructuras comerciales, privadas y militares contra la corrosi\u00f3n o el \u00f3xido en ambientes marinos. Su naturaleza sacrificada prolonga la vida \u00fatil de barcos, naves, embarcaciones y estructuras marinas. Los \u00e1nodos de zinc son la opci\u00f3n preferida para protecci\u00f3n en aplicaciones de agua [&hellip;]<\/p>\n","protected":false},"featured_media":4366,"template":"","product_category":[123],"class_list":["post-4605","product","type-product","status-publish","has-post-thumbnail","hentry","product_category-productos-de-zinc-es"],"yoast_head":"<!-- This site is optimized with the Yoast SEO plugin v25.4 - https:\/\/yoast.com\/wordpress\/plugins\/seo\/ -->\n<title>Anodes en zinc marines, tige d&#039;anode en zinc - Canada Metal<\/title>\n<meta name=\"description\" content=\"Les anodes et tiges de zinc marin de Canada Metal sont fabriqu\u00e9es \u00e0 partir de zinc m\u00e9tallique primaire de haute qualit\u00e9, test\u00e9es et certifi\u00e9es pour r\u00e9pondre aux normes les plus \u00e9lev\u00e9es de l&#039;industrie.\" \/>\n<meta name=\"robots\" content=\"index, follow, max-snippet:-1, max-image-preview:large, max-video-preview:-1\" \/>\n<link rel=\"canonical\" href=\"https:\/\/www.canadametal.com\/es\/produits\/marine-zinc-anodes\/\" \/>\n<meta property=\"og:locale\" content=\"es_ES\" \/>\n<meta property=\"og:type\" content=\"article\" \/>\n<meta property=\"og:title\" content=\"Anodes en zinc marines, tige d&#039;anode en zinc - Canada Metal\" \/>\n<meta property=\"og:description\" content=\"Les anodes et tiges de zinc marin de Canada Metal sont fabriqu\u00e9es \u00e0 partir de zinc m\u00e9tallique primaire de haute qualit\u00e9, test\u00e9es et certifi\u00e9es pour r\u00e9pondre aux normes les plus \u00e9lev\u00e9es de l&#039;industrie.\" \/>\n<meta property=\"og:url\" content=\"https:\/\/www.canadametal.com\/es\/produits\/marine-zinc-anodes\/\" \/>\n<meta property=\"og:site_name\" content=\"Canada Metal\" \/>\n<meta property=\"og:image\" content=\"https:\/\/canadametal.com\/wp-content\/uploads\/2025\/07\/marine-anodes-1.jpg\" \/>\n\t<meta property=\"og:image:width\" content=\"1368\" \/>\n\t<meta property=\"og:image:height\" content=\"912\" \/>\n\t<meta property=\"og:image:type\" content=\"image\/jpeg\" \/>\n<meta name=\"twitter:card\" content=\"summary_large_image\" \/>\n<meta name=\"twitter:label1\" content=\"Tiempo de lectura\" \/>\n\t<meta name=\"twitter:data1\" content=\"1 minuto\" \/>\n<!-- \/ Yoast SEO plugin. -->","yoast_head_json":{"title":"Anodes en zinc marines, tige d'anode en zinc - Canada Metal","description":"Les anodes et tiges de zinc marin de Canada Metal sont fabriqu\u00e9es \u00e0 partir de zinc m\u00e9tallique primaire de haute qualit\u00e9, test\u00e9es et certifi\u00e9es pour r\u00e9pondre aux normes les plus \u00e9lev\u00e9es de l'industrie.","robots":{"index":"index","follow":"follow","max-snippet":"max-snippet:-1","max-image-preview":"max-image-preview:large","max-video-preview":"max-video-preview:-1"},"canonical":"https:\/\/www.canadametal.com\/es\/produits\/marine-zinc-anodes\/","og_locale":"es_ES","og_type":"article","og_title":"Anodes en zinc marines, tige d'anode en zinc - Canada Metal","og_description":"Les anodes et tiges de zinc marin de Canada Metal sont fabriqu\u00e9es \u00e0 partir de zinc m\u00e9tallique primaire de haute qualit\u00e9, test\u00e9es et certifi\u00e9es pour r\u00e9pondre aux normes les plus \u00e9lev\u00e9es de l'industrie.","og_url":"https:\/\/www.canadametal.com\/es\/produits\/marine-zinc-anodes\/","og_site_name":"Canada Metal","og_image":[{"width":1368,"height":912,"url":"https:\/\/canadametal.com\/wp-content\/uploads\/2025\/07\/marine-anodes-1.jpg","type":"image\/jpeg"}],"twitter_card":"summary_large_image","twitter_misc":{"Tiempo de lectura":"1 minuto"},"schema":{"@context":"https:\/\/schema.org","@graph":[{"@type":"WebPage","@id":"https:\/\/www.canadametal.com\/es\/produits\/marine-zinc-anodes\/","url":"https:\/\/www.canadametal.com\/es\/produits\/marine-zinc-anodes\/","name":"Anodes en zinc marines, tige d'anode en zinc - Canada Metal","isPartOf":{"@id":"https:\/\/www.canadametal.com\/es\/#website"},"primaryImageOfPage":{"@id":"https:\/\/www.canadametal.com\/es\/produits\/marine-zinc-anodes\/#primaryimage"},"image":{"@id":"https:\/\/www.canadametal.com\/es\/produits\/marine-zinc-anodes\/#primaryimage"},"thumbnailUrl":"https:\/\/www.canadametal.com\/wp-content\/uploads\/2025\/07\/marine-anodes-1.jpg","datePublished":"2025-07-20T11:11:23+00:00","description":"Les anodes et tiges de zinc marin de Canada Metal sont fabriqu\u00e9es \u00e0 partir de zinc m\u00e9tallique primaire de haute qualit\u00e9, test\u00e9es et certifi\u00e9es pour r\u00e9pondre aux normes les plus \u00e9lev\u00e9es de l'industrie.","breadcrumb":{"@id":"https:\/\/www.canadametal.com\/es\/produits\/marine-zinc-anodes\/#breadcrumb"},"inLanguage":"es","potentialAction":[{"@type":"ReadAction","target":["https:\/\/www.canadametal.com\/es\/produits\/marine-zinc-anodes\/"]}]},{"@type":"ImageObject","inLanguage":"es","@id":"https:\/\/www.canadametal.com\/es\/produits\/marine-zinc-anodes\/#primaryimage","url":"https:\/\/www.canadametal.com\/wp-content\/uploads\/2025\/07\/marine-anodes-1.jpg","contentUrl":"https:\/\/www.canadametal.com\/wp-content\/uploads\/2025\/07\/marine-anodes-1.jpg","width":1368,"height":912},{"@type":"BreadcrumbList","@id":"https:\/\/www.canadametal.com\/es\/produits\/marine-zinc-anodes\/#breadcrumb","itemListElement":[{"@type":"ListItem","position":1,"name":"Home","item":"https:\/\/www.canadametal.com\/es\/"},{"@type":"ListItem","position":2,"name":"Products","item":"https:\/\/www.canadametal.com\/es\/products\/"},{"@type":"ListItem","position":3,"name":"\u00c1nodos de zinc marinos"}]},{"@type":"WebSite","@id":"https:\/\/www.canadametal.com\/es\/#website","url":"https:\/\/www.canadametal.com\/es\/","name":"Canada Metal","description":"Lead Suppliers, Lead Ingots | Canada Metal North America","publisher":{"@id":"https:\/\/www.canadametal.com\/es\/#organization"},"potentialAction":[{"@type":"SearchAction","target":{"@type":"EntryPoint","urlTemplate":"https:\/\/www.canadametal.com\/es\/?s={search_term_string}"},"query-input":{"@type":"PropertyValueSpecification","valueRequired":true,"valueName":"search_term_string"}}],"inLanguage":"es"},{"@type":"Organization","@id":"https:\/\/www.canadametal.com\/es\/#organization","name":"Canada Metal","url":"https:\/\/www.canadametal.com\/es\/","logo":{"@type":"ImageObject","inLanguage":"es","@id":"https:\/\/www.canadametal.com\/es\/#\/schema\/logo\/image\/","url":"https:\/\/www.canadametal.com\/wp-content\/uploads\/2025\/10\/cropped-N299.3-16-CMNA-Radiation-Shielding-1_1-1.png","contentUrl":"https:\/\/www.canadametal.com\/wp-content\/uploads\/2025\/10\/cropped-N299.3-16-CMNA-Radiation-Shielding-1_1-1.png","width":1754,"height":155,"caption":"Canada Metal"},"image":{"@id":"https:\/\/www.canadametal.com\/es\/#\/schema\/logo\/image\/"}}]}},"_links":{"self":[{"href":"https:\/\/www.canadametal.com\/es\/wp-json\/wp\/v2\/product\/4605","targetHints":{"allow":["GET"]}}],"collection":[{"href":"https:\/\/www.canadametal.com\/es\/wp-json\/wp\/v2\/product"}],"about":[{"href":"https:\/\/www.canadametal.com\/es\/wp-json\/wp\/v2\/types\/product"}],"wp:featuredmedia":[{"embeddable":true,"href":"https:\/\/www.canadametal.com\/es\/wp-json\/wp\/v2\/media\/4366"}],"wp:attachment":[{"href":"https:\/\/www.canadametal.com\/es\/wp-json\/wp\/v2\/media?parent=4605"}],"wp:term":[{"taxonomy":"product_category","embeddable":true,"href":"https:\/\/www.canadametal.com\/es\/wp-json\/wp\/v2\/product_category?post=4605"}],"curies":[{"name":"wp","href":"https:\/\/api.w.org\/{rel}","templated":true}]}}