{"id":4607,"date":"2025-07-20T11:15:33","date_gmt":"2025-07-20T11:15:33","guid":{"rendered":"https:\/\/canadametal.com\/products\/esferas-de-zinc\/"},"modified":"2026-04-21T09:12:08","modified_gmt":"2026-04-21T09:12:08","slug":"esferas-de-zinc","status":"publish","type":"product","link":"https:\/\/www.canadametal.com\/es\/productos\/bolas-de-zinc\/","title":{"rendered":"Bolas de zinc"},"content":{"rendered":"<p><strong>Descripci\u00f3n<\/strong><br \/>\nNuestras bolas de zinc de superficie plana se fabrican con zinc especial de alta calidad y se funden para garantizar un acabado suave y una uniformidad en su forma.<\/p>\n<p><strong>Formatos<\/strong><br \/>\nDisponible en 2 pulgadas de di\u00e1metro.<\/p>\n<p><script type=\"application\/ld+json\"> \n{\"@context\":\"https:\/\/schema.org\",\n\"@type\":\"WebPage\",\n\"url\":\"https:\/\/www.canadametal.com\/products\/zinc-balls\/\",\n\"name\":\"Zinc Balls | High-Purity Zinc Anode Balls | Canada Metal\",\n\"description\":\"Shop high-quality zinc balls and anode balls from Canada Metal. Designed for superior corrosion protection and performance in electroplating and marine use.\",\n\"publisher\":{\"@type\":\"Organization\",\"name\":\"Canada Metal North America\"},\n\"keywords\":\"zinc balls, zinc anode balls\"} \n<\/script><\/p>\n","protected":false},"excerpt":{"rendered":"<p>Descripci\u00f3n Nuestras bolas de zinc de superficie plana se fabrican con zinc especial de alta calidad y se funden para garantizar un acabado suave y una uniformidad en su forma. Formatos Disponible en 2 pulgadas de di\u00e1metro.<\/p>\n","protected":false},"featured_media":4364,"template":"","product_category":[123],"class_list":["post-4607","product","type-product","status-publish","has-post-thumbnail","hentry","product_category-productos-de-zinc-es"],"yoast_head":"<!-- This site is optimized with the Yoast SEO plugin v25.4 - https:\/\/yoast.com\/wordpress\/plugins\/seo\/ -->\n<title>Bolas de zinc | Bolas de \u00e1nodo de zinc de alta pureza | Canada Metal<\/title>\n<meta name=\"description\" content=\"Compre bolas de zinc de alta calidad y bolas de \u00e1nodo de zinc de Canada Metal. Dise\u00f1adas para ofrecer una protecci\u00f3n superior contra la corrosi\u00f3n y un rendimiento \u00f3ptimo en galvanoplastia y aplicaciones marinas.\" \/>\n<meta name=\"robots\" content=\"index, follow, max-snippet:-1, max-image-preview:large, max-video-preview:-1\" \/>\n<link rel=\"canonical\" href=\"https:\/\/www.canadametal.com\/es\/productos\/bolas-de-zinc\/\" \/>\n<meta property=\"og:locale\" content=\"es_ES\" \/>\n<meta property=\"og:type\" content=\"article\" \/>\n<meta property=\"og:title\" content=\"Bolas de zinc | Bolas de \u00e1nodo de zinc de alta pureza | Canada Metal\" \/>\n<meta property=\"og:description\" content=\"Compre bolas de zinc de alta calidad y bolas de \u00e1nodo de zinc de Canada Metal. Dise\u00f1adas para ofrecer una protecci\u00f3n superior contra la corrosi\u00f3n y un rendimiento \u00f3ptimo en galvanoplastia y aplicaciones marinas.\" \/>\n<meta property=\"og:url\" content=\"https:\/\/www.canadametal.com\/es\/productos\/bolas-de-zinc\/\" \/>\n<meta property=\"og:site_name\" content=\"Canada Metal\" \/>\n<meta property=\"article:modified_time\" content=\"2026-04-21T09:12:08+00:00\" \/>\n<meta property=\"og:image\" content=\"https:\/\/www.canadametal.com\/wp-content\/uploads\/2025\/07\/zinc-balls.jpg\" \/>\n\t<meta property=\"og:image:width\" content=\"600\" \/>\n\t<meta property=\"og:image:height\" content=\"450\" \/>\n\t<meta property=\"og:image:type\" content=\"image\/jpeg\" \/>\n<meta name=\"twitter:card\" content=\"summary_large_image\" \/>\n<meta name=\"twitter:label1\" content=\"Tiempo de lectura\" \/>\n\t<meta name=\"twitter:data1\" content=\"1 minuto\" \/>\n<!-- \/ Yoast SEO plugin. -->","yoast_head_json":{"title":"Bolas de zinc | Bolas de \u00e1nodo de zinc de alta pureza | Canada Metal","description":"Compre bolas de zinc de alta calidad y bolas de \u00e1nodo de zinc de Canada Metal. Dise\u00f1adas para ofrecer una protecci\u00f3n superior contra la corrosi\u00f3n y un rendimiento \u00f3ptimo en galvanoplastia y aplicaciones marinas.","robots":{"index":"index","follow":"follow","max-snippet":"max-snippet:-1","max-image-preview":"max-image-preview:large","max-video-preview":"max-video-preview:-1"},"canonical":"https:\/\/www.canadametal.com\/es\/productos\/bolas-de-zinc\/","og_locale":"es_ES","og_type":"article","og_title":"Bolas de zinc | Bolas de \u00e1nodo de zinc de alta pureza | Canada Metal","og_description":"Compre bolas de zinc de alta calidad y bolas de \u00e1nodo de zinc de Canada Metal. Dise\u00f1adas para ofrecer una protecci\u00f3n superior contra la corrosi\u00f3n y un rendimiento \u00f3ptimo en galvanoplastia y aplicaciones marinas.","og_url":"https:\/\/www.canadametal.com\/es\/productos\/bolas-de-zinc\/","og_site_name":"Canada Metal","article_modified_time":"2026-04-21T09:12:08+00:00","og_image":[{"width":600,"height":450,"url":"https:\/\/www.canadametal.com\/wp-content\/uploads\/2025\/07\/zinc-balls.jpg","type":"image\/jpeg"}],"twitter_card":"summary_large_image","twitter_misc":{"Tiempo de lectura":"1 minuto"},"schema":{"@context":"https:\/\/schema.org","@graph":[{"@type":"WebPage","@id":"https:\/\/www.canadametal.com\/es\/productos\/bolas-de-zinc\/","url":"https:\/\/www.canadametal.com\/es\/productos\/bolas-de-zinc\/","name":"Bolas de zinc | Bolas de \u00e1nodo de zinc de alta pureza | Canada Metal","isPartOf":{"@id":"https:\/\/www.canadametal.com\/es\/#website"},"primaryImageOfPage":{"@id":"https:\/\/www.canadametal.com\/es\/productos\/bolas-de-zinc\/#primaryimage"},"image":{"@id":"https:\/\/www.canadametal.com\/es\/productos\/bolas-de-zinc\/#primaryimage"},"thumbnailUrl":"https:\/\/www.canadametal.com\/wp-content\/uploads\/2025\/07\/zinc-balls.jpg","datePublished":"2025-07-20T11:15:33+00:00","dateModified":"2026-04-21T09:12:08+00:00","description":"Compre bolas de zinc de alta calidad y bolas de \u00e1nodo de zinc de Canada Metal. Dise\u00f1adas para ofrecer una protecci\u00f3n superior contra la corrosi\u00f3n y un rendimiento \u00f3ptimo en galvanoplastia y aplicaciones marinas.","breadcrumb":{"@id":"https:\/\/www.canadametal.com\/es\/productos\/bolas-de-zinc\/#breadcrumb"},"inLanguage":"es","potentialAction":[{"@type":"ReadAction","target":["https:\/\/www.canadametal.com\/es\/productos\/bolas-de-zinc\/"]}]},{"@type":"ImageObject","inLanguage":"es","@id":"https:\/\/www.canadametal.com\/es\/productos\/bolas-de-zinc\/#primaryimage","url":"https:\/\/www.canadametal.com\/wp-content\/uploads\/2025\/07\/zinc-balls.jpg","contentUrl":"https:\/\/www.canadametal.com\/wp-content\/uploads\/2025\/07\/zinc-balls.jpg","width":600,"height":450,"caption":"C\u00f3mo las Bolas de Zinc Mejoran la Eficiencia en los Sistemas de Electroplacado y Protecci\u00f3n contra la Corrosi\u00f3n"},{"@type":"BreadcrumbList","@id":"https:\/\/www.canadametal.com\/es\/productos\/bolas-de-zinc\/#breadcrumb","itemListElement":[{"@type":"ListItem","position":1,"name":"Home","item":"https:\/\/www.canadametal.com\/es\/"},{"@type":"ListItem","position":2,"name":"Products","item":"https:\/\/www.canadametal.com\/es\/products\/"},{"@type":"ListItem","position":3,"name":"Bolas de zinc"}]},{"@type":"WebSite","@id":"https:\/\/www.canadametal.com\/es\/#website","url":"https:\/\/www.canadametal.com\/es\/","name":"Canada Metal","description":"Lead Suppliers, Lead Ingots | Canada Metal North America","publisher":{"@id":"https:\/\/www.canadametal.com\/es\/#organization"},"potentialAction":[{"@type":"SearchAction","target":{"@type":"EntryPoint","urlTemplate":"https:\/\/www.canadametal.com\/es\/?s={search_term_string}"},"query-input":{"@type":"PropertyValueSpecification","valueRequired":true,"valueName":"search_term_string"}}],"inLanguage":"es"},{"@type":"Organization","@id":"https:\/\/www.canadametal.com\/es\/#organization","name":"Canada Metal","url":"https:\/\/www.canadametal.com\/es\/","logo":{"@type":"ImageObject","inLanguage":"es","@id":"https:\/\/www.canadametal.com\/es\/#\/schema\/logo\/image\/","url":"https:\/\/www.canadametal.com\/wp-content\/uploads\/2025\/10\/cropped-N299.3-16-CMNA-Radiation-Shielding-1_1-1.png","contentUrl":"https:\/\/www.canadametal.com\/wp-content\/uploads\/2025\/10\/cropped-N299.3-16-CMNA-Radiation-Shielding-1_1-1.png","width":1754,"height":155,"caption":"Canada Metal"},"image":{"@id":"https:\/\/www.canadametal.com\/es\/#\/schema\/logo\/image\/"}}]}},"_links":{"self":[{"href":"https:\/\/www.canadametal.com\/es\/wp-json\/wp\/v2\/product\/4607","targetHints":{"allow":["GET"]}}],"collection":[{"href":"https:\/\/www.canadametal.com\/es\/wp-json\/wp\/v2\/product"}],"about":[{"href":"https:\/\/www.canadametal.com\/es\/wp-json\/wp\/v2\/types\/product"}],"wp:featuredmedia":[{"embeddable":true,"href":"https:\/\/www.canadametal.com\/es\/wp-json\/wp\/v2\/media\/4364"}],"wp:attachment":[{"href":"https:\/\/www.canadametal.com\/es\/wp-json\/wp\/v2\/media?parent=4607"}],"wp:term":[{"taxonomy":"product_category","embeddable":true,"href":"https:\/\/www.canadametal.com\/es\/wp-json\/wp\/v2\/product_category?post=4607"}],"curies":[{"name":"wp","href":"https:\/\/api.w.org\/{rel}","templated":true}]}}