{"id":4609,"date":"2025-07-20T11:24:09","date_gmt":"2025-07-20T11:24:09","guid":{"rendered":"https:\/\/canadametal.com\/products\/barra-de-soldadura\/"},"modified":"2025-10-31T12:54:38","modified_gmt":"2025-10-31T12:54:38","slug":"barra-de-soldadura","status":"publish","type":"product","link":"https:\/\/www.canadametal.com\/es\/produits\/bar-solder-2\/","title":{"rendered":"Barra de soldadura"},"content":{"rendered":"<p><span style=\"text-decoration: underline;\"><strong>Descripci\u00f3n<\/strong><\/span><br \/>\nCanada Metal produce l\u00e1minas de esta\u00f1o de alta calidad y pureza, laminadas seg\u00fan las especificaciones del cliente, para su uso en blindaje gamma y por artesanos, maquinistas y contratistas en diversas aplicaciones.<\/p>\n<p>L\u00e1minas de Esta\u00f1o Premium en Canad\u00e1<\/p>\n<p><span style=\"text-decoration: underline;\"><strong>Descubra L\u00e1minas de Esta\u00f1o de Alta Calidad<\/strong><\/span><br \/>\nEn Canada Metal, nos enorgullece ofrecer l\u00e1minas de esta\u00f1o de alta calidad que satisfacen una amplia variedad de necesidades industriales y art\u00edsticas. Nuestras l\u00e1minas est\u00e1n fabricadas con esta\u00f1o puro, lo que garantiza una durabilidad excepcional y resistencia a la corrosi\u00f3n. Ya sea que necesite fabricar componentes o crear piezas art\u00edsticas impresionantes, nuestras l\u00e1minas de esta\u00f1o puro son la soluci\u00f3n ideal. Disponibles en varios tama\u00f1os y grosores, pueden cortarse y moldearse f\u00e1cilmente para adaptarse a los requisitos espec\u00edficos de su proyecto.<\/p>\n<p>No se conforme con menos cuando se trata de sus materiales. Elija Canada Metal para todas sus necesidades de l\u00e1minas de esta\u00f1o. Nuestro compromiso con la calidad y la satisfacci\u00f3n del cliente nos distingue en el mercado. Explore hoy nuestra amplia gama de l\u00e1minas de esta\u00f1o en Canad\u00e1 y experimente la diferencia en sus proyectos. \u00a1Cont\u00e1ctenos ahora para realizar su pedido o solicitar una cotizaci\u00f3n!<\/p>\n<p><span style=\"text-decoration: underline;\"><strong>Aplicaciones<\/strong><\/span><br \/>\nBlindaje gamma<\/p>\n<p><span style=\"text-decoration: underline;\"><strong>Industrias<\/strong><\/span><br \/>\nNuclear<\/p>\n<p><span style=\"text-decoration: underline;\"><strong>Formatos<\/strong><\/span><br \/>\nDisponibles en tama\u00f1os est\u00e1ndar y personalizados.<\/p>\n<div class=\"pro-desc\">\n<table class=\"table table-responsive table-bordered\" border=\"0\" cellspacing=\"0\" cellpadding=\"0\">\n<tbody>\n<tr>\n<td align=\"center\" valign=\"middle\" width=\"104\">%Esta\u00f1o<\/td>\n<td align=\"center\" valign=\"middle\" width=\"104\">%Plomo<\/td>\n<td align=\"center\" valign=\"middle\" width=\"104\">%Antimonio<\/td>\n<td align=\"center\" valign=\"middle\" width=\"104\">Solidus (\u00b0F)<\/td>\n<td align=\"center\" valign=\"middle\" width=\"104\">Liquidus (\u00b0F)<\/td>\n<td align=\"center\" valign=\"middle\" width=\"104\">Resistencia a la tracci\u00f3n<\/td>\n<\/tr>\n<tr>\n<td align=\"center\" valign=\"middle\" width=\"104\">\u2013<\/td>\n<td align=\"center\" valign=\"middle\" width=\"104\">100<\/td>\n<td align=\"center\" valign=\"middle\" width=\"104\">\u2013<\/td>\n<td align=\"center\" valign=\"middle\" width=\"104\">603<\/td>\n<td align=\"center\" valign=\"middle\" width=\"104\">621<\/td>\n<td align=\"center\" valign=\"middle\" width=\"104\">1900<\/td>\n<\/tr>\n<tr>\n<td align=\"center\" valign=\"middle\" width=\"104\">30<\/td>\n<td align=\"center\" valign=\"middle\" width=\"104\">70<\/td>\n<td align=\"center\" valign=\"middle\" width=\"104\">\u2013<\/td>\n<td align=\"center\" valign=\"middle\" width=\"104\">362<\/td>\n<td align=\"center\" valign=\"middle\" width=\"104\">490<\/td>\n<td align=\"center\" valign=\"middle\" width=\"104\">6140<\/td>\n<\/tr>\n<tr>\n<td align=\"center\" valign=\"middle\" width=\"104\">40<\/td>\n<td align=\"center\" valign=\"middle\" width=\"104\">60<\/td>\n<td align=\"center\" valign=\"middle\" width=\"104\">\u2013<\/td>\n<td align=\"center\" valign=\"middle\" width=\"104\">362<\/td>\n<td align=\"center\" valign=\"middle\" width=\"104\">460<\/td>\n<td align=\"center\" valign=\"middle\" width=\"104\">6320<\/td>\n<\/tr>\n<tr>\n<td align=\"center\" valign=\"middle\" width=\"104\">50<\/td>\n<td align=\"center\" valign=\"middle\" width=\"104\">50<\/td>\n<td align=\"center\" valign=\"middle\" width=\"104\">\u2013<\/td>\n<td align=\"center\" valign=\"middle\" width=\"104\">362<\/td>\n<td align=\"center\" valign=\"middle\" width=\"104\">420<\/td>\n<td align=\"center\" valign=\"middle\" width=\"104\">6450<\/td>\n<\/tr>\n<tr>\n<td align=\"center\" valign=\"middle\" width=\"104\">60<\/td>\n<td align=\"center\" valign=\"middle\" width=\"104\">40<\/td>\n<td align=\"center\" valign=\"middle\" width=\"104\">\u2013<\/td>\n<td align=\"center\" valign=\"middle\" width=\"104\">362<\/td>\n<td align=\"center\" valign=\"middle\" width=\"104\">375<\/td>\n<td align=\"center\" valign=\"middle\" width=\"104\">6400<\/td>\n<\/tr>\n<tr>\n<td align=\"center\" valign=\"middle\" width=\"104\">95<\/td>\n<td align=\"center\" valign=\"middle\" width=\"104\">\u2013<\/td>\n<td align=\"center\" valign=\"middle\" width=\"104\">5<\/td>\n<td align=\"center\" valign=\"middle\" width=\"104\">450<\/td>\n<td align=\"center\" valign=\"middle\" width=\"104\">464<\/td>\n<td align=\"center\" valign=\"middle\" width=\"104\">5900<\/td>\n<\/tr>\n<\/tbody>\n<\/table>\n<p>Aleaciones personalizadas disponibles bajo solicitud.<\/p>\n<\/div>\n","protected":false},"excerpt":{"rendered":"<p>Descripci\u00f3n Canada Metal produce l\u00e1minas de esta\u00f1o de alta calidad y pureza, laminadas seg\u00fan las especificaciones del cliente, para su uso en blindaje gamma y por artesanos, maquinistas y contratistas en diversas aplicaciones. L\u00e1minas de Esta\u00f1o Premium en Canad\u00e1 Descubra L\u00e1minas de Esta\u00f1o de Alta Calidad En Canada Metal, nos enorgullece ofrecer l\u00e1minas de esta\u00f1o [&hellip;]<\/p>\n","protected":false},"featured_media":4362,"template":"","product_category":[125],"class_list":["post-4609","product","type-product","status-publish","has-post-thumbnail","hentry","product_category-productos-de-estano"],"yoast_head":"<!-- This site is optimized with the Yoast SEO plugin v25.4 - https:\/\/yoast.com\/wordpress\/plugins\/seo\/ -->\n<title>Soldadura en Barra \u2013 Productos de Esta\u00f1o de Canada Metal<\/title>\n<meta name=\"description\" content=\"Canada Metal ofrece una amplia gama de productos de soldadura en barra a base de esta\u00f1o, disponibles en formatos personalizados.\" \/>\n<meta name=\"robots\" content=\"index, follow, max-snippet:-1, max-image-preview:large, max-video-preview:-1\" \/>\n<link rel=\"canonical\" href=\"https:\/\/www.canadametal.com\/es\/produits\/bar-solder-2\/\" \/>\n<meta property=\"og:locale\" content=\"es_ES\" \/>\n<meta property=\"og:type\" content=\"article\" \/>\n<meta property=\"og:title\" content=\"Soldadura en Barra \u2013 Productos de Esta\u00f1o de Canada Metal\" \/>\n<meta property=\"og:description\" content=\"Canada Metal ofrece una amplia gama de productos de soldadura en barra a base de esta\u00f1o, disponibles en formatos personalizados.\" \/>\n<meta property=\"og:url\" content=\"https:\/\/www.canadametal.com\/es\/produits\/bar-solder-2\/\" \/>\n<meta property=\"og:site_name\" content=\"Canada Metal\" \/>\n<meta property=\"article:modified_time\" content=\"2025-10-31T12:54:38+00:00\" \/>\n<meta property=\"og:image\" content=\"https:\/\/canadametal.com\/wp-content\/uploads\/2025\/07\/bar-solder-2.jpg\" \/>\n\t<meta property=\"og:image:width\" content=\"1368\" \/>\n\t<meta property=\"og:image:height\" content=\"912\" \/>\n\t<meta property=\"og:image:type\" content=\"image\/jpeg\" \/>\n<meta name=\"twitter:card\" content=\"summary_large_image\" \/>\n<meta name=\"twitter:label1\" content=\"Tiempo de lectura\" \/>\n\t<meta name=\"twitter:data1\" content=\"1 minuto\" \/>\n<!-- \/ Yoast SEO plugin. -->","yoast_head_json":{"title":"Soldadura en Barra \u2013 Productos de Esta\u00f1o de Canada Metal","description":"Canada Metal ofrece una amplia gama de productos de soldadura en barra a base de esta\u00f1o, disponibles en formatos personalizados.","robots":{"index":"index","follow":"follow","max-snippet":"max-snippet:-1","max-image-preview":"max-image-preview:large","max-video-preview":"max-video-preview:-1"},"canonical":"https:\/\/www.canadametal.com\/es\/produits\/bar-solder-2\/","og_locale":"es_ES","og_type":"article","og_title":"Soldadura en Barra \u2013 Productos de Esta\u00f1o de Canada Metal","og_description":"Canada Metal ofrece una amplia gama de productos de soldadura en barra a base de esta\u00f1o, disponibles en formatos personalizados.","og_url":"https:\/\/www.canadametal.com\/es\/produits\/bar-solder-2\/","og_site_name":"Canada Metal","article_modified_time":"2025-10-31T12:54:38+00:00","og_image":[{"width":1368,"height":912,"url":"https:\/\/canadametal.com\/wp-content\/uploads\/2025\/07\/bar-solder-2.jpg","type":"image\/jpeg"}],"twitter_card":"summary_large_image","twitter_misc":{"Tiempo de lectura":"1 minuto"},"schema":{"@context":"https:\/\/schema.org","@graph":[{"@type":"WebPage","@id":"https:\/\/www.canadametal.com\/es\/produits\/bar-solder-2\/","url":"https:\/\/www.canadametal.com\/es\/produits\/bar-solder-2\/","name":"Soldadura en Barra \u2013 Productos de Esta\u00f1o de Canada Metal","isPartOf":{"@id":"https:\/\/www.canadametal.com\/es\/#website"},"primaryImageOfPage":{"@id":"https:\/\/www.canadametal.com\/es\/produits\/bar-solder-2\/#primaryimage"},"image":{"@id":"https:\/\/www.canadametal.com\/es\/produits\/bar-solder-2\/#primaryimage"},"thumbnailUrl":"https:\/\/www.canadametal.com\/wp-content\/uploads\/2025\/07\/bar-solder-2.jpg","datePublished":"2025-07-20T11:24:09+00:00","dateModified":"2025-10-31T12:54:38+00:00","description":"Canada Metal ofrece una amplia gama de productos de soldadura en barra a base de esta\u00f1o, disponibles en formatos personalizados.","breadcrumb":{"@id":"https:\/\/www.canadametal.com\/es\/produits\/bar-solder-2\/#breadcrumb"},"inLanguage":"es","potentialAction":[{"@type":"ReadAction","target":["https:\/\/www.canadametal.com\/es\/produits\/bar-solder-2\/"]}]},{"@type":"ImageObject","inLanguage":"es","@id":"https:\/\/www.canadametal.com\/es\/produits\/bar-solder-2\/#primaryimage","url":"https:\/\/www.canadametal.com\/wp-content\/uploads\/2025\/07\/bar-solder-2.jpg","contentUrl":"https:\/\/www.canadametal.com\/wp-content\/uploads\/2025\/07\/bar-solder-2.jpg","width":1368,"height":912},{"@type":"BreadcrumbList","@id":"https:\/\/www.canadametal.com\/es\/produits\/bar-solder-2\/#breadcrumb","itemListElement":[{"@type":"ListItem","position":1,"name":"Home","item":"https:\/\/www.canadametal.com\/es\/"},{"@type":"ListItem","position":2,"name":"Products","item":"https:\/\/www.canadametal.com\/es\/products\/"},{"@type":"ListItem","position":3,"name":"Barra de soldadura"}]},{"@type":"WebSite","@id":"https:\/\/www.canadametal.com\/es\/#website","url":"https:\/\/www.canadametal.com\/es\/","name":"Canada Metal","description":"Lead Suppliers, Lead Ingots | Canada Metal North America","publisher":{"@id":"https:\/\/www.canadametal.com\/es\/#organization"},"potentialAction":[{"@type":"SearchAction","target":{"@type":"EntryPoint","urlTemplate":"https:\/\/www.canadametal.com\/es\/?s={search_term_string}"},"query-input":{"@type":"PropertyValueSpecification","valueRequired":true,"valueName":"search_term_string"}}],"inLanguage":"es"},{"@type":"Organization","@id":"https:\/\/www.canadametal.com\/es\/#organization","name":"Canada Metal","url":"https:\/\/www.canadametal.com\/es\/","logo":{"@type":"ImageObject","inLanguage":"es","@id":"https:\/\/www.canadametal.com\/es\/#\/schema\/logo\/image\/","url":"https:\/\/www.canadametal.com\/wp-content\/uploads\/2025\/10\/cropped-N299.3-16-CMNA-Radiation-Shielding-1_1-1.png","contentUrl":"https:\/\/www.canadametal.com\/wp-content\/uploads\/2025\/10\/cropped-N299.3-16-CMNA-Radiation-Shielding-1_1-1.png","width":1754,"height":155,"caption":"Canada Metal"},"image":{"@id":"https:\/\/www.canadametal.com\/es\/#\/schema\/logo\/image\/"}}]}},"_links":{"self":[{"href":"https:\/\/www.canadametal.com\/es\/wp-json\/wp\/v2\/product\/4609","targetHints":{"allow":["GET"]}}],"collection":[{"href":"https:\/\/www.canadametal.com\/es\/wp-json\/wp\/v2\/product"}],"about":[{"href":"https:\/\/www.canadametal.com\/es\/wp-json\/wp\/v2\/types\/product"}],"wp:featuredmedia":[{"embeddable":true,"href":"https:\/\/www.canadametal.com\/es\/wp-json\/wp\/v2\/media\/4362"}],"wp:attachment":[{"href":"https:\/\/www.canadametal.com\/es\/wp-json\/wp\/v2\/media?parent=4609"}],"wp:term":[{"taxonomy":"product_category","embeddable":true,"href":"https:\/\/www.canadametal.com\/es\/wp-json\/wp\/v2\/product_category?post=4609"}],"curies":[{"name":"wp","href":"https:\/\/api.w.org\/{rel}","templated":true}]}}