{"id":4611,"date":"2025-07-20T11:28:18","date_gmt":"2025-07-20T11:28:18","guid":{"rendered":"https:\/\/canadametal.com\/products\/pasta-para-soldar\/"},"modified":"2025-12-09T13:56:30","modified_gmt":"2025-12-09T13:56:30","slug":"pasta-para-soldar","status":"publish","type":"product","link":"https:\/\/www.canadametal.com\/es\/products\/soldering-paste\/","title":{"rendered":"Pasta para soldar"},"content":{"rendered":"<p><strong><span style=\"text-decoration: underline;\">Descripci\u00f3n<\/span><\/strong><br \/>\nCanada Metal ofrece fundente l\u00edquido para soldadura, especialmente formulado para un alto rendimiento en una amplia gama de metales base, soldaduras y temperaturas. Nuestra pasta de soldadura ejerce una potente acci\u00f3n depuradora que elimina las capas de \u00f3xido y otras impurezas de la superficie met\u00e1lica para lograr uniones resistentes. <\/p>\n<p><span style=\"text-decoration: underline;\"><strong>Aplicaciones<\/strong><\/span><br \/>\nPara uso en acero inoxidable, Monel, aleaciones con alto contenido de cromo, Inconel, n\u00edquel, cobre, lat\u00f3n y aleaciones ferrosas.<\/p>\n<p><span style=\"text-decoration: underline;\"><strong>Industrias<\/strong><\/span><br \/>\nPlomer\u00eda<\/p>\n<p><span style=\"text-decoration: underline;\"><strong>Formatos<\/strong><\/span><br \/>\nSe vende en paquetes de 56 gramos, 100 gramos y 500 gramos.<\/p>\n<p><script type=\"application\/ld+json\"> \n{\"@context\":\"https:\/\/schema.org\",\n\"@type\":\"WebPage\",\n\"url\":\"https:\/\/www.canadametal.com\/products\/soldering-paste\/\",\n\"name\":\"Soldering Paste | Silver, Tin & Aluminum Solder Paste | Canada Metal\",\n\"description\":\"Find the best soldering paste at Canada Metal, including silver, tin, aluminium, and high-temp solder pastes. Ideal for industrial and precision applications.\",\n\"publisher\":{\"@type\":\"Organization\",\"name\":\"Canada Metal North America\"},\n\"keywords\":\"soldering paste, silver solder paste, best solder paste, aluminum solder paste, tin solder paste, high temp solder paste, tin lead solder paste, solder tinning paste\"} \n<\/script><\/p>\n","protected":false},"excerpt":{"rendered":"<p>Descripci\u00f3n Canada Metal ofrece fundente l\u00edquido para soldadura, especialmente formulado para un alto rendimiento en una amplia gama de metales base, soldaduras y temperaturas. Nuestra pasta de soldadura ejerce una potente acci\u00f3n depuradora que elimina las capas de \u00f3xido y otras impurezas de la superficie met\u00e1lica para lograr uniones resistentes. Aplicaciones Para uso en acero [&hellip;]<\/p>\n","protected":false},"featured_media":4360,"template":"","product_category":[127],"class_list":["post-4611","product","type-product","status-publish","has-post-thumbnail","hentry","product_category-productos-de-soldadura"],"yoast_head":"<!-- This site is optimized with the Yoast SEO plugin v25.4 - https:\/\/yoast.com\/wordpress\/plugins\/seo\/ -->\n<title>Soldering Paste | Silver, Tin &amp; Aluminum Solder Paste | Canada Metal<\/title>\n<meta name=\"description\" content=\"Find the best soldering paste at Canada Metal, including silver, tin, aluminium, and high-temp solder pastes. Ideal for industrial and precision applications.\" \/>\n<meta name=\"robots\" content=\"index, follow, max-snippet:-1, max-image-preview:large, max-video-preview:-1\" \/>\n<link rel=\"canonical\" href=\"https:\/\/www.canadametal.com\/es\/products\/soldering-paste\/\" \/>\n<meta property=\"og:locale\" content=\"es_ES\" \/>\n<meta property=\"og:type\" content=\"article\" \/>\n<meta property=\"og:title\" content=\"Soldering Paste | Silver, Tin &amp; Aluminum Solder Paste | Canada Metal\" \/>\n<meta property=\"og:description\" content=\"Find the best soldering paste at Canada Metal, including silver, tin, aluminium, and high-temp solder pastes. Ideal for industrial and precision applications.\" \/>\n<meta property=\"og:url\" content=\"https:\/\/www.canadametal.com\/es\/products\/soldering-paste\/\" \/>\n<meta property=\"og:site_name\" content=\"Canada Metal\" \/>\n<meta property=\"article:modified_time\" content=\"2025-12-09T13:56:30+00:00\" \/>\n<meta property=\"og:image\" content=\"https:\/\/www.canadametal.com\/wp-content\/uploads\/2025\/07\/soldering-paste.png\" \/>\n\t<meta property=\"og:image:width\" content=\"224\" \/>\n\t<meta property=\"og:image:height\" content=\"154\" \/>\n\t<meta property=\"og:image:type\" content=\"image\/png\" \/>\n<meta name=\"twitter:card\" content=\"summary_large_image\" \/>\n<!-- \/ Yoast SEO plugin. -->","yoast_head_json":{"title":"Soldering Paste | Silver, Tin & Aluminum Solder Paste | Canada Metal","description":"Find the best soldering paste at Canada Metal, including silver, tin, aluminium, and high-temp solder pastes. Ideal for industrial and precision applications.","robots":{"index":"index","follow":"follow","max-snippet":"max-snippet:-1","max-image-preview":"max-image-preview:large","max-video-preview":"max-video-preview:-1"},"canonical":"https:\/\/www.canadametal.com\/es\/products\/soldering-paste\/","og_locale":"es_ES","og_type":"article","og_title":"Soldering Paste | Silver, Tin & Aluminum Solder Paste | Canada Metal","og_description":"Find the best soldering paste at Canada Metal, including silver, tin, aluminium, and high-temp solder pastes. Ideal for industrial and precision applications.","og_url":"https:\/\/www.canadametal.com\/es\/products\/soldering-paste\/","og_site_name":"Canada Metal","article_modified_time":"2025-12-09T13:56:30+00:00","og_image":[{"width":224,"height":154,"url":"https:\/\/www.canadametal.com\/wp-content\/uploads\/2025\/07\/soldering-paste.png","type":"image\/png"}],"twitter_card":"summary_large_image","schema":{"@context":"https:\/\/schema.org","@graph":[{"@type":"WebPage","@id":"https:\/\/www.canadametal.com\/es\/products\/soldering-paste\/","url":"https:\/\/www.canadametal.com\/es\/products\/soldering-paste\/","name":"Soldering Paste | Silver, Tin & Aluminum Solder Paste | Canada Metal","isPartOf":{"@id":"https:\/\/www.canadametal.com\/es\/#website"},"primaryImageOfPage":{"@id":"https:\/\/www.canadametal.com\/es\/products\/soldering-paste\/#primaryimage"},"image":{"@id":"https:\/\/www.canadametal.com\/es\/products\/soldering-paste\/#primaryimage"},"thumbnailUrl":"https:\/\/www.canadametal.com\/wp-content\/uploads\/2025\/07\/soldering-paste.png","datePublished":"2025-07-20T11:28:18+00:00","dateModified":"2025-12-09T13:56:30+00:00","description":"Find the best soldering paste at Canada Metal, including silver, tin, aluminium, and high-temp solder pastes. Ideal for industrial and precision applications.","breadcrumb":{"@id":"https:\/\/www.canadametal.com\/es\/products\/soldering-paste\/#breadcrumb"},"inLanguage":"es","potentialAction":[{"@type":"ReadAction","target":["https:\/\/www.canadametal.com\/es\/products\/soldering-paste\/"]}]},{"@type":"ImageObject","inLanguage":"es","@id":"https:\/\/www.canadametal.com\/es\/products\/soldering-paste\/#primaryimage","url":"https:\/\/www.canadametal.com\/wp-content\/uploads\/2025\/07\/soldering-paste.png","contentUrl":"https:\/\/www.canadametal.com\/wp-content\/uploads\/2025\/07\/soldering-paste.png","width":224,"height":154},{"@type":"BreadcrumbList","@id":"https:\/\/www.canadametal.com\/es\/products\/soldering-paste\/#breadcrumb","itemListElement":[{"@type":"ListItem","position":1,"name":"Home","item":"https:\/\/www.canadametal.com\/es\/"},{"@type":"ListItem","position":2,"name":"Products","item":"https:\/\/www.canadametal.com\/es\/products\/"},{"@type":"ListItem","position":3,"name":"Pasta para soldar"}]},{"@type":"WebSite","@id":"https:\/\/www.canadametal.com\/es\/#website","url":"https:\/\/www.canadametal.com\/es\/","name":"Canada Metal","description":"Lead Suppliers, Lead Ingots | Canada Metal North America","publisher":{"@id":"https:\/\/www.canadametal.com\/es\/#organization"},"potentialAction":[{"@type":"SearchAction","target":{"@type":"EntryPoint","urlTemplate":"https:\/\/www.canadametal.com\/es\/?s={search_term_string}"},"query-input":{"@type":"PropertyValueSpecification","valueRequired":true,"valueName":"search_term_string"}}],"inLanguage":"es"},{"@type":"Organization","@id":"https:\/\/www.canadametal.com\/es\/#organization","name":"Canada Metal","url":"https:\/\/www.canadametal.com\/es\/","logo":{"@type":"ImageObject","inLanguage":"es","@id":"https:\/\/www.canadametal.com\/es\/#\/schema\/logo\/image\/","url":"https:\/\/www.canadametal.com\/wp-content\/uploads\/2025\/10\/cropped-N299.3-16-CMNA-Radiation-Shielding-1_1-1.png","contentUrl":"https:\/\/www.canadametal.com\/wp-content\/uploads\/2025\/10\/cropped-N299.3-16-CMNA-Radiation-Shielding-1_1-1.png","width":1754,"height":155,"caption":"Canada Metal"},"image":{"@id":"https:\/\/www.canadametal.com\/es\/#\/schema\/logo\/image\/"}}]}},"_links":{"self":[{"href":"https:\/\/www.canadametal.com\/es\/wp-json\/wp\/v2\/product\/4611","targetHints":{"allow":["GET"]}}],"collection":[{"href":"https:\/\/www.canadametal.com\/es\/wp-json\/wp\/v2\/product"}],"about":[{"href":"https:\/\/www.canadametal.com\/es\/wp-json\/wp\/v2\/types\/product"}],"wp:featuredmedia":[{"embeddable":true,"href":"https:\/\/www.canadametal.com\/es\/wp-json\/wp\/v2\/media\/4360"}],"wp:attachment":[{"href":"https:\/\/www.canadametal.com\/es\/wp-json\/wp\/v2\/media?parent=4611"}],"wp:term":[{"taxonomy":"product_category","embeddable":true,"href":"https:\/\/www.canadametal.com\/es\/wp-json\/wp\/v2\/product_category?post=4611"}],"curies":[{"name":"wp","href":"https:\/\/api.w.org\/{rel}","templated":true}]}}