{"id":4613,"date":"2025-07-20T11:45:20","date_gmt":"2025-07-20T11:45:20","guid":{"rendered":"https:\/\/canadametal.com\/products\/soldadura-de-plata\/"},"modified":"2025-12-09T13:56:36","modified_gmt":"2025-12-09T13:56:36","slug":"soldadura-de-plata","status":"publish","type":"product","link":"https:\/\/www.canadametal.com\/es\/products\/silver-solder\/","title":{"rendered":"Soldadura de Plata"},"content":{"rendered":"<p><span style=\"text-decoration: underline;\"><strong>Descripci\u00f3n<\/strong><\/span><br \/>\nLa soldadura de plata sin plomo de Canada Metal cumple con las leyes sobre agua potable que proh\u00edben el uso de soldadura con plomo. Es libre de plomo, antimonio y zinc, y est\u00e1 disponible en varios formatos y pesos para env\u00edo el mismo d\u00eda.<\/p>\n<p><span style=\"text-decoration: underline;\"><strong>Soldadura de Plata y Soluciones de Brazing de Alta Calidad<\/strong><\/span><br \/>\n<strong><a href=\"https:\/\/www.canadametal.com\/es\/\">Canada Metal<\/a><\/strong> ofrece productos de soldadura de plata y soldadura fuerte de primer nivel, dise\u00f1ados para brindar resistencia y fiabilidad en diversas aplicaciones de uni\u00f3n de metales. Nuestra soldadura de plata es reconocida por sus excepcionales propiedades de flujo, lo que garantiza conexiones suaves y duraderas en entornos industriales.<\/p>\n<p><span style=\"text-decoration: underline;\"><strong>Confiabilidad Comprobada en Diversos Sectores<\/strong><\/span><br \/>\nCon nuestras soluciones de soldadura fuerte de plata, Canada Metal ofrece uniones duraderas y <a href=\"https:\/\/www.canadametal.com\/corrosion-protection\/\">resistentes a la corrosi\u00f3n<\/a> que soportan altas temperaturas. Estos productos se utilizan ampliamente en Am\u00e9rica del Norte, especialmente en la industria de la plomer\u00eda, donde la precisi\u00f3n y el rendimiento son fundamentales. Ya sea que trabaje con cobre, lat\u00f3n u otros metales, nuestras soluciones de soldadura y soldadura fuerte de plata ofrecen una calidad inigualable y resultados duraderos.<\/p>\n<p>\u00bfListo para mejorar sus proyectos con nuestras soluciones confiables de soldadura de plata? <a href=\"https:\/\/www.canadametal.com\/contact\/\">\u00a1Cont\u00e1ctenos<\/a> hoy mismo para obtener m\u00e1s informaci\u00f3n!<\/p>\n<p><span style=\"text-decoration: underline;\"><strong>Industrias<\/strong><\/span><br \/>\nPlomer\u00eda<\/p>\n<p><span style=\"text-decoration: underline;\"><strong>Formatos<\/strong><\/span><\/p>\n<p><span style=\"text-decoration: underline;\"><strong>Disponibles en rollos:<\/strong><\/span><br \/>\nDi\u00e1metro de 3 mm, 50 por caja (25 kg), 10 por caja (25 kg), 2 por caja (20 kg)<\/p>\n","protected":false},"excerpt":{"rendered":"<p>Descripci\u00f3n La soldadura de plata sin plomo de Canada Metal cumple con las leyes sobre agua potable que proh\u00edben el uso de soldadura con plomo. Es libre de plomo, antimonio y zinc, y est\u00e1 disponible en varios formatos y pesos para env\u00edo el mismo d\u00eda. Soldadura de Plata y Soluciones de Brazing de Alta Calidad [&hellip;]<\/p>\n","protected":false},"featured_media":4358,"template":"","product_category":[127],"class_list":["post-4613","product","type-product","status-publish","has-post-thumbnail","hentry","product_category-productos-de-soldadura"],"yoast_head":"<!-- This site is optimized with the Yoast SEO plugin v25.4 - https:\/\/yoast.com\/wordpress\/plugins\/seo\/ -->\n<title>Soldadura de Plata, Soldadura Fuerte de Plata | Canada Metal<\/title>\n<meta name=\"description\" content=\"La soldadura de plata sin plomo y soldadura fuerte, que cumple con las normativas sobre el agua potable, es fabricada y suministrada por Canada Metal en varios formatos. Tambi\u00e9n est\u00e1 libre de antimonio y zinc.\" \/>\n<meta name=\"robots\" content=\"index, follow, max-snippet:-1, max-image-preview:large, max-video-preview:-1\" \/>\n<link rel=\"canonical\" href=\"https:\/\/www.canadametal.com\/es\/products\/silver-solder\/\" \/>\n<meta property=\"og:locale\" content=\"es_ES\" \/>\n<meta property=\"og:type\" content=\"article\" \/>\n<meta property=\"og:title\" content=\"Soldadura de Plata, Soldadura Fuerte de Plata | Canada Metal\" \/>\n<meta property=\"og:description\" content=\"La soldadura de plata sin plomo y soldadura fuerte, que cumple con las normativas sobre el agua potable, es fabricada y suministrada por Canada Metal en varios formatos. Tambi\u00e9n est\u00e1 libre de antimonio y zinc.\" \/>\n<meta property=\"og:url\" content=\"https:\/\/www.canadametal.com\/es\/products\/silver-solder\/\" \/>\n<meta property=\"og:site_name\" content=\"Canada Metal\" \/>\n<meta property=\"article:modified_time\" content=\"2025-12-09T13:56:36+00:00\" \/>\n<meta property=\"og:image\" content=\"https:\/\/www.canadametal.com\/wp-content\/uploads\/2025\/07\/silver-solder.png\" \/>\n\t<meta property=\"og:image:width\" content=\"270\" \/>\n\t<meta property=\"og:image:height\" content=\"184\" \/>\n\t<meta property=\"og:image:type\" content=\"image\/png\" \/>\n<meta name=\"twitter:card\" content=\"summary_large_image\" \/>\n<meta name=\"twitter:label1\" content=\"Tiempo de lectura\" \/>\n\t<meta name=\"twitter:data1\" content=\"1 minuto\" \/>\n<!-- \/ Yoast SEO plugin. -->","yoast_head_json":{"title":"Soldadura de Plata, Soldadura Fuerte de Plata | Canada Metal","description":"La soldadura de plata sin plomo y soldadura fuerte, que cumple con las normativas sobre el agua potable, es fabricada y suministrada por Canada Metal en varios formatos. Tambi\u00e9n est\u00e1 libre de antimonio y zinc.","robots":{"index":"index","follow":"follow","max-snippet":"max-snippet:-1","max-image-preview":"max-image-preview:large","max-video-preview":"max-video-preview:-1"},"canonical":"https:\/\/www.canadametal.com\/es\/products\/silver-solder\/","og_locale":"es_ES","og_type":"article","og_title":"Soldadura de Plata, Soldadura Fuerte de Plata | Canada Metal","og_description":"La soldadura de plata sin plomo y soldadura fuerte, que cumple con las normativas sobre el agua potable, es fabricada y suministrada por Canada Metal en varios formatos. Tambi\u00e9n est\u00e1 libre de antimonio y zinc.","og_url":"https:\/\/www.canadametal.com\/es\/products\/silver-solder\/","og_site_name":"Canada Metal","article_modified_time":"2025-12-09T13:56:36+00:00","og_image":[{"width":270,"height":184,"url":"https:\/\/www.canadametal.com\/wp-content\/uploads\/2025\/07\/silver-solder.png","type":"image\/png"}],"twitter_card":"summary_large_image","twitter_misc":{"Tiempo de lectura":"1 minuto"},"schema":{"@context":"https:\/\/schema.org","@graph":[{"@type":"WebPage","@id":"https:\/\/www.canadametal.com\/es\/products\/silver-solder\/","url":"https:\/\/www.canadametal.com\/es\/products\/silver-solder\/","name":"Soldadura de Plata, Soldadura Fuerte de Plata | Canada Metal","isPartOf":{"@id":"https:\/\/www.canadametal.com\/es\/#website"},"primaryImageOfPage":{"@id":"https:\/\/www.canadametal.com\/es\/products\/silver-solder\/#primaryimage"},"image":{"@id":"https:\/\/www.canadametal.com\/es\/products\/silver-solder\/#primaryimage"},"thumbnailUrl":"https:\/\/www.canadametal.com\/wp-content\/uploads\/2025\/07\/silver-solder.png","datePublished":"2025-07-20T11:45:20+00:00","dateModified":"2025-12-09T13:56:36+00:00","description":"La soldadura de plata sin plomo y soldadura fuerte, que cumple con las normativas sobre el agua potable, es fabricada y suministrada por Canada Metal en varios formatos. Tambi\u00e9n est\u00e1 libre de antimonio y zinc.","breadcrumb":{"@id":"https:\/\/www.canadametal.com\/es\/products\/silver-solder\/#breadcrumb"},"inLanguage":"es","potentialAction":[{"@type":"ReadAction","target":["https:\/\/www.canadametal.com\/es\/products\/silver-solder\/"]}]},{"@type":"ImageObject","inLanguage":"es","@id":"https:\/\/www.canadametal.com\/es\/products\/silver-solder\/#primaryimage","url":"https:\/\/www.canadametal.com\/wp-content\/uploads\/2025\/07\/silver-solder.png","contentUrl":"https:\/\/www.canadametal.com\/wp-content\/uploads\/2025\/07\/silver-solder.png","width":270,"height":184},{"@type":"BreadcrumbList","@id":"https:\/\/www.canadametal.com\/es\/products\/silver-solder\/#breadcrumb","itemListElement":[{"@type":"ListItem","position":1,"name":"Home","item":"https:\/\/www.canadametal.com\/es\/"},{"@type":"ListItem","position":2,"name":"Products","item":"https:\/\/www.canadametal.com\/es\/products\/"},{"@type":"ListItem","position":3,"name":"Soldadura de Plata"}]},{"@type":"WebSite","@id":"https:\/\/www.canadametal.com\/es\/#website","url":"https:\/\/www.canadametal.com\/es\/","name":"Canada Metal","description":"Lead Suppliers, Lead Ingots | Canada Metal North America","publisher":{"@id":"https:\/\/www.canadametal.com\/es\/#organization"},"potentialAction":[{"@type":"SearchAction","target":{"@type":"EntryPoint","urlTemplate":"https:\/\/www.canadametal.com\/es\/?s={search_term_string}"},"query-input":{"@type":"PropertyValueSpecification","valueRequired":true,"valueName":"search_term_string"}}],"inLanguage":"es"},{"@type":"Organization","@id":"https:\/\/www.canadametal.com\/es\/#organization","name":"Canada Metal","url":"https:\/\/www.canadametal.com\/es\/","logo":{"@type":"ImageObject","inLanguage":"es","@id":"https:\/\/www.canadametal.com\/es\/#\/schema\/logo\/image\/","url":"https:\/\/www.canadametal.com\/wp-content\/uploads\/2025\/10\/cropped-N299.3-16-CMNA-Radiation-Shielding-1_1-1.png","contentUrl":"https:\/\/www.canadametal.com\/wp-content\/uploads\/2025\/10\/cropped-N299.3-16-CMNA-Radiation-Shielding-1_1-1.png","width":1754,"height":155,"caption":"Canada Metal"},"image":{"@id":"https:\/\/www.canadametal.com\/es\/#\/schema\/logo\/image\/"}}]}},"_links":{"self":[{"href":"https:\/\/www.canadametal.com\/es\/wp-json\/wp\/v2\/product\/4613","targetHints":{"allow":["GET"]}}],"collection":[{"href":"https:\/\/www.canadametal.com\/es\/wp-json\/wp\/v2\/product"}],"about":[{"href":"https:\/\/www.canadametal.com\/es\/wp-json\/wp\/v2\/types\/product"}],"wp:featuredmedia":[{"embeddable":true,"href":"https:\/\/www.canadametal.com\/es\/wp-json\/wp\/v2\/media\/4358"}],"wp:attachment":[{"href":"https:\/\/www.canadametal.com\/es\/wp-json\/wp\/v2\/media?parent=4613"}],"wp:term":[{"taxonomy":"product_category","embeddable":true,"href":"https:\/\/www.canadametal.com\/es\/wp-json\/wp\/v2\/product_category?post=4613"}],"curies":[{"name":"wp","href":"https:\/\/api.w.org\/{rel}","templated":true}]}}