{"id":4614,"date":"2025-07-20T11:48:55","date_gmt":"2025-07-20T11:48:55","guid":{"rendered":"https:\/\/canadametal.com\/products\/aleaciones-para-soldadura-fuerte\/"},"modified":"2026-04-10T13:19:04","modified_gmt":"2026-04-10T13:19:04","slug":"aleaciones-para-soldadura-fuerte","status":"publish","type":"product","link":"https:\/\/www.canadametal.com\/es\/productos\/aleaciones-de-brasaje\/","title":{"rendered":"Aleaciones para soldadura fuerte"},"content":{"rendered":"<p><span style=\"text-decoration: underline;\"><strong>Descripci\u00f3n<\/strong><\/span><br \/>\nLas aleaciones de Canada Metal est\u00e1n entre las m\u00e1s limpias y brillantes de la industria, libres de \u00f3xidos e impurezas superficiales.<\/p>\n<p><span style=\"text-decoration: underline;\"><strong>Aplicaciones<\/strong><\/span><br \/>\nSe utilizan ampliamente para unir tubos de cobre en refrigeraci\u00f3n, motores pesados, bombas sumergibles, transformadores y sistemas de aire acondicionado.<\/p>\n<p><span style=\"text-decoration: underline;\"><strong>Industrias<\/strong><\/span><br \/>\nPlomer\u00eda<\/p>\n<p><span style=\"text-decoration: underline;\"><strong>Formatos<\/strong><\/span><\/p>\n<div class=\"pro-desc\">\n<table class=\"table table-responsive table-bordered\" border=\"0\" cellspacing=\"0\" cellpadding=\"0\">\n<tbody>\n<tr>\n<td class=\"head\" valign=\"top\" width=\"156\">Metal de relleno<\/td>\n<td class=\"head\" valign=\"top\" width=\"156\">Aplicaciones t\u00edpicas<\/td>\n<td class=\"head\" valign=\"top\" width=\"156\">Solidus<\/td>\n<td class=\"head\" valign=\"top\" width=\"156\">Liquidus<\/td>\n<\/tr>\n<tr>\n<td valign=\"top\" width=\"156\">Nombre<\/td>\n<td valign=\"top\" width=\"156\"><\/td>\n<td valign=\"top\" width=\"156\">\u00b0F\/\u00b0C<\/td>\n<td valign=\"top\" width=\"156\">\u00b0F\/\u00b0C<\/td>\n<\/tr>\n<tr>\n<td valign=\"top\" width=\"156\">Easy-Flo 45<\/td>\n<td valign=\"top\" width=\"156\">Uni\u00f3n de metales ferrosos, no ferrosos y aleaciones dis\u00edmiles con juntas de tolerancia estrecha.<\/td>\n<td valign=\"top\" width=\"156\">1125\/605<\/td>\n<td valign=\"top\" width=\"156\">1145\/620<\/td>\n<\/tr>\n<tr>\n<td valign=\"top\" width=\"156\">Braze 053<\/td>\n<td valign=\"top\" width=\"156\">Soldadura para alta temperatura para juntas de resistencia media, superior a las soldaduras blandas.<\/td>\n<td valign=\"top\" width=\"156\">640\/340<\/td>\n<td valign=\"top\" width=\"156\">740\/395<\/td>\n<\/tr>\n<tr>\n<td valign=\"top\" width=\"156\">Braze 380<\/td>\n<td valign=\"top\" width=\"156\">Metal de relleno fluido, libre de cadmio, utilizado con metales base ferrosos y no ferrosos.<\/td>\n<td valign=\"top\" width=\"156\">1200\/650<\/td>\n<td valign=\"top\" width=\"156\">1330\/720<\/td>\n<\/tr>\n<tr>\n<td valign=\"top\" width=\"156\">Braze 450<\/td>\n<td valign=\"top\" width=\"156\">Para tuber\u00edas de barcos, instrumentos de banda, enfriadores de aceite de motores de aeronaves, l\u00e1mparas de lat\u00f3n.<\/td>\n<td valign=\"top\" width=\"156\">1225\/665<\/td>\n<td valign=\"top\" width=\"156\">1370\/745<\/td>\n<\/tr>\n<tr>\n<td valign=\"top\" width=\"156\">Braze 560<\/td>\n<td valign=\"top\" width=\"156\">Para equipos de manipulaci\u00f3n de alimentos que requieren una aleaci\u00f3n de bajo punto de fusi\u00f3n, libre de cadmio.<\/td>\n<td valign=\"top\" width=\"156\">1145\/620<\/td>\n<td valign=\"top\" width=\"156\">1205\/650<\/td>\n<\/tr>\n<tr>\n<td valign=\"top\" width=\"156\">Sil-Fos<\/td>\n<td valign=\"top\" width=\"156\">Para uso donde no se pueden mantener ajustes precisos y la ductilidad de la junta es importante. Tolerancia recomendada: .002\u2033 a .005\u2033.<\/td>\n<td valign=\"top\" width=\"156\">1190\/645<\/td>\n<td valign=\"top\" width=\"156\">1475\/800 (1300\/705)<\/td>\n<\/tr>\n<tr>\n<td valign=\"top\" width=\"156\">Sil-Fos 5<\/td>\n<td valign=\"top\" width=\"156\">Dise\u00f1ado principalmente para aplicaciones donde no se pueden mantener ajustes precisos. Capacidad para rellenar huecos y formar filetes sin afectar la resistencia de la junta. Tolerancia recomendada: .003\u2033 a .005\u2033.<\/td>\n<td valign=\"top\" width=\"156\">1190\/645<\/td>\n<td valign=\"top\" width=\"156\">1495\/815 (1325\/720)<\/td>\n<\/tr>\n<\/tbody>\n<\/table>\n<\/div>\n","protected":false},"excerpt":{"rendered":"<p>Descripci\u00f3n Las aleaciones de Canada Metal est\u00e1n entre las m\u00e1s limpias y brillantes de la industria, libres de \u00f3xidos e impurezas superficiales. Aplicaciones Se utilizan ampliamente para unir tubos de cobre en refrigeraci\u00f3n, motores pesados, bombas sumergibles, transformadores y sistemas de aire acondicionado. Industrias Plomer\u00eda Formatos Metal de relleno Aplicaciones t\u00edpicas Solidus Liquidus Nombre \u00b0F\/\u00b0C [&hellip;]<\/p>\n","protected":false},"featured_media":4356,"template":"","product_category":[127],"class_list":["post-4614","product","type-product","status-publish","has-post-thumbnail","hentry","product_category-productos-de-soldadura"],"yoast_head":"<!-- This site is optimized with the Yoast SEO plugin v25.4 - https:\/\/yoast.com\/wordpress\/plugins\/seo\/ -->\n<title>Aleaciones de soldadura fuerte limpias y brillantes - Canada Metal<\/title>\n<meta name=\"description\" content=\"Los aleaciones de soldadura fuerte se usan para unir dos o m\u00e1s piezas de metal utilizando la aleaci\u00f3n como material de relleno. Se emplean com\u00fanmente en refrigeradores, motores pesados, bombas, transformadores y m\u00e1s.\" \/>\n<meta name=\"robots\" content=\"index, follow, max-snippet:-1, max-image-preview:large, max-video-preview:-1\" \/>\n<link rel=\"canonical\" href=\"https:\/\/www.canadametal.com\/es\/productos\/aleaciones-de-brasaje\/\" \/>\n<meta property=\"og:locale\" content=\"es_ES\" \/>\n<meta property=\"og:type\" content=\"article\" \/>\n<meta property=\"og:title\" content=\"Aleaciones de soldadura fuerte limpias y brillantes - Canada Metal\" \/>\n<meta property=\"og:description\" content=\"Los aleaciones de soldadura fuerte se usan para unir dos o m\u00e1s piezas de metal utilizando la aleaci\u00f3n como material de relleno. Se emplean com\u00fanmente en refrigeradores, motores pesados, bombas, transformadores y m\u00e1s.\" \/>\n<meta property=\"og:url\" content=\"https:\/\/www.canadametal.com\/es\/productos\/aleaciones-de-brasaje\/\" \/>\n<meta property=\"og:site_name\" content=\"Canada Metal\" \/>\n<meta property=\"article:modified_time\" content=\"2026-04-10T13:19:04+00:00\" \/>\n<meta property=\"og:image\" content=\"https:\/\/www.canadametal.com\/wp-content\/uploads\/2025\/07\/brazing-alloys.jpg\" \/>\n\t<meta property=\"og:image:width\" content=\"280\" \/>\n\t<meta property=\"og:image:height\" content=\"187\" \/>\n\t<meta property=\"og:image:type\" content=\"image\/jpeg\" \/>\n<meta name=\"twitter:card\" content=\"summary_large_image\" \/>\n<meta name=\"twitter:label1\" content=\"Tiempo de lectura\" \/>\n\t<meta name=\"twitter:data1\" content=\"2 minutos\" \/>\n<!-- \/ Yoast SEO plugin. -->","yoast_head_json":{"title":"Aleaciones de soldadura fuerte limpias y brillantes - Canada Metal","description":"Los aleaciones de soldadura fuerte se usan para unir dos o m\u00e1s piezas de metal utilizando la aleaci\u00f3n como material de relleno. Se emplean com\u00fanmente en refrigeradores, motores pesados, bombas, transformadores y m\u00e1s.","robots":{"index":"index","follow":"follow","max-snippet":"max-snippet:-1","max-image-preview":"max-image-preview:large","max-video-preview":"max-video-preview:-1"},"canonical":"https:\/\/www.canadametal.com\/es\/productos\/aleaciones-de-brasaje\/","og_locale":"es_ES","og_type":"article","og_title":"Aleaciones de soldadura fuerte limpias y brillantes - Canada Metal","og_description":"Los aleaciones de soldadura fuerte se usan para unir dos o m\u00e1s piezas de metal utilizando la aleaci\u00f3n como material de relleno. Se emplean com\u00fanmente en refrigeradores, motores pesados, bombas, transformadores y m\u00e1s.","og_url":"https:\/\/www.canadametal.com\/es\/productos\/aleaciones-de-brasaje\/","og_site_name":"Canada Metal","article_modified_time":"2026-04-10T13:19:04+00:00","og_image":[{"width":280,"height":187,"url":"https:\/\/www.canadametal.com\/wp-content\/uploads\/2025\/07\/brazing-alloys.jpg","type":"image\/jpeg"}],"twitter_card":"summary_large_image","twitter_misc":{"Tiempo de lectura":"2 minutos"},"schema":{"@context":"https:\/\/schema.org","@graph":[{"@type":"WebPage","@id":"https:\/\/www.canadametal.com\/es\/productos\/aleaciones-de-brasaje\/","url":"https:\/\/www.canadametal.com\/es\/productos\/aleaciones-de-brasaje\/","name":"Aleaciones de soldadura fuerte limpias y brillantes - Canada Metal","isPartOf":{"@id":"https:\/\/www.canadametal.com\/es\/#website"},"primaryImageOfPage":{"@id":"https:\/\/www.canadametal.com\/es\/productos\/aleaciones-de-brasaje\/#primaryimage"},"image":{"@id":"https:\/\/www.canadametal.com\/es\/productos\/aleaciones-de-brasaje\/#primaryimage"},"thumbnailUrl":"https:\/\/www.canadametal.com\/wp-content\/uploads\/2025\/07\/brazing-alloys.jpg","datePublished":"2025-07-20T11:48:55+00:00","dateModified":"2026-04-10T13:19:04+00:00","description":"Los aleaciones de soldadura fuerte se usan para unir dos o m\u00e1s piezas de metal utilizando la aleaci\u00f3n como material de relleno. Se emplean com\u00fanmente en refrigeradores, motores pesados, bombas, transformadores y m\u00e1s.","breadcrumb":{"@id":"https:\/\/www.canadametal.com\/es\/productos\/aleaciones-de-brasaje\/#breadcrumb"},"inLanguage":"es","potentialAction":[{"@type":"ReadAction","target":["https:\/\/www.canadametal.com\/es\/productos\/aleaciones-de-brasaje\/"]}]},{"@type":"ImageObject","inLanguage":"es","@id":"https:\/\/www.canadametal.com\/es\/productos\/aleaciones-de-brasaje\/#primaryimage","url":"https:\/\/www.canadametal.com\/wp-content\/uploads\/2025\/07\/brazing-alloys.jpg","contentUrl":"https:\/\/www.canadametal.com\/wp-content\/uploads\/2025\/07\/brazing-alloys.jpg","width":280,"height":187,"caption":"How Ferrous and Non-Ferrous Metals Compare in Strength and Use"},{"@type":"BreadcrumbList","@id":"https:\/\/www.canadametal.com\/es\/productos\/aleaciones-de-brasaje\/#breadcrumb","itemListElement":[{"@type":"ListItem","position":1,"name":"Home","item":"https:\/\/www.canadametal.com\/es\/"},{"@type":"ListItem","position":2,"name":"Products","item":"https:\/\/www.canadametal.com\/es\/products\/"},{"@type":"ListItem","position":3,"name":"Aleaciones para soldadura fuerte"}]},{"@type":"WebSite","@id":"https:\/\/www.canadametal.com\/es\/#website","url":"https:\/\/www.canadametal.com\/es\/","name":"Canada Metal","description":"Lead Suppliers, Lead Ingots | Canada Metal North America","publisher":{"@id":"https:\/\/www.canadametal.com\/es\/#organization"},"potentialAction":[{"@type":"SearchAction","target":{"@type":"EntryPoint","urlTemplate":"https:\/\/www.canadametal.com\/es\/?s={search_term_string}"},"query-input":{"@type":"PropertyValueSpecification","valueRequired":true,"valueName":"search_term_string"}}],"inLanguage":"es"},{"@type":"Organization","@id":"https:\/\/www.canadametal.com\/es\/#organization","name":"Canada Metal","url":"https:\/\/www.canadametal.com\/es\/","logo":{"@type":"ImageObject","inLanguage":"es","@id":"https:\/\/www.canadametal.com\/es\/#\/schema\/logo\/image\/","url":"https:\/\/www.canadametal.com\/wp-content\/uploads\/2025\/10\/cropped-N299.3-16-CMNA-Radiation-Shielding-1_1-1.png","contentUrl":"https:\/\/www.canadametal.com\/wp-content\/uploads\/2025\/10\/cropped-N299.3-16-CMNA-Radiation-Shielding-1_1-1.png","width":1754,"height":155,"caption":"Canada Metal"},"image":{"@id":"https:\/\/www.canadametal.com\/es\/#\/schema\/logo\/image\/"}}]}},"_links":{"self":[{"href":"https:\/\/www.canadametal.com\/es\/wp-json\/wp\/v2\/product\/4614","targetHints":{"allow":["GET"]}}],"collection":[{"href":"https:\/\/www.canadametal.com\/es\/wp-json\/wp\/v2\/product"}],"about":[{"href":"https:\/\/www.canadametal.com\/es\/wp-json\/wp\/v2\/types\/product"}],"wp:featuredmedia":[{"embeddable":true,"href":"https:\/\/www.canadametal.com\/es\/wp-json\/wp\/v2\/media\/4356"}],"wp:attachment":[{"href":"https:\/\/www.canadametal.com\/es\/wp-json\/wp\/v2\/media?parent=4614"}],"wp:term":[{"taxonomy":"product_category","embeddable":true,"href":"https:\/\/www.canadametal.com\/es\/wp-json\/wp\/v2\/product_category?post=4614"}],"curies":[{"name":"wp","href":"https:\/\/api.w.org\/{rel}","templated":true}]}}