{"id":4615,"date":"2025-07-20T11:52:50","date_gmt":"2025-07-20T11:52:50","guid":{"rendered":"https:\/\/canadametal.com\/products\/lamina-de-plomo\/"},"modified":"2025-07-20T11:52:50","modified_gmt":"2025-07-20T11:52:50","slug":"lamina-de-plomo","status":"publish","type":"product","link":"https:\/\/www.canadametal.com\/es\/products\/sheet-lead\/","title":{"rendered":"L\u00e1mina de Plomo"},"content":{"rendered":"<p><span style=\"text-decoration: underline;\"><strong>Descripci\u00f3n<\/strong><\/span><br \/>\nNuestra chapa de plomo est\u00e1 fabricada con plomo puro que cumple o supera la norma ASTM B29 \u2013 03 L50021 (99.97 % de pureza). Mantenemos en inventario los tama\u00f1os m\u00e1s populares para env\u00edo el mismo d\u00eda y ofrecemos opciones personalizadas flexibles bajo solicitud.<\/p>\n<p>El plomo es conocido por su capacidad inigualable para bloquear la radiaci\u00f3n nociva. La chapa de plomo se utiliza para proteger a los empleados de las instalaciones, el equipo y el entorno circundante de los efectos negativos de la radiaci\u00f3n. Tambi\u00e9n puede usarse para crear espacios insonorizados, limitando dr\u00e1sticamente la cantidad de ruido que entra y sale del \u00e1rea. Adem\u00e1s, el plomo es resistente a la corrosi\u00f3n y puede usarse para revestir tanques, como los que se encuentran en plantas de decapado, as\u00ed como otro equipo de las instalaciones, protegi\u00e9ndolos contra el \u00f3xido y da\u00f1os ambientales.<\/p>\n<p>Nuestra chapa de plomo est\u00e1 disponible en tama\u00f1os est\u00e1ndar y personalizados para adaptarse a todas las aplicaciones. Adicionalmente, Canada Metal puede instalar la chapa de plomo directamente sobre paneles de yeso (gyproc) y madera contrachapada, seg\u00fan especificaciones del cliente y cumpliendo con los c\u00f3digos de incendios. A continuaci\u00f3n, vea nuestra selecci\u00f3n de productos de chapa de plomo en inventario y cont\u00e1ctenos para requisitos espec\u00edficos no est\u00e1ndar.<\/p>\n<p><span style=\"text-decoration: underline;\"><strong>Aplicaciones<\/strong><\/span><br \/>\nProtecci\u00f3n contra radiaci\u00f3n, Techado, Protecci\u00f3n contra corrosi\u00f3n, Insonorizaci\u00f3n, Revestimiento de tanques<\/p>\n<p><span style=\"text-decoration: underline;\"><strong>Industrias<\/strong><\/span><br \/>\nConstrucci\u00f3n, Energ\u00eda nuclear<\/p>\n<p><span style=\"text-decoration: underline;\"><strong>Formatos<\/strong><\/span><\/p>\n<div class=\"pro-desc\">\n<table class=\"table table-responsive table-bordered\" cellspacing=\"0\" cellpadding=\"0\">\n<tbody>\n<tr>\n<td class=\"head\" colspan=\"2\" align=\"center\" valign=\"middle\">CHAPA DE PLOMO<\/td>\n<\/tr>\n<tr>\n<td class=\"head\" align=\"center\" valign=\"middle\" width=\"245\">N\u00famero de art\u00edculo<\/td>\n<td class=\"head\" align=\"center\" valign=\"middle\" width=\"255\">Dimensiones (pulgadas)<\/td>\n<\/tr>\n<tr>\n<td align=\"center\" valign=\"middle\" width=\"245\">C.62.20<\/td>\n<td align=\"center\" valign=\"middle\" width=\"255\">48 x 120 x 1\/32<\/td>\n<\/tr>\n<tr>\n<td align=\"center\" valign=\"middle\" width=\"245\">C.62.84<\/td>\n<td align=\"center\" valign=\"middle\" width=\"255\">48 x 84 x 1\/32<\/td>\n<\/tr>\n<tr>\n<td align=\"center\" valign=\"middle\" width=\"245\">C.62.95<\/td>\n<td align=\"center\" valign=\"middle\" width=\"255\">36 x 84 x 1\/32<\/td>\n<\/tr>\n<tr>\n<td align=\"center\" valign=\"middle\" width=\"245\">C.62.96<\/td>\n<td align=\"center\" valign=\"middle\" width=\"255\">48 x 96 x 1\/32<\/td>\n<\/tr>\n<tr>\n<td align=\"center\" valign=\"middle\" width=\"245\">C.64.20<\/td>\n<td align=\"center\" valign=\"middle\" width=\"255\">48 x 120 x 1\/16<\/td>\n<\/tr>\n<tr>\n<td align=\"center\" valign=\"middle\" width=\"245\">C.64.84<\/td>\n<td align=\"center\" valign=\"middle\" width=\"255\">48 x 84 x 1\/16<\/td>\n<\/tr>\n<tr>\n<td align=\"center\" valign=\"middle\" width=\"245\">C.64.95<\/td>\n<td align=\"center\" valign=\"middle\" width=\"255\">36 x 84 x 1\/16<\/td>\n<\/tr>\n<tr>\n<td align=\"center\" valign=\"middle\" width=\"245\">C.64.96<\/td>\n<td align=\"center\" valign=\"middle\" width=\"255\">48 x 96 x 1\/16<\/td>\n<\/tr>\n<tr>\n<td align=\"center\" valign=\"middle\" width=\"245\">C.66.84<\/td>\n<td align=\"center\" valign=\"middle\" width=\"255\">48 x 84 x 3\/32<\/td>\n<\/tr>\n<tr>\n<td align=\"center\" valign=\"middle\" width=\"245\">C.66.96<\/td>\n<td align=\"center\" valign=\"middle\" width=\"255\">48 x 96 x 3\/32<\/td>\n<\/tr>\n<tr>\n<td align=\"center\" valign=\"middle\" width=\"245\">C.68.84<\/td>\n<td align=\"center\" valign=\"middle\" width=\"255\">48 x 84 x 1\/8<\/td>\n<\/tr>\n<tr>\n<td align=\"center\" valign=\"middle\" width=\"245\">C.68.96<\/td>\n<td align=\"center\" valign=\"middle\" width=\"255\">48 x 96 x 1\/8<\/td>\n<\/tr>\n<\/tbody>\n<\/table>\n<\/div>\n<p><a href=\"https:\/\/www.canadametal.com\/wp-content\/uploads\/2016\/08\/sheetlead-brochure.pdf\" target=\"_blank\" rel=\"noopener\">Descargar PDF<\/a><\/p>\n","protected":false},"excerpt":{"rendered":"<p>Descripci\u00f3n Nuestra chapa de plomo est\u00e1 fabricada con plomo puro que cumple o supera la norma ASTM B29 \u2013 03 L50021 (99.97 % de pureza). Mantenemos en inventario los tama\u00f1os m\u00e1s populares para env\u00edo el mismo d\u00eda y ofrecemos opciones personalizadas flexibles bajo solicitud. El plomo es conocido por su capacidad inigualable para bloquear la [&hellip;]<\/p>\n","protected":false},"featured_media":4354,"template":"","product_category":[128],"class_list":["post-4615","product","type-product","status-publish","has-post-thumbnail","hentry","product_category-lead-productos"],"yoast_head":"<!-- This site is optimized with the Yoast SEO plugin v25.4 - https:\/\/yoast.com\/wordpress\/plugins\/seo\/ -->\n<title>Chapa de Plomo - Canada Metal Norteam\u00e9rica<\/title>\n<meta name=\"description\" content=\"Nuestra chapa de plomo est\u00e1 fabricada con la mejor calidad y se utiliza en las industrias nuclear y de la construcci\u00f3n. Consulte nuestra selecci\u00f3n de productos de chapa de plomo y cont\u00e1ctenos para requisitos espec\u00edficos.\" \/>\n<meta name=\"robots\" content=\"index, follow, max-snippet:-1, max-image-preview:large, max-video-preview:-1\" \/>\n<link rel=\"canonical\" href=\"https:\/\/www.canadametal.com\/es\/products\/sheet-lead\/\" \/>\n<meta property=\"og:locale\" content=\"es_ES\" \/>\n<meta property=\"og:type\" content=\"article\" \/>\n<meta property=\"og:title\" content=\"Chapa de Plomo - Canada Metal Norteam\u00e9rica\" \/>\n<meta property=\"og:description\" content=\"Nuestra chapa de plomo est\u00e1 fabricada con la mejor calidad y se utiliza en las industrias nuclear y de la construcci\u00f3n. Consulte nuestra selecci\u00f3n de productos de chapa de plomo y cont\u00e1ctenos para requisitos espec\u00edficos.\" \/>\n<meta property=\"og:url\" content=\"https:\/\/www.canadametal.com\/es\/products\/sheet-lead\/\" \/>\n<meta property=\"og:site_name\" content=\"Canada Metal\" \/>\n<meta property=\"og:image\" content=\"https:\/\/canadametal.com\/wp-content\/uploads\/2025\/07\/sheet-lead.jpg\" \/>\n\t<meta property=\"og:image:width\" content=\"1368\" \/>\n\t<meta property=\"og:image:height\" content=\"912\" \/>\n\t<meta property=\"og:image:type\" content=\"image\/jpeg\" \/>\n<meta name=\"twitter:card\" content=\"summary_large_image\" \/>\n<meta name=\"twitter:label1\" content=\"Tiempo de lectura\" \/>\n\t<meta name=\"twitter:data1\" content=\"1 minuto\" \/>\n<!-- \/ Yoast SEO plugin. -->","yoast_head_json":{"title":"Chapa de Plomo - Canada Metal Norteam\u00e9rica","description":"Nuestra chapa de plomo est\u00e1 fabricada con la mejor calidad y se utiliza en las industrias nuclear y de la construcci\u00f3n. Consulte nuestra selecci\u00f3n de productos de chapa de plomo y cont\u00e1ctenos para requisitos espec\u00edficos.","robots":{"index":"index","follow":"follow","max-snippet":"max-snippet:-1","max-image-preview":"max-image-preview:large","max-video-preview":"max-video-preview:-1"},"canonical":"https:\/\/www.canadametal.com\/es\/products\/sheet-lead\/","og_locale":"es_ES","og_type":"article","og_title":"Chapa de Plomo - Canada Metal Norteam\u00e9rica","og_description":"Nuestra chapa de plomo est\u00e1 fabricada con la mejor calidad y se utiliza en las industrias nuclear y de la construcci\u00f3n. Consulte nuestra selecci\u00f3n de productos de chapa de plomo y cont\u00e1ctenos para requisitos espec\u00edficos.","og_url":"https:\/\/www.canadametal.com\/es\/products\/sheet-lead\/","og_site_name":"Canada Metal","og_image":[{"width":1368,"height":912,"url":"https:\/\/canadametal.com\/wp-content\/uploads\/2025\/07\/sheet-lead.jpg","type":"image\/jpeg"}],"twitter_card":"summary_large_image","twitter_misc":{"Tiempo de lectura":"1 minuto"},"schema":{"@context":"https:\/\/schema.org","@graph":[{"@type":"WebPage","@id":"https:\/\/www.canadametal.com\/es\/products\/sheet-lead\/","url":"https:\/\/www.canadametal.com\/es\/products\/sheet-lead\/","name":"Chapa de Plomo - Canada Metal Norteam\u00e9rica","isPartOf":{"@id":"https:\/\/www.canadametal.com\/es\/#website"},"primaryImageOfPage":{"@id":"https:\/\/www.canadametal.com\/es\/products\/sheet-lead\/#primaryimage"},"image":{"@id":"https:\/\/www.canadametal.com\/es\/products\/sheet-lead\/#primaryimage"},"thumbnailUrl":"https:\/\/www.canadametal.com\/wp-content\/uploads\/2025\/07\/sheet-lead.jpg","datePublished":"2025-07-20T11:52:50+00:00","description":"Nuestra chapa de plomo est\u00e1 fabricada con la mejor calidad y se utiliza en las industrias nuclear y de la construcci\u00f3n. Consulte nuestra selecci\u00f3n de productos de chapa de plomo y cont\u00e1ctenos para requisitos espec\u00edficos.","breadcrumb":{"@id":"https:\/\/www.canadametal.com\/es\/products\/sheet-lead\/#breadcrumb"},"inLanguage":"es","potentialAction":[{"@type":"ReadAction","target":["https:\/\/www.canadametal.com\/es\/products\/sheet-lead\/"]}]},{"@type":"ImageObject","inLanguage":"es","@id":"https:\/\/www.canadametal.com\/es\/products\/sheet-lead\/#primaryimage","url":"https:\/\/www.canadametal.com\/wp-content\/uploads\/2025\/07\/sheet-lead.jpg","contentUrl":"https:\/\/www.canadametal.com\/wp-content\/uploads\/2025\/07\/sheet-lead.jpg","width":1368,"height":912},{"@type":"BreadcrumbList","@id":"https:\/\/www.canadametal.com\/es\/products\/sheet-lead\/#breadcrumb","itemListElement":[{"@type":"ListItem","position":1,"name":"Home","item":"https:\/\/www.canadametal.com\/es\/"},{"@type":"ListItem","position":2,"name":"Products","item":"https:\/\/www.canadametal.com\/es\/products\/"},{"@type":"ListItem","position":3,"name":"L\u00e1mina de Plomo"}]},{"@type":"WebSite","@id":"https:\/\/www.canadametal.com\/es\/#website","url":"https:\/\/www.canadametal.com\/es\/","name":"Canada Metal","description":"Lead Suppliers, Lead Ingots | Canada Metal North America","publisher":{"@id":"https:\/\/www.canadametal.com\/es\/#organization"},"potentialAction":[{"@type":"SearchAction","target":{"@type":"EntryPoint","urlTemplate":"https:\/\/www.canadametal.com\/es\/?s={search_term_string}"},"query-input":{"@type":"PropertyValueSpecification","valueRequired":true,"valueName":"search_term_string"}}],"inLanguage":"es"},{"@type":"Organization","@id":"https:\/\/www.canadametal.com\/es\/#organization","name":"Canada Metal","url":"https:\/\/www.canadametal.com\/es\/","logo":{"@type":"ImageObject","inLanguage":"es","@id":"https:\/\/www.canadametal.com\/es\/#\/schema\/logo\/image\/","url":"https:\/\/www.canadametal.com\/wp-content\/uploads\/2025\/10\/cropped-N299.3-16-CMNA-Radiation-Shielding-1_1-1.png","contentUrl":"https:\/\/www.canadametal.com\/wp-content\/uploads\/2025\/10\/cropped-N299.3-16-CMNA-Radiation-Shielding-1_1-1.png","width":1754,"height":155,"caption":"Canada Metal"},"image":{"@id":"https:\/\/www.canadametal.com\/es\/#\/schema\/logo\/image\/"}}]}},"_links":{"self":[{"href":"https:\/\/www.canadametal.com\/es\/wp-json\/wp\/v2\/product\/4615","targetHints":{"allow":["GET"]}}],"collection":[{"href":"https:\/\/www.canadametal.com\/es\/wp-json\/wp\/v2\/product"}],"about":[{"href":"https:\/\/www.canadametal.com\/es\/wp-json\/wp\/v2\/types\/product"}],"wp:featuredmedia":[{"embeddable":true,"href":"https:\/\/www.canadametal.com\/es\/wp-json\/wp\/v2\/media\/4354"}],"wp:attachment":[{"href":"https:\/\/www.canadametal.com\/es\/wp-json\/wp\/v2\/media?parent=4615"}],"wp:term":[{"taxonomy":"product_category","embeddable":true,"href":"https:\/\/www.canadametal.com\/es\/wp-json\/wp\/v2\/product_category?post=4615"}],"curies":[{"name":"wp","href":"https:\/\/api.w.org\/{rel}","templated":true}]}}