{"id":4618,"date":"2025-07-20T12:03:57","date_gmt":"2025-07-20T12:03:57","guid":{"rendered":"https:\/\/canadametal.com\/products\/chapa-de-remate\/"},"modified":"2026-04-21T08:31:31","modified_gmt":"2026-04-21T08:31:31","slug":"chapa-de-remate","status":"publish","type":"product","link":"https:\/\/www.canadametal.com\/es\/productos\/tapajuntas\/","title":{"rendered":"Solin de toit en plomb"},"content":{"rendered":"<p><strong>Descripci\u00f3n<\/strong><br \/>\nEl tapajuntas de plomo se utiliza principalmente en la industria de la construcci\u00f3n de techos como una forma de impermeabilizar el exterior de una estructura. El tapajuntas de plomo funciona desviando el agua lejos de las juntas o uniones, as\u00ed como en las canaletas donde se canaliza el flujo de agua. La maleabilidad del plomo y su cualidad no corrosiva lo convierten en una barrera impermeable ideal contra los elementos, con una larga vida \u00fatil de muchos a\u00f1os. Su color gris plateado es compatible con el hormig\u00f3n, el ladrillo y el vidrio, proporcionando un acabado est\u00e9ticamente agradable.   <\/p>\n<p>Ofrecemos una gama de productos de tapajuntas de plomo para techos con diferentes dimensiones y pesos, para ayudarle a encontrar el material adecuado para su pr\u00f3ximo proyecto de construcci\u00f3n. \u00a1Cont\u00e1ctenos con cualquier pregunta y realice su pedido hoy mismo! <\/p>\n<p><strong>Aplicaciones<\/strong><br \/>\nTechado<\/p>\n<p><strong>Industrias<\/strong><br \/>\nConstrucci\u00f3n<\/p>\n<p><span style=\"text-decoration: underline;\"><strong>Formatos<\/strong><\/span><\/p>\n<div class=\"pro-desc\">\n<table class=\"table table-responsive table-bordered\" cellspacing=\"0\" cellpadding=\"0\">\n<tbody>\n<tr>\n<td class=\"head\" colspan=\"2\" align=\"center\" valign=\"middle\"><strong>TAPAJUNTAS DE PLOMO<\/strong><\/td>\n<\/tr>\n<tr>\n<td class=\"head\" align=\"center\" valign=\"middle\" width=\"255\"><\/td>\n<td class=\"head\" align=\"center\" valign=\"middle\" width=\"245\">N\u00famero de art\u00edculo<\/td>\n<p>Dimensiones (pulgadas)<br \/>\n<\/tr>\n<tr>\n<td align=\"center\" valign=\"middle\" width=\"245\">C.65.22<\/td>\n<td align=\"center\" valign=\"middle\" width=\"255\">20 X 20 X 5\/64 (5#)<\/td>\n<\/tr>\n<tr>\n<td align=\"center\" valign=\"middle\" width=\"245\">C.65.24<\/td>\n<td align=\"center\" valign=\"middle\" width=\"255\">24 X 24 X 5\/64 (5#)<\/td>\n<\/tr>\n<tr>\n<td align=\"center\" valign=\"middle\" width=\"245\">C.65.30<\/td>\n<td align=\"center\" valign=\"middle\" width=\"255\">30 X 30 X 5\/64 (5#)<\/td>\n<\/tr>\n<tr>\n<td align=\"center\" valign=\"middle\" width=\"245\">C.65.36<\/td>\n<td align=\"center\" valign=\"middle\" width=\"255\">36 X 36 x 5\/64 (5#)<\/td>\n<\/tr>\n<tr>\n<td align=\"center\" valign=\"middle\" width=\"245\">C.08.03<\/td>\n<td align=\"center\" valign=\"middle\" width=\"255\">8 x 240 x 3\/64 (3#)<\/td>\n<\/tr>\n<tr>\n<td align=\"center\" valign=\"middle\" width=\"245\">C.10.03<\/td>\n<td align=\"center\" valign=\"middle\" width=\"255\">10 x 240 x 3\/64 (3#)<\/td>\n<\/tr>\n<tr>\n<td align=\"center\" valign=\"middle\" width=\"245\">C.12.03<\/td>\n<td align=\"center\" valign=\"middle\" width=\"255\">12 x 240 x 3\/64 (3#)<\/td>\n<\/tr>\n<tr>\n<td align=\"center\" valign=\"middle\" width=\"245\">C.18.03<\/td>\n<td align=\"center\" valign=\"middle\" width=\"255\">18 x 240 x 3\/64 (3#)<\/td>\n<\/tr>\n<tr>\n<td align=\"center\" valign=\"middle\" width=\"245\">C.24.03<\/td>\n<td align=\"center\" valign=\"middle\" width=\"255\">24 x 240 x 3\/64 (3#)<\/td>\n<\/tr>\n<\/tbody>\n<\/table>\n<\/div>\n","protected":false},"excerpt":{"rendered":"<p>Descripci\u00f3n El tapajuntas de plomo se utiliza principalmente en la industria de la construcci\u00f3n de techos como una forma de impermeabilizar el exterior de una estructura. El tapajuntas de plomo funciona desviando el agua lejos de las juntas o uniones, as\u00ed como en las canaletas donde se canaliza el flujo de agua. La maleabilidad del [&hellip;]<\/p>\n","protected":false},"featured_media":5898,"template":"","product_category":[128],"class_list":["post-4618","product","type-product","status-publish","has-post-thumbnail","hentry","product_category-lead-productos"],"yoast_head":"<!-- This site is optimized with the Yoast SEO plugin v25.4 - https:\/\/yoast.com\/wordpress\/plugins\/seo\/ -->\n<title>Chapa de Plomo para Techos, el Mejor Material Impermeabilizante&quot;<\/title>\n<meta name=\"description\" content=\"Nuestra chapa de plomo para techos es uno de los materiales impermeabilizantes m\u00e1s duraderos para techos, tambi\u00e9n disponible en rollos con una variedad de espesores.\" \/>\n<meta name=\"robots\" content=\"index, follow, max-snippet:-1, max-image-preview:large, max-video-preview:-1\" \/>\n<link rel=\"canonical\" href=\"https:\/\/www.canadametal.com\/es\/productos\/tapajuntas\/\" \/>\n<meta property=\"og:locale\" content=\"es_ES\" \/>\n<meta property=\"og:type\" content=\"article\" \/>\n<meta property=\"og:title\" content=\"Chapa de Plomo para Techos, el Mejor Material Impermeabilizante&quot;\" \/>\n<meta property=\"og:description\" content=\"Nuestra chapa de plomo para techos es uno de los materiales impermeabilizantes m\u00e1s duraderos para techos, tambi\u00e9n disponible en rollos con una variedad de espesores.\" \/>\n<meta property=\"og:url\" content=\"https:\/\/www.canadametal.com\/es\/productos\/tapajuntas\/\" \/>\n<meta property=\"og:site_name\" content=\"Canada Metal\" \/>\n<meta property=\"article:modified_time\" content=\"2026-04-21T08:31:31+00:00\" \/>\n<meta property=\"og:image\" content=\"https:\/\/www.canadametal.com\/wp-content\/uploads\/2025\/07\/flashing-img-1.jpg\" \/>\n\t<meta property=\"og:image:width\" content=\"1368\" \/>\n\t<meta property=\"og:image:height\" content=\"1332\" \/>\n\t<meta property=\"og:image:type\" content=\"image\/jpeg\" \/>\n<meta name=\"twitter:card\" content=\"summary_large_image\" \/>\n<meta name=\"twitter:label1\" content=\"Tiempo de lectura\" \/>\n\t<meta name=\"twitter:data1\" content=\"2 minutos\" \/>\n<!-- \/ Yoast SEO plugin. -->","yoast_head_json":{"title":"Chapa de Plomo para Techos, el Mejor Material Impermeabilizante\"","description":"Nuestra chapa de plomo para techos es uno de los materiales impermeabilizantes m\u00e1s duraderos para techos, tambi\u00e9n disponible en rollos con una variedad de espesores.","robots":{"index":"index","follow":"follow","max-snippet":"max-snippet:-1","max-image-preview":"max-image-preview:large","max-video-preview":"max-video-preview:-1"},"canonical":"https:\/\/www.canadametal.com\/es\/productos\/tapajuntas\/","og_locale":"es_ES","og_type":"article","og_title":"Chapa de Plomo para Techos, el Mejor Material Impermeabilizante\"","og_description":"Nuestra chapa de plomo para techos es uno de los materiales impermeabilizantes m\u00e1s duraderos para techos, tambi\u00e9n disponible en rollos con una variedad de espesores.","og_url":"https:\/\/www.canadametal.com\/es\/productos\/tapajuntas\/","og_site_name":"Canada Metal","article_modified_time":"2026-04-21T08:31:31+00:00","og_image":[{"width":1368,"height":1332,"url":"https:\/\/www.canadametal.com\/wp-content\/uploads\/2025\/07\/flashing-img-1.jpg","type":"image\/jpeg"}],"twitter_card":"summary_large_image","twitter_misc":{"Tiempo de lectura":"2 minutos"},"schema":{"@context":"https:\/\/schema.org","@graph":[{"@type":"WebPage","@id":"https:\/\/www.canadametal.com\/es\/productos\/tapajuntas\/","url":"https:\/\/www.canadametal.com\/es\/productos\/tapajuntas\/","name":"Chapa de Plomo para Techos, el Mejor Material Impermeabilizante\"","isPartOf":{"@id":"https:\/\/www.canadametal.com\/es\/#website"},"primaryImageOfPage":{"@id":"https:\/\/www.canadametal.com\/es\/productos\/tapajuntas\/#primaryimage"},"image":{"@id":"https:\/\/www.canadametal.com\/es\/productos\/tapajuntas\/#primaryimage"},"thumbnailUrl":"https:\/\/www.canadametal.com\/wp-content\/uploads\/2025\/07\/flashing-img-1.jpg","datePublished":"2025-07-20T12:03:57+00:00","dateModified":"2026-04-21T08:31:31+00:00","description":"Nuestra chapa de plomo para techos es uno de los materiales impermeabilizantes m\u00e1s duraderos para techos, tambi\u00e9n disponible en rollos con una variedad de espesores.","breadcrumb":{"@id":"https:\/\/www.canadametal.com\/es\/productos\/tapajuntas\/#breadcrumb"},"inLanguage":"es","potentialAction":[{"@type":"ReadAction","target":["https:\/\/www.canadametal.com\/es\/productos\/tapajuntas\/"]}]},{"@type":"ImageObject","inLanguage":"es","@id":"https:\/\/www.canadametal.com\/es\/productos\/tapajuntas\/#primaryimage","url":"https:\/\/www.canadametal.com\/wp-content\/uploads\/2025\/07\/flashing-img-1.jpg","contentUrl":"https:\/\/www.canadametal.com\/wp-content\/uploads\/2025\/07\/flashing-img-1.jpg","width":1368,"height":1332},{"@type":"BreadcrumbList","@id":"https:\/\/www.canadametal.com\/es\/productos\/tapajuntas\/#breadcrumb","itemListElement":[{"@type":"ListItem","position":1,"name":"Home","item":"https:\/\/www.canadametal.com\/es\/"},{"@type":"ListItem","position":2,"name":"Products","item":"https:\/\/www.canadametal.com\/es\/products\/"},{"@type":"ListItem","position":3,"name":"Solin de toit en plomb"}]},{"@type":"WebSite","@id":"https:\/\/www.canadametal.com\/es\/#website","url":"https:\/\/www.canadametal.com\/es\/","name":"Canada Metal","description":"Lead Suppliers, Lead Ingots | Canada Metal North America","publisher":{"@id":"https:\/\/www.canadametal.com\/es\/#organization"},"potentialAction":[{"@type":"SearchAction","target":{"@type":"EntryPoint","urlTemplate":"https:\/\/www.canadametal.com\/es\/?s={search_term_string}"},"query-input":{"@type":"PropertyValueSpecification","valueRequired":true,"valueName":"search_term_string"}}],"inLanguage":"es"},{"@type":"Organization","@id":"https:\/\/www.canadametal.com\/es\/#organization","name":"Canada Metal","url":"https:\/\/www.canadametal.com\/es\/","logo":{"@type":"ImageObject","inLanguage":"es","@id":"https:\/\/www.canadametal.com\/es\/#\/schema\/logo\/image\/","url":"https:\/\/www.canadametal.com\/wp-content\/uploads\/2025\/10\/cropped-N299.3-16-CMNA-Radiation-Shielding-1_1-1.png","contentUrl":"https:\/\/www.canadametal.com\/wp-content\/uploads\/2025\/10\/cropped-N299.3-16-CMNA-Radiation-Shielding-1_1-1.png","width":1754,"height":155,"caption":"Canada Metal"},"image":{"@id":"https:\/\/www.canadametal.com\/es\/#\/schema\/logo\/image\/"}}]}},"_links":{"self":[{"href":"https:\/\/www.canadametal.com\/es\/wp-json\/wp\/v2\/product\/4618","targetHints":{"allow":["GET"]}}],"collection":[{"href":"https:\/\/www.canadametal.com\/es\/wp-json\/wp\/v2\/product"}],"about":[{"href":"https:\/\/www.canadametal.com\/es\/wp-json\/wp\/v2\/types\/product"}],"wp:featuredmedia":[{"embeddable":true,"href":"https:\/\/www.canadametal.com\/es\/wp-json\/wp\/v2\/media\/5898"}],"wp:attachment":[{"href":"https:\/\/www.canadametal.com\/es\/wp-json\/wp\/v2\/media?parent=4618"}],"wp:term":[{"taxonomy":"product_category","embeddable":true,"href":"https:\/\/www.canadametal.com\/es\/wp-json\/wp\/v2\/product_category?post=4618"}],"curies":[{"name":"wp","href":"https:\/\/api.w.org\/{rel}","templated":true}]}}