{"id":4619,"date":"2025-07-20T12:05:47","date_gmt":"2025-07-20T12:05:47","guid":{"rendered":"https:\/\/canadametal.com\/products\/counter-weights\/"},"modified":"2026-04-13T10:45:40","modified_gmt":"2026-04-13T10:45:40","slug":"counter-weights","status":"publish","type":"product","link":"https:\/\/www.canadametal.com\/es\/productos\/contrapesos\/","title":{"rendered":"Contrapesos de plomo"},"content":{"rendered":"<p><strong><span style=\"text-decoration: underline;\">Descripci\u00f3n<\/span><\/strong><br \/>\nCanada Metal ofrece contrapesos de plomo extruidos, fundidos y laminados en tama\u00f1os y formas personalizadas.<\/p>\n<p><strong><span style=\"text-decoration: underline;\">Aplicaciones<\/span><\/strong><br \/>\nEficiencia de carga, equilibrio de carga<\/p>\n<p><strong><span style=\"text-decoration: underline;\">Industrias<\/span><\/strong><br \/>\nConstrucci\u00f3n, ascensores comerciales, petr\u00f3leo, marina, aeroespacial<\/p>\n<p><strong><span style=\"text-decoration: underline;\">Formatos<\/span><\/strong><br \/>\nDisponibles en tama\u00f1os y formas personalizadas.<\/p>\n","protected":false},"excerpt":{"rendered":"<p>Descripci\u00f3n Canada Metal ofrece contrapesos de plomo extruidos, fundidos y laminados en tama\u00f1os y formas personalizadas. Aplicaciones Eficiencia de carga, equilibrio de carga Industrias Construcci\u00f3n, ascensores comerciales, petr\u00f3leo, marina, aeroespacial Formatos Disponibles en tama\u00f1os y formas personalizadas.<\/p>\n","protected":false},"featured_media":4346,"template":"","product_category":[128],"class_list":["post-4619","product","type-product","status-publish","has-post-thumbnail","hentry","product_category-lead-productos"],"yoast_head":"<!-- This site is optimized with the Yoast SEO plugin v25.4 - https:\/\/yoast.com\/wordpress\/plugins\/seo\/ -->\n<title>Contrapesos de plomo personalizados - Canada Metal<\/title>\n<meta name=\"description\" content=\"Los contrapesos est\u00e1n disponibles en formas de plomo extruido, fundido y laminado. Se utilizan en industrias como la marina, el petr\u00f3leo, entre otras, debido a su eficiencia en la carga.\" \/>\n<meta name=\"robots\" content=\"index, follow, max-snippet:-1, max-image-preview:large, max-video-preview:-1\" \/>\n<link rel=\"canonical\" href=\"https:\/\/www.canadametal.com\/es\/productos\/contrapesos\/\" \/>\n<meta property=\"og:locale\" content=\"es_ES\" \/>\n<meta property=\"og:type\" content=\"article\" \/>\n<meta property=\"og:title\" content=\"Contrapesos de plomo personalizados - Canada Metal\" \/>\n<meta property=\"og:description\" content=\"Los contrapesos est\u00e1n disponibles en formas de plomo extruido, fundido y laminado. Se utilizan en industrias como la marina, el petr\u00f3leo, entre otras, debido a su eficiencia en la carga.\" \/>\n<meta property=\"og:url\" content=\"https:\/\/www.canadametal.com\/es\/productos\/contrapesos\/\" \/>\n<meta property=\"og:site_name\" content=\"Canada Metal\" \/>\n<meta property=\"article:modified_time\" content=\"2026-04-13T10:45:40+00:00\" \/>\n<meta property=\"og:image\" content=\"https:\/\/www.canadametal.com\/wp-content\/uploads\/2025\/07\/counterweights.jpg\" \/>\n\t<meta property=\"og:image:width\" content=\"1368\" \/>\n\t<meta property=\"og:image:height\" content=\"912\" \/>\n\t<meta property=\"og:image:type\" content=\"image\/jpeg\" \/>\n<meta name=\"twitter:card\" content=\"summary_large_image\" \/>\n<meta name=\"twitter:label1\" content=\"Tiempo de lectura\" \/>\n\t<meta name=\"twitter:data1\" content=\"1 minuto\" \/>\n<!-- \/ Yoast SEO plugin. -->","yoast_head_json":{"title":"Contrapesos de plomo personalizados - Canada Metal","description":"Los contrapesos est\u00e1n disponibles en formas de plomo extruido, fundido y laminado. Se utilizan en industrias como la marina, el petr\u00f3leo, entre otras, debido a su eficiencia en la carga.","robots":{"index":"index","follow":"follow","max-snippet":"max-snippet:-1","max-image-preview":"max-image-preview:large","max-video-preview":"max-video-preview:-1"},"canonical":"https:\/\/www.canadametal.com\/es\/productos\/contrapesos\/","og_locale":"es_ES","og_type":"article","og_title":"Contrapesos de plomo personalizados - Canada Metal","og_description":"Los contrapesos est\u00e1n disponibles en formas de plomo extruido, fundido y laminado. Se utilizan en industrias como la marina, el petr\u00f3leo, entre otras, debido a su eficiencia en la carga.","og_url":"https:\/\/www.canadametal.com\/es\/productos\/contrapesos\/","og_site_name":"Canada Metal","article_modified_time":"2026-04-13T10:45:40+00:00","og_image":[{"width":1368,"height":912,"url":"https:\/\/www.canadametal.com\/wp-content\/uploads\/2025\/07\/counterweights.jpg","type":"image\/jpeg"}],"twitter_card":"summary_large_image","twitter_misc":{"Tiempo de lectura":"1 minuto"},"schema":{"@context":"https:\/\/schema.org","@graph":[{"@type":"WebPage","@id":"https:\/\/www.canadametal.com\/es\/productos\/contrapesos\/","url":"https:\/\/www.canadametal.com\/es\/productos\/contrapesos\/","name":"Contrapesos de plomo personalizados - Canada Metal","isPartOf":{"@id":"https:\/\/www.canadametal.com\/es\/#website"},"primaryImageOfPage":{"@id":"https:\/\/www.canadametal.com\/es\/productos\/contrapesos\/#primaryimage"},"image":{"@id":"https:\/\/www.canadametal.com\/es\/productos\/contrapesos\/#primaryimage"},"thumbnailUrl":"https:\/\/www.canadametal.com\/wp-content\/uploads\/2025\/07\/counterweights.jpg","datePublished":"2025-07-20T12:05:47+00:00","dateModified":"2026-04-13T10:45:40+00:00","description":"Los contrapesos est\u00e1n disponibles en formas de plomo extruido, fundido y laminado. Se utilizan en industrias como la marina, el petr\u00f3leo, entre otras, debido a su eficiencia en la carga.","breadcrumb":{"@id":"https:\/\/www.canadametal.com\/es\/productos\/contrapesos\/#breadcrumb"},"inLanguage":"es","potentialAction":[{"@type":"ReadAction","target":["https:\/\/www.canadametal.com\/es\/productos\/contrapesos\/"]}]},{"@type":"ImageObject","inLanguage":"es","@id":"https:\/\/www.canadametal.com\/es\/productos\/contrapesos\/#primaryimage","url":"https:\/\/www.canadametal.com\/wp-content\/uploads\/2025\/07\/counterweights.jpg","contentUrl":"https:\/\/www.canadametal.com\/wp-content\/uploads\/2025\/07\/counterweights.jpg","width":1368,"height":912},{"@type":"BreadcrumbList","@id":"https:\/\/www.canadametal.com\/es\/productos\/contrapesos\/#breadcrumb","itemListElement":[{"@type":"ListItem","position":1,"name":"Home","item":"https:\/\/www.canadametal.com\/es\/"},{"@type":"ListItem","position":2,"name":"Products","item":"https:\/\/www.canadametal.com\/es\/products\/"},{"@type":"ListItem","position":3,"name":"Contrapesos de plomo"}]},{"@type":"WebSite","@id":"https:\/\/www.canadametal.com\/es\/#website","url":"https:\/\/www.canadametal.com\/es\/","name":"Canada Metal","description":"Lead Suppliers, Lead Ingots | Canada Metal North America","publisher":{"@id":"https:\/\/www.canadametal.com\/es\/#organization"},"potentialAction":[{"@type":"SearchAction","target":{"@type":"EntryPoint","urlTemplate":"https:\/\/www.canadametal.com\/es\/?s={search_term_string}"},"query-input":{"@type":"PropertyValueSpecification","valueRequired":true,"valueName":"search_term_string"}}],"inLanguage":"es"},{"@type":"Organization","@id":"https:\/\/www.canadametal.com\/es\/#organization","name":"Canada Metal","url":"https:\/\/www.canadametal.com\/es\/","logo":{"@type":"ImageObject","inLanguage":"es","@id":"https:\/\/www.canadametal.com\/es\/#\/schema\/logo\/image\/","url":"https:\/\/www.canadametal.com\/wp-content\/uploads\/2025\/10\/cropped-N299.3-16-CMNA-Radiation-Shielding-1_1-1.png","contentUrl":"https:\/\/www.canadametal.com\/wp-content\/uploads\/2025\/10\/cropped-N299.3-16-CMNA-Radiation-Shielding-1_1-1.png","width":1754,"height":155,"caption":"Canada Metal"},"image":{"@id":"https:\/\/www.canadametal.com\/es\/#\/schema\/logo\/image\/"}}]}},"_links":{"self":[{"href":"https:\/\/www.canadametal.com\/es\/wp-json\/wp\/v2\/product\/4619","targetHints":{"allow":["GET"]}}],"collection":[{"href":"https:\/\/www.canadametal.com\/es\/wp-json\/wp\/v2\/product"}],"about":[{"href":"https:\/\/www.canadametal.com\/es\/wp-json\/wp\/v2\/types\/product"}],"wp:featuredmedia":[{"embeddable":true,"href":"https:\/\/www.canadametal.com\/es\/wp-json\/wp\/v2\/media\/4346"}],"wp:attachment":[{"href":"https:\/\/www.canadametal.com\/es\/wp-json\/wp\/v2\/media?parent=4619"}],"wp:term":[{"taxonomy":"product_category","embeddable":true,"href":"https:\/\/www.canadametal.com\/es\/wp-json\/wp\/v2\/product_category?post=4619"}],"curies":[{"name":"wp","href":"https:\/\/api.w.org\/{rel}","templated":true}]}}