{"id":4620,"date":"2025-07-20T12:07:20","date_gmt":"2025-07-20T12:07:20","guid":{"rendered":"https:\/\/canadametal.com\/products\/anodos-para-tratadores\/"},"modified":"2026-03-31T10:27:40","modified_gmt":"2026-03-31T10:27:40","slug":"anodos-para-tratadores","status":"publish","type":"product","link":"https:\/\/www.canadametal.com\/es\/products\/treater-anodes\/","title":{"rendered":"\u00c1nodos para Tratadores"},"content":{"rendered":"<p><span style=\"text-decoration: underline;\"><strong>Descripci\u00f3n<\/strong><\/span><br \/>\nNuestros \u00e1nodos tratadores de zinc est\u00e1n fabricados con zinc de alta calidad, cumplen con la norma ASTM B 418-88 Tipo II, y son probados y certificados para cumplir con los m\u00e1s altos est\u00e1ndares de la industria. Los \u00e1nodos tratadores de Canada Metal se funden con n\u00facleos de varilla de acero roscada (di\u00e1metro de 0.625\u201d).<\/p>\n<p><span style=\"text-decoration: underline;\"><strong>Aplicaciones<\/strong><\/span><br \/>\nTratadores de calentadores, tanques de almacenamiento, recipientes a presi\u00f3n, intercambiadores de calor, skimmers, vasos separadores de petr\u00f3leo.<\/p>\n<p><span style=\"text-decoration: underline;\"><strong>Industrias<\/strong><\/span><br \/>\nPetr\u00f3leo y gas<\/p>\n<p><span style=\"text-decoration: underline;\"><strong>Formatos<\/strong><\/span><\/p>\n<div class=\"pro-desc\">\n<table class=\"table table-responsive table-bordered\" border=\"0\" width=\"538\" cellspacing=\"0\" cellpadding=\"0\">\n<tbody>\n<tr>\n<td class=\"head\" align=\"center\" valign=\"middle\" width=\"104\">ZINC<\/td>\n<td colspan=\"2\" align=\"center\" valign=\"middle\" width=\"161\"><\/td>\n<td class=\"head\" colspan=\"3\" align=\"center\" valign=\"middle\" width=\"274\">Dimensiones nominales<\/td>\n<\/tr>\n<tr>\n<td align=\"center\" valign=\"middle\" width=\"104\">N\u00famero de tipo<\/td>\n<td align=\"center\" valign=\"middle\" width=\"85\">Peso nominal Lbs (Kgs)<\/td>\n<td align=\"center\" valign=\"middle\" width=\"76\">Montaje<\/td>\n<td align=\"center\" valign=\"middle\" width=\"85\">Longitud A Pulg (mm)<\/td>\n<td align=\"center\" valign=\"middle\" width=\"95\">Di\u00e1metro B Pulg (mm)<\/td>\n<td align=\"center\" valign=\"middle\" width=\"94\">Dimensi\u00f3n X Pulg (mm)<\/td>\n<\/tr>\n<tr>\n<td align=\"center\" valign=\"middle\" width=\"104\">Treater Z321<\/td>\n<td align=\"center\" valign=\"middle\" width=\"85\">39.0 (17.7)<\/td>\n<td align=\"center\" valign=\"middle\" width=\"76\">Roscado<\/td>\n<td align=\"center\" valign=\"middle\" width=\"85\">21.5 (546)<\/td>\n<td align=\"center\" valign=\"middle\" width=\"95\">3.0 (76)<\/td>\n<td align=\"center\" valign=\"middle\" width=\"94\">1.0 1.5<\/td>\n<\/tr>\n<tr>\n<td align=\"center\" valign=\"middle\" width=\"104\">Treater Z321A<\/td>\n<td align=\"center\" valign=\"middle\" width=\"85\">39.0 (17.7)<\/td>\n<td align=\"center\" valign=\"middle\" width=\"76\">Roscado<\/td>\n<td align=\"center\" valign=\"middle\" width=\"85\">21.5 (546)<\/td>\n<td align=\"center\" valign=\"middle\" width=\"95\">3.0 (76)<\/td>\n<td align=\"center\" valign=\"middle\" width=\"94\">4.9<\/td>\n<\/tr>\n<tr>\n<td align=\"center\" valign=\"middle\" width=\"104\">Treater Z330<\/td>\n<td align=\"center\" valign=\"middle\" width=\"85\">56.0 (25.4)<\/td>\n<td align=\"center\" valign=\"middle\" width=\"76\">Roscado<\/td>\n<td align=\"center\" valign=\"middle\" width=\"85\">30.0 (762)<\/td>\n<td align=\"center\" valign=\"middle\" width=\"95\">3.0 (76)<\/td>\n<td align=\"center\" valign=\"middle\" width=\"94\">1.0 1.5<\/td>\n<\/tr>\n<tr>\n<td align=\"center\" valign=\"middle\" width=\"104\">Treater Z330A<\/td>\n<td align=\"center\" valign=\"middle\" width=\"85\">56.0 (25.4)<\/td>\n<td align=\"center\" valign=\"middle\" width=\"76\">Roscado<\/td>\n<td align=\"center\" valign=\"middle\" width=\"85\">30.0 (762)<\/td>\n<td align=\"center\" valign=\"middle\" width=\"95\">3.0 (76)<\/td>\n<td align=\"center\" valign=\"middle\" width=\"94\">4.0<\/td>\n<\/tr>\n<\/tbody>\n<\/table>\n<\/div>\n","protected":false},"excerpt":{"rendered":"<p>Descripci\u00f3n Nuestros \u00e1nodos tratadores de zinc est\u00e1n fabricados con zinc de alta calidad, cumplen con la norma ASTM B 418-88 Tipo II, y son probados y certificados para cumplir con los m\u00e1s altos est\u00e1ndares de la industria. Los \u00e1nodos tratadores de Canada Metal se funden con n\u00facleos de varilla de acero roscada (di\u00e1metro de 0.625\u201d). [&hellip;]<\/p>\n","protected":false},"featured_media":5424,"template":"","product_category":[123],"class_list":["post-4620","product","type-product","status-publish","has-post-thumbnail","hentry","product_category-productos-de-zinc-es"],"yoast_head":"<!-- This site is optimized with the Yoast SEO plugin v25.4 - https:\/\/yoast.com\/wordpress\/plugins\/seo\/ -->\n<title>\u00c1nodos tratadores de zinc probados con garant\u00eda de calidad<\/title>\n<meta name=\"description\" content=\"Canada Metal ofrece \u00e1nodos de zinc fabricados con zinc primario de alta calidad. El producto est\u00e1 probado y certificado para cumplir con los m\u00e1s altos est\u00e1ndares de la industria.\" \/>\n<meta name=\"robots\" content=\"index, follow, max-snippet:-1, max-image-preview:large, max-video-preview:-1\" \/>\n<link rel=\"canonical\" href=\"https:\/\/www.canadametal.com\/es\/products\/treater-anodes\/\" \/>\n<meta property=\"og:locale\" content=\"es_ES\" \/>\n<meta property=\"og:type\" content=\"article\" \/>\n<meta property=\"og:title\" content=\"\u00c1nodos tratadores de zinc probados con garant\u00eda de calidad\" \/>\n<meta property=\"og:description\" content=\"Canada Metal ofrece \u00e1nodos de zinc fabricados con zinc primario de alta calidad. El producto est\u00e1 probado y certificado para cumplir con los m\u00e1s altos est\u00e1ndares de la industria.\" \/>\n<meta property=\"og:url\" content=\"https:\/\/www.canadametal.com\/es\/products\/treater-anodes\/\" \/>\n<meta property=\"og:site_name\" content=\"Canada Metal\" \/>\n<meta property=\"article:modified_time\" content=\"2026-03-31T10:27:40+00:00\" \/>\n<meta property=\"og:image\" content=\"https:\/\/www.canadametal.com\/wp-content\/uploads\/2025\/06\/plating_anodes_img.jpg\" \/>\n\t<meta property=\"og:image:width\" content=\"1920\" \/>\n\t<meta property=\"og:image:height\" content=\"1005\" \/>\n\t<meta property=\"og:image:type\" content=\"image\/jpeg\" \/>\n<meta name=\"twitter:card\" content=\"summary_large_image\" \/>\n<meta name=\"twitter:label1\" content=\"Tiempo de lectura\" \/>\n\t<meta name=\"twitter:data1\" content=\"1 minuto\" \/>\n<!-- \/ Yoast SEO plugin. -->","yoast_head_json":{"title":"\u00c1nodos tratadores de zinc probados con garant\u00eda de calidad","description":"Canada Metal ofrece \u00e1nodos de zinc fabricados con zinc primario de alta calidad. El producto est\u00e1 probado y certificado para cumplir con los m\u00e1s altos est\u00e1ndares de la industria.","robots":{"index":"index","follow":"follow","max-snippet":"max-snippet:-1","max-image-preview":"max-image-preview:large","max-video-preview":"max-video-preview:-1"},"canonical":"https:\/\/www.canadametal.com\/es\/products\/treater-anodes\/","og_locale":"es_ES","og_type":"article","og_title":"\u00c1nodos tratadores de zinc probados con garant\u00eda de calidad","og_description":"Canada Metal ofrece \u00e1nodos de zinc fabricados con zinc primario de alta calidad. El producto est\u00e1 probado y certificado para cumplir con los m\u00e1s altos est\u00e1ndares de la industria.","og_url":"https:\/\/www.canadametal.com\/es\/products\/treater-anodes\/","og_site_name":"Canada Metal","article_modified_time":"2026-03-31T10:27:40+00:00","og_image":[{"width":1920,"height":1005,"url":"https:\/\/www.canadametal.com\/wp-content\/uploads\/2025\/06\/plating_anodes_img.jpg","type":"image\/jpeg"}],"twitter_card":"summary_large_image","twitter_misc":{"Tiempo de lectura":"1 minuto"},"schema":{"@context":"https:\/\/schema.org","@graph":[{"@type":"WebPage","@id":"https:\/\/www.canadametal.com\/es\/products\/treater-anodes\/","url":"https:\/\/www.canadametal.com\/es\/products\/treater-anodes\/","name":"\u00c1nodos tratadores de zinc probados con garant\u00eda de calidad","isPartOf":{"@id":"https:\/\/www.canadametal.com\/es\/#website"},"primaryImageOfPage":{"@id":"https:\/\/www.canadametal.com\/es\/products\/treater-anodes\/#primaryimage"},"image":{"@id":"https:\/\/www.canadametal.com\/es\/products\/treater-anodes\/#primaryimage"},"thumbnailUrl":"https:\/\/www.canadametal.com\/wp-content\/uploads\/2025\/06\/plating_anodes_img.jpg","datePublished":"2025-07-20T12:07:20+00:00","dateModified":"2026-03-31T10:27:40+00:00","description":"Canada Metal ofrece \u00e1nodos de zinc fabricados con zinc primario de alta calidad. El producto est\u00e1 probado y certificado para cumplir con los m\u00e1s altos est\u00e1ndares de la industria.","breadcrumb":{"@id":"https:\/\/www.canadametal.com\/es\/products\/treater-anodes\/#breadcrumb"},"inLanguage":"es","potentialAction":[{"@type":"ReadAction","target":["https:\/\/www.canadametal.com\/es\/products\/treater-anodes\/"]}]},{"@type":"ImageObject","inLanguage":"es","@id":"https:\/\/www.canadametal.com\/es\/products\/treater-anodes\/#primaryimage","url":"https:\/\/www.canadametal.com\/wp-content\/uploads\/2025\/06\/plating_anodes_img.jpg","contentUrl":"https:\/\/www.canadametal.com\/wp-content\/uploads\/2025\/06\/plating_anodes_img.jpg","width":1920,"height":1005},{"@type":"BreadcrumbList","@id":"https:\/\/www.canadametal.com\/es\/products\/treater-anodes\/#breadcrumb","itemListElement":[{"@type":"ListItem","position":1,"name":"Home","item":"https:\/\/www.canadametal.com\/es\/"},{"@type":"ListItem","position":2,"name":"Products","item":"https:\/\/www.canadametal.com\/es\/products\/"},{"@type":"ListItem","position":3,"name":"\u00c1nodos para Tratadores"}]},{"@type":"WebSite","@id":"https:\/\/www.canadametal.com\/es\/#website","url":"https:\/\/www.canadametal.com\/es\/","name":"Canada Metal","description":"Lead Suppliers, Lead Ingots | Canada Metal North America","publisher":{"@id":"https:\/\/www.canadametal.com\/es\/#organization"},"potentialAction":[{"@type":"SearchAction","target":{"@type":"EntryPoint","urlTemplate":"https:\/\/www.canadametal.com\/es\/?s={search_term_string}"},"query-input":{"@type":"PropertyValueSpecification","valueRequired":true,"valueName":"search_term_string"}}],"inLanguage":"es"},{"@type":"Organization","@id":"https:\/\/www.canadametal.com\/es\/#organization","name":"Canada Metal","url":"https:\/\/www.canadametal.com\/es\/","logo":{"@type":"ImageObject","inLanguage":"es","@id":"https:\/\/www.canadametal.com\/es\/#\/schema\/logo\/image\/","url":"https:\/\/www.canadametal.com\/wp-content\/uploads\/2025\/10\/cropped-N299.3-16-CMNA-Radiation-Shielding-1_1-1.png","contentUrl":"https:\/\/www.canadametal.com\/wp-content\/uploads\/2025\/10\/cropped-N299.3-16-CMNA-Radiation-Shielding-1_1-1.png","width":1754,"height":155,"caption":"Canada Metal"},"image":{"@id":"https:\/\/www.canadametal.com\/es\/#\/schema\/logo\/image\/"}}]}},"_links":{"self":[{"href":"https:\/\/www.canadametal.com\/es\/wp-json\/wp\/v2\/product\/4620","targetHints":{"allow":["GET"]}}],"collection":[{"href":"https:\/\/www.canadametal.com\/es\/wp-json\/wp\/v2\/product"}],"about":[{"href":"https:\/\/www.canadametal.com\/es\/wp-json\/wp\/v2\/types\/product"}],"wp:featuredmedia":[{"embeddable":true,"href":"https:\/\/www.canadametal.com\/es\/wp-json\/wp\/v2\/media\/5424"}],"wp:attachment":[{"href":"https:\/\/www.canadametal.com\/es\/wp-json\/wp\/v2\/media?parent=4620"}],"wp:term":[{"taxonomy":"product_category","embeddable":true,"href":"https:\/\/www.canadametal.com\/es\/wp-json\/wp\/v2\/product_category?post=4620"}],"curies":[{"name":"wp","href":"https:\/\/api.w.org\/{rel}","templated":true}]}}