{"id":4621,"date":"2025-07-20T12:09:11","date_gmt":"2025-07-20T12:09:11","guid":{"rendered":"https:\/\/canadametal.com\/products\/lamina-de-estano\/"},"modified":"2025-07-20T12:09:11","modified_gmt":"2025-07-20T12:09:11","slug":"lamina-de-estano","status":"publish","type":"product","link":"https:\/\/www.canadametal.com\/es\/products\/tin-sheet\/","title":{"rendered":"L\u00e1mina de esta\u00f1o"},"content":{"rendered":"<p><span style=\"text-decoration: underline;\"><strong>Descripci\u00f3n<\/strong><\/span><br \/>\nCanada Metal produce l\u00e1minas de esta\u00f1o de alta calidad y pureza, laminadas seg\u00fan las especificaciones del cliente. Se utilizan para protecci\u00f3n contra radiaci\u00f3n gamma y por artesanos, maquinistas y contratistas en una variedad de aplicaciones.<\/p>\n<p>L\u00e1minas de Esta\u00f1o Premium en Canad\u00e1<\/p>\n<p><span style=\"text-decoration: underline;\"><strong>Descubra L\u00e1minas de Esta\u00f1o de Alta Calidad<\/strong><\/span><br \/>\nEn Canada Metal, nos enorgullece ofrecer l\u00e1minas de esta\u00f1o de alta calidad para satisfacer diversas necesidades industriales y art\u00edsticas. Nuestras l\u00e1minas est\u00e1n fabricadas con esta\u00f1o puro, lo que garantiza una durabilidad excepcional y resistencia a la corrosi\u00f3n. Ya sea que desee fabricar componentes o crear piezas art\u00edsticas impresionantes, nuestras l\u00e1minas de esta\u00f1o son la soluci\u00f3n ideal. Disponibles en varios tama\u00f1os y espesores, pueden cortarse y moldearse f\u00e1cilmente para adaptarse a los requisitos espec\u00edficos de su proyecto.<\/p>\n<p>No se conforme con menos cuando se trata de materiales. Elija Canada Metal para todas sus necesidades de l\u00e1minas de esta\u00f1o. Nuestro compromiso con la calidad y la satisfacci\u00f3n del cliente nos distingue en el mercado. Explore nuestra amplia gama de l\u00e1minas de esta\u00f1o en Canad\u00e1 hoy mismo y experimente la diferencia en sus proyectos. \u00a1Cont\u00e1ctenos ahora para realizar su pedido o solicitar una cotizaci\u00f3n!<\/p>\n<p><span style=\"text-decoration: underline;\"><strong>Aplicaciones<\/strong><\/span><br \/>\nProtecci\u00f3n contra radiaci\u00f3n gamma<\/p>\n<p><span style=\"text-decoration: underline;\"><strong>Industrias<\/strong><\/span><br \/>\nNuclear<\/p>\n<p><span style=\"text-decoration: underline;\"><strong>Formatos<\/strong><\/span><br \/>\nDisponibles en tama\u00f1os est\u00e1ndar y personalizados.<\/p>\n","protected":false},"excerpt":{"rendered":"<p>Descripci\u00f3n Canada Metal produce l\u00e1minas de esta\u00f1o de alta calidad y pureza, laminadas seg\u00fan las especificaciones del cliente. Se utilizan para protecci\u00f3n contra radiaci\u00f3n gamma y por artesanos, maquinistas y contratistas en una variedad de aplicaciones. L\u00e1minas de Esta\u00f1o Premium en Canad\u00e1 Descubra L\u00e1minas de Esta\u00f1o de Alta Calidad En Canada Metal, nos enorgullece ofrecer [&hellip;]<\/p>\n","protected":false},"featured_media":4342,"template":"","product_category":[125],"class_list":["post-4621","product","type-product","status-publish","has-post-thumbnail","hentry","product_category-productos-de-estano"],"yoast_head":"<!-- This site is optimized with the Yoast SEO plugin v25.4 - https:\/\/yoast.com\/wordpress\/plugins\/seo\/ -->\n<title>L\u00e1minas de Esta\u00f1o Met\u00e1lico, Esta\u00f1o Puro \u2013 Canada Metal<\/title>\n<meta name=\"description\" content=\"Las l\u00e1minas de esta\u00f1o fabricadas por Canada Metal est\u00e1n disponibles en tama\u00f1os est\u00e1ndar y personalizados. Cont\u00e1ctenos para obtener l\u00e1minas de esta\u00f1o puro de alta calidad en todo Canad\u00e1.\" \/>\n<meta name=\"robots\" content=\"index, follow, max-snippet:-1, max-image-preview:large, max-video-preview:-1\" \/>\n<link rel=\"canonical\" href=\"https:\/\/www.canadametal.com\/es\/products\/tin-sheet\/\" \/>\n<meta property=\"og:locale\" content=\"es_ES\" \/>\n<meta property=\"og:type\" content=\"article\" \/>\n<meta property=\"og:title\" content=\"L\u00e1minas de Esta\u00f1o Met\u00e1lico, Esta\u00f1o Puro \u2013 Canada Metal\" \/>\n<meta property=\"og:description\" content=\"Las l\u00e1minas de esta\u00f1o fabricadas por Canada Metal est\u00e1n disponibles en tama\u00f1os est\u00e1ndar y personalizados. Cont\u00e1ctenos para obtener l\u00e1minas de esta\u00f1o puro de alta calidad en todo Canad\u00e1.\" \/>\n<meta property=\"og:url\" content=\"https:\/\/www.canadametal.com\/es\/products\/tin-sheet\/\" \/>\n<meta property=\"og:site_name\" content=\"Canada Metal\" \/>\n<meta property=\"og:image\" content=\"https:\/\/canadametal.com\/wp-content\/uploads\/2025\/06\/tin.jpg\" \/>\n\t<meta property=\"og:image:width\" content=\"1368\" \/>\n\t<meta property=\"og:image:height\" content=\"912\" \/>\n\t<meta property=\"og:image:type\" content=\"image\/jpeg\" \/>\n<meta name=\"twitter:card\" content=\"summary_large_image\" \/>\n<meta name=\"twitter:label1\" content=\"Tiempo de lectura\" \/>\n\t<meta name=\"twitter:data1\" content=\"1 minuto\" \/>\n<!-- \/ Yoast SEO plugin. -->","yoast_head_json":{"title":"L\u00e1minas de Esta\u00f1o Met\u00e1lico, Esta\u00f1o Puro \u2013 Canada Metal","description":"Las l\u00e1minas de esta\u00f1o fabricadas por Canada Metal est\u00e1n disponibles en tama\u00f1os est\u00e1ndar y personalizados. Cont\u00e1ctenos para obtener l\u00e1minas de esta\u00f1o puro de alta calidad en todo Canad\u00e1.","robots":{"index":"index","follow":"follow","max-snippet":"max-snippet:-1","max-image-preview":"max-image-preview:large","max-video-preview":"max-video-preview:-1"},"canonical":"https:\/\/www.canadametal.com\/es\/products\/tin-sheet\/","og_locale":"es_ES","og_type":"article","og_title":"L\u00e1minas de Esta\u00f1o Met\u00e1lico, Esta\u00f1o Puro \u2013 Canada Metal","og_description":"Las l\u00e1minas de esta\u00f1o fabricadas por Canada Metal est\u00e1n disponibles en tama\u00f1os est\u00e1ndar y personalizados. Cont\u00e1ctenos para obtener l\u00e1minas de esta\u00f1o puro de alta calidad en todo Canad\u00e1.","og_url":"https:\/\/www.canadametal.com\/es\/products\/tin-sheet\/","og_site_name":"Canada Metal","og_image":[{"width":1368,"height":912,"url":"https:\/\/canadametal.com\/wp-content\/uploads\/2025\/06\/tin.jpg","type":"image\/jpeg"}],"twitter_card":"summary_large_image","twitter_misc":{"Tiempo de lectura":"1 minuto"},"schema":{"@context":"https:\/\/schema.org","@graph":[{"@type":"WebPage","@id":"https:\/\/www.canadametal.com\/es\/products\/tin-sheet\/","url":"https:\/\/www.canadametal.com\/es\/products\/tin-sheet\/","name":"L\u00e1minas de Esta\u00f1o Met\u00e1lico, Esta\u00f1o Puro \u2013 Canada Metal","isPartOf":{"@id":"https:\/\/www.canadametal.com\/es\/#website"},"primaryImageOfPage":{"@id":"https:\/\/www.canadametal.com\/es\/products\/tin-sheet\/#primaryimage"},"image":{"@id":"https:\/\/www.canadametal.com\/es\/products\/tin-sheet\/#primaryimage"},"thumbnailUrl":"https:\/\/www.canadametal.com\/wp-content\/uploads\/2025\/06\/tin.jpg","datePublished":"2025-07-20T12:09:11+00:00","description":"Las l\u00e1minas de esta\u00f1o fabricadas por Canada Metal est\u00e1n disponibles en tama\u00f1os est\u00e1ndar y personalizados. Cont\u00e1ctenos para obtener l\u00e1minas de esta\u00f1o puro de alta calidad en todo Canad\u00e1.","breadcrumb":{"@id":"https:\/\/www.canadametal.com\/es\/products\/tin-sheet\/#breadcrumb"},"inLanguage":"es","potentialAction":[{"@type":"ReadAction","target":["https:\/\/www.canadametal.com\/es\/products\/tin-sheet\/"]}]},{"@type":"ImageObject","inLanguage":"es","@id":"https:\/\/www.canadametal.com\/es\/products\/tin-sheet\/#primaryimage","url":"https:\/\/www.canadametal.com\/wp-content\/uploads\/2025\/06\/tin.jpg","contentUrl":"https:\/\/www.canadametal.com\/wp-content\/uploads\/2025\/06\/tin.jpg","width":1368,"height":912},{"@type":"BreadcrumbList","@id":"https:\/\/www.canadametal.com\/es\/products\/tin-sheet\/#breadcrumb","itemListElement":[{"@type":"ListItem","position":1,"name":"Home","item":"https:\/\/www.canadametal.com\/es\/"},{"@type":"ListItem","position":2,"name":"Products","item":"https:\/\/www.canadametal.com\/es\/products\/"},{"@type":"ListItem","position":3,"name":"L\u00e1mina de esta\u00f1o"}]},{"@type":"WebSite","@id":"https:\/\/www.canadametal.com\/es\/#website","url":"https:\/\/www.canadametal.com\/es\/","name":"Canada Metal","description":"Lead Suppliers, Lead Ingots | Canada Metal North America","publisher":{"@id":"https:\/\/www.canadametal.com\/es\/#organization"},"potentialAction":[{"@type":"SearchAction","target":{"@type":"EntryPoint","urlTemplate":"https:\/\/www.canadametal.com\/es\/?s={search_term_string}"},"query-input":{"@type":"PropertyValueSpecification","valueRequired":true,"valueName":"search_term_string"}}],"inLanguage":"es"},{"@type":"Organization","@id":"https:\/\/www.canadametal.com\/es\/#organization","name":"Canada Metal","url":"https:\/\/www.canadametal.com\/es\/","logo":{"@type":"ImageObject","inLanguage":"es","@id":"https:\/\/www.canadametal.com\/es\/#\/schema\/logo\/image\/","url":"https:\/\/www.canadametal.com\/wp-content\/uploads\/2025\/10\/cropped-N299.3-16-CMNA-Radiation-Shielding-1_1-1.png","contentUrl":"https:\/\/www.canadametal.com\/wp-content\/uploads\/2025\/10\/cropped-N299.3-16-CMNA-Radiation-Shielding-1_1-1.png","width":1754,"height":155,"caption":"Canada Metal"},"image":{"@id":"https:\/\/www.canadametal.com\/es\/#\/schema\/logo\/image\/"}}]}},"_links":{"self":[{"href":"https:\/\/www.canadametal.com\/es\/wp-json\/wp\/v2\/product\/4621","targetHints":{"allow":["GET"]}}],"collection":[{"href":"https:\/\/www.canadametal.com\/es\/wp-json\/wp\/v2\/product"}],"about":[{"href":"https:\/\/www.canadametal.com\/es\/wp-json\/wp\/v2\/types\/product"}],"wp:featuredmedia":[{"embeddable":true,"href":"https:\/\/www.canadametal.com\/es\/wp-json\/wp\/v2\/media\/4342"}],"wp:attachment":[{"href":"https:\/\/www.canadametal.com\/es\/wp-json\/wp\/v2\/media?parent=4621"}],"wp:term":[{"taxonomy":"product_category","embeddable":true,"href":"https:\/\/www.canadametal.com\/es\/wp-json\/wp\/v2\/product_category?post=4621"}],"curies":[{"name":"wp","href":"https:\/\/api.w.org\/{rel}","templated":true}]}}