{"id":4622,"date":"2025-07-20T12:15:55","date_gmt":"2025-07-20T12:15:55","guid":{"rendered":"https:\/\/canadametal.com\/products\/ladrillos-y-bloques\/"},"modified":"2026-03-31T11:00:38","modified_gmt":"2026-03-31T11:00:38","slug":"ladrillos-y-bloques","status":"publish","type":"product","link":"https:\/\/www.canadametal.com\/es\/products\/bricks-and-blocks\/","title":{"rendered":"Ladrillos y Bloques"},"content":{"rendered":"<p><span style=\"text-decoration: underline;\"><strong>Descripci\u00f3n<\/strong><\/span><br \/>\nLos bloques de plomo y los ladrillos de plomo fundido y extruido de Canada Metal ofrecen la m\u00e1xima protecci\u00f3n contra la radiaci\u00f3n de rayos X. Los ladrillos de plomo se pueden fabricar seg\u00fan especificaciones e incluyen estilos tipo chevron, rectos entrelazados y ladrillos de esquina. Los bloques de plomo est\u00e1n disponibles en inventario en formatos planos y entrelazados en \u00abV\u00bb, en una variedad de pesos y tama\u00f1os, y tambi\u00e9n se pueden fabricar a medida.<\/p>\n<p>Los ladrillos de plomo se utilizan para bloquear los efectos de la radiaci\u00f3n. Los ladrillos de Canada Metal est\u00e1n dise\u00f1ados para encajar f\u00e1cilmente, permitiendo a contratistas y administradores de edificios crear paredes o superficies de plomo a medida. Estos ladrillos entrelazados cuentan con una superficie plana y un perfil en \u00abV\u00bb que se combina f\u00e1cilmente para formar una barrera s\u00f3lida, segura y sin filtraciones.<\/p>\n<p>Los ladrillos de plomo entrelazados son especificados por arquitectos e ingenieros en las industrias de la construcci\u00f3n, salud y nuclear. Muchos hospitales, laboratorios m\u00e9dicos y de investigaci\u00f3n, y otras instalaciones con fuentes de radiaci\u00f3n como equipos de rayos X o is\u00f3topos radiactivos, utilizan estos ladrillos para lograr un blindaje efectivo.<\/p>\n<p>Consulte con los profesionales experimentados de Canada Metal para analizar los requisitos espec\u00edficos de su proyecto.<\/p>\n<p><span style=\"text-decoration: underline;\"><strong>Aplicaciones<\/strong><\/span><br \/>\nLos ladrillos de plomo pueden utilizarse como blindaje contra radiaci\u00f3n, temporal o permanente, en aplicaciones donde el uso de planchas de plomo no sea pr\u00e1ctico.<\/p>\n<p><span style=\"text-decoration: underline;\"><strong>Industrias<\/strong><\/span><br \/>\nConstrucci\u00f3n, fabricantes de puertas especiales, hospitales, cl\u00ednicas, laboratorios m\u00e9dicos, cl\u00ednicas veterinarias, laboratorios de investigaci\u00f3n, medicina nuclear, castillos de plomo (personalizados)<\/p>\n<p><span style=\"text-decoration: underline;\"><strong>Formatos<\/strong><\/span><br \/>\nTama\u00f1os est\u00e1ndar disponibles, adem\u00e1s de ladrillos y bloques de esquina en los siguientes tama\u00f1os:<\/p>\n<table class=\"table table-responsive table-bordered\" border=\"0\" width=\"690\" cellspacing=\"0\" cellpadding=\"0\">\n<tbody>\n<tr>\n<td class=\"head\" align=\"center\" valign=\"middle\" width=\"172\">Interbloqueo en \u201cV\u201d<\/td>\n<td class=\"head\" align=\"center\" valign=\"middle\" width=\"172\">Tama\u00f1o (pulgadas)<\/td>\n<td class=\"head\" align=\"center\" valign=\"middle\" width=\"173\">Tama\u00f1o (mm)<\/td>\n<td class=\"head\" align=\"center\" valign=\"middle\" width=\"173\">Peso aprox.<\/td>\n<\/tr>\n<tr>\n<td align=\"center\" valign=\"middle\" width=\"172\">Esquina est\u00e1ndar<\/td>\n<td align=\"center\" valign=\"middle\" width=\"172\">2 x 4 x 5<\/td>\n<td align=\"center\" valign=\"middle\" width=\"173\">50.8 x 101.6 x 127.0<\/td>\n<td align=\"center\" valign=\"middle\" width=\"173\">23 lb (10.4 kg)<\/td>\n<\/tr>\n<tr>\n<td align=\"center\" valign=\"middle\" width=\"172\">Esquina superior<\/td>\n<td align=\"center\" valign=\"middle\" width=\"172\">2 x 3 x 5<\/td>\n<td align=\"center\" valign=\"middle\" width=\"173\">50.8 x 76.2 x 127.0<\/td>\n<td align=\"center\" valign=\"middle\" width=\"173\">17 lb (7.8 kg)<\/td>\n<\/tr>\n<tr>\n<td align=\"center\" valign=\"middle\" width=\"172\">Esquina inferior<\/td>\n<td align=\"center\" valign=\"middle\" width=\"172\">2 x 3 x 5<\/td>\n<td align=\"center\" valign=\"middle\" width=\"173\">50.8 x 76.2 x 127.0<\/td>\n<td align=\"center\" valign=\"middle\" width=\"173\">17 lb (7.8 kg)<\/td>\n<\/tr>\n<\/tbody>\n<\/table>\n","protected":false},"excerpt":{"rendered":"<p>Descripci\u00f3n Los bloques de plomo y los ladrillos de plomo fundido y extruido de Canada Metal ofrecen la m\u00e1xima protecci\u00f3n contra la radiaci\u00f3n de rayos X. Los ladrillos de plomo se pueden fabricar seg\u00fan especificaciones e incluyen estilos tipo chevron, rectos entrelazados y ladrillos de esquina. Los bloques de plomo est\u00e1n disponibles en inventario en [&hellip;]<\/p>\n","protected":false},"featured_media":4338,"template":"","product_category":[128],"class_list":["post-4622","product","type-product","status-publish","has-post-thumbnail","hentry","product_category-lead-productos"],"yoast_head":"<!-- This site is optimized with the Yoast SEO plugin v25.4 - https:\/\/yoast.com\/wordpress\/plugins\/seo\/ -->\n<title>Ladrillos de Plomo entrelazados | Ladrillos de Plomo para Protecci\u00f3n contra Radiaci\u00f3n<\/title>\n<meta name=\"description\" content=\"Los ladrillos y bloques de plomo entrelazados de Canada Metal son altamente eficaces para la protecci\u00f3n contra la radiaci\u00f3n en hospitales y centros de investigaci\u00f3n. Tambi\u00e9n est\u00e1n disponibles en tama\u00f1os personalizados.\" \/>\n<meta name=\"robots\" content=\"index, follow, max-snippet:-1, max-image-preview:large, max-video-preview:-1\" \/>\n<link rel=\"canonical\" href=\"https:\/\/www.canadametal.com\/es\/products\/bricks-and-blocks\/\" \/>\n<meta property=\"og:locale\" content=\"es_ES\" \/>\n<meta property=\"og:type\" content=\"article\" \/>\n<meta property=\"og:title\" content=\"Ladrillos de Plomo entrelazados | Ladrillos de Plomo para Protecci\u00f3n contra Radiaci\u00f3n\" \/>\n<meta property=\"og:description\" content=\"Los ladrillos y bloques de plomo entrelazados de Canada Metal son altamente eficaces para la protecci\u00f3n contra la radiaci\u00f3n en hospitales y centros de investigaci\u00f3n. Tambi\u00e9n est\u00e1n disponibles en tama\u00f1os personalizados.\" \/>\n<meta property=\"og:url\" content=\"https:\/\/www.canadametal.com\/es\/products\/bricks-and-blocks\/\" \/>\n<meta property=\"og:site_name\" content=\"Canada Metal\" \/>\n<meta property=\"article:modified_time\" content=\"2026-03-31T11:00:38+00:00\" \/>\n<meta property=\"og:image\" content=\"https:\/\/www.canadametal.com\/wp-content\/uploads\/2025\/06\/bricks-and-blocks.jpg\" \/>\n\t<meta property=\"og:image:width\" content=\"1368\" \/>\n\t<meta property=\"og:image:height\" content=\"912\" \/>\n\t<meta property=\"og:image:type\" content=\"image\/jpeg\" \/>\n<meta name=\"twitter:card\" content=\"summary_large_image\" \/>\n<meta name=\"twitter:label1\" content=\"Tiempo de lectura\" \/>\n\t<meta name=\"twitter:data1\" content=\"2 minutos\" \/>\n<!-- \/ Yoast SEO plugin. -->","yoast_head_json":{"title":"Ladrillos de Plomo entrelazados | Ladrillos de Plomo para Protecci\u00f3n contra Radiaci\u00f3n","description":"Los ladrillos y bloques de plomo entrelazados de Canada Metal son altamente eficaces para la protecci\u00f3n contra la radiaci\u00f3n en hospitales y centros de investigaci\u00f3n. Tambi\u00e9n est\u00e1n disponibles en tama\u00f1os personalizados.","robots":{"index":"index","follow":"follow","max-snippet":"max-snippet:-1","max-image-preview":"max-image-preview:large","max-video-preview":"max-video-preview:-1"},"canonical":"https:\/\/www.canadametal.com\/es\/products\/bricks-and-blocks\/","og_locale":"es_ES","og_type":"article","og_title":"Ladrillos de Plomo entrelazados | Ladrillos de Plomo para Protecci\u00f3n contra Radiaci\u00f3n","og_description":"Los ladrillos y bloques de plomo entrelazados de Canada Metal son altamente eficaces para la protecci\u00f3n contra la radiaci\u00f3n en hospitales y centros de investigaci\u00f3n. Tambi\u00e9n est\u00e1n disponibles en tama\u00f1os personalizados.","og_url":"https:\/\/www.canadametal.com\/es\/products\/bricks-and-blocks\/","og_site_name":"Canada Metal","article_modified_time":"2026-03-31T11:00:38+00:00","og_image":[{"width":1368,"height":912,"url":"https:\/\/www.canadametal.com\/wp-content\/uploads\/2025\/06\/bricks-and-blocks.jpg","type":"image\/jpeg"}],"twitter_card":"summary_large_image","twitter_misc":{"Tiempo de lectura":"2 minutos"},"schema":{"@context":"https:\/\/schema.org","@graph":[{"@type":"WebPage","@id":"https:\/\/www.canadametal.com\/es\/products\/bricks-and-blocks\/","url":"https:\/\/www.canadametal.com\/es\/products\/bricks-and-blocks\/","name":"Ladrillos de Plomo entrelazados | Ladrillos de Plomo para Protecci\u00f3n contra Radiaci\u00f3n","isPartOf":{"@id":"https:\/\/www.canadametal.com\/es\/#website"},"primaryImageOfPage":{"@id":"https:\/\/www.canadametal.com\/es\/products\/bricks-and-blocks\/#primaryimage"},"image":{"@id":"https:\/\/www.canadametal.com\/es\/products\/bricks-and-blocks\/#primaryimage"},"thumbnailUrl":"https:\/\/www.canadametal.com\/wp-content\/uploads\/2025\/06\/bricks-and-blocks.jpg","datePublished":"2025-07-20T12:15:55+00:00","dateModified":"2026-03-31T11:00:38+00:00","description":"Los ladrillos y bloques de plomo entrelazados de Canada Metal son altamente eficaces para la protecci\u00f3n contra la radiaci\u00f3n en hospitales y centros de investigaci\u00f3n. Tambi\u00e9n est\u00e1n disponibles en tama\u00f1os personalizados.","breadcrumb":{"@id":"https:\/\/www.canadametal.com\/es\/products\/bricks-and-blocks\/#breadcrumb"},"inLanguage":"es","potentialAction":[{"@type":"ReadAction","target":["https:\/\/www.canadametal.com\/es\/products\/bricks-and-blocks\/"]}]},{"@type":"ImageObject","inLanguage":"es","@id":"https:\/\/www.canadametal.com\/es\/products\/bricks-and-blocks\/#primaryimage","url":"https:\/\/www.canadametal.com\/wp-content\/uploads\/2025\/06\/bricks-and-blocks.jpg","contentUrl":"https:\/\/www.canadametal.com\/wp-content\/uploads\/2025\/06\/bricks-and-blocks.jpg","width":1368,"height":912},{"@type":"BreadcrumbList","@id":"https:\/\/www.canadametal.com\/es\/products\/bricks-and-blocks\/#breadcrumb","itemListElement":[{"@type":"ListItem","position":1,"name":"Home","item":"https:\/\/www.canadametal.com\/es\/"},{"@type":"ListItem","position":2,"name":"Products","item":"https:\/\/www.canadametal.com\/es\/products\/"},{"@type":"ListItem","position":3,"name":"Ladrillos y Bloques"}]},{"@type":"WebSite","@id":"https:\/\/www.canadametal.com\/es\/#website","url":"https:\/\/www.canadametal.com\/es\/","name":"Canada Metal","description":"Lead Suppliers, Lead Ingots | Canada Metal North America","publisher":{"@id":"https:\/\/www.canadametal.com\/es\/#organization"},"potentialAction":[{"@type":"SearchAction","target":{"@type":"EntryPoint","urlTemplate":"https:\/\/www.canadametal.com\/es\/?s={search_term_string}"},"query-input":{"@type":"PropertyValueSpecification","valueRequired":true,"valueName":"search_term_string"}}],"inLanguage":"es"},{"@type":"Organization","@id":"https:\/\/www.canadametal.com\/es\/#organization","name":"Canada Metal","url":"https:\/\/www.canadametal.com\/es\/","logo":{"@type":"ImageObject","inLanguage":"es","@id":"https:\/\/www.canadametal.com\/es\/#\/schema\/logo\/image\/","url":"https:\/\/www.canadametal.com\/wp-content\/uploads\/2025\/10\/cropped-N299.3-16-CMNA-Radiation-Shielding-1_1-1.png","contentUrl":"https:\/\/www.canadametal.com\/wp-content\/uploads\/2025\/10\/cropped-N299.3-16-CMNA-Radiation-Shielding-1_1-1.png","width":1754,"height":155,"caption":"Canada Metal"},"image":{"@id":"https:\/\/www.canadametal.com\/es\/#\/schema\/logo\/image\/"}}]}},"_links":{"self":[{"href":"https:\/\/www.canadametal.com\/es\/wp-json\/wp\/v2\/product\/4622","targetHints":{"allow":["GET"]}}],"collection":[{"href":"https:\/\/www.canadametal.com\/es\/wp-json\/wp\/v2\/product"}],"about":[{"href":"https:\/\/www.canadametal.com\/es\/wp-json\/wp\/v2\/types\/product"}],"wp:featuredmedia":[{"embeddable":true,"href":"https:\/\/www.canadametal.com\/es\/wp-json\/wp\/v2\/media\/4338"}],"wp:attachment":[{"href":"https:\/\/www.canadametal.com\/es\/wp-json\/wp\/v2\/media?parent=4622"}],"wp:term":[{"taxonomy":"product_category","embeddable":true,"href":"https:\/\/www.canadametal.com\/es\/wp-json\/wp\/v2\/product_category?post=4622"}],"curies":[{"name":"wp","href":"https:\/\/api.w.org\/{rel}","templated":true}]}}