{"id":4623,"date":"2025-07-20T12:17:51","date_gmt":"2025-07-20T12:17:51","guid":{"rendered":"https:\/\/canadametal.com\/products\/metal-babbitt\/"},"modified":"2026-04-21T08:42:22","modified_gmt":"2026-04-21T08:42:22","slug":"metal-babbitt","status":"publish","type":"product","link":"https:\/\/www.canadametal.com\/es\/productos\/metal-babbitt\/","title":{"rendered":"Metal Babbitt"},"content":{"rendered":"<p>Descripci\u00f3n<br \/>\nCanada Metal suministra una gama completa de metales Babbitt a base de plomo y esta\u00f1o, incluyendo nuestro producto registrado Harris Heavy Pressure, ideal para trabajos de baja velocidad y cojinetes con menor carga. Dependiendo de diversos factores, como la velocidad superficial del eje, la capacidad de carga y las condiciones de enfriamiento, le ayudamos a seleccionar el metal Babbitt que se ajuste de forma personalizada a sus requisitos. <\/p>\n<p>Los Babbitt disponibles son ASTM B 23-00 (2005), grados #1, 2, 3, 11, 7, 8, 13, 15.<\/p>\n<p><strong>Metal Babbitt: Soluciones esenciales para la reparaci\u00f3n de cojinetes<\/strong><br \/>\nServicios confiables de reparaci\u00f3n de cojinetes Babbitt<br \/>\nEn Canada Metal, nos especializamos en metal Babbitt de alta calidad, ideal para aplicaciones de babbitting y una reparaci\u00f3n eficaz de cojinetes Babbitt. Nuestros productos de metal Babbitt est\u00e1n dise\u00f1ados para ofrecer un rendimiento excepcional y una larga vida \u00fatil en diversos entornos industriales. Ya sea que busque reparar cojinetes existentes o fabricar nuevos, nuestros materiales garantizan una durabilidad y confiabilidad \u00f3ptimas.  <\/p>\n<p>Con nuestra experiencia en babbitting, Canada Metal se destaca como un fabricante confiable en Am\u00e9rica del Norte. Nuestro metal Babbitt est\u00e1 formulado para resistir el desgaste, ofreciendo una soluci\u00f3n eficiente para sus necesidades de cojinetes. No comprometa la calidad; elija Canada Metal para todos sus requerimientos de metal Babbitt.  <\/p>\n<p>\u00a1P\u00f3ngase en contacto con nosotros hoy mismo para obtener m\u00e1s detalles sobre nuestras ofertas de metal Babbitt y c\u00f3mo podemos ayudarle con sus necesidades de reparaci\u00f3n de cojinetes Babbitt!<\/p>\n<p><strong>Aplicaciones<\/strong><br \/>\nTurbinas de gas, turbinas hidr\u00e1ulicas, compresores, motores el\u00e9ctricos, transmisiones por engranajes, bombas, cojinetes, molinos de bolas, molinos de varillas, molinos SAG.<\/p>\n<p><strong>Industrias<\/strong><br \/>\nGeneraci\u00f3n de energ\u00eda, miner\u00eda, equipos pesados.<\/p>\n<p><strong>Formatos<\/strong><br \/>\nLos formatos est\u00e1ndar son barra de 1 lb, barra o \u201ccake\u201d de 5 lb y barra entallada de 10 lb.<br \/>\nFormatos personalizados disponibles bajo solicitud.<\/p>\n<p style=\"text-align: left;\"><strong><a href=\"https:\/\/www.canadametal.com\/wp-content\/uploads\/2016\/08\/thermal-data.pdf\">Descargar PDF<\/a><\/strong><\/p>\n","protected":false},"excerpt":{"rendered":"<p>Descripci\u00f3n Canada Metal suministra una gama completa de metales Babbitt a base de plomo y esta\u00f1o, incluyendo nuestro producto registrado Harris Heavy Pressure, ideal para trabajos de baja velocidad y cojinetes con menor carga. Dependiendo de diversos factores, como la velocidad superficial del eje, la capacidad de carga y las condiciones de enfriamiento, le ayudamos [&hellip;]<\/p>\n","protected":false},"featured_media":5900,"template":"","product_category":[128],"class_list":["post-4623","product","type-product","status-publish","has-post-thumbnail","hentry","product_category-lead-productos"],"yoast_head":"<!-- This site is optimized with the Yoast SEO plugin v25.4 - https:\/\/yoast.com\/wordpress\/plugins\/seo\/ -->\n<title>Metal Babbitt, Reparaci\u00f3n de Cojinetes Babbitt | Canada Metal<\/title>\n<meta name=\"description\" content=\"Canada Metal dispone de una gama completa de metales Babbitt, masilla Babbitt y aleaciones en stock. Tambi\u00e9n ofrecemos servicios de babbitting y reparaci\u00f3n de cojinetes Babbitt.\" \/>\n<meta name=\"robots\" content=\"index, follow, max-snippet:-1, max-image-preview:large, max-video-preview:-1\" \/>\n<link rel=\"canonical\" href=\"https:\/\/www.canadametal.com\/es\/productos\/metal-babbitt\/\" \/>\n<meta property=\"og:locale\" content=\"es_ES\" \/>\n<meta property=\"og:type\" content=\"article\" \/>\n<meta property=\"og:title\" content=\"Metal Babbitt, Reparaci\u00f3n de Cojinetes Babbitt | Canada Metal\" \/>\n<meta property=\"og:description\" content=\"Canada Metal dispone de una gama completa de metales Babbitt, masilla Babbitt y aleaciones en stock. Tambi\u00e9n ofrecemos servicios de babbitting y reparaci\u00f3n de cojinetes Babbitt.\" \/>\n<meta property=\"og:url\" content=\"https:\/\/www.canadametal.com\/es\/productos\/metal-babbitt\/\" \/>\n<meta property=\"og:site_name\" content=\"Canada Metal\" \/>\n<meta property=\"article:modified_time\" content=\"2026-04-21T08:42:22+00:00\" \/>\n<meta property=\"og:image\" content=\"https:\/\/www.canadametal.com\/wp-content\/uploads\/2025\/06\/babbitting-img.jpg\" \/>\n\t<meta property=\"og:image:width\" content=\"480\" \/>\n\t<meta property=\"og:image:height\" content=\"495\" \/>\n\t<meta property=\"og:image:type\" content=\"image\/jpeg\" \/>\n<meta name=\"twitter:card\" content=\"summary_large_image\" \/>\n<meta name=\"twitter:label1\" content=\"Tiempo de lectura\" \/>\n\t<meta name=\"twitter:data1\" content=\"2 minutos\" \/>\n<!-- \/ Yoast SEO plugin. -->","yoast_head_json":{"title":"Metal Babbitt, Reparaci\u00f3n de Cojinetes Babbitt | Canada Metal","description":"Canada Metal dispone de una gama completa de metales Babbitt, masilla Babbitt y aleaciones en stock. Tambi\u00e9n ofrecemos servicios de babbitting y reparaci\u00f3n de cojinetes Babbitt.","robots":{"index":"index","follow":"follow","max-snippet":"max-snippet:-1","max-image-preview":"max-image-preview:large","max-video-preview":"max-video-preview:-1"},"canonical":"https:\/\/www.canadametal.com\/es\/productos\/metal-babbitt\/","og_locale":"es_ES","og_type":"article","og_title":"Metal Babbitt, Reparaci\u00f3n de Cojinetes Babbitt | Canada Metal","og_description":"Canada Metal dispone de una gama completa de metales Babbitt, masilla Babbitt y aleaciones en stock. Tambi\u00e9n ofrecemos servicios de babbitting y reparaci\u00f3n de cojinetes Babbitt.","og_url":"https:\/\/www.canadametal.com\/es\/productos\/metal-babbitt\/","og_site_name":"Canada Metal","article_modified_time":"2026-04-21T08:42:22+00:00","og_image":[{"width":480,"height":495,"url":"https:\/\/www.canadametal.com\/wp-content\/uploads\/2025\/06\/babbitting-img.jpg","type":"image\/jpeg"}],"twitter_card":"summary_large_image","twitter_misc":{"Tiempo de lectura":"2 minutos"},"schema":{"@context":"https:\/\/schema.org","@graph":[{"@type":"WebPage","@id":"https:\/\/www.canadametal.com\/es\/productos\/metal-babbitt\/","url":"https:\/\/www.canadametal.com\/es\/productos\/metal-babbitt\/","name":"Metal Babbitt, Reparaci\u00f3n de Cojinetes Babbitt | Canada Metal","isPartOf":{"@id":"https:\/\/www.canadametal.com\/es\/#website"},"primaryImageOfPage":{"@id":"https:\/\/www.canadametal.com\/es\/productos\/metal-babbitt\/#primaryimage"},"image":{"@id":"https:\/\/www.canadametal.com\/es\/productos\/metal-babbitt\/#primaryimage"},"thumbnailUrl":"https:\/\/www.canadametal.com\/wp-content\/uploads\/2025\/06\/babbitting-img.jpg","datePublished":"2025-07-20T12:17:51+00:00","dateModified":"2026-04-21T08:42:22+00:00","description":"Canada Metal dispone de una gama completa de metales Babbitt, masilla Babbitt y aleaciones en stock. Tambi\u00e9n ofrecemos servicios de babbitting y reparaci\u00f3n de cojinetes Babbitt.","breadcrumb":{"@id":"https:\/\/www.canadametal.com\/es\/productos\/metal-babbitt\/#breadcrumb"},"inLanguage":"es","potentialAction":[{"@type":"ReadAction","target":["https:\/\/www.canadametal.com\/es\/productos\/metal-babbitt\/"]}]},{"@type":"ImageObject","inLanguage":"es","@id":"https:\/\/www.canadametal.com\/es\/productos\/metal-babbitt\/#primaryimage","url":"https:\/\/www.canadametal.com\/wp-content\/uploads\/2025\/06\/babbitting-img.jpg","contentUrl":"https:\/\/www.canadametal.com\/wp-content\/uploads\/2025\/06\/babbitting-img.jpg","width":480,"height":495},{"@type":"BreadcrumbList","@id":"https:\/\/www.canadametal.com\/es\/productos\/metal-babbitt\/#breadcrumb","itemListElement":[{"@type":"ListItem","position":1,"name":"Home","item":"https:\/\/www.canadametal.com\/es\/"},{"@type":"ListItem","position":2,"name":"Products","item":"https:\/\/www.canadametal.com\/es\/products\/"},{"@type":"ListItem","position":3,"name":"Metal Babbitt"}]},{"@type":"WebSite","@id":"https:\/\/www.canadametal.com\/es\/#website","url":"https:\/\/www.canadametal.com\/es\/","name":"Canada Metal","description":"Lead Suppliers, Lead Ingots | Canada Metal North America","publisher":{"@id":"https:\/\/www.canadametal.com\/es\/#organization"},"potentialAction":[{"@type":"SearchAction","target":{"@type":"EntryPoint","urlTemplate":"https:\/\/www.canadametal.com\/es\/?s={search_term_string}"},"query-input":{"@type":"PropertyValueSpecification","valueRequired":true,"valueName":"search_term_string"}}],"inLanguage":"es"},{"@type":"Organization","@id":"https:\/\/www.canadametal.com\/es\/#organization","name":"Canada Metal","url":"https:\/\/www.canadametal.com\/es\/","logo":{"@type":"ImageObject","inLanguage":"es","@id":"https:\/\/www.canadametal.com\/es\/#\/schema\/logo\/image\/","url":"https:\/\/www.canadametal.com\/wp-content\/uploads\/2025\/10\/cropped-N299.3-16-CMNA-Radiation-Shielding-1_1-1.png","contentUrl":"https:\/\/www.canadametal.com\/wp-content\/uploads\/2025\/10\/cropped-N299.3-16-CMNA-Radiation-Shielding-1_1-1.png","width":1754,"height":155,"caption":"Canada Metal"},"image":{"@id":"https:\/\/www.canadametal.com\/es\/#\/schema\/logo\/image\/"}}]}},"_links":{"self":[{"href":"https:\/\/www.canadametal.com\/es\/wp-json\/wp\/v2\/product\/4623","targetHints":{"allow":["GET"]}}],"collection":[{"href":"https:\/\/www.canadametal.com\/es\/wp-json\/wp\/v2\/product"}],"about":[{"href":"https:\/\/www.canadametal.com\/es\/wp-json\/wp\/v2\/types\/product"}],"wp:featuredmedia":[{"embeddable":true,"href":"https:\/\/www.canadametal.com\/es\/wp-json\/wp\/v2\/media\/5900"}],"wp:attachment":[{"href":"https:\/\/www.canadametal.com\/es\/wp-json\/wp\/v2\/media?parent=4623"}],"wp:term":[{"taxonomy":"product_category","embeddable":true,"href":"https:\/\/www.canadametal.com\/es\/wp-json\/wp\/v2\/product_category?post=4623"}],"curies":[{"name":"wp","href":"https:\/\/api.w.org\/{rel}","templated":true}]}}