{"id":4624,"date":"2025-07-20T12:23:48","date_gmt":"2025-07-20T12:23:48","guid":{"rendered":"https:\/\/canadametal.com\/products\/lamina\/"},"modified":"2026-04-16T10:35:31","modified_gmt":"2026-04-16T10:35:31","slug":"lamina","status":"publish","type":"product","link":"https:\/\/www.canadametal.com\/es\/productos\/lamina-de-cadmio\/","title":{"rendered":"L\u00e1minas de cadmio"},"content":{"rendered":"<p><span style=\"text-decoration: underline;\"><strong>Descripci\u00f3n<\/strong><\/span><br \/>\nCanada Metal produce l\u00e1minas de cadmio en varios espesores y tama\u00f1os.<\/p>\n<p><span style=\"text-decoration: underline;\"><strong>Aplicaciones<\/strong><\/span><br \/>\nProtecci\u00f3n contra la radiaci\u00f3n gamma<\/p>\n<p><span style=\"text-decoration: underline;\"><strong>Industrias<\/strong><\/span><br \/>\nEnerg\u00eda nuclear, medicina, investigaci\u00f3n, defensa<\/p>\n","protected":false},"excerpt":{"rendered":"<p>Descripci\u00f3n Canada Metal produce l\u00e1minas de cadmio en varios espesores y tama\u00f1os. Aplicaciones Protecci\u00f3n contra la radiaci\u00f3n gamma Industrias Energ\u00eda nuclear, medicina, investigaci\u00f3n, defensa<\/p>\n","protected":false},"featured_media":4212,"template":"","product_category":[129],"class_list":["post-4624","product","type-product","status-publish","has-post-thumbnail","hentry","product_category-productos-de-cadmio"],"yoast_head":"<!-- This site is optimized with the Yoast SEO plugin v25.4 - https:\/\/yoast.com\/wordpress\/plugins\/seo\/ -->\n<title>L\u00e1minas de cadmio en una amplia variedad \u2013 Canada Metal<\/title>\n<meta name=\"description\" content=\"Las l\u00e1minas de cadmio se fabrican en varios grosores y tama\u00f1os. Se utilizan en sectores como la energ\u00eda nuclear, el \u00e1mbito m\u00e9dico, etc., ya que ofrecen protecci\u00f3n contra la radiaci\u00f3n gamma.\" \/>\n<meta name=\"robots\" content=\"index, follow, max-snippet:-1, max-image-preview:large, max-video-preview:-1\" \/>\n<link rel=\"canonical\" href=\"https:\/\/www.canadametal.com\/es\/productos\/lamina-de-cadmio\/\" \/>\n<meta property=\"og:locale\" content=\"es_ES\" \/>\n<meta property=\"og:type\" content=\"article\" \/>\n<meta property=\"og:title\" content=\"L\u00e1minas de cadmio en una amplia variedad \u2013 Canada Metal\" \/>\n<meta property=\"og:description\" content=\"Las l\u00e1minas de cadmio se fabrican en varios grosores y tama\u00f1os. Se utilizan en sectores como la energ\u00eda nuclear, el \u00e1mbito m\u00e9dico, etc., ya que ofrecen protecci\u00f3n contra la radiaci\u00f3n gamma.\" \/>\n<meta property=\"og:url\" content=\"https:\/\/www.canadametal.com\/es\/productos\/lamina-de-cadmio\/\" \/>\n<meta property=\"og:site_name\" content=\"Canada Metal\" \/>\n<meta property=\"article:modified_time\" content=\"2026-04-16T10:35:31+00:00\" \/>\n<meta property=\"og:image\" content=\"https:\/\/www.canadametal.com\/wp-content\/uploads\/2025\/06\/cadmium-products1.png\" \/>\n\t<meta property=\"og:image:width\" content=\"336\" \/>\n\t<meta property=\"og:image:height\" content=\"314\" \/>\n\t<meta property=\"og:image:type\" content=\"image\/png\" \/>\n<meta name=\"twitter:card\" content=\"summary_large_image\" \/>\n<meta name=\"twitter:label1\" content=\"Tiempo de lectura\" \/>\n\t<meta name=\"twitter:data1\" content=\"1 minuto\" \/>\n<!-- \/ Yoast SEO plugin. -->","yoast_head_json":{"title":"L\u00e1minas de cadmio en una amplia variedad \u2013 Canada Metal","description":"Las l\u00e1minas de cadmio se fabrican en varios grosores y tama\u00f1os. Se utilizan en sectores como la energ\u00eda nuclear, el \u00e1mbito m\u00e9dico, etc., ya que ofrecen protecci\u00f3n contra la radiaci\u00f3n gamma.","robots":{"index":"index","follow":"follow","max-snippet":"max-snippet:-1","max-image-preview":"max-image-preview:large","max-video-preview":"max-video-preview:-1"},"canonical":"https:\/\/www.canadametal.com\/es\/productos\/lamina-de-cadmio\/","og_locale":"es_ES","og_type":"article","og_title":"L\u00e1minas de cadmio en una amplia variedad \u2013 Canada Metal","og_description":"Las l\u00e1minas de cadmio se fabrican en varios grosores y tama\u00f1os. Se utilizan en sectores como la energ\u00eda nuclear, el \u00e1mbito m\u00e9dico, etc., ya que ofrecen protecci\u00f3n contra la radiaci\u00f3n gamma.","og_url":"https:\/\/www.canadametal.com\/es\/productos\/lamina-de-cadmio\/","og_site_name":"Canada Metal","article_modified_time":"2026-04-16T10:35:31+00:00","og_image":[{"width":336,"height":314,"url":"https:\/\/www.canadametal.com\/wp-content\/uploads\/2025\/06\/cadmium-products1.png","type":"image\/png"}],"twitter_card":"summary_large_image","twitter_misc":{"Tiempo de lectura":"1 minuto"},"schema":{"@context":"https:\/\/schema.org","@graph":[{"@type":"WebPage","@id":"https:\/\/www.canadametal.com\/es\/productos\/lamina-de-cadmio\/","url":"https:\/\/www.canadametal.com\/es\/productos\/lamina-de-cadmio\/","name":"L\u00e1minas de cadmio en una amplia variedad \u2013 Canada Metal","isPartOf":{"@id":"https:\/\/www.canadametal.com\/es\/#website"},"primaryImageOfPage":{"@id":"https:\/\/www.canadametal.com\/es\/productos\/lamina-de-cadmio\/#primaryimage"},"image":{"@id":"https:\/\/www.canadametal.com\/es\/productos\/lamina-de-cadmio\/#primaryimage"},"thumbnailUrl":"https:\/\/www.canadametal.com\/wp-content\/uploads\/2025\/06\/cadmium-products1.png","datePublished":"2025-07-20T12:23:48+00:00","dateModified":"2026-04-16T10:35:31+00:00","description":"Las l\u00e1minas de cadmio se fabrican en varios grosores y tama\u00f1os. Se utilizan en sectores como la energ\u00eda nuclear, el \u00e1mbito m\u00e9dico, etc., ya que ofrecen protecci\u00f3n contra la radiaci\u00f3n gamma.","breadcrumb":{"@id":"https:\/\/www.canadametal.com\/es\/productos\/lamina-de-cadmio\/#breadcrumb"},"inLanguage":"es","potentialAction":[{"@type":"ReadAction","target":["https:\/\/www.canadametal.com\/es\/productos\/lamina-de-cadmio\/"]}]},{"@type":"ImageObject","inLanguage":"es","@id":"https:\/\/www.canadametal.com\/es\/productos\/lamina-de-cadmio\/#primaryimage","url":"https:\/\/www.canadametal.com\/wp-content\/uploads\/2025\/06\/cadmium-products1.png","contentUrl":"https:\/\/www.canadametal.com\/wp-content\/uploads\/2025\/06\/cadmium-products1.png","width":336,"height":314},{"@type":"BreadcrumbList","@id":"https:\/\/www.canadametal.com\/es\/productos\/lamina-de-cadmio\/#breadcrumb","itemListElement":[{"@type":"ListItem","position":1,"name":"Home","item":"https:\/\/www.canadametal.com\/es\/"},{"@type":"ListItem","position":2,"name":"Products","item":"https:\/\/www.canadametal.com\/es\/products\/"},{"@type":"ListItem","position":3,"name":"L\u00e1minas de cadmio"}]},{"@type":"WebSite","@id":"https:\/\/www.canadametal.com\/es\/#website","url":"https:\/\/www.canadametal.com\/es\/","name":"Canada Metal","description":"Lead Suppliers, Lead Ingots | Canada Metal North America","publisher":{"@id":"https:\/\/www.canadametal.com\/es\/#organization"},"potentialAction":[{"@type":"SearchAction","target":{"@type":"EntryPoint","urlTemplate":"https:\/\/www.canadametal.com\/es\/?s={search_term_string}"},"query-input":{"@type":"PropertyValueSpecification","valueRequired":true,"valueName":"search_term_string"}}],"inLanguage":"es"},{"@type":"Organization","@id":"https:\/\/www.canadametal.com\/es\/#organization","name":"Canada Metal","url":"https:\/\/www.canadametal.com\/es\/","logo":{"@type":"ImageObject","inLanguage":"es","@id":"https:\/\/www.canadametal.com\/es\/#\/schema\/logo\/image\/","url":"https:\/\/www.canadametal.com\/wp-content\/uploads\/2025\/10\/cropped-N299.3-16-CMNA-Radiation-Shielding-1_1-1.png","contentUrl":"https:\/\/www.canadametal.com\/wp-content\/uploads\/2025\/10\/cropped-N299.3-16-CMNA-Radiation-Shielding-1_1-1.png","width":1754,"height":155,"caption":"Canada Metal"},"image":{"@id":"https:\/\/www.canadametal.com\/es\/#\/schema\/logo\/image\/"}}]}},"_links":{"self":[{"href":"https:\/\/www.canadametal.com\/es\/wp-json\/wp\/v2\/product\/4624","targetHints":{"allow":["GET"]}}],"collection":[{"href":"https:\/\/www.canadametal.com\/es\/wp-json\/wp\/v2\/product"}],"about":[{"href":"https:\/\/www.canadametal.com\/es\/wp-json\/wp\/v2\/types\/product"}],"wp:featuredmedia":[{"embeddable":true,"href":"https:\/\/www.canadametal.com\/es\/wp-json\/wp\/v2\/media\/4212"}],"wp:attachment":[{"href":"https:\/\/www.canadametal.com\/es\/wp-json\/wp\/v2\/media?parent=4624"}],"wp:term":[{"taxonomy":"product_category","embeddable":true,"href":"https:\/\/www.canadametal.com\/es\/wp-json\/wp\/v2\/product_category?post=4624"}],"curies":[{"name":"wp","href":"https:\/\/api.w.org\/{rel}","templated":true}]}}