{"id":4625,"date":"2025-07-20T12:27:03","date_gmt":"2025-07-20T12:27:03","guid":{"rendered":"https:\/\/canadametal.com\/products\/anodos-de-plomo\/"},"modified":"2026-04-17T12:16:04","modified_gmt":"2026-04-17T12:16:04","slug":"anodos-de-plomo","status":"publish","type":"product","link":"https:\/\/www.canadametal.com\/es\/productos\/anodos-de-plomo\/","title":{"rendered":"\u00c1nodos de plomo"},"content":{"rendered":"<p><span style=\"text-decoration: underline;\"><strong>Descripci\u00f3n<\/strong><\/span><br \/>\nLos \u00e1nodos de plomo y de aleaciones de plomo se utilizan en el proceso de galvanoplastia para modificar las propiedades qu\u00edmicas y f\u00edsicas de las superficies met\u00e1licas, seg\u00fan la aplicaci\u00f3n a la que est\u00e9n destinados. Por ejemplo, estos tipos de \u00e1nodos de plomo se usan com\u00fanmente en el proceso de cromado, lo que aumenta la dureza de un objeto o pieza de equipo, mejorando as\u00ed la resistencia a la corrosi\u00f3n y previniendo el desgaste prematuro.<\/p>\n<p><a href=\"https:\/\/www.canadametal.com\/es\/\">Canada Metal<\/a> ofrece una amplia gama de \u00e1nodos de galvanoplastia de plomo y aleaciones de plomo de alta calidad y no sacrificables, tanto para requisitos livianos como pesados. Como expertos en el \u00e1rea, fabricamos a medida seg\u00fan las especificaciones del cliente, utilizando \u00fanicamente metales de alta pureza y calidad constante. <a href=\"https:\/\/www.canadametal.com\/contact\/\">Contacte a los profesionales<\/a> de Canada Metal North America para analizar sus necesidades.<\/p>\n<p><span style=\"text-decoration: underline;\"><strong>Aplicaciones<\/strong><\/span><br \/>\nProcesos de galvanoplastia, incluidos sinfines de bombas de aceite cromadas, cilindros hidr\u00e1ulicos, sinfines transportadores, l\u00e1minas y tanques.<\/p>\n<p><span style=\"text-decoration: underline;\"><strong>Industrias<\/strong><\/span><br \/>\nGalvanoplastia, hidr\u00e1ulica, manufactura.<\/p>\n<p><span style=\"text-decoration: underline;\"><strong>Formatos<\/strong><\/span><\/p>\n<ol>\n<li>Canasta<\/li>\n<li>Rejilla<\/li>\n<li>Barra con n\u00facleo<\/li>\n<li>Barra<\/li>\n<li>Placa<\/li>\n<\/ol>\n","protected":false},"excerpt":{"rendered":"<p>Descripci\u00f3n Los \u00e1nodos de plomo y de aleaciones de plomo se utilizan en el proceso de galvanoplastia para modificar las propiedades qu\u00edmicas y f\u00edsicas de las superficies met\u00e1licas, seg\u00fan la aplicaci\u00f3n a la que est\u00e9n destinados. Por ejemplo, estos tipos de \u00e1nodos de plomo se usan com\u00fanmente en el proceso de cromado, lo que aumenta [&hellip;]<\/p>\n","protected":false},"featured_media":5424,"template":"","product_category":[128],"class_list":["post-4625","product","type-product","status-publish","has-post-thumbnail","hentry","product_category-lead-productos"],"yoast_head":"<!-- This site is optimized with the Yoast SEO plugin v25.4 - https:\/\/yoast.com\/wordpress\/plugins\/seo\/ -->\n<title>\u00c1nodos de Plomo, \u00c1nodos para Galvanoplastia - Canada Metal<\/title>\n<meta name=\"description\" content=\"Canada Metal es un fabricante global de \u00e1nodos de plomo utilizados para galvanoplastia, disponibles en diferentes formas y aleaciones de plomo para satisfacer sus requisitos espec\u00edficos.\" \/>\n<meta name=\"robots\" content=\"index, follow, max-snippet:-1, max-image-preview:large, max-video-preview:-1\" \/>\n<link rel=\"canonical\" href=\"https:\/\/www.canadametal.com\/es\/productos\/anodos-de-plomo\/\" \/>\n<meta property=\"og:locale\" content=\"es_ES\" \/>\n<meta property=\"og:type\" content=\"article\" \/>\n<meta property=\"og:title\" content=\"\u00c1nodos de Plomo, \u00c1nodos para Galvanoplastia - Canada Metal\" \/>\n<meta property=\"og:description\" content=\"Canada Metal es un fabricante global de \u00e1nodos de plomo utilizados para galvanoplastia, disponibles en diferentes formas y aleaciones de plomo para satisfacer sus requisitos espec\u00edficos.\" \/>\n<meta property=\"og:url\" content=\"https:\/\/www.canadametal.com\/es\/productos\/anodos-de-plomo\/\" \/>\n<meta property=\"og:site_name\" content=\"Canada Metal\" \/>\n<meta property=\"article:modified_time\" content=\"2026-04-17T12:16:04+00:00\" \/>\n<meta property=\"og:image\" content=\"https:\/\/www.canadametal.com\/wp-content\/uploads\/2025\/06\/plating_anodes_img.jpg\" \/>\n\t<meta property=\"og:image:width\" content=\"1920\" \/>\n\t<meta property=\"og:image:height\" content=\"1005\" \/>\n\t<meta property=\"og:image:type\" content=\"image\/jpeg\" \/>\n<meta name=\"twitter:card\" content=\"summary_large_image\" \/>\n<meta name=\"twitter:label1\" content=\"Tiempo de lectura\" \/>\n\t<meta name=\"twitter:data1\" content=\"1 minuto\" \/>\n<!-- \/ Yoast SEO plugin. -->","yoast_head_json":{"title":"\u00c1nodos de Plomo, \u00c1nodos para Galvanoplastia - Canada Metal","description":"Canada Metal es un fabricante global de \u00e1nodos de plomo utilizados para galvanoplastia, disponibles en diferentes formas y aleaciones de plomo para satisfacer sus requisitos espec\u00edficos.","robots":{"index":"index","follow":"follow","max-snippet":"max-snippet:-1","max-image-preview":"max-image-preview:large","max-video-preview":"max-video-preview:-1"},"canonical":"https:\/\/www.canadametal.com\/es\/productos\/anodos-de-plomo\/","og_locale":"es_ES","og_type":"article","og_title":"\u00c1nodos de Plomo, \u00c1nodos para Galvanoplastia - Canada Metal","og_description":"Canada Metal es un fabricante global de \u00e1nodos de plomo utilizados para galvanoplastia, disponibles en diferentes formas y aleaciones de plomo para satisfacer sus requisitos espec\u00edficos.","og_url":"https:\/\/www.canadametal.com\/es\/productos\/anodos-de-plomo\/","og_site_name":"Canada Metal","article_modified_time":"2026-04-17T12:16:04+00:00","og_image":[{"width":1920,"height":1005,"url":"https:\/\/www.canadametal.com\/wp-content\/uploads\/2025\/06\/plating_anodes_img.jpg","type":"image\/jpeg"}],"twitter_card":"summary_large_image","twitter_misc":{"Tiempo de lectura":"1 minuto"},"schema":{"@context":"https:\/\/schema.org","@graph":[{"@type":"WebPage","@id":"https:\/\/www.canadametal.com\/es\/productos\/anodos-de-plomo\/","url":"https:\/\/www.canadametal.com\/es\/productos\/anodos-de-plomo\/","name":"\u00c1nodos de Plomo, \u00c1nodos para Galvanoplastia - Canada Metal","isPartOf":{"@id":"https:\/\/www.canadametal.com\/es\/#website"},"primaryImageOfPage":{"@id":"https:\/\/www.canadametal.com\/es\/productos\/anodos-de-plomo\/#primaryimage"},"image":{"@id":"https:\/\/www.canadametal.com\/es\/productos\/anodos-de-plomo\/#primaryimage"},"thumbnailUrl":"https:\/\/www.canadametal.com\/wp-content\/uploads\/2025\/06\/plating_anodes_img.jpg","datePublished":"2025-07-20T12:27:03+00:00","dateModified":"2026-04-17T12:16:04+00:00","description":"Canada Metal es un fabricante global de \u00e1nodos de plomo utilizados para galvanoplastia, disponibles en diferentes formas y aleaciones de plomo para satisfacer sus requisitos espec\u00edficos.","breadcrumb":{"@id":"https:\/\/www.canadametal.com\/es\/productos\/anodos-de-plomo\/#breadcrumb"},"inLanguage":"es","potentialAction":[{"@type":"ReadAction","target":["https:\/\/www.canadametal.com\/es\/productos\/anodos-de-plomo\/"]}]},{"@type":"ImageObject","inLanguage":"es","@id":"https:\/\/www.canadametal.com\/es\/productos\/anodos-de-plomo\/#primaryimage","url":"https:\/\/www.canadametal.com\/wp-content\/uploads\/2025\/06\/plating_anodes_img.jpg","contentUrl":"https:\/\/www.canadametal.com\/wp-content\/uploads\/2025\/06\/plating_anodes_img.jpg","width":1920,"height":1005},{"@type":"BreadcrumbList","@id":"https:\/\/www.canadametal.com\/es\/productos\/anodos-de-plomo\/#breadcrumb","itemListElement":[{"@type":"ListItem","position":1,"name":"Home","item":"https:\/\/www.canadametal.com\/es\/"},{"@type":"ListItem","position":2,"name":"Products","item":"https:\/\/www.canadametal.com\/es\/products\/"},{"@type":"ListItem","position":3,"name":"\u00c1nodos de plomo"}]},{"@type":"WebSite","@id":"https:\/\/www.canadametal.com\/es\/#website","url":"https:\/\/www.canadametal.com\/es\/","name":"Canada Metal","description":"Lead Suppliers, Lead Ingots | Canada Metal North America","publisher":{"@id":"https:\/\/www.canadametal.com\/es\/#organization"},"potentialAction":[{"@type":"SearchAction","target":{"@type":"EntryPoint","urlTemplate":"https:\/\/www.canadametal.com\/es\/?s={search_term_string}"},"query-input":{"@type":"PropertyValueSpecification","valueRequired":true,"valueName":"search_term_string"}}],"inLanguage":"es"},{"@type":"Organization","@id":"https:\/\/www.canadametal.com\/es\/#organization","name":"Canada Metal","url":"https:\/\/www.canadametal.com\/es\/","logo":{"@type":"ImageObject","inLanguage":"es","@id":"https:\/\/www.canadametal.com\/es\/#\/schema\/logo\/image\/","url":"https:\/\/www.canadametal.com\/wp-content\/uploads\/2025\/10\/cropped-N299.3-16-CMNA-Radiation-Shielding-1_1-1.png","contentUrl":"https:\/\/www.canadametal.com\/wp-content\/uploads\/2025\/10\/cropped-N299.3-16-CMNA-Radiation-Shielding-1_1-1.png","width":1754,"height":155,"caption":"Canada Metal"},"image":{"@id":"https:\/\/www.canadametal.com\/es\/#\/schema\/logo\/image\/"}}]}},"_links":{"self":[{"href":"https:\/\/www.canadametal.com\/es\/wp-json\/wp\/v2\/product\/4625","targetHints":{"allow":["GET"]}}],"collection":[{"href":"https:\/\/www.canadametal.com\/es\/wp-json\/wp\/v2\/product"}],"about":[{"href":"https:\/\/www.canadametal.com\/es\/wp-json\/wp\/v2\/types\/product"}],"wp:featuredmedia":[{"embeddable":true,"href":"https:\/\/www.canadametal.com\/es\/wp-json\/wp\/v2\/media\/5424"}],"wp:attachment":[{"href":"https:\/\/www.canadametal.com\/es\/wp-json\/wp\/v2\/media?parent=4625"}],"wp:term":[{"taxonomy":"product_category","embeddable":true,"href":"https:\/\/www.canadametal.com\/es\/wp-json\/wp\/v2\/product_category?post=4625"}],"curies":[{"name":"wp","href":"https:\/\/api.w.org\/{rel}","templated":true}]}}