{"id":4629,"date":"2025-07-20T12:38:23","date_gmt":"2025-07-20T12:38:23","guid":{"rendered":"https:\/\/canadametal.com\/products\/anodos-para-tratadores-2\/"},"modified":"2026-04-21T08:07:50","modified_gmt":"2026-04-21T08:07:50","slug":"anodos-para-tratadores-2","status":"publish","type":"product","link":"https:\/\/www.canadametal.com\/es\/productos\/anodos-tratadores-de-aluminio\/","title":{"rendered":"\u00c1nodos para Tratadores"},"content":{"rendered":"<div class=\"pro-head\"><span style=\"text-decoration: underline;\"><strong>Descripci\u00f3n<\/strong><\/span><\/div>\n<p>Nuestros \u00e1nodos de tratamiento de aluminio est\u00e1n fabricados con aluminio de alta calidad, libre de impurezas. Los \u00e1nodos personalizados y los conjuntos de montaje facilitan su instalaci\u00f3n en cualquier aplicaci\u00f3n. Cuentan con un historial comprobado de excelente protecci\u00f3n en una amplia gama de entornos, incluyendo salmueras producidas a temperaturas elevadas.  <\/p>\n<p><strong>Aplicaciones<\/strong><br \/>\nTratadores de calor, Tanques de almacenamiento, Recipientes a presi\u00f3n, Intercambiadores de calor, Desnatadores, Recipientes de separaci\u00f3n de aceite<\/p>\n<p><span style=\"text-decoration: underline;\"><strong>Industrias<\/strong><br \/>\nPetr\u00f3leo y gas<\/span><\/p>\n<p><span style=\"text-decoration: underline;\"><strong>Formatos<\/strong><\/span><\/p>\n<table class=\"table table-responsive table-bordered\" border=\"0\" width=\"690\" cellspacing=\"0\" cellpadding=\"0\">\n<tbody>\n<tr>\n<td class=\"head\" colspan=\"3\" align=\"center\" valign=\"top\">ALUMINIO<\/td>\n<td class=\"head\" colspan=\"3\" align=\"center\" valign=\"top\">Dimensiones nominales<\/td>\n<\/tr>\n<tr>\n<td align=\"center\" valign=\"middle\" width=\"133\">N\u00famero de tipo<\/td>\n<td align=\"center\" valign=\"middle\" width=\"133\">Peso nominal lb (kg)<\/td>\n<td align=\"center\" valign=\"middle\" width=\"133\">Montaje<\/td>\n<td align=\"center\" valign=\"middle\" width=\"133\">Longitud A en (mm)<\/td>\n<td align=\"center\" valign=\"middle\" width=\"133\">Di\u00e1metro B en (mm)<\/td>\n<td align=\"center\" valign=\"middle\" width=\"135\">Dimensi\u00f3n X en (mm)<\/td>\n<\/tr>\n<tr>\n<td align=\"center\" valign=\"middle\" width=\"133\">Tratador 321<\/td>\n<td align=\"center\" valign=\"middle\" width=\"133\">16.5 (7.5)<\/td>\n<td align=\"center\" valign=\"middle\" width=\"133\">Roscado<\/td>\n<td align=\"center\" valign=\"middle\" width=\"133\">21.5 (546)<\/td>\n<td align=\"center\" valign=\"middle\" width=\"133\">3.0 (76)<\/td>\n<td align=\"center\" valign=\"middle\" width=\"135\">1.0 1.5<\/td>\n<\/tr>\n<tr>\n<td align=\"center\" valign=\"middle\">Tratador 321A<\/td>\n<td align=\"center\" valign=\"middle\">16.5 (7.5)<\/td>\n<td align=\"center\" valign=\"middle\">Roscado<\/td>\n<td align=\"center\" valign=\"middle\">21.5 (546)<\/td>\n<td align=\"center\" valign=\"middle\">3.0 (76)<\/td>\n<td align=\"center\" valign=\"middle\">4.9<\/td>\n<\/tr>\n<tr>\n<td align=\"center\" valign=\"middle\">Tratador 330<\/td>\n<td align=\"center\" valign=\"middle\">23.5 (10.7)<\/td>\n<td align=\"center\" valign=\"middle\">Roscado<\/td>\n<td align=\"center\" valign=\"middle\">30.0 (762)<\/td>\n<td align=\"center\" valign=\"middle\">3.0 (76)<\/td>\n<td align=\"center\" valign=\"middle\">1.0 1.5<\/td>\n<\/tr>\n<tr>\n<td align=\"center\" valign=\"middle\" width=\"133\">Tratador 330A<\/td>\n<td align=\"center\" valign=\"middle\" width=\"133\">23.5 (10.7)<\/td>\n<td align=\"center\" valign=\"middle\" width=\"133\">Roscado<\/td>\n<td align=\"center\" valign=\"middle\" width=\"133\">30.0 (762)<\/td>\n<td align=\"center\" valign=\"middle\" width=\"133\">3.0 (76)<\/td>\n<td align=\"center\" valign=\"middle\" width=\"135\">4.0<\/td>\n<\/tr>\n<\/tbody>\n<\/table>\n","protected":false},"excerpt":{"rendered":"<p>Descripci\u00f3n Nuestros \u00e1nodos de tratamiento de aluminio est\u00e1n fabricados con aluminio de alta calidad, libre de impurezas. Los \u00e1nodos personalizados y los conjuntos de montaje facilitan su instalaci\u00f3n en cualquier aplicaci\u00f3n. Cuentan con un historial comprobado de excelente protecci\u00f3n en una amplia gama de entornos, incluyendo salmueras producidas a temperaturas elevadas. Aplicaciones Tratadores de calor, [&hellip;]<\/p>\n","protected":false},"featured_media":4210,"template":"","product_category":[130],"class_list":["post-4629","product","type-product","status-publish","has-post-thumbnail","hentry","product_category-productos-de-aluminio"],"yoast_head":"<!-- This site is optimized with the Yoast SEO plugin v25.4 - https:\/\/yoast.com\/wordpress\/plugins\/seo\/ -->\n<title>\u00c1nodos de Aluminio para Tratadores Probados y Certificados<\/title>\n<meta name=\"description\" content=\"Canada Metal ofrece \u00e1nodos tratadores de aluminio fabricados con aluminio primario de alta calidad. El producto es probado y certificado para cumplir con los mejores est\u00e1ndares de la industria.\" \/>\n<meta name=\"robots\" content=\"index, follow, max-snippet:-1, max-image-preview:large, max-video-preview:-1\" \/>\n<link rel=\"canonical\" href=\"https:\/\/www.canadametal.com\/es\/productos\/anodos-tratadores-de-aluminio\/\" \/>\n<meta property=\"og:locale\" content=\"es_ES\" \/>\n<meta property=\"og:type\" content=\"article\" \/>\n<meta property=\"og:title\" content=\"\u00c1nodos de Aluminio para Tratadores Probados y Certificados\" \/>\n<meta property=\"og:description\" content=\"Canada Metal ofrece \u00e1nodos tratadores de aluminio fabricados con aluminio primario de alta calidad. El producto es probado y certificado para cumplir con los mejores est\u00e1ndares de la industria.\" \/>\n<meta property=\"og:url\" content=\"https:\/\/www.canadametal.com\/es\/productos\/anodos-tratadores-de-aluminio\/\" \/>\n<meta property=\"og:site_name\" content=\"Canada Metal\" \/>\n<meta property=\"article:modified_time\" content=\"2026-04-21T08:07:50+00:00\" \/>\n<meta property=\"og:image\" content=\"https:\/\/www.canadametal.com\/wp-content\/uploads\/2025\/06\/treater-anodes.jpg\" \/>\n\t<meta property=\"og:image:width\" content=\"1280\" \/>\n\t<meta property=\"og:image:height\" content=\"960\" \/>\n\t<meta property=\"og:image:type\" content=\"image\/jpeg\" \/>\n<meta name=\"twitter:card\" content=\"summary_large_image\" \/>\n<meta name=\"twitter:label1\" content=\"Tiempo de lectura\" \/>\n\t<meta name=\"twitter:data1\" content=\"1 minuto\" \/>\n<!-- \/ Yoast SEO plugin. -->","yoast_head_json":{"title":"\u00c1nodos de Aluminio para Tratadores Probados y Certificados","description":"Canada Metal ofrece \u00e1nodos tratadores de aluminio fabricados con aluminio primario de alta calidad. El producto es probado y certificado para cumplir con los mejores est\u00e1ndares de la industria.","robots":{"index":"index","follow":"follow","max-snippet":"max-snippet:-1","max-image-preview":"max-image-preview:large","max-video-preview":"max-video-preview:-1"},"canonical":"https:\/\/www.canadametal.com\/es\/productos\/anodos-tratadores-de-aluminio\/","og_locale":"es_ES","og_type":"article","og_title":"\u00c1nodos de Aluminio para Tratadores Probados y Certificados","og_description":"Canada Metal ofrece \u00e1nodos tratadores de aluminio fabricados con aluminio primario de alta calidad. El producto es probado y certificado para cumplir con los mejores est\u00e1ndares de la industria.","og_url":"https:\/\/www.canadametal.com\/es\/productos\/anodos-tratadores-de-aluminio\/","og_site_name":"Canada Metal","article_modified_time":"2026-04-21T08:07:50+00:00","og_image":[{"width":1280,"height":960,"url":"https:\/\/www.canadametal.com\/wp-content\/uploads\/2025\/06\/treater-anodes.jpg","type":"image\/jpeg"}],"twitter_card":"summary_large_image","twitter_misc":{"Tiempo de lectura":"1 minuto"},"schema":{"@context":"https:\/\/schema.org","@graph":[{"@type":"WebPage","@id":"https:\/\/www.canadametal.com\/es\/productos\/anodos-tratadores-de-aluminio\/","url":"https:\/\/www.canadametal.com\/es\/productos\/anodos-tratadores-de-aluminio\/","name":"\u00c1nodos de Aluminio para Tratadores Probados y Certificados","isPartOf":{"@id":"https:\/\/www.canadametal.com\/es\/#website"},"primaryImageOfPage":{"@id":"https:\/\/www.canadametal.com\/es\/productos\/anodos-tratadores-de-aluminio\/#primaryimage"},"image":{"@id":"https:\/\/www.canadametal.com\/es\/productos\/anodos-tratadores-de-aluminio\/#primaryimage"},"thumbnailUrl":"https:\/\/www.canadametal.com\/wp-content\/uploads\/2025\/06\/treater-anodes.jpg","datePublished":"2025-07-20T12:38:23+00:00","dateModified":"2026-04-21T08:07:50+00:00","description":"Canada Metal ofrece \u00e1nodos tratadores de aluminio fabricados con aluminio primario de alta calidad. El producto es probado y certificado para cumplir con los mejores est\u00e1ndares de la industria.","breadcrumb":{"@id":"https:\/\/www.canadametal.com\/es\/productos\/anodos-tratadores-de-aluminio\/#breadcrumb"},"inLanguage":"es","potentialAction":[{"@type":"ReadAction","target":["https:\/\/www.canadametal.com\/es\/productos\/anodos-tratadores-de-aluminio\/"]}]},{"@type":"ImageObject","inLanguage":"es","@id":"https:\/\/www.canadametal.com\/es\/productos\/anodos-tratadores-de-aluminio\/#primaryimage","url":"https:\/\/www.canadametal.com\/wp-content\/uploads\/2025\/06\/treater-anodes.jpg","contentUrl":"https:\/\/www.canadametal.com\/wp-content\/uploads\/2025\/06\/treater-anodes.jpg","width":1280,"height":960},{"@type":"BreadcrumbList","@id":"https:\/\/www.canadametal.com\/es\/productos\/anodos-tratadores-de-aluminio\/#breadcrumb","itemListElement":[{"@type":"ListItem","position":1,"name":"Home","item":"https:\/\/www.canadametal.com\/es\/"},{"@type":"ListItem","position":2,"name":"Products","item":"https:\/\/www.canadametal.com\/es\/products\/"},{"@type":"ListItem","position":3,"name":"\u00c1nodos para Tratadores"}]},{"@type":"WebSite","@id":"https:\/\/www.canadametal.com\/es\/#website","url":"https:\/\/www.canadametal.com\/es\/","name":"Canada Metal","description":"Lead Suppliers, Lead Ingots | Canada Metal North America","publisher":{"@id":"https:\/\/www.canadametal.com\/es\/#organization"},"potentialAction":[{"@type":"SearchAction","target":{"@type":"EntryPoint","urlTemplate":"https:\/\/www.canadametal.com\/es\/?s={search_term_string}"},"query-input":{"@type":"PropertyValueSpecification","valueRequired":true,"valueName":"search_term_string"}}],"inLanguage":"es"},{"@type":"Organization","@id":"https:\/\/www.canadametal.com\/es\/#organization","name":"Canada Metal","url":"https:\/\/www.canadametal.com\/es\/","logo":{"@type":"ImageObject","inLanguage":"es","@id":"https:\/\/www.canadametal.com\/es\/#\/schema\/logo\/image\/","url":"https:\/\/www.canadametal.com\/wp-content\/uploads\/2025\/10\/cropped-N299.3-16-CMNA-Radiation-Shielding-1_1-1.png","contentUrl":"https:\/\/www.canadametal.com\/wp-content\/uploads\/2025\/10\/cropped-N299.3-16-CMNA-Radiation-Shielding-1_1-1.png","width":1754,"height":155,"caption":"Canada Metal"},"image":{"@id":"https:\/\/www.canadametal.com\/es\/#\/schema\/logo\/image\/"}}]}},"_links":{"self":[{"href":"https:\/\/www.canadametal.com\/es\/wp-json\/wp\/v2\/product\/4629","targetHints":{"allow":["GET"]}}],"collection":[{"href":"https:\/\/www.canadametal.com\/es\/wp-json\/wp\/v2\/product"}],"about":[{"href":"https:\/\/www.canadametal.com\/es\/wp-json\/wp\/v2\/types\/product"}],"wp:featuredmedia":[{"embeddable":true,"href":"https:\/\/www.canadametal.com\/es\/wp-json\/wp\/v2\/media\/4210"}],"wp:attachment":[{"href":"https:\/\/www.canadametal.com\/es\/wp-json\/wp\/v2\/media?parent=4629"}],"wp:term":[{"taxonomy":"product_category","embeddable":true,"href":"https:\/\/www.canadametal.com\/es\/wp-json\/wp\/v2\/product_category?post=4629"}],"curies":[{"name":"wp","href":"https:\/\/api.w.org\/{rel}","templated":true}]}}