{"id":4630,"date":"2025-07-20T12:39:17","date_gmt":"2025-07-20T12:39:17","guid":{"rendered":"https:\/\/canadametal.com\/products\/soldadura-en-barra\/"},"modified":"2026-04-21T09:46:35","modified_gmt":"2026-04-21T09:46:35","slug":"soldadura-en-barra","status":"publish","type":"product","link":"https:\/\/www.canadametal.com\/es\/productos\/barra-de-soldadura\/","title":{"rendered":"Barra de soldadura"},"content":{"rendered":"<p><strong>Descripci\u00f3n<\/strong><br \/>\nLas barras de soldadura est\u00e1n compuestas de metal puro o aleaciones met\u00e1licas que se funden para unir tuber\u00edas, juntas o componentes met\u00e1licos interconectados. Las barras de soldadura son resistentes tanto a la oxidaci\u00f3n como a la corrosi\u00f3n. <\/p>\n<p>Como proveedor l\u00edder de soldadura, Canada Metal ofrece una amplia variedad de productos de soldadura a base de plomo y esta\u00f1o de alta pureza, incluyendo barras de esta\u00f1o puro, 50\/50 y otras composiciones de aleaci\u00f3n. Tambi\u00e9n producimos aleaciones espec\u00edficas como cobre-plomo, plomo antimonial y otras aleaciones seg\u00fan la aplicaci\u00f3n, bajo solicitud del cliente. <\/p>\n<p>Explore nuestra selecci\u00f3n de aleaciones est\u00e1ndar a continuaci\u00f3n y cont\u00e1ctenos hoy mismo con sus requisitos.<\/p>\n<p><strong>Formatos<\/strong><br \/>\nBarra de 1 lb de aleaciones est\u00e1ndar en stock. Formatos de 5 lb, 10 lb y personalizados disponibles bajo solicitud. <\/p>\n<p><strong>Industrias<\/strong><br \/>\nMarina comercial, plomer\u00eda, petr\u00f3leo y gas, aeroespacial, galvanoplastia, defensa, servicios p\u00fablicos, nuclear, fundici\u00f3n y refinaci\u00f3n de metales.<\/p>\n<p><span style=\"text-decoration: underline;\"><strong>ALEACIONES<\/strong><\/span><\/p>\n<div class=\"pro-desc\">\n<table class=\"table table-responsive table-bordered\" border=\"0\" cellspacing=\"0\" cellpadding=\"0\">\n<tbody>\n<tr>\n<td align=\"center\" valign=\"middle\" width=\"104\">%Esta\u00f1o<\/td>\n<td align=\"center\" valign=\"middle\" width=\"104\">%Plomo<\/td>\n<td align=\"center\" valign=\"middle\" width=\"104\">%Antimonio<\/td>\n<td align=\"center\" valign=\"middle\" width=\"104\">S\u00f3lidus (\u00b0F)<\/td>\n<td align=\"center\" valign=\"middle\" width=\"104\">L\u00edquido (\u00b0F)<\/td>\n<td align=\"center\" valign=\"middle\" width=\"104\">Resistencia a la tracci\u00f3n<\/td>\n<\/tr>\n<tr>\n<td align=\"center\" valign=\"middle\" width=\"104\">\u2013<\/td>\n<td align=\"center\" valign=\"middle\" width=\"104\">100<\/td>\n<td align=\"center\" valign=\"middle\" width=\"104\">\u2013<\/td>\n<td align=\"center\" valign=\"middle\" width=\"104\">603<\/td>\n<td align=\"center\" valign=\"middle\" width=\"104\">621<\/td>\n<td align=\"center\" valign=\"middle\" width=\"104\">1900<\/td>\n<\/tr>\n<tr>\n<td align=\"center\" valign=\"middle\" width=\"104\">30<\/td>\n<td align=\"center\" valign=\"middle\" width=\"104\">70<\/td>\n<td align=\"center\" valign=\"middle\" width=\"104\">\u2013<\/td>\n<td align=\"center\" valign=\"middle\" width=\"104\">362<\/td>\n<td align=\"center\" valign=\"middle\" width=\"104\">490<\/td>\n<td align=\"center\" valign=\"middle\" width=\"104\">6140<\/td>\n<\/tr>\n<tr>\n<td align=\"center\" valign=\"middle\" width=\"104\">40<\/td>\n<td align=\"center\" valign=\"middle\" width=\"104\">60<\/td>\n<td align=\"center\" valign=\"middle\" width=\"104\">\u2013<\/td>\n<td align=\"center\" valign=\"middle\" width=\"104\">362<\/td>\n<td align=\"center\" valign=\"middle\" width=\"104\">460<\/td>\n<td align=\"center\" valign=\"middle\" width=\"104\">6320<\/td>\n<\/tr>\n<tr>\n<td align=\"center\" valign=\"middle\" width=\"104\">50<\/td>\n<td align=\"center\" valign=\"middle\" width=\"104\">50<\/td>\n<td align=\"center\" valign=\"middle\" width=\"104\">\u2013<\/td>\n<td align=\"center\" valign=\"middle\" width=\"104\">362<\/td>\n<td align=\"center\" valign=\"middle\" width=\"104\">420<\/td>\n<td align=\"center\" valign=\"middle\" width=\"104\">6450<\/td>\n<\/tr>\n<tr>\n<td align=\"center\" valign=\"middle\" width=\"104\">60<\/td>\n<td align=\"center\" valign=\"middle\" width=\"104\">40<\/td>\n<td align=\"center\" valign=\"middle\" width=\"104\">\u2013<\/td>\n<td align=\"center\" valign=\"middle\" width=\"104\">362<\/td>\n<td align=\"center\" valign=\"middle\" width=\"104\">375<\/td>\n<td align=\"center\" valign=\"middle\" width=\"104\">6400<\/td>\n<\/tr>\n<tr>\n<td align=\"center\" valign=\"middle\" width=\"104\">95<\/td>\n<td align=\"center\" valign=\"middle\" width=\"104\">\u2013<\/td>\n<td align=\"center\" valign=\"middle\" width=\"104\">5<\/td>\n<td align=\"center\" valign=\"middle\" width=\"104\">450<\/td>\n<td align=\"center\" valign=\"middle\" width=\"104\">464<\/td>\n<td align=\"center\" valign=\"middle\" width=\"104\">5900<\/td>\n<\/tr>\n<\/tbody>\n<\/table>\n<p>Aleaciones personalizadas disponibles bajo solicitud.<\/p>\n<\/div>\n","protected":false},"excerpt":{"rendered":"<p>Descripci\u00f3n Las barras de soldadura est\u00e1n compuestas de metal puro o aleaciones met\u00e1licas que se funden para unir tuber\u00edas, juntas o componentes met\u00e1licos interconectados. Las barras de soldadura son resistentes tanto a la oxidaci\u00f3n como a la corrosi\u00f3n. Como proveedor l\u00edder de soldadura, Canada Metal ofrece una amplia variedad de productos de soldadura a base [&hellip;]<\/p>\n","protected":false},"featured_media":4340,"template":"","product_category":[152],"class_list":["post-4630","product","type-product","status-publish","has-post-thumbnail","hentry","product_category-solder-metal-products"],"yoast_head":"<!-- This site is optimized with the Yoast SEO plugin v25.4 - https:\/\/yoast.com\/wordpress\/plugins\/seo\/ -->\n<title>Proveedor de soldadura en alambre y barra | Fabricante de soldadura - Canada Metal<\/title>\n<meta name=\"description\" content=\"Canada Metal es un fabricante y proveedor global de una variedad de productos de soldadura, incluidos soldadura en alambre, soldadura en barra, aleaciones para soldadura fuerte y pasta para soldar.\" \/>\n<meta name=\"robots\" content=\"index, follow, max-snippet:-1, max-image-preview:large, max-video-preview:-1\" \/>\n<link rel=\"canonical\" href=\"https:\/\/www.canadametal.com\/es\/productos\/barra-de-soldadura\/\" \/>\n<meta property=\"og:locale\" content=\"es_ES\" \/>\n<meta property=\"og:type\" content=\"article\" \/>\n<meta property=\"og:title\" content=\"Proveedor de soldadura en alambre y barra | Fabricante de soldadura - Canada Metal\" \/>\n<meta property=\"og:description\" content=\"Canada Metal es un fabricante y proveedor global de una variedad de productos de soldadura, incluidos soldadura en alambre, soldadura en barra, aleaciones para soldadura fuerte y pasta para soldar.\" \/>\n<meta property=\"og:url\" content=\"https:\/\/www.canadametal.com\/es\/productos\/barra-de-soldadura\/\" \/>\n<meta property=\"og:site_name\" content=\"Canada Metal\" \/>\n<meta property=\"article:modified_time\" content=\"2026-04-21T09:46:35+00:00\" \/>\n<meta property=\"og:image\" content=\"https:\/\/www.canadametal.com\/wp-content\/uploads\/2025\/06\/bar-solder.jpg\" \/>\n\t<meta property=\"og:image:width\" content=\"1368\" \/>\n\t<meta property=\"og:image:height\" content=\"912\" \/>\n\t<meta property=\"og:image:type\" content=\"image\/jpeg\" \/>\n<meta name=\"twitter:card\" content=\"summary_large_image\" \/>\n<meta name=\"twitter:label1\" content=\"Tiempo de lectura\" \/>\n\t<meta name=\"twitter:data1\" content=\"2 minutos\" \/>\n<!-- \/ Yoast SEO plugin. -->","yoast_head_json":{"title":"Proveedor de soldadura en alambre y barra | Fabricante de soldadura - Canada Metal","description":"Canada Metal es un fabricante y proveedor global de una variedad de productos de soldadura, incluidos soldadura en alambre, soldadura en barra, aleaciones para soldadura fuerte y pasta para soldar.","robots":{"index":"index","follow":"follow","max-snippet":"max-snippet:-1","max-image-preview":"max-image-preview:large","max-video-preview":"max-video-preview:-1"},"canonical":"https:\/\/www.canadametal.com\/es\/productos\/barra-de-soldadura\/","og_locale":"es_ES","og_type":"article","og_title":"Proveedor de soldadura en alambre y barra | Fabricante de soldadura - Canada Metal","og_description":"Canada Metal es un fabricante y proveedor global de una variedad de productos de soldadura, incluidos soldadura en alambre, soldadura en barra, aleaciones para soldadura fuerte y pasta para soldar.","og_url":"https:\/\/www.canadametal.com\/es\/productos\/barra-de-soldadura\/","og_site_name":"Canada Metal","article_modified_time":"2026-04-21T09:46:35+00:00","og_image":[{"width":1368,"height":912,"url":"https:\/\/www.canadametal.com\/wp-content\/uploads\/2025\/06\/bar-solder.jpg","type":"image\/jpeg"}],"twitter_card":"summary_large_image","twitter_misc":{"Tiempo de lectura":"2 minutos"},"schema":{"@context":"https:\/\/schema.org","@graph":[{"@type":"WebPage","@id":"https:\/\/www.canadametal.com\/es\/productos\/barra-de-soldadura\/","url":"https:\/\/www.canadametal.com\/es\/productos\/barra-de-soldadura\/","name":"Proveedor de soldadura en alambre y barra | Fabricante de soldadura - Canada Metal","isPartOf":{"@id":"https:\/\/www.canadametal.com\/es\/#website"},"primaryImageOfPage":{"@id":"https:\/\/www.canadametal.com\/es\/productos\/barra-de-soldadura\/#primaryimage"},"image":{"@id":"https:\/\/www.canadametal.com\/es\/productos\/barra-de-soldadura\/#primaryimage"},"thumbnailUrl":"https:\/\/www.canadametal.com\/wp-content\/uploads\/2025\/06\/bar-solder.jpg","datePublished":"2025-07-20T12:39:17+00:00","dateModified":"2026-04-21T09:46:35+00:00","description":"Canada Metal es un fabricante y proveedor global de una variedad de productos de soldadura, incluidos soldadura en alambre, soldadura en barra, aleaciones para soldadura fuerte y pasta para soldar.","breadcrumb":{"@id":"https:\/\/www.canadametal.com\/es\/productos\/barra-de-soldadura\/#breadcrumb"},"inLanguage":"es","potentialAction":[{"@type":"ReadAction","target":["https:\/\/www.canadametal.com\/es\/productos\/barra-de-soldadura\/"]}]},{"@type":"ImageObject","inLanguage":"es","@id":"https:\/\/www.canadametal.com\/es\/productos\/barra-de-soldadura\/#primaryimage","url":"https:\/\/www.canadametal.com\/wp-content\/uploads\/2025\/06\/bar-solder.jpg","contentUrl":"https:\/\/www.canadametal.com\/wp-content\/uploads\/2025\/06\/bar-solder.jpg","width":1368,"height":912},{"@type":"BreadcrumbList","@id":"https:\/\/www.canadametal.com\/es\/productos\/barra-de-soldadura\/#breadcrumb","itemListElement":[{"@type":"ListItem","position":1,"name":"Home","item":"https:\/\/www.canadametal.com\/es\/"},{"@type":"ListItem","position":2,"name":"Products","item":"https:\/\/www.canadametal.com\/es\/products\/"},{"@type":"ListItem","position":3,"name":"Barra de soldadura"}]},{"@type":"WebSite","@id":"https:\/\/www.canadametal.com\/es\/#website","url":"https:\/\/www.canadametal.com\/es\/","name":"Canada Metal","description":"Lead Suppliers, Lead Ingots | Canada Metal North America","publisher":{"@id":"https:\/\/www.canadametal.com\/es\/#organization"},"potentialAction":[{"@type":"SearchAction","target":{"@type":"EntryPoint","urlTemplate":"https:\/\/www.canadametal.com\/es\/?s={search_term_string}"},"query-input":{"@type":"PropertyValueSpecification","valueRequired":true,"valueName":"search_term_string"}}],"inLanguage":"es"},{"@type":"Organization","@id":"https:\/\/www.canadametal.com\/es\/#organization","name":"Canada Metal","url":"https:\/\/www.canadametal.com\/es\/","logo":{"@type":"ImageObject","inLanguage":"es","@id":"https:\/\/www.canadametal.com\/es\/#\/schema\/logo\/image\/","url":"https:\/\/www.canadametal.com\/wp-content\/uploads\/2025\/10\/cropped-N299.3-16-CMNA-Radiation-Shielding-1_1-1.png","contentUrl":"https:\/\/www.canadametal.com\/wp-content\/uploads\/2025\/10\/cropped-N299.3-16-CMNA-Radiation-Shielding-1_1-1.png","width":1754,"height":155,"caption":"Canada Metal"},"image":{"@id":"https:\/\/www.canadametal.com\/es\/#\/schema\/logo\/image\/"}}]}},"_links":{"self":[{"href":"https:\/\/www.canadametal.com\/es\/wp-json\/wp\/v2\/product\/4630","targetHints":{"allow":["GET"]}}],"collection":[{"href":"https:\/\/www.canadametal.com\/es\/wp-json\/wp\/v2\/product"}],"about":[{"href":"https:\/\/www.canadametal.com\/es\/wp-json\/wp\/v2\/types\/product"}],"wp:featuredmedia":[{"embeddable":true,"href":"https:\/\/www.canadametal.com\/es\/wp-json\/wp\/v2\/media\/4340"}],"wp:attachment":[{"href":"https:\/\/www.canadametal.com\/es\/wp-json\/wp\/v2\/media?parent=4630"}],"wp:term":[{"taxonomy":"product_category","embeddable":true,"href":"https:\/\/www.canadametal.com\/es\/wp-json\/wp\/v2\/product_category?post=4630"}],"curies":[{"name":"wp","href":"https:\/\/api.w.org\/{rel}","templated":true}]}}