{"id":5804,"date":"2026-04-02T12:25:01","date_gmt":"2026-04-02T12:25:01","guid":{"rendered":"https:\/\/www.canadametal.com\/products\/lead-lined-plywood\/"},"modified":"2026-04-02T12:54:39","modified_gmt":"2026-04-02T12:54:39","slug":"lead-lined-plywood","status":"publish","type":"product","link":"https:\/\/www.canadametal.com\/es\/productos\/contrachapado-plomado\/","title":{"rendered":"Contrachapado plomado"},"content":{"rendered":"<h2><b>Contrachapado plomado de alto rendimiento para protecci\u00f3n contra la radiaci\u00f3n<\/b><\/h2>\n<p><span style=\"font-weight: 400;\">Cuando la seguridad y el cumplimiento son fundamentales, Canada Metal North America ofrece soluciones confiables. Dise\u00f1amos nuestros <\/span>paneles de contrachapado plomado a medida<span style=\"font-weight: 400;\"> para la protecci\u00f3n contra la radiaci\u00f3n en entornos m\u00e9dicos, industriales y nucleares. Fabricados con precisi\u00f3n y probados para un alto rendimiento, proporcionan la protecci\u00f3n que su instalaci\u00f3n requiere, sin comprometer la calidad ni la fiabilidad.<\/span><\/p>\n<p><span style=\"font-weight: 400;\">Con m\u00e1s de un siglo de experiencia en productos de plomo, somos una de las empresas m\u00e1s confiables de Canad\u00e1 que ofrece un suministro eficiente de <\/span>contrachapado plomado<span style=\"font-weight: 400;\">.<\/span><\/p>\n<h2><b>\u00bfQu\u00e9 es el contrachapado plomado?<\/b><\/h2>\n<p><span style=\"font-weight: 400;\">El contrachapado plomado combina una base s\u00f3lida de madera con una l\u00e1mina adherida de plomo de alta pureza. Este dise\u00f1o proporciona una protecci\u00f3n eficaz contra la radiaci\u00f3n, al mismo tiempo que ofrece resistencia estructural para paredes, particiones y recintos de equipos. Las aplicaciones t\u00edpicas incluyen:<\/span><\/p>\n<ul>\n<li style=\"font-weight: 400;\"><span style=\"font-weight: 400;\">Salas de imagen m\u00e9dica (rayos X, CT, PET y cl\u00ednicas dentales)<\/span><\/li>\n<li style=\"font-weight: 400;\"><span style=\"font-weight: 400;\">Instalaciones de energ\u00eda nuclear<\/span><\/li>\n<li style=\"font-weight: 400;\"><span style=\"font-weight: 400;\">Laboratorios de investigaci\u00f3n industrial<\/span><\/li>\n<li style=\"font-weight: 400;\"><span style=\"font-weight: 400;\">Instalaciones gubernamentales y de defensa<\/span><\/li>\n<\/ul>\n<h2><b>Nuestra gama completa de contrachapado plomado<\/b><\/h2>\n<p><span style=\"font-weight: 400;\">Canada Metal North America ofrece una amplia gama de paneles est\u00e1ndar y de <\/span>contrachapado plomado a medida<span style=\"font-weight: 400;\"> para satisfacer diversas necesidades de proyectos:<\/span><\/p>\n<ul>\n<li style=\"font-weight: 400;\"><b>Paneles est\u00e1ndar<\/b><span style=\"font-weight: 400;\"> \u2013 L\u00e1minas listas para env\u00edo para aplicaciones comunes de blindaje.<\/span><\/li>\n<li style=\"font-weight: 400;\"><b>Paneles cortados a medida<\/b><span style=\"font-weight: 400;\"> \u2013 Fabricados seg\u00fan planos arquitect\u00f3nicos, reduciendo modificaciones en obra.<\/span><\/li>\n<li style=\"font-weight: 400;\"><b>Espesor de plomo variable<\/b><span style=\"font-weight: 400;\"> \u2013 Desde 1\/32\u201d hasta varios mil\u00edmetros, seg\u00fan el nivel de radiaci\u00f3n requerido.<\/span><\/li>\n<li style=\"font-weight: 400;\"><b>Diferentes bases de madera<\/b><span style=\"font-weight: 400;\"> \u2013 Opciones como contrachapado estructural, MDF o aglomerado seg\u00fan la aplicaci\u00f3n.<\/span><\/li>\n<li style=\"font-weight: 400;\"><b>Accesorios integrados<\/b><span style=\"font-weight: 400;\"> \u2013 Listones, tiras y piezas de esquina plomadas para sistemas completos de blindaje.<\/span><\/li>\n<\/ul>\n<p><span style=\"font-weight: 400;\">Esta gama garantiza que contratistas, hospitales y gestores de instalaciones puedan obtener exactamente lo que necesitan de un solo proveedor confiable.<\/span><\/p>\n<h2><b>Aplicaciones del contrachapado plomado<\/b><\/h2>\n<ul>\n<li style=\"font-weight: 400;\"><b>Hospitales y cl\u00ednicas<\/b><span style=\"font-weight: 400;\"> \u2013 Protecci\u00f3n para salas de radiolog\u00eda e imagen diagn\u00f3stica.<\/span><\/li>\n<li style=\"font-weight: 400;\"><b>Consultorios dentales<\/b><span style=\"font-weight: 400;\"> \u2013 Protecci\u00f3n en \u00e1reas de rayos X en espacios cl\u00ednicos reducidos.<\/span><\/li>\n<li style=\"font-weight: 400;\"><b>Instalaciones nucleares<\/b><span style=\"font-weight: 400;\"> \u2013 Blindaje estructural donde se requiere resistencia y protecci\u00f3n.<\/span><\/li>\n<li style=\"font-weight: 400;\"><b>Laboratorios industriales y de investigaci\u00f3n<\/b><span style=\"font-weight: 400;\"> \u2013 Barreras de seguridad en entornos con fuentes de radiaci\u00f3n.<\/span><\/li>\n<\/ul>\n<h2><b>\u00bfPor qu\u00e9 elegir Canada Metal North America como su proveedor de contrachapado plomado?<\/b><\/h2>\n<ul>\n<li style=\"font-weight: 400;\"><b>Calidad de plomo certificada:<\/b><span style=\"font-weight: 400;\"> Todas las l\u00e1minas cumplen o superan las normas ASTM B29.<\/span><\/li>\n<li style=\"font-weight: 400;\"><b>Uni\u00f3n de precisi\u00f3n:<\/b><span style=\"font-weight: 400;\"> Laminaci\u00f3n segura del plomo al contrachapado para una durabilidad a largo plazo.<\/span><\/li>\n<li style=\"font-weight: 400;\"><b>Fabricaci\u00f3n personalizada:<\/b><span style=\"font-weight: 400;\"> Paneles disponibles en tama\u00f1os est\u00e1ndar o a medida seg\u00fan planos.<\/span><\/li>\n<li style=\"font-weight: 400;\"><b>Suministro confiable:<\/b><span style=\"font-weight: 400;\"> Disponibilidad en stock y r\u00e1pida entrega para pedidos personalizados.<\/span><\/li>\n<li style=\"font-weight: 400;\"><b>Soporte experto:<\/b><span style=\"font-weight: 400;\"> Asesoramiento desde la consulta hasta la instalaci\u00f3n.<\/span><\/li>\n<\/ul>\n<p><span style=\"font-weight: 400;\">Cuando los proyectos requieren precisi\u00f3n y documentaci\u00f3n, Canada Metal North America lo ofrece todo.<\/span><\/p>\n<h2><b>Asegure su suministro de contrachapado con respaldo de plomo hoy mismo<\/b><\/h2>\n<p><span style=\"font-weight: 400;\">Canada Metal North America fabrica <\/span>contrachapado plomado a medida<span style=\"font-weight: 400;\"> bajo estrictos controles de calidad. Probamos cada panel para garantizar una uni\u00f3n uniforme, dimensiones precisas y eficacia en el blindaje.<\/span><\/p>\n<p><span style=\"font-weight: 400;\">Proporcionamos documentaci\u00f3n completa y certificaciones para cumplir con normativas de construcci\u00f3n y salud.<\/span><\/p>\n<p><span style=\"font-weight: 400;\">Canada Metal North America es un proveedor confiable en toda Am\u00e9rica del Norte.<\/span><\/p>\n<p><span style=\"font-weight: 400;\">Solicite un presupuesto hoy mismo y asegure su proyecto.<\/span><\/p>\n<p><a href=\"https:\/\/www.canadametal.com\/?page_id=5278\"><br \/>\n<span class=\"quote-btn22\">\u00a1Solicitar un presupuesto!<\/span><br \/>\n<\/a><\/p>\n<p><script type=\"application\/ld+json\">\n{\n\"@context\":\"https:\/\/schema.org\",\n\"@type\":\"WebPage\",\n\"url\":\"https:\/\/www.canadametal.com\/products\/lead-lined-plywood\/\",\n\"name\":\"Contrachapado plomado | Contrachapado con respaldo de plomo - Canada Metal\",\n\"description\":\"Solicite paneles de contrachapado plomado de alta calidad para proyectos de protecci\u00f3n contra radiaci\u00f3n.\",\n\"publisher\":{\"@type\":\"Organization\",\"name\":\"Canada Metal North America\"},\n\"keywords\":\"Contrachapado plomado, Contrachapado con plomo, Precio contrachapado plomado, Proveedores contrachapado plomado\"\n}\n<\/script><\/p>\n","protected":false},"excerpt":{"rendered":"<p>Contrachapado plomado de alto rendimiento para protecci\u00f3n contra la radiaci\u00f3n Cuando la seguridad y el cumplimiento son fundamentales, Canada Metal North America ofrece soluciones confiables. Dise\u00f1amos nuestros paneles de contrachapado plomado a medida para la protecci\u00f3n contra la radiaci\u00f3n en entornos m\u00e9dicos, industriales y nucleares. Fabricados con precisi\u00f3n y probados para un alto rendimiento, proporcionan [&hellip;]<\/p>\n","protected":false},"featured_media":5929,"template":"","product_category":[128,147],"class_list":["post-5804","product","type-product","status-publish","has-post-thumbnail","hentry","product_category-lead-productos","product_category-radiation-shielding-products"],"yoast_head":"<!-- This site is optimized with the Yoast SEO plugin v25.4 - https:\/\/yoast.com\/wordpress\/plugins\/seo\/ -->\n<title>Lead Lined Plywood | Lead Backed Plywood - Canada Metal<\/title>\n<meta name=\"description\" content=\"Order quality lead lined plywood panels for radiation shielding projects. Superior construction &amp; custom sizes available. Contact us now!\" \/>\n<meta name=\"robots\" content=\"index, follow, max-snippet:-1, max-image-preview:large, max-video-preview:-1\" \/>\n<link rel=\"canonical\" href=\"https:\/\/www.canadametal.com\/es\/productos\/contrachapado-plomado\/\" \/>\n<meta property=\"og:locale\" content=\"es_ES\" \/>\n<meta property=\"og:type\" content=\"article\" \/>\n<meta property=\"og:title\" content=\"Lead Lined Plywood | Lead Backed Plywood - Canada Metal\" \/>\n<meta property=\"og:description\" content=\"Order quality lead lined plywood panels for radiation shielding projects. Superior construction &amp; custom sizes available. Contact us now!\" \/>\n<meta property=\"og:url\" content=\"https:\/\/www.canadametal.com\/es\/productos\/contrachapado-plomado\/\" \/>\n<meta property=\"og:site_name\" content=\"Canada Metal\" \/>\n<meta property=\"article:modified_time\" content=\"2026-04-02T12:54:39+00:00\" \/>\n<meta property=\"og:image\" content=\"https:\/\/www.canadametal.com\/wp-content\/uploads\/2026\/02\/laminated-plywood-scaled.jpg\" \/>\n\t<meta property=\"og:image:width\" content=\"2560\" \/>\n\t<meta property=\"og:image:height\" content=\"1920\" \/>\n\t<meta property=\"og:image:type\" content=\"image\/jpeg\" \/>\n<meta name=\"twitter:card\" content=\"summary_large_image\" \/>\n<meta name=\"twitter:label1\" content=\"Tiempo de lectura\" \/>\n\t<meta name=\"twitter:data1\" content=\"3 minutos\" \/>\n<!-- \/ Yoast SEO plugin. -->","yoast_head_json":{"title":"Lead Lined Plywood | Lead Backed Plywood - Canada Metal","description":"Order quality lead lined plywood panels for radiation shielding projects. Superior construction & custom sizes available. Contact us now!","robots":{"index":"index","follow":"follow","max-snippet":"max-snippet:-1","max-image-preview":"max-image-preview:large","max-video-preview":"max-video-preview:-1"},"canonical":"https:\/\/www.canadametal.com\/es\/productos\/contrachapado-plomado\/","og_locale":"es_ES","og_type":"article","og_title":"Lead Lined Plywood | Lead Backed Plywood - Canada Metal","og_description":"Order quality lead lined plywood panels for radiation shielding projects. Superior construction & custom sizes available. Contact us now!","og_url":"https:\/\/www.canadametal.com\/es\/productos\/contrachapado-plomado\/","og_site_name":"Canada Metal","article_modified_time":"2026-04-02T12:54:39+00:00","og_image":[{"width":2560,"height":1920,"url":"https:\/\/www.canadametal.com\/wp-content\/uploads\/2026\/02\/laminated-plywood-scaled.jpg","type":"image\/jpeg"}],"twitter_card":"summary_large_image","twitter_misc":{"Tiempo de lectura":"3 minutos"},"schema":{"@context":"https:\/\/schema.org","@graph":[{"@type":"WebPage","@id":"https:\/\/www.canadametal.com\/es\/productos\/contrachapado-plomado\/","url":"https:\/\/www.canadametal.com\/es\/productos\/contrachapado-plomado\/","name":"Lead Lined Plywood | Lead Backed Plywood - Canada Metal","isPartOf":{"@id":"https:\/\/www.canadametal.com\/es\/#website"},"primaryImageOfPage":{"@id":"https:\/\/www.canadametal.com\/es\/productos\/contrachapado-plomado\/#primaryimage"},"image":{"@id":"https:\/\/www.canadametal.com\/es\/productos\/contrachapado-plomado\/#primaryimage"},"thumbnailUrl":"https:\/\/www.canadametal.com\/wp-content\/uploads\/2026\/04\/IMG_5149-scaled.jpg","datePublished":"2026-04-02T12:25:01+00:00","dateModified":"2026-04-02T12:54:39+00:00","description":"Order quality lead lined plywood panels for radiation shielding projects. Superior construction & custom sizes available. Contact us now!","breadcrumb":{"@id":"https:\/\/www.canadametal.com\/es\/productos\/contrachapado-plomado\/#breadcrumb"},"inLanguage":"es","potentialAction":[{"@type":"ReadAction","target":["https:\/\/www.canadametal.com\/es\/productos\/contrachapado-plomado\/"]}]},{"@type":"ImageObject","inLanguage":"es","@id":"https:\/\/www.canadametal.com\/es\/productos\/contrachapado-plomado\/#primaryimage","url":"https:\/\/www.canadametal.com\/wp-content\/uploads\/2026\/04\/IMG_5149-scaled.jpg","contentUrl":"https:\/\/www.canadametal.com\/wp-content\/uploads\/2026\/04\/IMG_5149-scaled.jpg","width":2560,"height":1920},{"@type":"BreadcrumbList","@id":"https:\/\/www.canadametal.com\/es\/productos\/contrachapado-plomado\/#breadcrumb","itemListElement":[{"@type":"ListItem","position":1,"name":"Home","item":"https:\/\/www.canadametal.com\/es\/"},{"@type":"ListItem","position":2,"name":"Products","item":"https:\/\/www.canadametal.com\/es\/products\/"},{"@type":"ListItem","position":3,"name":"Contrachapado plomado"}]},{"@type":"WebSite","@id":"https:\/\/www.canadametal.com\/es\/#website","url":"https:\/\/www.canadametal.com\/es\/","name":"Canada Metal","description":"Lead Suppliers, Lead Ingots | Canada Metal North America","publisher":{"@id":"https:\/\/www.canadametal.com\/es\/#organization"},"potentialAction":[{"@type":"SearchAction","target":{"@type":"EntryPoint","urlTemplate":"https:\/\/www.canadametal.com\/es\/?s={search_term_string}"},"query-input":{"@type":"PropertyValueSpecification","valueRequired":true,"valueName":"search_term_string"}}],"inLanguage":"es"},{"@type":"Organization","@id":"https:\/\/www.canadametal.com\/es\/#organization","name":"Canada Metal","url":"https:\/\/www.canadametal.com\/es\/","logo":{"@type":"ImageObject","inLanguage":"es","@id":"https:\/\/www.canadametal.com\/es\/#\/schema\/logo\/image\/","url":"https:\/\/www.canadametal.com\/wp-content\/uploads\/2025\/10\/cropped-N299.3-16-CMNA-Radiation-Shielding-1_1-1.png","contentUrl":"https:\/\/www.canadametal.com\/wp-content\/uploads\/2025\/10\/cropped-N299.3-16-CMNA-Radiation-Shielding-1_1-1.png","width":1754,"height":155,"caption":"Canada Metal"},"image":{"@id":"https:\/\/www.canadametal.com\/es\/#\/schema\/logo\/image\/"}}]}},"_links":{"self":[{"href":"https:\/\/www.canadametal.com\/es\/wp-json\/wp\/v2\/product\/5804","targetHints":{"allow":["GET"]}}],"collection":[{"href":"https:\/\/www.canadametal.com\/es\/wp-json\/wp\/v2\/product"}],"about":[{"href":"https:\/\/www.canadametal.com\/es\/wp-json\/wp\/v2\/types\/product"}],"wp:featuredmedia":[{"embeddable":true,"href":"https:\/\/www.canadametal.com\/es\/wp-json\/wp\/v2\/media\/5929"}],"wp:attachment":[{"href":"https:\/\/www.canadametal.com\/es\/wp-json\/wp\/v2\/media?parent=5804"}],"wp:term":[{"taxonomy":"product_category","embeddable":true,"href":"https:\/\/www.canadametal.com\/es\/wp-json\/wp\/v2\/product_category?post=5804"}],"curies":[{"name":"wp","href":"https:\/\/api.w.org\/{rel}","templated":true}]}}