{"id":5885,"date":"2026-04-17T12:48:48","date_gmt":"2026-04-17T12:48:48","guid":{"rendered":"https:\/\/www.canadametal.com\/products\/anodos-marinos-de-aluminio\/"},"modified":"2026-04-17T13:22:22","modified_gmt":"2026-04-17T13:22:22","slug":"anodos-marinos-de-aluminio","status":"publish","type":"product","link":"https:\/\/www.canadametal.com\/es\/productos\/anodos-marinos-de-aluminio\/","title":{"rendered":"\u00c1nodos marinos de aluminio"},"content":{"rendered":"<p class=\"pro-head\"><strong><span style=\"text-decoration: underline;\">Descripci\u00f3n<\/span><\/strong><\/p>\n<div class=\"pro-desc\">\n<p>La corrosi\u00f3n es una amenaza constante en un entorno marino y los \u00e1nodos de aluminio son una protecci\u00f3n vital contra esta corrosi\u00f3n. Se utilizan ampliamente para prolongar la vida \u00fatil de embarcaciones comerciales, privadas y militares, as\u00ed como de estructuras marinas.<\/p>\n<p>Los \u00e1nodos marinos de aluminio se utilizan para la protecci\u00f3n en aplicaciones de agua dulce, agua salobre y agua salada que requieren un \u00e1nodo \u201cde sacrificio\u201d que sea menos resistente a los electrolitos producidos en estas aguas. El aluminio, en esencia, previene la corrosi\u00f3n y el \u00f3xido, ya que atrae la corrosi\u00f3n primero y se disuelve con el tiempo para proteger los cascos y otras partes met\u00e1licas de da\u00f1os al \u201csacrificarse\u201d a s\u00ed mismo. <\/p>\n<p><strong>Aplicaciones<\/strong><br \/>\nCascos, tanques marinos, sentinas, placas de fondo, quillas, timones, t\u00faneles de ejes, tanques de lastre, tanques de carga, tuber\u00edas de acero, plataformas de producci\u00f3n, pilotes de muelles de acero, intercambiadores de calor.<\/p>\n<p>Industrias<br \/>\nMarina comercial, petr\u00f3leo y gas, defensa.<\/p>\n<p><strong>Formatos<\/strong><br \/>\nNuestros \u00e1nodos de barra y placa, disponibles en estilos \u201catornillables\u201d y \u201csoldables\u201d, en formatos aerodin\u00e1micos, semi-aerodin\u00e1micos y de gota, est\u00e1n especialmente formulados para proporcionar una protecci\u00f3n superior contra la corrosi\u00f3n del casco y los componentes de embarcaciones y estructuras marinas. Ambos estilos utilizan insertos de aluminio o acero.<br \/>Los \u00e1nodos soldables para casco cuentan con pesta\u00f1as salientes para soldadura por puntos directamente a la estructura del barco. Las pesta\u00f1as (cintas) de acero se proporcionan como est\u00e1ndar. Las pesta\u00f1as de aluminio est\u00e1n disponibles en la mayor\u00eda de los \u00e1nodos. Los modelos y tama\u00f1os m\u00e1s populares est\u00e1n disponibles en inventario.     <\/p>\n<p>Explore nuestra selecci\u00f3n de \u00e1nodos marinos a continuaci\u00f3n y cont\u00e1ctenos directamente para sus necesidades.<\/p>\n<div class=\"pro-desc\">\n<p class=\"pro-head\"><strong><span style=\"text-decoration: underline;\">\u00c1nodos de aluminio para cascos comerciales (embarcaciones medianas a grandes)<\/span><\/strong><\/p>\n<table class=\"table table-responsive table-bordered\" border=\"0\" cellspacing=\"0\" cellpadding=\"0\">\n<tbody>\n<tr>\n<td class=\"head\" align=\"center\" valign=\"middle\" width=\"160\">N.\u00ba de tipo<br \/>\n\u00c1nodos de barra<\/td>\n<td class=\"head\" align=\"center\" valign=\"middle\" width=\"104\">Peso nominal<br \/>\nLibras (kg)<\/td>\n<td class=\"head\" align=\"center\" valign=\"middle\" width=\"85\">Montaje<\/td>\n<td class=\"head\" align=\"center\" valign=\"middle\" width=\"95\">A &#8211; Longitud<br \/>\nPulgadas (mm)<\/td>\n<td class=\"head\" align=\"center\" valign=\"middle\" width=\"94\">B &#8211; Ancho<br \/>\nPulgadas (mm)<\/td>\n<td class=\"head\" align=\"center\" valign=\"middle\" width=\"85\">C &#8211; Profundidad<br \/>\nPulgadas (mm)<\/td>\n<\/tr>\n<tr>\n<td align=\"center\" valign=\"middle\" width=\"160\">AP5B2<\/td>\n<td align=\"center\" valign=\"middle\" width=\"104\">11.8 (5.36)<\/td>\n<td align=\"center\" valign=\"middle\" width=\"85\">Atornillable<\/td>\n<td align=\"center\" valign=\"middle\" width=\"95\">24.0 (609)<\/td>\n<td align=\"center\" valign=\"middle\" width=\"94\">3.0 (76)<\/td>\n<td align=\"center\" valign=\"middle\" width=\"85\">1.25 (31)<\/td>\n<\/tr>\n<tr>\n<td align=\"center\" valign=\"middle\" width=\"160\">AP7B2, AZHC-50<\/td>\n<td align=\"center\" valign=\"middle\" width=\"104\">19.8 (8.9)<\/td>\n<td align=\"center\" valign=\"middle\" width=\"85\">Atornillable<\/td>\n<td align=\"center\" valign=\"middle\" width=\"95\">24.0 (609)<\/td>\n<td align=\"center\" valign=\"middle\" width=\"94\">4.0 (101)<\/td>\n<td align=\"center\" valign=\"middle\" width=\"85\">1.25 (31)<\/td>\n<\/tr>\n<tr>\n<td align=\"center\" valign=\"middle\" width=\"160\">MA-2204<\/td>\n<td align=\"center\" valign=\"middle\" width=\"104\">16.0 (7.3)<\/td>\n<td align=\"center\" valign=\"middle\" width=\"85\">Soldable<\/td>\n<td align=\"center\" valign=\"middle\" width=\"95\">20.0 (508)<\/td>\n<td align=\"center\" valign=\"middle\" width=\"94\">4.0 (101)<\/td>\n<td align=\"center\" valign=\"middle\" width=\"85\">2.0 (50)<\/td>\n<\/tr>\n<tr>\n<td align=\"center\" valign=\"middle\" width=\"160\">MA2244, AZHS-50<\/td>\n<td align=\"center\" valign=\"middle\" width=\"104\">19.7 (8.75)<\/td>\n<td align=\"center\" valign=\"middle\" width=\"85\">Soldable<\/td>\n<td align=\"center\" valign=\"middle\" width=\"95\">24.0 (609)<\/td>\n<td align=\"center\" valign=\"middle\" width=\"94\">4.0 (101)<\/td>\n<td align=\"center\" valign=\"middle\" width=\"85\">2.0 (50)<\/td>\n<\/tr>\n<tr>\n<td align=\"center\" valign=\"middle\" width=\"160\">MA 3305<\/td>\n<td align=\"center\" valign=\"middle\" width=\"104\">32.1 (14.56)<\/td>\n<td align=\"center\" valign=\"middle\" width=\"85\">Soldable<\/td>\n<td align=\"center\" valign=\"middle\" width=\"95\">30.0 (762)<\/td>\n<td align=\"center\" valign=\"middle\" width=\"94\">5.0 (127)<\/td>\n<td align=\"center\" valign=\"middle\" width=\"85\">3.0 (76)<\/td>\n<\/tr>\n<tr>\n<td align=\"center\" valign=\"middle\" width=\"160\">MA 3365<\/td>\n<td align=\"center\" valign=\"middle\" width=\"104\">38.3 (17.4)<\/td>\n<td align=\"center\" valign=\"middle\" width=\"85\">Soldable<\/td>\n<td align=\"center\" valign=\"middle\" width=\"95\">36.0 (914)<\/td>\n<td align=\"center\" valign=\"middle\" width=\"94\">5.0 (127)<\/td>\n<td align=\"center\" valign=\"middle\" width=\"85\">3.0 (76)<\/td>\n<\/tr>\n<tr>\n<td align=\"center\" valign=\"middle\" width=\"160\">MA 4545<\/td>\n<td align=\"center\" valign=\"middle\" width=\"104\">98 (44.5)<\/td>\n<td align=\"center\" valign=\"middle\" width=\"85\">Soldable<\/td>\n<td align=\"center\" valign=\"middle\" width=\"95\">54.5 (1384)<\/td>\n<td align=\"center\" valign=\"middle\" width=\"94\">4.5 (114)<\/td>\n<td align=\"center\" valign=\"middle\" width=\"85\">3.75 (95)<\/td>\n<\/tr>\n<\/tbody>\n<\/table>\n<p class=\"pro-head\"><strong><span style=\"text-decoration: underline;\">\u00c1nodos de placa<\/span><\/strong><\/p>\n<table class=\"table table-responsive table-bordered\" border=\"0\" cellspacing=\"0\" cellpadding=\"0\">\n<tbody>\n<tr>\n<td align=\"center\" valign=\"middle\" width=\"160\">AZHC-2<\/td>\n<td align=\"center\" valign=\"middle\" width=\"104\">1.1 (0.5)<\/td>\n<td align=\"center\" valign=\"middle\" width=\"85\">Atornillable<\/td>\n<td align=\"center\" valign=\"middle\" width=\"95\">5.75 (146)<\/td>\n<td align=\"center\" valign=\"middle\" width=\"94\">2.75 (70)<\/td>\n<td align=\"center\" valign=\"middle\" width=\"85\">.75 (19)<\/td>\n<\/tr>\n<tr>\n<td align=\"center\" valign=\"middle\" width=\"160\">AZ1, AZHC-23,<\/td>\n<td align=\"center\" valign=\"middle\" width=\"104\">10.6 (4.82)<\/td>\n<td align=\"center\" valign=\"middle\" width=\"85\">Atornillable<\/td>\n<td align=\"center\" valign=\"middle\" width=\"95\">12.0 (304)<\/td>\n<td align=\"center\" valign=\"middle\" width=\"94\">6.0 (152)<\/td>\n<td align=\"center\" valign=\"middle\" width=\"85\">1.25 (31)<\/td>\n<\/tr>\n<tr>\n<td align=\"center\" valign=\"middle\" width=\"160\">AZ2, AZHS-23, MA 1126<\/td>\n<td align=\"center\" valign=\"middle\" width=\"104\">11.1 (5.05)<\/td>\n<td align=\"center\" valign=\"middle\" width=\"85\">Soldable<\/td>\n<td align=\"center\" valign=\"middle\" width=\"95\">12.0 (304)<\/td>\n<td align=\"center\" valign=\"middle\" width=\"94\">6.0 (152)<\/td>\n<td align=\"center\" valign=\"middle\" width=\"85\">1.25 (31)<\/td>\n<\/tr>\n<tr>\n<td align=\"center\" valign=\"middle\" width=\"160\">AZHC-47<\/td>\n<td align=\"center\" valign=\"middle\" width=\"104\">18.1 (8.23)<\/td>\n<td align=\"center\" valign=\"middle\" width=\"85\">Atornillable<\/td>\n<td align=\"center\" valign=\"middle\" width=\"95\">12.0 (304)<\/td>\n<td align=\"center\" valign=\"middle\" width=\"94\">6.0 (152)<\/td>\n<td align=\"center\" valign=\"middle\" width=\"85\">2.5 (64)<\/td>\n<\/tr>\n<tr>\n<td align=\"center\" valign=\"middle\" width=\"160\">AZHS-47<\/td>\n<td align=\"center\" valign=\"middle\" width=\"104\">18.1 (8.23<\/td>\n<td align=\"center\" valign=\"middle\" width=\"85\">Soldable<\/td>\n<td align=\"center\" valign=\"middle\" width=\"95\">12.0 (304)<\/td>\n<td align=\"center\" valign=\"middle\" width=\"94\">6.0 (152)<\/td>\n<td align=\"center\" valign=\"middle\" width=\"85\">2.5 (64)<\/td>\n<\/tr>\n<\/tbody>\n<\/table>\n<p class=\"pro-head\"><strong><span style=\"text-decoration: underline;\">\u00c1nodos de aluminio semi-aerodin\u00e1micos<\/span><\/strong><\/p>\n<table class=\"table table-responsive table-bordered\" border=\"0\" width=\"623\" cellspacing=\"0\" cellpadding=\"0\">\n<tbody>\n<tr>\n<td class=\"head\" align=\"center\" valign=\"middle\" width=\"160\">N.\u00ba de tipo<\/td>\n<td class=\"head\" align=\"center\" valign=\"middle\" width=\"104\">Peso nominal<br \/>\nLibras (kg)<\/td>\n<td class=\"head\" align=\"center\" valign=\"middle\" width=\"85\">Montaje<\/td>\n<td class=\"head\" align=\"center\" valign=\"middle\" width=\"95\">A &#8211; Longitud<br \/>\nPulgadas (mm)<\/td>\n<td class=\"head\" align=\"center\" valign=\"middle\" width=\"94\">B &#8211; Ancho<br \/>\nPulgadas (mm)<\/td>\n<td class=\"head\" align=\"center\" valign=\"middle\" width=\"85\">C &#8211; Profundidad<br \/>\nPulgadas (mm)<\/td>\n<\/tr>\n<tr>\n<td align=\"center\" valign=\"middle\" width=\"160\">AZ3 or AZSS<\/td>\n<td align=\"center\" valign=\"middle\" width=\"104\">5.0 (2.25)<\/td>\n<td align=\"center\" valign=\"middle\" width=\"85\">Soldable<\/td>\n<td align=\"center\" valign=\"middle\" width=\"95\">12.0 (304)<\/td>\n<td align=\"center\" valign=\"middle\" width=\"94\">3.0 (76)<\/td>\n<td align=\"center\" valign=\"middle\" width=\"85\">1.25 (31)<\/td>\n<\/tr>\n<tr>\n<td align=\"center\" valign=\"middle\" width=\"160\">AZ4<\/td>\n<td align=\"center\" valign=\"middle\" width=\"104\">2.1 (.95)<\/td>\n<td align=\"center\" valign=\"middle\" width=\"85\">Soldable<\/td>\n<td align=\"center\" valign=\"middle\" width=\"95\">6.0 (152)<\/td>\n<td align=\"center\" valign=\"middle\" width=\"94\">3.5 (88)<\/td>\n<td align=\"center\" valign=\"middle\" width=\"85\">1.0 (25)<\/td>\n<\/tr>\n<tr>\n<td align=\"center\" valign=\"middle\" width=\"160\">AZ6<\/td>\n<td align=\"center\" valign=\"middle\" width=\"104\">1.3 (.60)<\/td>\n<td align=\"center\" valign=\"middle\" width=\"85\">Soldable<\/td>\n<td align=\"center\" valign=\"middle\" width=\"95\">5.0 (127)<\/td>\n<td align=\"center\" valign=\"middle\" width=\"94\">2.5 (63)<\/td>\n<td align=\"center\" valign=\"middle\" width=\"85\">1.0 (25)<\/td>\n<\/tr>\n<tr>\n<td align=\"center\" valign=\"middle\" width=\"160\">AZ19<\/td>\n<td align=\"center\" valign=\"middle\" width=\"104\">10.0 (4.55)<\/td>\n<td align=\"center\" valign=\"middle\" width=\"85\">Soldable<\/td>\n<td align=\"center\" valign=\"middle\" width=\"95\">25.0 (635)<\/td>\n<td align=\"center\" valign=\"middle\" width=\"94\">3.125 (79)<\/td>\n<td align=\"center\" valign=\"middle\" width=\"85\">1.25 (31)<\/td>\n<\/tr>\n<tr>\n<td align=\"center\" valign=\"middle\" width=\"160\">AZC-5<\/td>\n<td align=\"center\" valign=\"middle\" width=\"104\">1.8 (.82)<\/td>\n<td align=\"center\" valign=\"middle\" width=\"85\">Soldable<\/td>\n<td align=\"center\" valign=\"middle\" width=\"95\">9.0 (228)<\/td>\n<td align=\"center\" valign=\"middle\" width=\"94\">2.25 (57)<\/td>\n<td align=\"center\" valign=\"middle\" width=\"85\">1.25 (31)<\/td>\n<\/tr>\n<tr>\n<td align=\"center\" valign=\"middle\" width=\"160\">AZC-7<\/td>\n<td align=\"center\" valign=\"middle\" width=\"104\">3.0 (1.35)<\/td>\n<td align=\"center\" valign=\"middle\" width=\"85\">Soldable<\/td>\n<td align=\"center\" valign=\"middle\" width=\"95\">9.0 (228)<\/td>\n<td align=\"center\" valign=\"middle\" width=\"94\">2.25 (57)<\/td>\n<td align=\"center\" valign=\"middle\" width=\"85\">1.625 (41)<\/td>\n<\/tr>\n<tr>\n<td align=\"center\" valign=\"middle\" width=\"160\">AZ3B<\/td>\n<td align=\"center\" valign=\"middle\" width=\"104\">5.0 (2.25)<\/td>\n<td align=\"center\" valign=\"middle\" width=\"85\">Atornillable<\/td>\n<td align=\"center\" valign=\"middle\" width=\"95\">12.0 (304)<\/td>\n<td align=\"center\" valign=\"middle\" width=\"94\">3.0 (76)<\/td>\n<td align=\"center\" valign=\"middle\" width=\"85\">1.25 (31)<\/td>\n<\/tr>\n<tr>\n<td align=\"center\" valign=\"middle\" width=\"160\">AZ15B<\/td>\n<td align=\"center\" valign=\"middle\" width=\"104\">6.1 (2.76)<\/td>\n<td align=\"center\" valign=\"middle\" width=\"85\">Atornillable<\/td>\n<td align=\"center\" valign=\"middle\" width=\"95\">18.0 (457)<\/td>\n<td align=\"center\" valign=\"middle\" width=\"94\">3.0 (76)<\/td>\n<td align=\"center\" valign=\"middle\" width=\"85\">1.5 (38)<\/td>\n<\/tr>\n<tr>\n<td align=\"center\" valign=\"middle\" width=\"160\">AHT1<\/td>\n<td align=\"center\" valign=\"middle\" width=\"104\">2.3 (1.04)<\/td>\n<td align=\"center\" valign=\"middle\" width=\"85\">Peine<\/td>\n<td align=\"center\" valign=\"middle\" width=\"95\">6.0 (152)<\/td>\n<td align=\"center\" valign=\"middle\" width=\"94\">3.0 (76)<\/td>\n<td align=\"center\" valign=\"middle\" width=\"85\">1.5 (38)<\/td>\n<\/tr>\n<tr>\n<td align=\"center\" valign=\"middle\" width=\"160\">AZ26<\/td>\n<td align=\"center\" valign=\"middle\" width=\"104\">10.8 (4.90)<\/td>\n<td align=\"center\" valign=\"middle\" width=\"85\">Soldable<\/td>\n<td align=\"center\" valign=\"middle\" width=\"95\">13.5 (343)<\/td>\n<td align=\"center\" valign=\"middle\" width=\"94\">4.5 (114)<\/td>\n<td align=\"center\" valign=\"middle\" width=\"85\">2.25 (57)<\/td>\n<\/tr>\n<\/tbody>\n<\/table>\n<p class=\"pro-head\"><strong><span style=\"text-decoration: underline;\">\u00c1nodos de aluminio aerodin\u00e1micos<\/span><\/strong><\/p>\n<table class=\"table table-responsive table-bordered\" border=\"0\" width=\"623\" cellspacing=\"0\" cellpadding=\"0\">\n<tbody>\n<tr>\n<td class=\"head\" align=\"center\" valign=\"middle\" width=\"160\">N.\u00ba de tipo<\/td>\n<td class=\"head\" align=\"center\" valign=\"middle\" width=\"104\">Peso nominal<br \/>\nLibras (kg)<\/td>\n<td class=\"head\" align=\"center\" valign=\"middle\" width=\"85\">Montaje<\/td>\n<td class=\"head\" align=\"center\" valign=\"middle\" width=\"95\">A &#8211; Longitud<br \/>\nPulgadas (mm)<\/td>\n<td class=\"head\" align=\"center\" valign=\"middle\" width=\"94\">B &#8211; Ancho<br \/>\nPulgadas (mm)<\/td>\n<td class=\"head\" align=\"center\" valign=\"middle\" width=\"85\">C &#8211; Profundidad<br \/>\nPulgadas (mm)<\/td>\n<\/tr>\n<tr>\n<td align=\"center\" valign=\"middle\" width=\"160\">AZ22<\/td>\n<td align=\"center\" valign=\"middle\" width=\"104\">11.0 (5.0)<\/td>\n<td align=\"center\" valign=\"middle\" width=\"85\">Soldable<\/td>\n<td align=\"center\" valign=\"middle\" width=\"95\">14.0 (355)<\/td>\n<td align=\"center\" valign=\"middle\" width=\"94\">6.5 (165)<\/td>\n<td align=\"center\" valign=\"middle\" width=\"85\">1.5 (38)<\/td>\n<\/tr>\n<\/tbody>\n<\/table>\n<\/div>\n<\/div>\n<p><script type=\"application\/ld+json\"> \n{\"@context\":\"https:\/\/schema.org\",\n\"@type\":\"WebPage\",\n\"url\":\"https:\/\/www.canadametal.com\/products\/aluminum-marine-anodes\/\",\n\"name\":\"Aluminum Marine Anodes - Canada Metal\",\n\"description\":\"Shop high-performance aluminum marine anodes from Canada Metal. Designed for superior corrosion protection in boats, ships, and marine equipment.\",\n\"publisher\":{\"@type\":\"Organization\",\"name\":\"Canada Metal North America\"},\n\"keywords\":\"aluminum marine anodes\"} \n<\/script><\/p>\n","protected":false},"excerpt":{"rendered":"<p>Descripci\u00f3n La corrosi\u00f3n es una amenaza constante en un entorno marino y los \u00e1nodos de aluminio son una protecci\u00f3n vital contra esta corrosi\u00f3n. Se utilizan ampliamente para prolongar la vida \u00fatil de embarcaciones comerciales, privadas y militares, as\u00ed como de estructuras marinas. Los \u00e1nodos marinos de aluminio se utilizan para la protecci\u00f3n en aplicaciones de [&hellip;]<\/p>\n","protected":false},"featured_media":4214,"template":"","product_category":[130],"class_list":["post-5885","product","type-product","status-publish","has-post-thumbnail","hentry","product_category-productos-de-aluminio"],"yoast_head":"<!-- This site is optimized with the Yoast SEO plugin v25.4 - https:\/\/yoast.com\/wordpress\/plugins\/seo\/ -->\n<title>\u00c1nodos marinos de aluminio - Canada Metal<\/title>\n<meta name=\"description\" content=\"Compre \u00e1nodos marinos de aluminio de alto rendimiento de Canada Metal. Dise\u00f1ados para ofrecer una protecci\u00f3n superior contra la corrosi\u00f3n en embarcaciones, barcos y equipos marinos.\" \/>\n<meta name=\"robots\" content=\"index, follow, max-snippet:-1, max-image-preview:large, max-video-preview:-1\" \/>\n<link rel=\"canonical\" href=\"https:\/\/www.canadametal.com\/es\/productos\/anodos-marinos-de-aluminio\/\" \/>\n<meta property=\"og:locale\" content=\"es_ES\" \/>\n<meta property=\"og:type\" content=\"article\" \/>\n<meta property=\"og:title\" content=\"\u00c1nodos marinos de aluminio - Canada Metal\" \/>\n<meta property=\"og:description\" content=\"Compre \u00e1nodos marinos de aluminio de alto rendimiento de Canada Metal. Dise\u00f1ados para ofrecer una protecci\u00f3n superior contra la corrosi\u00f3n en embarcaciones, barcos y equipos marinos.\" \/>\n<meta property=\"og:url\" content=\"https:\/\/www.canadametal.com\/es\/productos\/anodos-marinos-de-aluminio\/\" \/>\n<meta property=\"og:site_name\" content=\"Canada Metal\" \/>\n<meta property=\"article:modified_time\" content=\"2026-04-17T13:22:22+00:00\" \/>\n<meta property=\"og:image\" content=\"https:\/\/www.canadametal.com\/wp-content\/uploads\/2025\/06\/marine-anodes.jpg\" \/>\n\t<meta property=\"og:image:width\" content=\"1368\" \/>\n\t<meta property=\"og:image:height\" content=\"912\" \/>\n\t<meta property=\"og:image:type\" content=\"image\/jpeg\" \/>\n<meta name=\"twitter:card\" content=\"summary_large_image\" \/>\n<meta name=\"twitter:label1\" content=\"Tiempo de lectura\" \/>\n\t<meta name=\"twitter:data1\" content=\"3 minutos\" \/>\n<!-- \/ Yoast SEO plugin. -->","yoast_head_json":{"title":"\u00c1nodos marinos de aluminio - Canada Metal","description":"Compre \u00e1nodos marinos de aluminio de alto rendimiento de Canada Metal. Dise\u00f1ados para ofrecer una protecci\u00f3n superior contra la corrosi\u00f3n en embarcaciones, barcos y equipos marinos.","robots":{"index":"index","follow":"follow","max-snippet":"max-snippet:-1","max-image-preview":"max-image-preview:large","max-video-preview":"max-video-preview:-1"},"canonical":"https:\/\/www.canadametal.com\/es\/productos\/anodos-marinos-de-aluminio\/","og_locale":"es_ES","og_type":"article","og_title":"\u00c1nodos marinos de aluminio - Canada Metal","og_description":"Compre \u00e1nodos marinos de aluminio de alto rendimiento de Canada Metal. Dise\u00f1ados para ofrecer una protecci\u00f3n superior contra la corrosi\u00f3n en embarcaciones, barcos y equipos marinos.","og_url":"https:\/\/www.canadametal.com\/es\/productos\/anodos-marinos-de-aluminio\/","og_site_name":"Canada Metal","article_modified_time":"2026-04-17T13:22:22+00:00","og_image":[{"width":1368,"height":912,"url":"https:\/\/www.canadametal.com\/wp-content\/uploads\/2025\/06\/marine-anodes.jpg","type":"image\/jpeg"}],"twitter_card":"summary_large_image","twitter_misc":{"Tiempo de lectura":"3 minutos"},"schema":{"@context":"https:\/\/schema.org","@graph":[{"@type":"WebPage","@id":"https:\/\/www.canadametal.com\/es\/productos\/anodos-marinos-de-aluminio\/","url":"https:\/\/www.canadametal.com\/es\/productos\/anodos-marinos-de-aluminio\/","name":"\u00c1nodos marinos de aluminio - Canada Metal","isPartOf":{"@id":"https:\/\/www.canadametal.com\/es\/#website"},"primaryImageOfPage":{"@id":"https:\/\/www.canadametal.com\/es\/productos\/anodos-marinos-de-aluminio\/#primaryimage"},"image":{"@id":"https:\/\/www.canadametal.com\/es\/productos\/anodos-marinos-de-aluminio\/#primaryimage"},"thumbnailUrl":"https:\/\/www.canadametal.com\/wp-content\/uploads\/2025\/06\/marine-anodes.jpg","datePublished":"2026-04-17T12:48:48+00:00","dateModified":"2026-04-17T13:22:22+00:00","description":"Compre \u00e1nodos marinos de aluminio de alto rendimiento de Canada Metal. Dise\u00f1ados para ofrecer una protecci\u00f3n superior contra la corrosi\u00f3n en embarcaciones, barcos y equipos marinos.","breadcrumb":{"@id":"https:\/\/www.canadametal.com\/es\/productos\/anodos-marinos-de-aluminio\/#breadcrumb"},"inLanguage":"es","potentialAction":[{"@type":"ReadAction","target":["https:\/\/www.canadametal.com\/es\/productos\/anodos-marinos-de-aluminio\/"]}]},{"@type":"ImageObject","inLanguage":"es","@id":"https:\/\/www.canadametal.com\/es\/productos\/anodos-marinos-de-aluminio\/#primaryimage","url":"https:\/\/www.canadametal.com\/wp-content\/uploads\/2025\/06\/marine-anodes.jpg","contentUrl":"https:\/\/www.canadametal.com\/wp-content\/uploads\/2025\/06\/marine-anodes.jpg","width":1368,"height":912},{"@type":"BreadcrumbList","@id":"https:\/\/www.canadametal.com\/es\/productos\/anodos-marinos-de-aluminio\/#breadcrumb","itemListElement":[{"@type":"ListItem","position":1,"name":"Home","item":"https:\/\/www.canadametal.com\/es\/"},{"@type":"ListItem","position":2,"name":"Products","item":"https:\/\/www.canadametal.com\/es\/products\/"},{"@type":"ListItem","position":3,"name":"\u00c1nodos marinos de aluminio"}]},{"@type":"WebSite","@id":"https:\/\/www.canadametal.com\/es\/#website","url":"https:\/\/www.canadametal.com\/es\/","name":"Canada Metal","description":"Lead Suppliers, Lead Ingots | Canada Metal North America","publisher":{"@id":"https:\/\/www.canadametal.com\/es\/#organization"},"potentialAction":[{"@type":"SearchAction","target":{"@type":"EntryPoint","urlTemplate":"https:\/\/www.canadametal.com\/es\/?s={search_term_string}"},"query-input":{"@type":"PropertyValueSpecification","valueRequired":true,"valueName":"search_term_string"}}],"inLanguage":"es"},{"@type":"Organization","@id":"https:\/\/www.canadametal.com\/es\/#organization","name":"Canada Metal","url":"https:\/\/www.canadametal.com\/es\/","logo":{"@type":"ImageObject","inLanguage":"es","@id":"https:\/\/www.canadametal.com\/es\/#\/schema\/logo\/image\/","url":"https:\/\/www.canadametal.com\/wp-content\/uploads\/2025\/10\/cropped-N299.3-16-CMNA-Radiation-Shielding-1_1-1.png","contentUrl":"https:\/\/www.canadametal.com\/wp-content\/uploads\/2025\/10\/cropped-N299.3-16-CMNA-Radiation-Shielding-1_1-1.png","width":1754,"height":155,"caption":"Canada Metal"},"image":{"@id":"https:\/\/www.canadametal.com\/es\/#\/schema\/logo\/image\/"}}]}},"_links":{"self":[{"href":"https:\/\/www.canadametal.com\/es\/wp-json\/wp\/v2\/product\/5885","targetHints":{"allow":["GET"]}}],"collection":[{"href":"https:\/\/www.canadametal.com\/es\/wp-json\/wp\/v2\/product"}],"about":[{"href":"https:\/\/www.canadametal.com\/es\/wp-json\/wp\/v2\/types\/product"}],"wp:featuredmedia":[{"embeddable":true,"href":"https:\/\/www.canadametal.com\/es\/wp-json\/wp\/v2\/media\/4214"}],"wp:attachment":[{"href":"https:\/\/www.canadametal.com\/es\/wp-json\/wp\/v2\/media?parent=5885"}],"wp:term":[{"taxonomy":"product_category","embeddable":true,"href":"https:\/\/www.canadametal.com\/es\/wp-json\/wp\/v2\/product_category?post=5885"}],"curies":[{"name":"wp","href":"https:\/\/api.w.org\/{rel}","templated":true}]}}