{"id":5903,"date":"2026-04-21T08:55:56","date_gmt":"2026-04-21T08:55:56","guid":{"rendered":"https:\/\/www.canadametal.com\/products\/anodos-de-zinc-para-intercambiadores-de-calor\/"},"modified":"2026-04-21T08:55:56","modified_gmt":"2026-04-21T08:55:56","slug":"anodos-de-zinc-para-intercambiadores-de-calor","status":"publish","type":"product","link":"https:\/\/www.canadametal.com\/es\/productos\/anodos-de-zinc-para-intercambiadores-de-calor\/","title":{"rendered":"\u00c1nodos de zinc para intercambiadores de calor"},"content":{"rendered":"<p><strong>Descripci\u00f3n<\/strong><br \/>\nCanada Metal fabrica \u00e1nodos para intercambiadores de calor en estilo atornillable desde 2\u201d de di\u00e1metro hasta 11\u201d de di\u00e1metro y cuadrados de 6\u201d x 6\u201d.  <\/p>\n<p><strong>Aplicaciones<\/strong><br \/>\nIntercambiadores de calor<\/p>\n<p><strong>Industrias<\/strong><br \/>\nMarina<\/p>\n<p><strong>Formatos<\/strong><br \/>\nDisponible en di\u00e1metros personalizados y est\u00e1ndar y hasta 6 pies de longitud.<\/p>\n<p><script type=\"application\/ld+json\"> \n{\"@context\":\"https:\/\/schema.org\",\n\"@type\":\"WebPage\",\n\"url\":\"https:\/\/www.canadametal.com\/products\/zinc-heat-exchanger-anodes\/\",\n\"name\":\"Heat Exchanger Zinc Anodes - Canada Metal\",\n\"description\":\"Canada Metal supplies durable heat exchanger zinc anodes designed for superior corrosion protection and performance in marine and industrial heat exchangers.\",\n\"publisher\":{\"@type\":\"Organization\",\"name\":\"Canada Metal North America\"},\n\"keywords\":\"heat exchanger anodes, heat exchanger zinc anodes\"} \n<\/script><\/p>\n","protected":false},"excerpt":{"rendered":"<p>Descripci\u00f3n Canada Metal fabrica \u00e1nodos para intercambiadores de calor en estilo atornillable desde 2\u201d de di\u00e1metro hasta 11\u201d de di\u00e1metro y cuadrados de 6\u201d x 6\u201d. Aplicaciones Intercambiadores de calor Industrias Marina Formatos Disponible en di\u00e1metros personalizados y est\u00e1ndar y hasta 6 pies de longitud.<\/p>\n","protected":false},"featured_media":4214,"template":"","product_category":[123],"class_list":["post-5903","product","type-product","status-publish","has-post-thumbnail","hentry","product_category-productos-de-zinc-es"],"yoast_head":"<!-- This site is optimized with the Yoast SEO plugin v25.4 - https:\/\/yoast.com\/wordpress\/plugins\/seo\/ -->\n<title>\u00c1nodos de zinc para intercambiadores de calor - Canada Metal<\/title>\n<meta name=\"description\" content=\"Canada Metal suministra \u00e1nodos de zinc duraderos para intercambiadores de calor, dise\u00f1ados para ofrecer una protecci\u00f3n superior contra la corrosi\u00f3n y un rendimiento \u00f3ptimo en intercambiadores de calor marinos e industriales.\" \/>\n<meta name=\"robots\" content=\"index, follow, max-snippet:-1, max-image-preview:large, max-video-preview:-1\" \/>\n<link rel=\"canonical\" href=\"https:\/\/www.canadametal.com\/es\/productos\/anodos-de-zinc-para-intercambiadores-de-calor\/\" \/>\n<meta property=\"og:locale\" content=\"es_ES\" \/>\n<meta property=\"og:type\" content=\"article\" \/>\n<meta property=\"og:title\" content=\"\u00c1nodos de zinc para intercambiadores de calor - Canada Metal\" \/>\n<meta property=\"og:description\" content=\"Canada Metal suministra \u00e1nodos de zinc duraderos para intercambiadores de calor, dise\u00f1ados para ofrecer una protecci\u00f3n superior contra la corrosi\u00f3n y un rendimiento \u00f3ptimo en intercambiadores de calor marinos e industriales.\" \/>\n<meta property=\"og:url\" content=\"https:\/\/www.canadametal.com\/es\/productos\/anodos-de-zinc-para-intercambiadores-de-calor\/\" \/>\n<meta property=\"og:site_name\" content=\"Canada Metal\" \/>\n<meta property=\"og:image\" content=\"https:\/\/www.canadametal.com\/wp-content\/uploads\/2025\/06\/marine-anodes.jpg\" \/>\n\t<meta property=\"og:image:width\" content=\"1368\" \/>\n\t<meta property=\"og:image:height\" content=\"912\" \/>\n\t<meta property=\"og:image:type\" content=\"image\/jpeg\" \/>\n<meta name=\"twitter:card\" content=\"summary_large_image\" \/>\n<!-- \/ Yoast SEO plugin. -->","yoast_head_json":{"title":"\u00c1nodos de zinc para intercambiadores de calor - Canada Metal","description":"Canada Metal suministra \u00e1nodos de zinc duraderos para intercambiadores de calor, dise\u00f1ados para ofrecer una protecci\u00f3n superior contra la corrosi\u00f3n y un rendimiento \u00f3ptimo en intercambiadores de calor marinos e industriales.","robots":{"index":"index","follow":"follow","max-snippet":"max-snippet:-1","max-image-preview":"max-image-preview:large","max-video-preview":"max-video-preview:-1"},"canonical":"https:\/\/www.canadametal.com\/es\/productos\/anodos-de-zinc-para-intercambiadores-de-calor\/","og_locale":"es_ES","og_type":"article","og_title":"\u00c1nodos de zinc para intercambiadores de calor - Canada Metal","og_description":"Canada Metal suministra \u00e1nodos de zinc duraderos para intercambiadores de calor, dise\u00f1ados para ofrecer una protecci\u00f3n superior contra la corrosi\u00f3n y un rendimiento \u00f3ptimo en intercambiadores de calor marinos e industriales.","og_url":"https:\/\/www.canadametal.com\/es\/productos\/anodos-de-zinc-para-intercambiadores-de-calor\/","og_site_name":"Canada Metal","og_image":[{"width":1368,"height":912,"url":"https:\/\/www.canadametal.com\/wp-content\/uploads\/2025\/06\/marine-anodes.jpg","type":"image\/jpeg"}],"twitter_card":"summary_large_image","schema":{"@context":"https:\/\/schema.org","@graph":[{"@type":"WebPage","@id":"https:\/\/www.canadametal.com\/es\/productos\/anodos-de-zinc-para-intercambiadores-de-calor\/","url":"https:\/\/www.canadametal.com\/es\/productos\/anodos-de-zinc-para-intercambiadores-de-calor\/","name":"\u00c1nodos de zinc para intercambiadores de calor - Canada Metal","isPartOf":{"@id":"https:\/\/www.canadametal.com\/es\/#website"},"primaryImageOfPage":{"@id":"https:\/\/www.canadametal.com\/es\/productos\/anodos-de-zinc-para-intercambiadores-de-calor\/#primaryimage"},"image":{"@id":"https:\/\/www.canadametal.com\/es\/productos\/anodos-de-zinc-para-intercambiadores-de-calor\/#primaryimage"},"thumbnailUrl":"https:\/\/www.canadametal.com\/wp-content\/uploads\/2025\/06\/marine-anodes.jpg","datePublished":"2026-04-21T08:55:56+00:00","description":"Canada Metal suministra \u00e1nodos de zinc duraderos para intercambiadores de calor, dise\u00f1ados para ofrecer una protecci\u00f3n superior contra la corrosi\u00f3n y un rendimiento \u00f3ptimo en intercambiadores de calor marinos e industriales.","breadcrumb":{"@id":"https:\/\/www.canadametal.com\/es\/productos\/anodos-de-zinc-para-intercambiadores-de-calor\/#breadcrumb"},"inLanguage":"es","potentialAction":[{"@type":"ReadAction","target":["https:\/\/www.canadametal.com\/es\/productos\/anodos-de-zinc-para-intercambiadores-de-calor\/"]}]},{"@type":"ImageObject","inLanguage":"es","@id":"https:\/\/www.canadametal.com\/es\/productos\/anodos-de-zinc-para-intercambiadores-de-calor\/#primaryimage","url":"https:\/\/www.canadametal.com\/wp-content\/uploads\/2025\/06\/marine-anodes.jpg","contentUrl":"https:\/\/www.canadametal.com\/wp-content\/uploads\/2025\/06\/marine-anodes.jpg","width":1368,"height":912},{"@type":"BreadcrumbList","@id":"https:\/\/www.canadametal.com\/es\/productos\/anodos-de-zinc-para-intercambiadores-de-calor\/#breadcrumb","itemListElement":[{"@type":"ListItem","position":1,"name":"Home","item":"https:\/\/www.canadametal.com\/es\/"},{"@type":"ListItem","position":2,"name":"Products","item":"https:\/\/www.canadametal.com\/es\/products\/"},{"@type":"ListItem","position":3,"name":"\u00c1nodos de zinc para intercambiadores de calor"}]},{"@type":"WebSite","@id":"https:\/\/www.canadametal.com\/es\/#website","url":"https:\/\/www.canadametal.com\/es\/","name":"Canada Metal","description":"Lead Suppliers, Lead Ingots | Canada Metal North America","publisher":{"@id":"https:\/\/www.canadametal.com\/es\/#organization"},"potentialAction":[{"@type":"SearchAction","target":{"@type":"EntryPoint","urlTemplate":"https:\/\/www.canadametal.com\/es\/?s={search_term_string}"},"query-input":{"@type":"PropertyValueSpecification","valueRequired":true,"valueName":"search_term_string"}}],"inLanguage":"es"},{"@type":"Organization","@id":"https:\/\/www.canadametal.com\/es\/#organization","name":"Canada Metal","url":"https:\/\/www.canadametal.com\/es\/","logo":{"@type":"ImageObject","inLanguage":"es","@id":"https:\/\/www.canadametal.com\/es\/#\/schema\/logo\/image\/","url":"https:\/\/www.canadametal.com\/wp-content\/uploads\/2025\/10\/cropped-N299.3-16-CMNA-Radiation-Shielding-1_1-1.png","contentUrl":"https:\/\/www.canadametal.com\/wp-content\/uploads\/2025\/10\/cropped-N299.3-16-CMNA-Radiation-Shielding-1_1-1.png","width":1754,"height":155,"caption":"Canada Metal"},"image":{"@id":"https:\/\/www.canadametal.com\/es\/#\/schema\/logo\/image\/"}}]}},"_links":{"self":[{"href":"https:\/\/www.canadametal.com\/es\/wp-json\/wp\/v2\/product\/5903","targetHints":{"allow":["GET"]}}],"collection":[{"href":"https:\/\/www.canadametal.com\/es\/wp-json\/wp\/v2\/product"}],"about":[{"href":"https:\/\/www.canadametal.com\/es\/wp-json\/wp\/v2\/types\/product"}],"wp:featuredmedia":[{"embeddable":true,"href":"https:\/\/www.canadametal.com\/es\/wp-json\/wp\/v2\/media\/4214"}],"wp:attachment":[{"href":"https:\/\/www.canadametal.com\/es\/wp-json\/wp\/v2\/media?parent=5903"}],"wp:term":[{"taxonomy":"product_category","embeddable":true,"href":"https:\/\/www.canadametal.com\/es\/wp-json\/wp\/v2\/product_category?post=5903"}],"curies":[{"name":"wp","href":"https:\/\/api.w.org\/{rel}","templated":true}]}}