{"id":4409,"date":"2025-07-07T14:43:41","date_gmt":"2025-07-07T14:43:41","guid":{"rendered":"https:\/\/canadametal.com\/merci-de-votre-attention-2\/"},"modified":"2025-07-07T14:43:41","modified_gmt":"2025-07-07T14:43:41","slug":"merci-de-votre-attention-2","status":"publish","type":"page","link":"https:\/\/www.canadametal.com\/fr\/merci\/","title":{"rendered":"Merci de votre attention."},"content":{"rendered":"<p>Merci de nous avoir contact\u00e9s. Nous avons bien re\u00e7u votre message et nous vous contacterons dans les plus brefs d\u00e9lais. <\/p>\n","protected":false},"excerpt":{"rendered":"<p>Merci de nous avoir contact\u00e9s. Nous avons bien re\u00e7u votre message et nous vous contacterons dans les plus brefs d\u00e9lais.<\/p>\n","protected":false},"author":1,"featured_media":0,"parent":0,"menu_order":0,"comment_status":"closed","ping_status":"closed","template":"","meta":{"_themeisle_gutenberg_block_has_review":false,"footnotes":""},"class_list":["post-4409","page","type-page","status-publish","hentry"],"yoast_head":"<!-- This site is optimized with the Yoast SEO plugin v25.4 - https:\/\/yoast.com\/wordpress\/plugins\/seo\/ -->\n<title>Merci de votre attention. - Canada Metal<\/title>\n<meta name=\"robots\" content=\"index, follow, max-snippet:-1, max-image-preview:large, max-video-preview:-1\" \/>\n<link rel=\"canonical\" href=\"https:\/\/www.canadametal.com\/fr\/merci\/\" \/>\n<meta property=\"og:locale\" content=\"fr_FR\" \/>\n<meta property=\"og:type\" content=\"article\" \/>\n<meta property=\"og:title\" content=\"Merci de votre attention. - Canada Metal\" \/>\n<meta property=\"og:description\" content=\"Merci de nous avoir contact\u00e9s. Nous avons bien re\u00e7u votre message et nous vous contacterons dans les plus brefs d\u00e9lais.\" \/>\n<meta property=\"og:url\" content=\"https:\/\/www.canadametal.com\/fr\/merci\/\" \/>\n<meta property=\"og:site_name\" content=\"Canada Metal\" \/>\n<meta name=\"twitter:card\" content=\"summary_large_image\" \/>\n<!-- \/ Yoast SEO plugin. -->","yoast_head_json":{"title":"Merci de votre attention. - Canada Metal","robots":{"index":"index","follow":"follow","max-snippet":"max-snippet:-1","max-image-preview":"max-image-preview:large","max-video-preview":"max-video-preview:-1"},"canonical":"https:\/\/www.canadametal.com\/fr\/merci\/","og_locale":"fr_FR","og_type":"article","og_title":"Merci de votre attention. - Canada Metal","og_description":"Merci de nous avoir contact\u00e9s. Nous avons bien re\u00e7u votre message et nous vous contacterons dans les plus brefs d\u00e9lais.","og_url":"https:\/\/www.canadametal.com\/fr\/merci\/","og_site_name":"Canada Metal","twitter_card":"summary_large_image","schema":{"@context":"https:\/\/schema.org","@graph":[{"@type":"WebPage","@id":"https:\/\/www.canadametal.com\/fr\/merci\/","url":"https:\/\/www.canadametal.com\/fr\/merci\/","name":"Merci de votre attention. - Canada Metal","isPartOf":{"@id":"https:\/\/www.canadametal.com\/fr\/#website"},"datePublished":"2025-07-07T14:43:41+00:00","breadcrumb":{"@id":"https:\/\/www.canadametal.com\/fr\/merci\/#breadcrumb"},"inLanguage":"fr-FR","potentialAction":[{"@type":"ReadAction","target":["https:\/\/www.canadametal.com\/fr\/merci\/"]}]},{"@type":"BreadcrumbList","@id":"https:\/\/www.canadametal.com\/fr\/merci\/#breadcrumb","itemListElement":[{"@type":"ListItem","position":1,"name":"Home","item":"https:\/\/www.canadametal.com\/fr\/"},{"@type":"ListItem","position":2,"name":"Merci de votre attention."}]},{"@type":"WebSite","@id":"https:\/\/www.canadametal.com\/fr\/#website","url":"https:\/\/www.canadametal.com\/fr\/","name":"Canada Metal","description":"Lead Suppliers, Lead Ingots | Canada Metal North America","publisher":{"@id":"https:\/\/www.canadametal.com\/fr\/#organization"},"potentialAction":[{"@type":"SearchAction","target":{"@type":"EntryPoint","urlTemplate":"https:\/\/www.canadametal.com\/fr\/?s={search_term_string}"},"query-input":{"@type":"PropertyValueSpecification","valueRequired":true,"valueName":"search_term_string"}}],"inLanguage":"fr-FR"},{"@type":"Organization","@id":"https:\/\/www.canadametal.com\/fr\/#organization","name":"Canada Metal","url":"https:\/\/www.canadametal.com\/fr\/","logo":{"@type":"ImageObject","inLanguage":"fr-FR","@id":"https:\/\/www.canadametal.com\/fr\/#\/schema\/logo\/image\/","url":"https:\/\/www.canadametal.com\/wp-content\/uploads\/2025\/10\/cropped-N299.3-16-CMNA-Radiation-Shielding-1_1-1.png","contentUrl":"https:\/\/www.canadametal.com\/wp-content\/uploads\/2025\/10\/cropped-N299.3-16-CMNA-Radiation-Shielding-1_1-1.png","width":1754,"height":155,"caption":"Canada Metal"},"image":{"@id":"https:\/\/www.canadametal.com\/fr\/#\/schema\/logo\/image\/"}}]}},"_links":{"self":[{"href":"https:\/\/www.canadametal.com\/fr\/wp-json\/wp\/v2\/pages\/4409","targetHints":{"allow":["GET"]}}],"collection":[{"href":"https:\/\/www.canadametal.com\/fr\/wp-json\/wp\/v2\/pages"}],"about":[{"href":"https:\/\/www.canadametal.com\/fr\/wp-json\/wp\/v2\/types\/page"}],"author":[{"embeddable":true,"href":"https:\/\/www.canadametal.com\/fr\/wp-json\/wp\/v2\/users\/1"}],"replies":[{"embeddable":true,"href":"https:\/\/www.canadametal.com\/fr\/wp-json\/wp\/v2\/comments?post=4409"}],"version-history":[{"count":0,"href":"https:\/\/www.canadametal.com\/fr\/wp-json\/wp\/v2\/pages\/4409\/revisions"}],"wp:attachment":[{"href":"https:\/\/www.canadametal.com\/fr\/wp-json\/wp\/v2\/media?parent=4409"}],"curies":[{"name":"wp","href":"https:\/\/api.w.org\/{rel}","templated":true}]}}