{"id":4423,"date":"2025-06-23T12:52:59","date_gmt":"2025-06-23T12:52:59","guid":{"rendered":"https:\/\/canadametal.com\/industries\/"},"modified":"2025-06-23T12:52:59","modified_gmt":"2025-06-23T12:52:59","slug":"industries","status":"publish","type":"page","link":"https:\/\/www.canadametal.com\/fr\/industries\/","title":{"rendered":"Industries"},"content":{"rendered":"","protected":false},"excerpt":{"rendered":"","protected":false},"author":1,"featured_media":0,"parent":0,"menu_order":0,"comment_status":"closed","ping_status":"closed","template":"templates\/archive-industries.php","meta":{"_themeisle_gutenberg_block_has_review":false,"footnotes":""},"class_list":["post-4423","page","type-page","status-publish","hentry"],"yoast_head":"<!-- This site is optimized with the Yoast SEO plugin v25.4 - https:\/\/yoast.com\/wordpress\/plugins\/seo\/ -->\n<title>Industries | Blogue sur les m\u00e9taux au Canada<\/title>\n<meta name=\"description\" content=\"Canada Metal r\u00e9pond aux exigences en mati\u00e8re de m\u00e9tal d&#039;un large \u00e9ventail d&#039;industries telles que les contrepoids en plomb, les solins en plomb, les feuilles de cadmium, les solins en plomb et plus encore.\" \/>\n<meta name=\"robots\" content=\"index, follow, max-snippet:-1, max-image-preview:large, max-video-preview:-1\" \/>\n<link rel=\"canonical\" href=\"https:\/\/www.canadametal.com\/fr\/industries\/\" \/>\n<meta property=\"og:locale\" content=\"fr_FR\" \/>\n<meta property=\"og:type\" content=\"article\" \/>\n<meta property=\"og:title\" content=\"Industries | Blogue sur les m\u00e9taux au Canada\" \/>\n<meta property=\"og:description\" content=\"Canada Metal r\u00e9pond aux exigences en mati\u00e8re de m\u00e9tal d&#039;un large \u00e9ventail d&#039;industries telles que les contrepoids en plomb, les solins en plomb, les feuilles de cadmium, les solins en plomb et plus encore.\" \/>\n<meta property=\"og:url\" content=\"https:\/\/www.canadametal.com\/fr\/industries\/\" \/>\n<meta property=\"og:site_name\" content=\"Canada Metal\" \/>\n<meta name=\"twitter:card\" content=\"summary_large_image\" \/>\n<!-- \/ Yoast SEO plugin. -->","yoast_head_json":{"title":"Industries | Blogue sur les m\u00e9taux au Canada","description":"Canada Metal r\u00e9pond aux exigences en mati\u00e8re de m\u00e9tal d'un large \u00e9ventail d'industries telles que les contrepoids en plomb, les solins en plomb, les feuilles de cadmium, les solins en plomb et plus encore.","robots":{"index":"index","follow":"follow","max-snippet":"max-snippet:-1","max-image-preview":"max-image-preview:large","max-video-preview":"max-video-preview:-1"},"canonical":"https:\/\/www.canadametal.com\/fr\/industries\/","og_locale":"fr_FR","og_type":"article","og_title":"Industries | Blogue sur les m\u00e9taux au Canada","og_description":"Canada Metal r\u00e9pond aux exigences en mati\u00e8re de m\u00e9tal d'un large \u00e9ventail d'industries telles que les contrepoids en plomb, les solins en plomb, les feuilles de cadmium, les solins en plomb et plus encore.","og_url":"https:\/\/www.canadametal.com\/fr\/industries\/","og_site_name":"Canada Metal","twitter_card":"summary_large_image","schema":{"@context":"https:\/\/schema.org","@graph":[{"@type":"WebPage","@id":"https:\/\/www.canadametal.com\/fr\/industries\/","url":"https:\/\/www.canadametal.com\/fr\/industries\/","name":"Industries | Blogue sur les m\u00e9taux au Canada","isPartOf":{"@id":"https:\/\/www.canadametal.com\/fr\/#website"},"datePublished":"2025-06-23T12:52:59+00:00","description":"Canada Metal r\u00e9pond aux exigences en mati\u00e8re de m\u00e9tal d'un large \u00e9ventail d'industries telles que les contrepoids en plomb, les solins en plomb, les feuilles de cadmium, les solins en plomb et plus encore.","breadcrumb":{"@id":"https:\/\/www.canadametal.com\/fr\/industries\/#breadcrumb"},"inLanguage":"fr-FR","potentialAction":[{"@type":"ReadAction","target":["https:\/\/www.canadametal.com\/fr\/industries\/"]}]},{"@type":"BreadcrumbList","@id":"https:\/\/www.canadametal.com\/fr\/industries\/#breadcrumb","itemListElement":[{"@type":"ListItem","position":1,"name":"Home","item":"https:\/\/www.canadametal.com\/fr\/"},{"@type":"ListItem","position":2,"name":"Industries"}]},{"@type":"WebSite","@id":"https:\/\/www.canadametal.com\/fr\/#website","url":"https:\/\/www.canadametal.com\/fr\/","name":"Canada Metal","description":"Lead Suppliers, Lead Ingots | Canada Metal North America","publisher":{"@id":"https:\/\/www.canadametal.com\/fr\/#organization"},"potentialAction":[{"@type":"SearchAction","target":{"@type":"EntryPoint","urlTemplate":"https:\/\/www.canadametal.com\/fr\/?s={search_term_string}"},"query-input":{"@type":"PropertyValueSpecification","valueRequired":true,"valueName":"search_term_string"}}],"inLanguage":"fr-FR"},{"@type":"Organization","@id":"https:\/\/www.canadametal.com\/fr\/#organization","name":"Canada Metal","url":"https:\/\/www.canadametal.com\/fr\/","logo":{"@type":"ImageObject","inLanguage":"fr-FR","@id":"https:\/\/www.canadametal.com\/fr\/#\/schema\/logo\/image\/","url":"https:\/\/www.canadametal.com\/wp-content\/uploads\/2025\/10\/cropped-N299.3-16-CMNA-Radiation-Shielding-1_1-1.png","contentUrl":"https:\/\/www.canadametal.com\/wp-content\/uploads\/2025\/10\/cropped-N299.3-16-CMNA-Radiation-Shielding-1_1-1.png","width":1754,"height":155,"caption":"Canada Metal"},"image":{"@id":"https:\/\/www.canadametal.com\/fr\/#\/schema\/logo\/image\/"}}]}},"_links":{"self":[{"href":"https:\/\/www.canadametal.com\/fr\/wp-json\/wp\/v2\/pages\/4423","targetHints":{"allow":["GET"]}}],"collection":[{"href":"https:\/\/www.canadametal.com\/fr\/wp-json\/wp\/v2\/pages"}],"about":[{"href":"https:\/\/www.canadametal.com\/fr\/wp-json\/wp\/v2\/types\/page"}],"author":[{"embeddable":true,"href":"https:\/\/www.canadametal.com\/fr\/wp-json\/wp\/v2\/users\/1"}],"replies":[{"embeddable":true,"href":"https:\/\/www.canadametal.com\/fr\/wp-json\/wp\/v2\/comments?post=4423"}],"version-history":[{"count":0,"href":"https:\/\/www.canadametal.com\/fr\/wp-json\/wp\/v2\/pages\/4423\/revisions"}],"wp:attachment":[{"href":"https:\/\/www.canadametal.com\/fr\/wp-json\/wp\/v2\/media?parent=4423"}],"curies":[{"name":"wp","href":"https:\/\/api.w.org\/{rel}","templated":true}]}}