{"id":4431,"date":"2025-06-23T14:00:29","date_gmt":"2025-06-23T14:00:29","guid":{"rendered":"https:\/\/canadametal.com\/services\/"},"modified":"2026-04-09T11:05:59","modified_gmt":"2026-04-09T11:05:59","slug":"services","status":"publish","type":"page","link":"https:\/\/www.canadametal.com\/fr\/services\/","title":{"rendered":"Services"},"content":{"rendered":"","protected":false},"excerpt":{"rendered":"","protected":false},"author":1,"featured_media":0,"parent":0,"menu_order":0,"comment_status":"closed","ping_status":"closed","template":"templates\/services-template.php","meta":{"_themeisle_gutenberg_block_has_review":false,"footnotes":""},"class_list":["post-4431","page","type-page","status-publish","hentry"],"yoast_head":"<!-- This site is optimized with the Yoast SEO plugin v25.4 - https:\/\/yoast.com\/wordpress\/plugins\/seo\/ -->\n<title>Soudage, rev\u00eatement et remplissage au plomb \u2013 Canada Metal North America<\/title>\n<meta name=\"description\" content=\"Canada Metal offre des services de soudage, de remplissage, de rev\u00eatement, d&#039;extrusion et de laminage au plomb de haute qualit\u00e9 avec un h\u00e9ritage d&#039;expertise dans la conception, la fabrication, la r\u00e9paration et l&#039;installation.\" \/>\n<meta name=\"robots\" content=\"index, follow, max-snippet:-1, max-image-preview:large, max-video-preview:-1\" \/>\n<link rel=\"canonical\" href=\"https:\/\/www.canadametal.com\/fr\/services\/\" \/>\n<meta property=\"og:locale\" content=\"fr_FR\" \/>\n<meta property=\"og:type\" content=\"article\" \/>\n<meta property=\"og:title\" content=\"Soudage, rev\u00eatement et remplissage au plomb \u2013 Canada Metal North America\" \/>\n<meta property=\"og:description\" content=\"Canada Metal offre des services de soudage, de remplissage, de rev\u00eatement, d&#039;extrusion et de laminage au plomb de haute qualit\u00e9 avec un h\u00e9ritage d&#039;expertise dans la conception, la fabrication, la r\u00e9paration et l&#039;installation.\" \/>\n<meta property=\"og:url\" content=\"https:\/\/www.canadametal.com\/fr\/services\/\" \/>\n<meta property=\"og:site_name\" content=\"Canada Metal\" \/>\n<meta property=\"article:modified_time\" content=\"2026-04-09T11:05:59+00:00\" \/>\n<meta name=\"twitter:card\" content=\"summary_large_image\" \/>\n<!-- \/ Yoast SEO plugin. -->","yoast_head_json":{"title":"Soudage, rev\u00eatement et remplissage au plomb \u2013 Canada Metal North America","description":"Canada Metal offre des services de soudage, de remplissage, de rev\u00eatement, d'extrusion et de laminage au plomb de haute qualit\u00e9 avec un h\u00e9ritage d'expertise dans la conception, la fabrication, la r\u00e9paration et l'installation.","robots":{"index":"index","follow":"follow","max-snippet":"max-snippet:-1","max-image-preview":"max-image-preview:large","max-video-preview":"max-video-preview:-1"},"canonical":"https:\/\/www.canadametal.com\/fr\/services\/","og_locale":"fr_FR","og_type":"article","og_title":"Soudage, rev\u00eatement et remplissage au plomb \u2013 Canada Metal North America","og_description":"Canada Metal offre des services de soudage, de remplissage, de rev\u00eatement, d'extrusion et de laminage au plomb de haute qualit\u00e9 avec un h\u00e9ritage d'expertise dans la conception, la fabrication, la r\u00e9paration et l'installation.","og_url":"https:\/\/www.canadametal.com\/fr\/services\/","og_site_name":"Canada Metal","article_modified_time":"2026-04-09T11:05:59+00:00","twitter_card":"summary_large_image","schema":{"@context":"https:\/\/schema.org","@graph":[{"@type":"WebPage","@id":"https:\/\/www.canadametal.com\/fr\/services\/","url":"https:\/\/www.canadametal.com\/fr\/services\/","name":"Soudage, rev\u00eatement et remplissage au plomb \u2013 Canada Metal North America","isPartOf":{"@id":"https:\/\/www.canadametal.com\/fr\/#website"},"datePublished":"2025-06-23T14:00:29+00:00","dateModified":"2026-04-09T11:05:59+00:00","description":"Canada Metal offre des services de soudage, de remplissage, de rev\u00eatement, d'extrusion et de laminage au plomb de haute qualit\u00e9 avec un h\u00e9ritage d'expertise dans la conception, la fabrication, la r\u00e9paration et l'installation.","breadcrumb":{"@id":"https:\/\/www.canadametal.com\/fr\/services\/#breadcrumb"},"inLanguage":"fr-FR","potentialAction":[{"@type":"ReadAction","target":["https:\/\/www.canadametal.com\/fr\/services\/"]}]},{"@type":"BreadcrumbList","@id":"https:\/\/www.canadametal.com\/fr\/services\/#breadcrumb","itemListElement":[{"@type":"ListItem","position":1,"name":"Home","item":"https:\/\/www.canadametal.com\/fr\/"},{"@type":"ListItem","position":2,"name":"Services"}]},{"@type":"WebSite","@id":"https:\/\/www.canadametal.com\/fr\/#website","url":"https:\/\/www.canadametal.com\/fr\/","name":"Canada Metal","description":"Lead Suppliers, Lead Ingots | Canada Metal North America","publisher":{"@id":"https:\/\/www.canadametal.com\/fr\/#organization"},"potentialAction":[{"@type":"SearchAction","target":{"@type":"EntryPoint","urlTemplate":"https:\/\/www.canadametal.com\/fr\/?s={search_term_string}"},"query-input":{"@type":"PropertyValueSpecification","valueRequired":true,"valueName":"search_term_string"}}],"inLanguage":"fr-FR"},{"@type":"Organization","@id":"https:\/\/www.canadametal.com\/fr\/#organization","name":"Canada Metal","url":"https:\/\/www.canadametal.com\/fr\/","logo":{"@type":"ImageObject","inLanguage":"fr-FR","@id":"https:\/\/www.canadametal.com\/fr\/#\/schema\/logo\/image\/","url":"https:\/\/www.canadametal.com\/wp-content\/uploads\/2025\/10\/cropped-N299.3-16-CMNA-Radiation-Shielding-1_1-1.png","contentUrl":"https:\/\/www.canadametal.com\/wp-content\/uploads\/2025\/10\/cropped-N299.3-16-CMNA-Radiation-Shielding-1_1-1.png","width":1754,"height":155,"caption":"Canada Metal"},"image":{"@id":"https:\/\/www.canadametal.com\/fr\/#\/schema\/logo\/image\/"}}]}},"_links":{"self":[{"href":"https:\/\/www.canadametal.com\/fr\/wp-json\/wp\/v2\/pages\/4431","targetHints":{"allow":["GET"]}}],"collection":[{"href":"https:\/\/www.canadametal.com\/fr\/wp-json\/wp\/v2\/pages"}],"about":[{"href":"https:\/\/www.canadametal.com\/fr\/wp-json\/wp\/v2\/types\/page"}],"author":[{"embeddable":true,"href":"https:\/\/www.canadametal.com\/fr\/wp-json\/wp\/v2\/users\/1"}],"replies":[{"embeddable":true,"href":"https:\/\/www.canadametal.com\/fr\/wp-json\/wp\/v2\/comments?post=4431"}],"version-history":[{"count":3,"href":"https:\/\/www.canadametal.com\/fr\/wp-json\/wp\/v2\/pages\/4431\/revisions"}],"predecessor-version":[{"id":5821,"href":"https:\/\/www.canadametal.com\/fr\/wp-json\/wp\/v2\/pages\/4431\/revisions\/5821"}],"wp:attachment":[{"href":"https:\/\/www.canadametal.com\/fr\/wp-json\/wp\/v2\/media?parent=4431"}],"curies":[{"name":"wp","href":"https:\/\/api.w.org\/{rel}","templated":true}]}}