{"id":4432,"date":"2025-06-23T13:48:57","date_gmt":"2025-06-23T13:48:57","guid":{"rendered":"https:\/\/canadametal.com\/solutions-uniques\/"},"modified":"2025-07-19T07:50:40","modified_gmt":"2025-07-19T07:50:40","slug":"solutions-uniques","status":"publish","type":"page","link":"https:\/\/www.canadametal.com\/fr\/solutions-sur-mesure\/","title":{"rendered":"Solutions sur mesure"},"content":{"rendered":"<p>Aucune t\u00e2che n\u2019est \u00e0 l\u2019\u00e9preuve de l\u2019\u00e9quipe de Canada Metal. L\u2019exp\u00e9rience et l\u2019expertise dont nous disposons nous permettent d\u2019offrir des solutions novatrices incomparables \u00e0 nos clients pour satisfaire leurs besoins complexes et exigeants. Nous avons compris que rien ne fonctionne \u00e0 tous les coups. C\u2019est pour cette raison que nous \u00e9laborons sur mesure des solutions de pr\u00e9cision uniques en leur genre et que nous les testons. Cela nous permet de garantir des r\u00e9sultats plus que satisfaisants dans les environnements les plus rudes.<\/p>\n<p>\u00cates-vous confront\u00e9 \u00e0 un probl\u00e8me? Nos professionnels collaboreront \u00e9troitement avec vous de la conception \u00e0 la livraison. Communiquez avec nous au 800 363-7110, ou 514-327-2011 pour que nous puissions d\u00e9terminer comment vous venir en aide.<\/p>\n","protected":false},"excerpt":{"rendered":"<p>Aucune t\u00e2che n\u2019est \u00e0 l\u2019\u00e9preuve de l\u2019\u00e9quipe de Canada Metal. L\u2019exp\u00e9rience et l\u2019expertise dont nous disposons nous permettent d\u2019offrir des solutions novatrices incomparables \u00e0 nos clients pour satisfaire leurs besoins complexes et exigeants. Nous avons compris que rien ne fonctionne \u00e0 tous les coups. C\u2019est pour cette raison que nous \u00e9laborons sur mesure des solutions [&hellip;]<\/p>\n","protected":false},"author":1,"featured_media":0,"parent":0,"menu_order":0,"comment_status":"closed","ping_status":"closed","template":"","meta":{"_themeisle_gutenberg_block_has_review":false,"footnotes":""},"class_list":["post-4432","page","type-page","status-publish","hentry"],"yoast_head":"<!-- This site is optimized with the Yoast SEO plugin v25.4 - https:\/\/yoast.com\/wordpress\/plugins\/seo\/ -->\n<title>Produits personnalis\u00e9s et uniques \u00e0 base de leads<\/title>\n<meta name=\"description\" content=\"Nous disposons de l\u2019exp\u00e9rience, de l\u2019expertise et des machines n\u00e9cessaires pour fournir des solutions personnalis\u00e9es et uniques pour toutes les exigences des produits et services \u00e0 base de plomb.\" \/>\n<meta name=\"robots\" content=\"index, follow, max-snippet:-1, max-image-preview:large, max-video-preview:-1\" \/>\n<link rel=\"canonical\" href=\"https:\/\/www.canadametal.com\/fr\/solutions-sur-mesure\/\" \/>\n<meta property=\"og:locale\" content=\"fr_FR\" \/>\n<meta property=\"og:type\" content=\"article\" \/>\n<meta property=\"og:title\" content=\"Produits personnalis\u00e9s et uniques \u00e0 base de leads\" \/>\n<meta property=\"og:description\" content=\"Nous disposons de l\u2019exp\u00e9rience, de l\u2019expertise et des machines n\u00e9cessaires pour fournir des solutions personnalis\u00e9es et uniques pour toutes les exigences des produits et services \u00e0 base de plomb.\" \/>\n<meta property=\"og:url\" content=\"https:\/\/www.canadametal.com\/fr\/solutions-sur-mesure\/\" \/>\n<meta property=\"og:site_name\" content=\"Canada Metal\" \/>\n<meta property=\"article:modified_time\" content=\"2025-07-19T07:50:40+00:00\" \/>\n<meta name=\"twitter:card\" content=\"summary_large_image\" \/>\n<meta name=\"twitter:label1\" content=\"Dur\u00e9e de lecture estim\u00e9e\" \/>\n\t<meta name=\"twitter:data1\" content=\"1 minute\" \/>\n<!-- \/ Yoast SEO plugin. -->","yoast_head_json":{"title":"Produits personnalis\u00e9s et uniques \u00e0 base de leads","description":"Nous disposons de l\u2019exp\u00e9rience, de l\u2019expertise et des machines n\u00e9cessaires pour fournir des solutions personnalis\u00e9es et uniques pour toutes les exigences des produits et services \u00e0 base de plomb.","robots":{"index":"index","follow":"follow","max-snippet":"max-snippet:-1","max-image-preview":"max-image-preview:large","max-video-preview":"max-video-preview:-1"},"canonical":"https:\/\/www.canadametal.com\/fr\/solutions-sur-mesure\/","og_locale":"fr_FR","og_type":"article","og_title":"Produits personnalis\u00e9s et uniques \u00e0 base de leads","og_description":"Nous disposons de l\u2019exp\u00e9rience, de l\u2019expertise et des machines n\u00e9cessaires pour fournir des solutions personnalis\u00e9es et uniques pour toutes les exigences des produits et services \u00e0 base de plomb.","og_url":"https:\/\/www.canadametal.com\/fr\/solutions-sur-mesure\/","og_site_name":"Canada Metal","article_modified_time":"2025-07-19T07:50:40+00:00","twitter_card":"summary_large_image","twitter_misc":{"Dur\u00e9e de lecture estim\u00e9e":"1 minute"},"schema":{"@context":"https:\/\/schema.org","@graph":[{"@type":"WebPage","@id":"https:\/\/www.canadametal.com\/fr\/solutions-sur-mesure\/","url":"https:\/\/www.canadametal.com\/fr\/solutions-sur-mesure\/","name":"Produits personnalis\u00e9s et uniques \u00e0 base de leads","isPartOf":{"@id":"https:\/\/www.canadametal.com\/fr\/#website"},"datePublished":"2025-06-23T13:48:57+00:00","dateModified":"2025-07-19T07:50:40+00:00","description":"Nous disposons de l\u2019exp\u00e9rience, de l\u2019expertise et des machines n\u00e9cessaires pour fournir des solutions personnalis\u00e9es et uniques pour toutes les exigences des produits et services \u00e0 base de plomb.","breadcrumb":{"@id":"https:\/\/www.canadametal.com\/fr\/solutions-sur-mesure\/#breadcrumb"},"inLanguage":"fr-FR","potentialAction":[{"@type":"ReadAction","target":["https:\/\/www.canadametal.com\/fr\/solutions-sur-mesure\/"]}]},{"@type":"BreadcrumbList","@id":"https:\/\/www.canadametal.com\/fr\/solutions-sur-mesure\/#breadcrumb","itemListElement":[{"@type":"ListItem","position":1,"name":"Home","item":"https:\/\/www.canadametal.com\/fr\/"},{"@type":"ListItem","position":2,"name":"Solutions sur mesure"}]},{"@type":"WebSite","@id":"https:\/\/www.canadametal.com\/fr\/#website","url":"https:\/\/www.canadametal.com\/fr\/","name":"Canada Metal","description":"Lead Suppliers, Lead Ingots | Canada Metal North America","publisher":{"@id":"https:\/\/www.canadametal.com\/fr\/#organization"},"potentialAction":[{"@type":"SearchAction","target":{"@type":"EntryPoint","urlTemplate":"https:\/\/www.canadametal.com\/fr\/?s={search_term_string}"},"query-input":{"@type":"PropertyValueSpecification","valueRequired":true,"valueName":"search_term_string"}}],"inLanguage":"fr-FR"},{"@type":"Organization","@id":"https:\/\/www.canadametal.com\/fr\/#organization","name":"Canada Metal","url":"https:\/\/www.canadametal.com\/fr\/","logo":{"@type":"ImageObject","inLanguage":"fr-FR","@id":"https:\/\/www.canadametal.com\/fr\/#\/schema\/logo\/image\/","url":"https:\/\/www.canadametal.com\/wp-content\/uploads\/2025\/10\/cropped-N299.3-16-CMNA-Radiation-Shielding-1_1-1.png","contentUrl":"https:\/\/www.canadametal.com\/wp-content\/uploads\/2025\/10\/cropped-N299.3-16-CMNA-Radiation-Shielding-1_1-1.png","width":1754,"height":155,"caption":"Canada Metal"},"image":{"@id":"https:\/\/www.canadametal.com\/fr\/#\/schema\/logo\/image\/"}}]}},"_links":{"self":[{"href":"https:\/\/www.canadametal.com\/fr\/wp-json\/wp\/v2\/pages\/4432","targetHints":{"allow":["GET"]}}],"collection":[{"href":"https:\/\/www.canadametal.com\/fr\/wp-json\/wp\/v2\/pages"}],"about":[{"href":"https:\/\/www.canadametal.com\/fr\/wp-json\/wp\/v2\/types\/page"}],"author":[{"embeddable":true,"href":"https:\/\/www.canadametal.com\/fr\/wp-json\/wp\/v2\/users\/1"}],"replies":[{"embeddable":true,"href":"https:\/\/www.canadametal.com\/fr\/wp-json\/wp\/v2\/comments?post=4432"}],"version-history":[{"count":1,"href":"https:\/\/www.canadametal.com\/fr\/wp-json\/wp\/v2\/pages\/4432\/revisions"}],"predecessor-version":[{"id":4530,"href":"https:\/\/www.canadametal.com\/fr\/wp-json\/wp\/v2\/pages\/4432\/revisions\/4530"}],"wp:attachment":[{"href":"https:\/\/www.canadametal.com\/fr\/wp-json\/wp\/v2\/media?parent=4432"}],"curies":[{"name":"wp","href":"https:\/\/api.w.org\/{rel}","templated":true}]}}