{"id":4438,"date":"2025-06-23T14:06:00","date_gmt":"2025-06-23T14:06:00","guid":{"rendered":"https:\/\/canadametal.com\/ressources\/"},"modified":"2026-04-09T11:16:25","modified_gmt":"2026-04-09T11:16:25","slug":"ressources","status":"publish","type":"page","link":"https:\/\/www.canadametal.com\/fr\/ressources\/","title":{"rendered":"Ressources"},"content":{"rendered":"","protected":false},"excerpt":{"rendered":"","protected":false},"author":1,"featured_media":0,"parent":0,"menu_order":0,"comment_status":"closed","ping_status":"closed","template":"templates\/resources-template.php","meta":{"_themeisle_gutenberg_block_has_review":false,"footnotes":""},"class_list":["post-4438","page","type-page","status-publish","hentry"],"yoast_head":"<!-- This site is optimized with the Yoast SEO plugin v25.4 - https:\/\/yoast.com\/wordpress\/plugins\/seo\/ -->\n<title>Utilisations et informations techniques sur les m\u00e9taux<\/title>\n<meta name=\"description\" content=\"Lisez les ressources d&#039;\u00e9tude sur divers m\u00e9taux, leurs utilisations et informations techniques. Ces donn\u00e9es sont utilis\u00e9es par les industries de fabrication de produits m\u00e9talliques.\" \/>\n<meta name=\"robots\" content=\"index, follow, max-snippet:-1, max-image-preview:large, max-video-preview:-1\" \/>\n<link rel=\"canonical\" href=\"https:\/\/www.canadametal.com\/fr\/ressources\/\" \/>\n<meta property=\"og:locale\" content=\"fr_FR\" \/>\n<meta property=\"og:type\" content=\"article\" \/>\n<meta property=\"og:title\" content=\"Utilisations et informations techniques sur les m\u00e9taux\" \/>\n<meta property=\"og:description\" content=\"Lisez les ressources d&#039;\u00e9tude sur divers m\u00e9taux, leurs utilisations et informations techniques. Ces donn\u00e9es sont utilis\u00e9es par les industries de fabrication de produits m\u00e9talliques.\" \/>\n<meta property=\"og:url\" content=\"https:\/\/www.canadametal.com\/fr\/ressources\/\" \/>\n<meta property=\"og:site_name\" content=\"Canada Metal\" \/>\n<meta property=\"article:modified_time\" content=\"2026-04-09T11:16:25+00:00\" \/>\n<meta name=\"twitter:card\" content=\"summary_large_image\" \/>\n<!-- \/ Yoast SEO plugin. -->","yoast_head_json":{"title":"Utilisations et informations techniques sur les m\u00e9taux","description":"Lisez les ressources d'\u00e9tude sur divers m\u00e9taux, leurs utilisations et informations techniques. Ces donn\u00e9es sont utilis\u00e9es par les industries de fabrication de produits m\u00e9talliques.","robots":{"index":"index","follow":"follow","max-snippet":"max-snippet:-1","max-image-preview":"max-image-preview:large","max-video-preview":"max-video-preview:-1"},"canonical":"https:\/\/www.canadametal.com\/fr\/ressources\/","og_locale":"fr_FR","og_type":"article","og_title":"Utilisations et informations techniques sur les m\u00e9taux","og_description":"Lisez les ressources d'\u00e9tude sur divers m\u00e9taux, leurs utilisations et informations techniques. Ces donn\u00e9es sont utilis\u00e9es par les industries de fabrication de produits m\u00e9talliques.","og_url":"https:\/\/www.canadametal.com\/fr\/ressources\/","og_site_name":"Canada Metal","article_modified_time":"2026-04-09T11:16:25+00:00","twitter_card":"summary_large_image","schema":{"@context":"https:\/\/schema.org","@graph":[{"@type":"WebPage","@id":"https:\/\/www.canadametal.com\/fr\/ressources\/","url":"https:\/\/www.canadametal.com\/fr\/ressources\/","name":"Utilisations et informations techniques sur les m\u00e9taux","isPartOf":{"@id":"https:\/\/www.canadametal.com\/fr\/#website"},"datePublished":"2025-06-23T14:06:00+00:00","dateModified":"2026-04-09T11:16:25+00:00","description":"Lisez les ressources d'\u00e9tude sur divers m\u00e9taux, leurs utilisations et informations techniques. Ces donn\u00e9es sont utilis\u00e9es par les industries de fabrication de produits m\u00e9talliques.","breadcrumb":{"@id":"https:\/\/www.canadametal.com\/fr\/ressources\/#breadcrumb"},"inLanguage":"fr-FR","potentialAction":[{"@type":"ReadAction","target":["https:\/\/www.canadametal.com\/fr\/ressources\/"]}]},{"@type":"BreadcrumbList","@id":"https:\/\/www.canadametal.com\/fr\/ressources\/#breadcrumb","itemListElement":[{"@type":"ListItem","position":1,"name":"Home","item":"https:\/\/www.canadametal.com\/fr\/"},{"@type":"ListItem","position":2,"name":"Ressources"}]},{"@type":"WebSite","@id":"https:\/\/www.canadametal.com\/fr\/#website","url":"https:\/\/www.canadametal.com\/fr\/","name":"Canada Metal","description":"Lead Suppliers, Lead Ingots | Canada Metal North America","publisher":{"@id":"https:\/\/www.canadametal.com\/fr\/#organization"},"potentialAction":[{"@type":"SearchAction","target":{"@type":"EntryPoint","urlTemplate":"https:\/\/www.canadametal.com\/fr\/?s={search_term_string}"},"query-input":{"@type":"PropertyValueSpecification","valueRequired":true,"valueName":"search_term_string"}}],"inLanguage":"fr-FR"},{"@type":"Organization","@id":"https:\/\/www.canadametal.com\/fr\/#organization","name":"Canada Metal","url":"https:\/\/www.canadametal.com\/fr\/","logo":{"@type":"ImageObject","inLanguage":"fr-FR","@id":"https:\/\/www.canadametal.com\/fr\/#\/schema\/logo\/image\/","url":"https:\/\/www.canadametal.com\/wp-content\/uploads\/2025\/10\/cropped-N299.3-16-CMNA-Radiation-Shielding-1_1-1.png","contentUrl":"https:\/\/www.canadametal.com\/wp-content\/uploads\/2025\/10\/cropped-N299.3-16-CMNA-Radiation-Shielding-1_1-1.png","width":1754,"height":155,"caption":"Canada Metal"},"image":{"@id":"https:\/\/www.canadametal.com\/fr\/#\/schema\/logo\/image\/"}}]}},"_links":{"self":[{"href":"https:\/\/www.canadametal.com\/fr\/wp-json\/wp\/v2\/pages\/4438","targetHints":{"allow":["GET"]}}],"collection":[{"href":"https:\/\/www.canadametal.com\/fr\/wp-json\/wp\/v2\/pages"}],"about":[{"href":"https:\/\/www.canadametal.com\/fr\/wp-json\/wp\/v2\/types\/page"}],"author":[{"embeddable":true,"href":"https:\/\/www.canadametal.com\/fr\/wp-json\/wp\/v2\/users\/1"}],"replies":[{"embeddable":true,"href":"https:\/\/www.canadametal.com\/fr\/wp-json\/wp\/v2\/comments?post=4438"}],"version-history":[{"count":6,"href":"https:\/\/www.canadametal.com\/fr\/wp-json\/wp\/v2\/pages\/4438\/revisions"}],"predecessor-version":[{"id":5830,"href":"https:\/\/www.canadametal.com\/fr\/wp-json\/wp\/v2\/pages\/4438\/revisions\/5830"}],"wp:attachment":[{"href":"https:\/\/www.canadametal.com\/fr\/wp-json\/wp\/v2\/media?parent=4438"}],"curies":[{"name":"wp","href":"https:\/\/api.w.org\/{rel}","templated":true}]}}