{"id":4443,"date":"2025-06-23T14:33:28","date_gmt":"2025-06-23T14:33:28","guid":{"rendered":"https:\/\/canadametal.com\/contactez-nous\/"},"modified":"2026-04-13T12:35:46","modified_gmt":"2026-04-13T12:35:46","slug":"contactez-nous","status":"publish","type":"page","link":"https:\/\/www.canadametal.com\/fr\/contactez-nous\/","title":{"rendered":"Contactez-nous"},"content":{"rendered":"","protected":false},"excerpt":{"rendered":"","protected":false},"author":1,"featured_media":0,"parent":0,"menu_order":0,"comment_status":"closed","ping_status":"closed","template":"templates\/contact-us-template.php","meta":{"_themeisle_gutenberg_block_has_review":false,"footnotes":""},"class_list":["post-4443","page","type-page","status-publish","hentry"],"yoast_head":"<!-- This site is optimized with the Yoast SEO plugin v25.4 - https:\/\/yoast.com\/wordpress\/plugins\/seo\/ -->\n<title>Contactez-nous pour tous vos besoins en plomb et en m\u00e9tal | Canada Metal<\/title>\n<meta name=\"description\" content=\"Coordonn\u00e9es du si\u00e8ge social et des bureaux de vente de Canada Metal North America, le plus ancien producteur et distributeur de produits \u00e0 base de plomb.\" \/>\n<meta name=\"robots\" content=\"index, follow, max-snippet:-1, max-image-preview:large, max-video-preview:-1\" \/>\n<link rel=\"canonical\" href=\"https:\/\/www.canadametal.com\/fr\/contactez-nous\/\" \/>\n<meta property=\"og:locale\" content=\"fr_FR\" \/>\n<meta property=\"og:type\" content=\"article\" \/>\n<meta property=\"og:title\" content=\"Contactez-nous pour tous vos besoins en plomb et en m\u00e9tal | Canada Metal\" \/>\n<meta property=\"og:description\" content=\"Coordonn\u00e9es du si\u00e8ge social et des bureaux de vente de Canada Metal North America, le plus ancien producteur et distributeur de produits \u00e0 base de plomb.\" \/>\n<meta property=\"og:url\" content=\"https:\/\/www.canadametal.com\/fr\/contactez-nous\/\" \/>\n<meta property=\"og:site_name\" content=\"Canada Metal\" \/>\n<meta property=\"article:modified_time\" content=\"2026-04-13T12:35:46+00:00\" \/>\n<meta name=\"twitter:card\" content=\"summary_large_image\" \/>\n<!-- \/ Yoast SEO plugin. -->","yoast_head_json":{"title":"Contactez-nous pour tous vos besoins en plomb et en m\u00e9tal | Canada Metal","description":"Coordonn\u00e9es du si\u00e8ge social et des bureaux de vente de Canada Metal North America, le plus ancien producteur et distributeur de produits \u00e0 base de plomb.","robots":{"index":"index","follow":"follow","max-snippet":"max-snippet:-1","max-image-preview":"max-image-preview:large","max-video-preview":"max-video-preview:-1"},"canonical":"https:\/\/www.canadametal.com\/fr\/contactez-nous\/","og_locale":"fr_FR","og_type":"article","og_title":"Contactez-nous pour tous vos besoins en plomb et en m\u00e9tal | Canada Metal","og_description":"Coordonn\u00e9es du si\u00e8ge social et des bureaux de vente de Canada Metal North America, le plus ancien producteur et distributeur de produits \u00e0 base de plomb.","og_url":"https:\/\/www.canadametal.com\/fr\/contactez-nous\/","og_site_name":"Canada Metal","article_modified_time":"2026-04-13T12:35:46+00:00","twitter_card":"summary_large_image","schema":{"@context":"https:\/\/schema.org","@graph":[{"@type":"WebPage","@id":"https:\/\/www.canadametal.com\/fr\/contactez-nous\/","url":"https:\/\/www.canadametal.com\/fr\/contactez-nous\/","name":"Contactez-nous pour tous vos besoins en plomb et en m\u00e9tal | Canada Metal","isPartOf":{"@id":"https:\/\/www.canadametal.com\/fr\/#website"},"datePublished":"2025-06-23T14:33:28+00:00","dateModified":"2026-04-13T12:35:46+00:00","description":"Coordonn\u00e9es du si\u00e8ge social et des bureaux de vente de Canada Metal North America, le plus ancien producteur et distributeur de produits \u00e0 base de plomb.","breadcrumb":{"@id":"https:\/\/www.canadametal.com\/fr\/contactez-nous\/#breadcrumb"},"inLanguage":"fr-FR","potentialAction":[{"@type":"ReadAction","target":["https:\/\/www.canadametal.com\/fr\/contactez-nous\/"]}]},{"@type":"BreadcrumbList","@id":"https:\/\/www.canadametal.com\/fr\/contactez-nous\/#breadcrumb","itemListElement":[{"@type":"ListItem","position":1,"name":"Home","item":"https:\/\/www.canadametal.com\/fr\/"},{"@type":"ListItem","position":2,"name":"Contactez-nous"}]},{"@type":"WebSite","@id":"https:\/\/www.canadametal.com\/fr\/#website","url":"https:\/\/www.canadametal.com\/fr\/","name":"Canada Metal","description":"Lead Suppliers, Lead Ingots | Canada Metal North America","publisher":{"@id":"https:\/\/www.canadametal.com\/fr\/#organization"},"potentialAction":[{"@type":"SearchAction","target":{"@type":"EntryPoint","urlTemplate":"https:\/\/www.canadametal.com\/fr\/?s={search_term_string}"},"query-input":{"@type":"PropertyValueSpecification","valueRequired":true,"valueName":"search_term_string"}}],"inLanguage":"fr-FR"},{"@type":"Organization","@id":"https:\/\/www.canadametal.com\/fr\/#organization","name":"Canada Metal","url":"https:\/\/www.canadametal.com\/fr\/","logo":{"@type":"ImageObject","inLanguage":"fr-FR","@id":"https:\/\/www.canadametal.com\/fr\/#\/schema\/logo\/image\/","url":"https:\/\/www.canadametal.com\/wp-content\/uploads\/2025\/10\/cropped-N299.3-16-CMNA-Radiation-Shielding-1_1-1.png","contentUrl":"https:\/\/www.canadametal.com\/wp-content\/uploads\/2025\/10\/cropped-N299.3-16-CMNA-Radiation-Shielding-1_1-1.png","width":1754,"height":155,"caption":"Canada Metal"},"image":{"@id":"https:\/\/www.canadametal.com\/fr\/#\/schema\/logo\/image\/"}}]}},"_links":{"self":[{"href":"https:\/\/www.canadametal.com\/fr\/wp-json\/wp\/v2\/pages\/4443","targetHints":{"allow":["GET"]}}],"collection":[{"href":"https:\/\/www.canadametal.com\/fr\/wp-json\/wp\/v2\/pages"}],"about":[{"href":"https:\/\/www.canadametal.com\/fr\/wp-json\/wp\/v2\/types\/page"}],"author":[{"embeddable":true,"href":"https:\/\/www.canadametal.com\/fr\/wp-json\/wp\/v2\/users\/1"}],"replies":[{"embeddable":true,"href":"https:\/\/www.canadametal.com\/fr\/wp-json\/wp\/v2\/comments?post=4443"}],"version-history":[{"count":3,"href":"https:\/\/www.canadametal.com\/fr\/wp-json\/wp\/v2\/pages\/4443\/revisions"}],"predecessor-version":[{"id":4536,"href":"https:\/\/www.canadametal.com\/fr\/wp-json\/wp\/v2\/pages\/4443\/revisions\/4536"}],"wp:attachment":[{"href":"https:\/\/www.canadametal.com\/fr\/wp-json\/wp\/v2\/media?parent=4443"}],"curies":[{"name":"wp","href":"https:\/\/api.w.org\/{rel}","templated":true}]}}