{"id":4445,"date":"2025-06-23T10:06:18","date_gmt":"2025-06-23T10:06:18","guid":{"rendered":"https:\/\/canadametal.com\/produits\/"},"modified":"2025-07-19T13:23:55","modified_gmt":"2025-07-19T13:23:55","slug":"produits","status":"publish","type":"page","link":"https:\/\/www.canadametal.com\/fr\/produits\/","title":{"rendered":"Produits"},"content":{"rendered":"","protected":false},"excerpt":{"rendered":"","protected":false},"author":1,"featured_media":0,"parent":0,"menu_order":0,"comment_status":"closed","ping_status":"closed","template":"product-categories.php","meta":{"_themeisle_gutenberg_block_has_review":false,"footnotes":""},"class_list":["post-4445","page","type-page","status-publish","hentry"],"yoast_head":"<!-- This site is optimized with the Yoast SEO plugin v25.4 - https:\/\/yoast.com\/wordpress\/plugins\/seo\/ -->\n<title>Produits | Blogue Canada Metal<\/title>\n<meta name=\"description\" content=\"Les anodes en aluminium, les pi\u00e8ces moul\u00e9es et les feuilles de cadmium, les anodes en plomb, la soudure, les feuilles d&#039;\u00e9tain et les anodes en zinc sont produites et commercialis\u00e9es par Canada Metal North America.\" \/>\n<meta name=\"robots\" content=\"index, follow, max-snippet:-1, max-image-preview:large, max-video-preview:-1\" \/>\n<link rel=\"canonical\" href=\"https:\/\/www.canadametal.com\/fr\/produits\/\" \/>\n<meta property=\"og:locale\" content=\"fr_FR\" \/>\n<meta property=\"og:type\" content=\"article\" \/>\n<meta property=\"og:title\" content=\"Produits | Blogue Canada Metal\" \/>\n<meta property=\"og:description\" content=\"Les anodes en aluminium, les pi\u00e8ces moul\u00e9es et les feuilles de cadmium, les anodes en plomb, la soudure, les feuilles d&#039;\u00e9tain et les anodes en zinc sont produites et commercialis\u00e9es par Canada Metal North America.\" \/>\n<meta property=\"og:url\" content=\"https:\/\/www.canadametal.com\/fr\/produits\/\" \/>\n<meta property=\"og:site_name\" content=\"Canada Metal\" \/>\n<meta property=\"article:modified_time\" content=\"2025-07-19T13:23:55+00:00\" \/>\n<meta name=\"twitter:card\" content=\"summary_large_image\" \/>\n<!-- \/ Yoast SEO plugin. -->","yoast_head_json":{"title":"Produits | Blogue Canada Metal","description":"Les anodes en aluminium, les pi\u00e8ces moul\u00e9es et les feuilles de cadmium, les anodes en plomb, la soudure, les feuilles d'\u00e9tain et les anodes en zinc sont produites et commercialis\u00e9es par Canada Metal North America.","robots":{"index":"index","follow":"follow","max-snippet":"max-snippet:-1","max-image-preview":"max-image-preview:large","max-video-preview":"max-video-preview:-1"},"canonical":"https:\/\/www.canadametal.com\/fr\/produits\/","og_locale":"fr_FR","og_type":"article","og_title":"Produits | Blogue Canada Metal","og_description":"Les anodes en aluminium, les pi\u00e8ces moul\u00e9es et les feuilles de cadmium, les anodes en plomb, la soudure, les feuilles d'\u00e9tain et les anodes en zinc sont produites et commercialis\u00e9es par Canada Metal North America.","og_url":"https:\/\/www.canadametal.com\/fr\/produits\/","og_site_name":"Canada Metal","article_modified_time":"2025-07-19T13:23:55+00:00","twitter_card":"summary_large_image","schema":{"@context":"https:\/\/schema.org","@graph":[{"@type":"WebPage","@id":"https:\/\/www.canadametal.com\/fr\/produits\/","url":"https:\/\/www.canadametal.com\/fr\/produits\/","name":"Produits | Blogue Canada Metal","isPartOf":{"@id":"https:\/\/www.canadametal.com\/fr\/#website"},"datePublished":"2025-06-23T10:06:18+00:00","dateModified":"2025-07-19T13:23:55+00:00","description":"Les anodes en aluminium, les pi\u00e8ces moul\u00e9es et les feuilles de cadmium, les anodes en plomb, la soudure, les feuilles d'\u00e9tain et les anodes en zinc sont produites et commercialis\u00e9es par Canada Metal North America.","breadcrumb":{"@id":"https:\/\/www.canadametal.com\/fr\/produits\/#breadcrumb"},"inLanguage":"fr-FR","potentialAction":[{"@type":"ReadAction","target":["https:\/\/www.canadametal.com\/fr\/produits\/"]}]},{"@type":"BreadcrumbList","@id":"https:\/\/www.canadametal.com\/fr\/produits\/#breadcrumb","itemListElement":[{"@type":"ListItem","position":1,"name":"Home","item":"https:\/\/www.canadametal.com\/fr\/"},{"@type":"ListItem","position":2,"name":"Produits"}]},{"@type":"WebSite","@id":"https:\/\/www.canadametal.com\/fr\/#website","url":"https:\/\/www.canadametal.com\/fr\/","name":"Canada Metal","description":"Lead Suppliers, Lead Ingots | Canada Metal North America","publisher":{"@id":"https:\/\/www.canadametal.com\/fr\/#organization"},"potentialAction":[{"@type":"SearchAction","target":{"@type":"EntryPoint","urlTemplate":"https:\/\/www.canadametal.com\/fr\/?s={search_term_string}"},"query-input":{"@type":"PropertyValueSpecification","valueRequired":true,"valueName":"search_term_string"}}],"inLanguage":"fr-FR"},{"@type":"Organization","@id":"https:\/\/www.canadametal.com\/fr\/#organization","name":"Canada Metal","url":"https:\/\/www.canadametal.com\/fr\/","logo":{"@type":"ImageObject","inLanguage":"fr-FR","@id":"https:\/\/www.canadametal.com\/fr\/#\/schema\/logo\/image\/","url":"https:\/\/www.canadametal.com\/wp-content\/uploads\/2025\/10\/cropped-N299.3-16-CMNA-Radiation-Shielding-1_1-1.png","contentUrl":"https:\/\/www.canadametal.com\/wp-content\/uploads\/2025\/10\/cropped-N299.3-16-CMNA-Radiation-Shielding-1_1-1.png","width":1754,"height":155,"caption":"Canada Metal"},"image":{"@id":"https:\/\/www.canadametal.com\/fr\/#\/schema\/logo\/image\/"}}]}},"_links":{"self":[{"href":"https:\/\/www.canadametal.com\/fr\/wp-json\/wp\/v2\/pages\/4445","targetHints":{"allow":["GET"]}}],"collection":[{"href":"https:\/\/www.canadametal.com\/fr\/wp-json\/wp\/v2\/pages"}],"about":[{"href":"https:\/\/www.canadametal.com\/fr\/wp-json\/wp\/v2\/types\/page"}],"author":[{"embeddable":true,"href":"https:\/\/www.canadametal.com\/fr\/wp-json\/wp\/v2\/users\/1"}],"replies":[{"embeddable":true,"href":"https:\/\/www.canadametal.com\/fr\/wp-json\/wp\/v2\/comments?post=4445"}],"version-history":[{"count":1,"href":"https:\/\/www.canadametal.com\/fr\/wp-json\/wp\/v2\/pages\/4445\/revisions"}],"predecessor-version":[{"id":4486,"href":"https:\/\/www.canadametal.com\/fr\/wp-json\/wp\/v2\/pages\/4445\/revisions\/4486"}],"wp:attachment":[{"href":"https:\/\/www.canadametal.com\/fr\/wp-json\/wp\/v2\/media?parent=4445"}],"curies":[{"name":"wp","href":"https:\/\/api.w.org\/{rel}","templated":true}]}}