{"id":4488,"date":"2025-11-12T14:55:24","date_gmt":"2025-11-12T14:55:24","guid":{"rendered":"https:\/\/canadametal.com\/?post_type=product&#038;p=4488"},"modified":"2025-12-23T12:45:55","modified_gmt":"2025-12-23T12:45:55","slug":"tin-sheet","status":"publish","type":"product","link":"https:\/\/www.canadametal.com\/fr\/produits\/feuille\/","title":{"rendered":"Feuille"},"content":{"rendered":"<p><span style=\"text-decoration: underline;\"><strong>Description<\/strong><\/span><br \/>\nCanada M\u00e9tal produit des feuilles de cadmium d\u2019\u00e9paisseur et de taille diverses.<\/p>\n<p><span style=\"text-decoration: underline;\"><strong>Applications<\/strong><\/span><br \/>\nProtection contre les rayons gamma<\/p>\n<p><span style=\"text-decoration: underline;\"><strong>Industries<\/strong><\/span><br \/>\n\u00c9nergie nucl\u00e9aire; m\u00e9decine; installations de recherche; d\u00e9fense<\/p>\n","protected":false},"excerpt":{"rendered":"<p>Description Canada M\u00e9tal produit des feuilles de cadmium d\u2019\u00e9paisseur et de taille diverses. Applications Protection contre les rayons gamma Industries \u00c9nergie nucl\u00e9aire; m\u00e9decine; installations de recherche; d\u00e9fense<\/p>\n","protected":false},"featured_media":4219,"template":"","product_category":[138],"class_list":["post-4488","product","type-product","status-publish","has-post-thumbnail","hentry","product_category-cadmium-produits"],"yoast_head":"<!-- This site is optimized with the Yoast SEO plugin v25.4 - https:\/\/yoast.com\/wordpress\/plugins\/seo\/ -->\n<title>Feuille - Canada Metal<\/title>\n<meta name=\"robots\" content=\"index, follow, max-snippet:-1, max-image-preview:large, max-video-preview:-1\" \/>\n<link rel=\"canonical\" href=\"https:\/\/www.canadametal.com\/fr\/produits\/feuille\/\" \/>\n<meta property=\"og:locale\" content=\"fr_FR\" \/>\n<meta property=\"og:type\" content=\"article\" \/>\n<meta property=\"og:title\" content=\"Feuille - Canada Metal\" \/>\n<meta property=\"og:description\" content=\"Description Canada M\u00e9tal produit des feuilles de cadmium d\u2019\u00e9paisseur et de taille diverses. Applications Protection contre les rayons gamma Industries \u00c9nergie nucl\u00e9aire; m\u00e9decine; installations de recherche; d\u00e9fense\" \/>\n<meta property=\"og:url\" content=\"https:\/\/www.canadametal.com\/fr\/produits\/feuille\/\" \/>\n<meta property=\"og:site_name\" content=\"Canada Metal\" \/>\n<meta property=\"article:modified_time\" content=\"2025-12-23T12:45:55+00:00\" \/>\n<meta property=\"og:image\" content=\"https:\/\/www.canadametal.com\/wp-content\/uploads\/2025\/06\/cadmium_product_img.png\" \/>\n\t<meta property=\"og:image:width\" content=\"336\" \/>\n\t<meta property=\"og:image:height\" content=\"314\" \/>\n\t<meta property=\"og:image:type\" content=\"image\/png\" \/>\n<meta name=\"twitter:card\" content=\"summary_large_image\" \/>\n<meta name=\"twitter:label1\" content=\"Dur\u00e9e de lecture estim\u00e9e\" \/>\n\t<meta name=\"twitter:data1\" content=\"1 minute\" \/>\n<!-- \/ Yoast SEO plugin. -->","yoast_head_json":{"title":"Feuille - Canada Metal","robots":{"index":"index","follow":"follow","max-snippet":"max-snippet:-1","max-image-preview":"max-image-preview:large","max-video-preview":"max-video-preview:-1"},"canonical":"https:\/\/www.canadametal.com\/fr\/produits\/feuille\/","og_locale":"fr_FR","og_type":"article","og_title":"Feuille - Canada Metal","og_description":"Description Canada M\u00e9tal produit des feuilles de cadmium d\u2019\u00e9paisseur et de taille diverses. Applications Protection contre les rayons gamma Industries \u00c9nergie nucl\u00e9aire; m\u00e9decine; installations de recherche; d\u00e9fense","og_url":"https:\/\/www.canadametal.com\/fr\/produits\/feuille\/","og_site_name":"Canada Metal","article_modified_time":"2025-12-23T12:45:55+00:00","og_image":[{"width":336,"height":314,"url":"https:\/\/www.canadametal.com\/wp-content\/uploads\/2025\/06\/cadmium_product_img.png","type":"image\/png"}],"twitter_card":"summary_large_image","twitter_misc":{"Dur\u00e9e de lecture estim\u00e9e":"1 minute"},"schema":{"@context":"https:\/\/schema.org","@graph":[{"@type":"WebPage","@id":"https:\/\/www.canadametal.com\/fr\/produits\/feuille\/","url":"https:\/\/www.canadametal.com\/fr\/produits\/feuille\/","name":"Feuille - Canada Metal","isPartOf":{"@id":"https:\/\/www.canadametal.com\/fr\/#website"},"primaryImageOfPage":{"@id":"https:\/\/www.canadametal.com\/fr\/produits\/feuille\/#primaryimage"},"image":{"@id":"https:\/\/www.canadametal.com\/fr\/produits\/feuille\/#primaryimage"},"thumbnailUrl":"https:\/\/www.canadametal.com\/wp-content\/uploads\/2025\/06\/cadmium_product_img.png","datePublished":"2025-11-12T14:55:24+00:00","dateModified":"2025-12-23T12:45:55+00:00","breadcrumb":{"@id":"https:\/\/www.canadametal.com\/fr\/produits\/feuille\/#breadcrumb"},"inLanguage":"fr-FR","potentialAction":[{"@type":"ReadAction","target":["https:\/\/www.canadametal.com\/fr\/produits\/feuille\/"]}]},{"@type":"ImageObject","inLanguage":"fr-FR","@id":"https:\/\/www.canadametal.com\/fr\/produits\/feuille\/#primaryimage","url":"https:\/\/www.canadametal.com\/wp-content\/uploads\/2025\/06\/cadmium_product_img.png","contentUrl":"https:\/\/www.canadametal.com\/wp-content\/uploads\/2025\/06\/cadmium_product_img.png","width":336,"height":314},{"@type":"BreadcrumbList","@id":"https:\/\/www.canadametal.com\/fr\/produits\/feuille\/#breadcrumb","itemListElement":[{"@type":"ListItem","position":1,"name":"Home","item":"https:\/\/www.canadametal.com\/fr\/"},{"@type":"ListItem","position":2,"name":"Products","item":"https:\/\/www.canadametal.com\/fr\/products\/"},{"@type":"ListItem","position":3,"name":"Feuille"}]},{"@type":"WebSite","@id":"https:\/\/www.canadametal.com\/fr\/#website","url":"https:\/\/www.canadametal.com\/fr\/","name":"Canada Metal","description":"Lead Suppliers, Lead Ingots | Canada Metal North America","publisher":{"@id":"https:\/\/www.canadametal.com\/fr\/#organization"},"potentialAction":[{"@type":"SearchAction","target":{"@type":"EntryPoint","urlTemplate":"https:\/\/www.canadametal.com\/fr\/?s={search_term_string}"},"query-input":{"@type":"PropertyValueSpecification","valueRequired":true,"valueName":"search_term_string"}}],"inLanguage":"fr-FR"},{"@type":"Organization","@id":"https:\/\/www.canadametal.com\/fr\/#organization","name":"Canada Metal","url":"https:\/\/www.canadametal.com\/fr\/","logo":{"@type":"ImageObject","inLanguage":"fr-FR","@id":"https:\/\/www.canadametal.com\/fr\/#\/schema\/logo\/image\/","url":"https:\/\/www.canadametal.com\/wp-content\/uploads\/2025\/10\/cropped-N299.3-16-CMNA-Radiation-Shielding-1_1-1.png","contentUrl":"https:\/\/www.canadametal.com\/wp-content\/uploads\/2025\/10\/cropped-N299.3-16-CMNA-Radiation-Shielding-1_1-1.png","width":1754,"height":155,"caption":"Canada Metal"},"image":{"@id":"https:\/\/www.canadametal.com\/fr\/#\/schema\/logo\/image\/"}}]}},"_links":{"self":[{"href":"https:\/\/www.canadametal.com\/fr\/wp-json\/wp\/v2\/product\/4488","targetHints":{"allow":["GET"]}}],"collection":[{"href":"https:\/\/www.canadametal.com\/fr\/wp-json\/wp\/v2\/product"}],"about":[{"href":"https:\/\/www.canadametal.com\/fr\/wp-json\/wp\/v2\/types\/product"}],"wp:featuredmedia":[{"embeddable":true,"href":"https:\/\/www.canadametal.com\/fr\/wp-json\/wp\/v2\/media\/4219"}],"wp:attachment":[{"href":"https:\/\/www.canadametal.com\/fr\/wp-json\/wp\/v2\/media?parent=4488"}],"wp:term":[{"taxonomy":"product_category","embeddable":true,"href":"https:\/\/www.canadametal.com\/fr\/wp-json\/wp\/v2\/product_category?post=4488"}],"curies":[{"name":"wp","href":"https:\/\/api.w.org\/{rel}","templated":true}]}}