{"id":4495,"date":"2025-11-12T14:55:24","date_gmt":"2025-11-12T14:55:24","guid":{"rendered":"https:\/\/canadametal.com\/?post_type=product&#038;p=4495"},"modified":"2025-12-23T12:47:05","modified_gmt":"2025-12-23T12:47:05","slug":"solin","status":"publish","type":"product","link":"https:\/\/www.canadametal.com\/fr\/produits\/solin\/","title":{"rendered":"Solin"},"content":{"rendered":"<p><span style=\"text-decoration: underline;\"><strong>Description<\/strong><\/span><br \/>\nNotre solin de plomb se retrouve parmi les mat\u00e9riaux de qualit\u00e9 sup\u00e9rieure les plus durables et \u00e0 l\u2019\u00e9preuve des intemp\u00e9ries offerts sur le march\u00e9 \u00e0 ce jour. Sa mall\u00e9abilit\u00e9, sa souplesse et sa r\u00e9sistance inh\u00e9rente \u00e0 la corrosion font de lui un mat\u00e9riau de couverture id\u00e9al. Son fini lisse et argent\u00e9 s\u2019harmonise parfaitement avec le b\u00e9ton, la brique et le verre. Disponibles en une vari\u00e9t\u00e9 d\u2019\u00e9paisseurs diff\u00e9rentes pour une livraison rapide.<\/p>\n<p><span style=\"text-decoration: underline;\"><strong>Applications<\/strong><\/span><br \/>\nCouverture<\/p>\n<p><span style=\"text-decoration: underline;\"><strong>Industries<\/strong><\/span><br \/>\nConstruction;<\/p>\n<p><span style=\"text-decoration: underline;\"><strong>Formats<\/strong><\/span><\/p>\n<table class=\"table table-responsive table-bordered\" cellspacing=\"0\" cellpadding=\"0\">\n<tbody>\n<tr>\n<td class=\"head\" colspan=\"2\" align=\"center\" valign=\"middle\">SOLIN EN PLOMB<\/td>\n<\/tr>\n<tr>\n<td class=\"head\" align=\"center\" valign=\"middle\" width=\"245\">Num\u00e9ro de l\u2019article<\/td>\n<td class=\"head\" align=\"center\" valign=\"middle\" width=\"255\">Dimensions (pouces)<\/td>\n<\/tr>\n<tr>\n<td align=\"center\" valign=\"middle\" width=\"245\">C.65.22<\/td>\n<td align=\"center\" valign=\"middle\" width=\"255\">20 x 20 x 5\/64 (5#)<\/td>\n<\/tr>\n<tr>\n<td align=\"center\" valign=\"middle\" width=\"245\">C.65.24<\/td>\n<td align=\"center\" valign=\"middle\" width=\"255\">24 X 24 X 5\/64 (5#)<\/td>\n<\/tr>\n<tr>\n<td align=\"center\" valign=\"middle\" width=\"245\">C.65.30<\/td>\n<td align=\"center\" valign=\"middle\" width=\"255\">30 X 30 X 5\/64 (5#)<\/td>\n<\/tr>\n<tr>\n<td align=\"center\" valign=\"middle\" width=\"245\">C.65.36<\/td>\n<td align=\"center\" valign=\"middle\" width=\"255\">36 X 36 x 5\/64 (5#)<\/td>\n<\/tr>\n<tr>\n<td align=\"center\" valign=\"middle\" width=\"245\">C.08.03<\/td>\n<td align=\"center\" valign=\"middle\" width=\"255\">8 x 240 x 3\/64 (3#)<\/td>\n<\/tr>\n<tr>\n<td align=\"center\" valign=\"middle\" width=\"245\">C.10.03<\/td>\n<td align=\"center\" valign=\"middle\" width=\"255\">10 x 240 x 3\/64 (3#)<\/td>\n<\/tr>\n<tr>\n<td align=\"center\" valign=\"middle\" width=\"245\">C.12.03<\/td>\n<td align=\"center\" valign=\"middle\" width=\"255\">12 x 240 x 3\/64 (3#)<\/td>\n<\/tr>\n<tr>\n<td align=\"center\" valign=\"middle\" width=\"245\">C.18.03<\/td>\n<td align=\"center\" valign=\"middle\" width=\"255\">18 x 240 x 3\/64 (3#)<\/td>\n<\/tr>\n<tr>\n<td align=\"center\" valign=\"middle\" width=\"245\">C.24.03<\/td>\n<td align=\"center\" valign=\"middle\" width=\"255\">24 x 240 x 3\/64 (3#)<\/td>\n<\/tr>\n<\/tbody>\n<\/table>\n","protected":false},"excerpt":{"rendered":"<p>Description Notre solin de plomb se retrouve parmi les mat\u00e9riaux de qualit\u00e9 sup\u00e9rieure les plus durables et \u00e0 l\u2019\u00e9preuve des intemp\u00e9ries offerts sur le march\u00e9 \u00e0 ce jour. Sa mall\u00e9abilit\u00e9, sa souplesse et sa r\u00e9sistance inh\u00e9rente \u00e0 la corrosion font de lui un mat\u00e9riau de couverture id\u00e9al. Son fini lisse et argent\u00e9 s\u2019harmonise parfaitement avec [&hellip;]<\/p>\n","protected":false},"featured_media":4347,"template":"","product_category":[139],"class_list":["post-4495","product","type-product","status-publish","has-post-thumbnail","hentry","product_category-plomb-produits"],"yoast_head":"<!-- This site is optimized with the Yoast SEO plugin v25.4 - https:\/\/yoast.com\/wordpress\/plugins\/seo\/ -->\n<title>Solin - Canada Metal<\/title>\n<meta name=\"robots\" content=\"index, follow, max-snippet:-1, max-image-preview:large, max-video-preview:-1\" \/>\n<link rel=\"canonical\" href=\"https:\/\/www.canadametal.com\/fr\/produits\/solin\/\" \/>\n<meta property=\"og:locale\" content=\"fr_FR\" \/>\n<meta property=\"og:type\" content=\"article\" \/>\n<meta property=\"og:title\" content=\"Solin - Canada Metal\" \/>\n<meta property=\"og:description\" content=\"Description Notre solin de plomb se retrouve parmi les mat\u00e9riaux de qualit\u00e9 sup\u00e9rieure les plus durables et \u00e0 l\u2019\u00e9preuve des intemp\u00e9ries offerts sur le march\u00e9 \u00e0 ce jour. Sa mall\u00e9abilit\u00e9, sa souplesse et sa r\u00e9sistance inh\u00e9rente \u00e0 la corrosion font de lui un mat\u00e9riau de couverture id\u00e9al. Son fini lisse et argent\u00e9 s\u2019harmonise parfaitement avec [&hellip;]\" \/>\n<meta property=\"og:url\" content=\"https:\/\/www.canadametal.com\/fr\/produits\/solin\/\" \/>\n<meta property=\"og:site_name\" content=\"Canada Metal\" \/>\n<meta property=\"article:modified_time\" content=\"2025-12-23T12:47:05+00:00\" \/>\n<meta property=\"og:image\" content=\"https:\/\/www.canadametal.com\/wp-content\/uploads\/2025\/07\/flashing.jpg\" \/>\n\t<meta property=\"og:image:width\" content=\"1368\" \/>\n\t<meta property=\"og:image:height\" content=\"2052\" \/>\n\t<meta property=\"og:image:type\" content=\"image\/jpeg\" \/>\n<meta name=\"twitter:card\" content=\"summary_large_image\" \/>\n<meta name=\"twitter:label1\" content=\"Dur\u00e9e de lecture estim\u00e9e\" \/>\n\t<meta name=\"twitter:data1\" content=\"1 minute\" \/>\n<!-- \/ Yoast SEO plugin. -->","yoast_head_json":{"title":"Solin - Canada Metal","robots":{"index":"index","follow":"follow","max-snippet":"max-snippet:-1","max-image-preview":"max-image-preview:large","max-video-preview":"max-video-preview:-1"},"canonical":"https:\/\/www.canadametal.com\/fr\/produits\/solin\/","og_locale":"fr_FR","og_type":"article","og_title":"Solin - Canada Metal","og_description":"Description Notre solin de plomb se retrouve parmi les mat\u00e9riaux de qualit\u00e9 sup\u00e9rieure les plus durables et \u00e0 l\u2019\u00e9preuve des intemp\u00e9ries offerts sur le march\u00e9 \u00e0 ce jour. Sa mall\u00e9abilit\u00e9, sa souplesse et sa r\u00e9sistance inh\u00e9rente \u00e0 la corrosion font de lui un mat\u00e9riau de couverture id\u00e9al. Son fini lisse et argent\u00e9 s\u2019harmonise parfaitement avec [&hellip;]","og_url":"https:\/\/www.canadametal.com\/fr\/produits\/solin\/","og_site_name":"Canada Metal","article_modified_time":"2025-12-23T12:47:05+00:00","og_image":[{"width":1368,"height":2052,"url":"https:\/\/www.canadametal.com\/wp-content\/uploads\/2025\/07\/flashing.jpg","type":"image\/jpeg"}],"twitter_card":"summary_large_image","twitter_misc":{"Dur\u00e9e de lecture estim\u00e9e":"1 minute"},"schema":{"@context":"https:\/\/schema.org","@graph":[{"@type":"WebPage","@id":"https:\/\/www.canadametal.com\/fr\/produits\/solin\/","url":"https:\/\/www.canadametal.com\/fr\/produits\/solin\/","name":"Solin - Canada Metal","isPartOf":{"@id":"https:\/\/www.canadametal.com\/fr\/#website"},"primaryImageOfPage":{"@id":"https:\/\/www.canadametal.com\/fr\/produits\/solin\/#primaryimage"},"image":{"@id":"https:\/\/www.canadametal.com\/fr\/produits\/solin\/#primaryimage"},"thumbnailUrl":"https:\/\/www.canadametal.com\/wp-content\/uploads\/2025\/07\/flashing.jpg","datePublished":"2025-11-12T14:55:24+00:00","dateModified":"2025-12-23T12:47:05+00:00","breadcrumb":{"@id":"https:\/\/www.canadametal.com\/fr\/produits\/solin\/#breadcrumb"},"inLanguage":"fr-FR","potentialAction":[{"@type":"ReadAction","target":["https:\/\/www.canadametal.com\/fr\/produits\/solin\/"]}]},{"@type":"ImageObject","inLanguage":"fr-FR","@id":"https:\/\/www.canadametal.com\/fr\/produits\/solin\/#primaryimage","url":"https:\/\/www.canadametal.com\/wp-content\/uploads\/2025\/07\/flashing.jpg","contentUrl":"https:\/\/www.canadametal.com\/wp-content\/uploads\/2025\/07\/flashing.jpg","width":1368,"height":2052},{"@type":"BreadcrumbList","@id":"https:\/\/www.canadametal.com\/fr\/produits\/solin\/#breadcrumb","itemListElement":[{"@type":"ListItem","position":1,"name":"Home","item":"https:\/\/www.canadametal.com\/fr\/"},{"@type":"ListItem","position":2,"name":"Products","item":"https:\/\/www.canadametal.com\/fr\/products\/"},{"@type":"ListItem","position":3,"name":"Solin"}]},{"@type":"WebSite","@id":"https:\/\/www.canadametal.com\/fr\/#website","url":"https:\/\/www.canadametal.com\/fr\/","name":"Canada Metal","description":"Lead Suppliers, Lead Ingots | Canada Metal North America","publisher":{"@id":"https:\/\/www.canadametal.com\/fr\/#organization"},"potentialAction":[{"@type":"SearchAction","target":{"@type":"EntryPoint","urlTemplate":"https:\/\/www.canadametal.com\/fr\/?s={search_term_string}"},"query-input":{"@type":"PropertyValueSpecification","valueRequired":true,"valueName":"search_term_string"}}],"inLanguage":"fr-FR"},{"@type":"Organization","@id":"https:\/\/www.canadametal.com\/fr\/#organization","name":"Canada Metal","url":"https:\/\/www.canadametal.com\/fr\/","logo":{"@type":"ImageObject","inLanguage":"fr-FR","@id":"https:\/\/www.canadametal.com\/fr\/#\/schema\/logo\/image\/","url":"https:\/\/www.canadametal.com\/wp-content\/uploads\/2025\/10\/cropped-N299.3-16-CMNA-Radiation-Shielding-1_1-1.png","contentUrl":"https:\/\/www.canadametal.com\/wp-content\/uploads\/2025\/10\/cropped-N299.3-16-CMNA-Radiation-Shielding-1_1-1.png","width":1754,"height":155,"caption":"Canada Metal"},"image":{"@id":"https:\/\/www.canadametal.com\/fr\/#\/schema\/logo\/image\/"}}]}},"_links":{"self":[{"href":"https:\/\/www.canadametal.com\/fr\/wp-json\/wp\/v2\/product\/4495","targetHints":{"allow":["GET"]}}],"collection":[{"href":"https:\/\/www.canadametal.com\/fr\/wp-json\/wp\/v2\/product"}],"about":[{"href":"https:\/\/www.canadametal.com\/fr\/wp-json\/wp\/v2\/types\/product"}],"wp:featuredmedia":[{"embeddable":true,"href":"https:\/\/www.canadametal.com\/fr\/wp-json\/wp\/v2\/media\/4347"}],"wp:attachment":[{"href":"https:\/\/www.canadametal.com\/fr\/wp-json\/wp\/v2\/media?parent=4495"}],"wp:term":[{"taxonomy":"product_category","embeddable":true,"href":"https:\/\/www.canadametal.com\/fr\/wp-json\/wp\/v2\/product_category?post=4495"}],"curies":[{"name":"wp","href":"https:\/\/api.w.org\/{rel}","templated":true}]}}