{"id":4501,"date":"2025-11-12T14:55:23","date_gmt":"2025-11-12T14:55:23","guid":{"rendered":"https:\/\/canadametal.com\/?post_type=product&#038;p=4501"},"modified":"2025-12-23T12:47:43","modified_gmt":"2025-12-23T12:47:43","slug":"brasure-a-largent","status":"publish","type":"product","link":"https:\/\/www.canadametal.com\/fr\/produits\/brasure-a-largent\/","title":{"rendered":"Brasure \u00e0 l\u2019argent"},"content":{"rendered":"<p><span style=\"text-decoration: underline;\"><strong>Description<\/strong><\/span><br \/>\nLes brasures d\u2019argent sans plomb de Canada M\u00e9tal se conforment \u00e0 la l\u00e9gislation sur l\u2019eau potable, qui interdit l\u2019emploi de plomb dans le brasage. Exemptes de plomb, d\u2019antimoine et de zinc, ces brasures sont offertes en plusieurs formats et masses et peuvent \u00eatre exp\u00e9di\u00e9es la journ\u00e9e m\u00eame.<\/p>\n<p><span style=\"text-decoration: underline;\"><strong>Industries<\/strong><\/span><br \/>\nPlomberie<\/p>\n<p><span style=\"text-decoration: underline;\"><strong>Formats<\/strong><\/span><br \/>\nOffertes en bobine :<\/p>\n<p>3 mm de diam\u00e8tre, 500 g 50 par bo\u00eete (25 kg), 2,5 kg 10 par bo\u00eete (25 kg), 10 kg 2 par bo\u00eete (20 kg)<\/p>\n","protected":false},"excerpt":{"rendered":"<p>Description Les brasures d\u2019argent sans plomb de Canada M\u00e9tal se conforment \u00e0 la l\u00e9gislation sur l\u2019eau potable, qui interdit l\u2019emploi de plomb dans le brasage. Exemptes de plomb, d\u2019antimoine et de zinc, ces brasures sont offertes en plusieurs formats et masses et peuvent \u00eatre exp\u00e9di\u00e9es la journ\u00e9e m\u00eame. Industries Plomberie Formats Offertes en bobine : [&hellip;]<\/p>\n","protected":false},"featured_media":4357,"template":"","product_category":[],"class_list":["post-4501","product","type-product","status-publish","has-post-thumbnail","hentry"],"yoast_head":"<!-- This site is optimized with the Yoast SEO plugin v25.4 - https:\/\/yoast.com\/wordpress\/plugins\/seo\/ -->\n<title>Brasure \u00e0 l\u2019argent - Canada Metal<\/title>\n<meta name=\"robots\" content=\"index, follow, max-snippet:-1, max-image-preview:large, max-video-preview:-1\" \/>\n<link rel=\"canonical\" href=\"https:\/\/www.canadametal.com\/fr\/produits\/brasure-a-largent\/\" \/>\n<meta property=\"og:locale\" content=\"fr_FR\" \/>\n<meta property=\"og:type\" content=\"article\" \/>\n<meta property=\"og:title\" content=\"Brasure \u00e0 l\u2019argent - Canada Metal\" \/>\n<meta property=\"og:description\" content=\"Description Les brasures d\u2019argent sans plomb de Canada M\u00e9tal se conforment \u00e0 la l\u00e9gislation sur l\u2019eau potable, qui interdit l\u2019emploi de plomb dans le brasage. Exemptes de plomb, d\u2019antimoine et de zinc, ces brasures sont offertes en plusieurs formats et masses et peuvent \u00eatre exp\u00e9di\u00e9es la journ\u00e9e m\u00eame. Industries Plomberie Formats Offertes en bobine : [&hellip;]\" \/>\n<meta property=\"og:url\" content=\"https:\/\/www.canadametal.com\/fr\/produits\/brasure-a-largent\/\" \/>\n<meta property=\"og:site_name\" content=\"Canada Metal\" \/>\n<meta property=\"article:modified_time\" content=\"2025-12-23T12:47:43+00:00\" \/>\n<meta property=\"og:image\" content=\"https:\/\/www.canadametal.com\/wp-content\/uploads\/2025\/07\/silver-solder.png\" \/>\n\t<meta property=\"og:image:width\" content=\"270\" \/>\n\t<meta property=\"og:image:height\" content=\"184\" \/>\n\t<meta property=\"og:image:type\" content=\"image\/png\" \/>\n<meta name=\"twitter:card\" content=\"summary_large_image\" \/>\n<meta name=\"twitter:label1\" content=\"Dur\u00e9e de lecture estim\u00e9e\" \/>\n\t<meta name=\"twitter:data1\" content=\"1 minute\" \/>\n<!-- \/ Yoast SEO plugin. -->","yoast_head_json":{"title":"Brasure \u00e0 l\u2019argent - Canada Metal","robots":{"index":"index","follow":"follow","max-snippet":"max-snippet:-1","max-image-preview":"max-image-preview:large","max-video-preview":"max-video-preview:-1"},"canonical":"https:\/\/www.canadametal.com\/fr\/produits\/brasure-a-largent\/","og_locale":"fr_FR","og_type":"article","og_title":"Brasure \u00e0 l\u2019argent - Canada Metal","og_description":"Description Les brasures d\u2019argent sans plomb de Canada M\u00e9tal se conforment \u00e0 la l\u00e9gislation sur l\u2019eau potable, qui interdit l\u2019emploi de plomb dans le brasage. Exemptes de plomb, d\u2019antimoine et de zinc, ces brasures sont offertes en plusieurs formats et masses et peuvent \u00eatre exp\u00e9di\u00e9es la journ\u00e9e m\u00eame. Industries Plomberie Formats Offertes en bobine : [&hellip;]","og_url":"https:\/\/www.canadametal.com\/fr\/produits\/brasure-a-largent\/","og_site_name":"Canada Metal","article_modified_time":"2025-12-23T12:47:43+00:00","og_image":[{"width":270,"height":184,"url":"https:\/\/www.canadametal.com\/wp-content\/uploads\/2025\/07\/silver-solder.png","type":"image\/png"}],"twitter_card":"summary_large_image","twitter_misc":{"Dur\u00e9e de lecture estim\u00e9e":"1 minute"},"schema":{"@context":"https:\/\/schema.org","@graph":[{"@type":"WebPage","@id":"https:\/\/www.canadametal.com\/fr\/produits\/brasure-a-largent\/","url":"https:\/\/www.canadametal.com\/fr\/produits\/brasure-a-largent\/","name":"Brasure \u00e0 l\u2019argent - Canada Metal","isPartOf":{"@id":"https:\/\/www.canadametal.com\/fr\/#website"},"primaryImageOfPage":{"@id":"https:\/\/www.canadametal.com\/fr\/produits\/brasure-a-largent\/#primaryimage"},"image":{"@id":"https:\/\/www.canadametal.com\/fr\/produits\/brasure-a-largent\/#primaryimage"},"thumbnailUrl":"https:\/\/www.canadametal.com\/wp-content\/uploads\/2025\/07\/silver-solder.png","datePublished":"2025-11-12T14:55:23+00:00","dateModified":"2025-12-23T12:47:43+00:00","breadcrumb":{"@id":"https:\/\/www.canadametal.com\/fr\/produits\/brasure-a-largent\/#breadcrumb"},"inLanguage":"fr-FR","potentialAction":[{"@type":"ReadAction","target":["https:\/\/www.canadametal.com\/fr\/produits\/brasure-a-largent\/"]}]},{"@type":"ImageObject","inLanguage":"fr-FR","@id":"https:\/\/www.canadametal.com\/fr\/produits\/brasure-a-largent\/#primaryimage","url":"https:\/\/www.canadametal.com\/wp-content\/uploads\/2025\/07\/silver-solder.png","contentUrl":"https:\/\/www.canadametal.com\/wp-content\/uploads\/2025\/07\/silver-solder.png","width":270,"height":184},{"@type":"BreadcrumbList","@id":"https:\/\/www.canadametal.com\/fr\/produits\/brasure-a-largent\/#breadcrumb","itemListElement":[{"@type":"ListItem","position":1,"name":"Home","item":"https:\/\/www.canadametal.com\/fr\/"},{"@type":"ListItem","position":2,"name":"Products","item":"https:\/\/www.canadametal.com\/fr\/products\/"},{"@type":"ListItem","position":3,"name":"Brasure \u00e0 l\u2019argent"}]},{"@type":"WebSite","@id":"https:\/\/www.canadametal.com\/fr\/#website","url":"https:\/\/www.canadametal.com\/fr\/","name":"Canada Metal","description":"Lead Suppliers, Lead Ingots | Canada Metal North America","publisher":{"@id":"https:\/\/www.canadametal.com\/fr\/#organization"},"potentialAction":[{"@type":"SearchAction","target":{"@type":"EntryPoint","urlTemplate":"https:\/\/www.canadametal.com\/fr\/?s={search_term_string}"},"query-input":{"@type":"PropertyValueSpecification","valueRequired":true,"valueName":"search_term_string"}}],"inLanguage":"fr-FR"},{"@type":"Organization","@id":"https:\/\/www.canadametal.com\/fr\/#organization","name":"Canada Metal","url":"https:\/\/www.canadametal.com\/fr\/","logo":{"@type":"ImageObject","inLanguage":"fr-FR","@id":"https:\/\/www.canadametal.com\/fr\/#\/schema\/logo\/image\/","url":"https:\/\/www.canadametal.com\/wp-content\/uploads\/2025\/10\/cropped-N299.3-16-CMNA-Radiation-Shielding-1_1-1.png","contentUrl":"https:\/\/www.canadametal.com\/wp-content\/uploads\/2025\/10\/cropped-N299.3-16-CMNA-Radiation-Shielding-1_1-1.png","width":1754,"height":155,"caption":"Canada Metal"},"image":{"@id":"https:\/\/www.canadametal.com\/fr\/#\/schema\/logo\/image\/"}}]}},"_links":{"self":[{"href":"https:\/\/www.canadametal.com\/fr\/wp-json\/wp\/v2\/product\/4501","targetHints":{"allow":["GET"]}}],"collection":[{"href":"https:\/\/www.canadametal.com\/fr\/wp-json\/wp\/v2\/product"}],"about":[{"href":"https:\/\/www.canadametal.com\/fr\/wp-json\/wp\/v2\/types\/product"}],"wp:featuredmedia":[{"embeddable":true,"href":"https:\/\/www.canadametal.com\/fr\/wp-json\/wp\/v2\/media\/4357"}],"wp:attachment":[{"href":"https:\/\/www.canadametal.com\/fr\/wp-json\/wp\/v2\/media?parent=4501"}],"wp:term":[{"taxonomy":"product_category","embeddable":true,"href":"https:\/\/www.canadametal.com\/fr\/wp-json\/wp\/v2\/product_category?post=4501"}],"curies":[{"name":"wp","href":"https:\/\/api.w.org\/{rel}","templated":true}]}}