{"id":4506,"date":"2025-11-12T14:55:23","date_gmt":"2025-11-12T14:55:23","guid":{"rendered":"https:\/\/canadametal.com\/?post_type=product&#038;p=4506"},"modified":"2025-11-12T14:55:23","modified_gmt":"2025-11-12T14:55:23","slug":"boules-de-zinc","status":"publish","type":"product","link":"https:\/\/www.canadametal.com\/fr\/products\/boules-de-zinc\/","title":{"rendered":"Boules de zinc"},"content":{"rendered":"<p><span style=\"text-decoration: underline;\"><strong>Description<\/strong><\/span><br \/>\nNos boules de zinc au dessus plat sont fabriqu\u00e9es \u00e0 partir de zinc fin et sont moul\u00e9es de mani\u00e8re \u00e0 ce qu\u2019elles soient lisses et uniformes.<\/p>\n<p><span style=\"text-decoration: underline;\"><strong>Formats<\/strong><\/span><br \/>\nOffertes avec un diam\u00e8tre de 2 pouces. (Flat Top)<\/p>\n","protected":false},"excerpt":{"rendered":"<p>Description Nos boules de zinc au dessus plat sont fabriqu\u00e9es \u00e0 partir de zinc fin et sont moul\u00e9es de mani\u00e8re \u00e0 ce qu\u2019elles soient lisses et uniformes. Formats Offertes avec un diam\u00e8tre de 2 pouces. (Flat Top)<\/p>\n","protected":false},"featured_media":4363,"template":"","product_category":[141],"class_list":["post-4506","product","type-product","status-publish","has-post-thumbnail","hentry","product_category-zinc-produits"],"yoast_head":"<!-- This site is optimized with the Yoast SEO plugin v25.4 - https:\/\/yoast.com\/wordpress\/plugins\/seo\/ -->\n<title>Boules de zinc - Canada Metal<\/title>\n<meta name=\"robots\" content=\"index, follow, max-snippet:-1, max-image-preview:large, max-video-preview:-1\" \/>\n<link rel=\"canonical\" href=\"https:\/\/www.canadametal.com\/fr\/products\/boules-de-zinc\/\" \/>\n<meta property=\"og:locale\" content=\"fr_FR\" \/>\n<meta property=\"og:type\" content=\"article\" \/>\n<meta property=\"og:title\" content=\"Boules de zinc - Canada Metal\" \/>\n<meta property=\"og:description\" content=\"Description Nos boules de zinc au dessus plat sont fabriqu\u00e9es \u00e0 partir de zinc fin et sont moul\u00e9es de mani\u00e8re \u00e0 ce qu\u2019elles soient lisses et uniformes. Formats Offertes avec un diam\u00e8tre de 2 pouces. (Flat Top)\" \/>\n<meta property=\"og:url\" content=\"https:\/\/www.canadametal.com\/fr\/products\/boules-de-zinc\/\" \/>\n<meta property=\"og:site_name\" content=\"Canada Metal\" \/>\n<meta property=\"og:image\" content=\"https:\/\/canadametal.com\/wp-content\/uploads\/2025\/07\/zinc-balls.jpg\" \/>\n\t<meta property=\"og:image:width\" content=\"600\" \/>\n\t<meta property=\"og:image:height\" content=\"450\" \/>\n\t<meta property=\"og:image:type\" content=\"image\/jpeg\" \/>\n<meta name=\"twitter:card\" content=\"summary_large_image\" \/>\n<meta name=\"twitter:label1\" content=\"Dur\u00e9e de lecture estim\u00e9e\" \/>\n\t<meta name=\"twitter:data1\" content=\"1 minute\" \/>\n<!-- \/ Yoast SEO plugin. -->","yoast_head_json":{"title":"Boules de zinc - Canada Metal","robots":{"index":"index","follow":"follow","max-snippet":"max-snippet:-1","max-image-preview":"max-image-preview:large","max-video-preview":"max-video-preview:-1"},"canonical":"https:\/\/www.canadametal.com\/fr\/products\/boules-de-zinc\/","og_locale":"fr_FR","og_type":"article","og_title":"Boules de zinc - Canada Metal","og_description":"Description Nos boules de zinc au dessus plat sont fabriqu\u00e9es \u00e0 partir de zinc fin et sont moul\u00e9es de mani\u00e8re \u00e0 ce qu\u2019elles soient lisses et uniformes. Formats Offertes avec un diam\u00e8tre de 2 pouces. (Flat Top)","og_url":"https:\/\/www.canadametal.com\/fr\/products\/boules-de-zinc\/","og_site_name":"Canada Metal","og_image":[{"width":600,"height":450,"url":"https:\/\/canadametal.com\/wp-content\/uploads\/2025\/07\/zinc-balls.jpg","type":"image\/jpeg"}],"twitter_card":"summary_large_image","twitter_misc":{"Dur\u00e9e de lecture estim\u00e9e":"1 minute"},"schema":{"@context":"https:\/\/schema.org","@graph":[{"@type":"WebPage","@id":"https:\/\/www.canadametal.com\/fr\/products\/boules-de-zinc\/","url":"https:\/\/www.canadametal.com\/fr\/products\/boules-de-zinc\/","name":"Boules de zinc - Canada Metal","isPartOf":{"@id":"https:\/\/www.canadametal.com\/fr\/#website"},"primaryImageOfPage":{"@id":"https:\/\/www.canadametal.com\/fr\/products\/boules-de-zinc\/#primaryimage"},"image":{"@id":"https:\/\/www.canadametal.com\/fr\/products\/boules-de-zinc\/#primaryimage"},"thumbnailUrl":"https:\/\/www.canadametal.com\/wp-content\/uploads\/2025\/07\/zinc-balls.jpg","datePublished":"2025-11-12T14:55:23+00:00","breadcrumb":{"@id":"https:\/\/www.canadametal.com\/fr\/products\/boules-de-zinc\/#breadcrumb"},"inLanguage":"fr-FR","potentialAction":[{"@type":"ReadAction","target":["https:\/\/www.canadametal.com\/fr\/products\/boules-de-zinc\/"]}]},{"@type":"ImageObject","inLanguage":"fr-FR","@id":"https:\/\/www.canadametal.com\/fr\/products\/boules-de-zinc\/#primaryimage","url":"https:\/\/www.canadametal.com\/wp-content\/uploads\/2025\/07\/zinc-balls.jpg","contentUrl":"https:\/\/www.canadametal.com\/wp-content\/uploads\/2025\/07\/zinc-balls.jpg","width":600,"height":450,"caption":"How Zinc Balls Improve Efficiency in Electroplating and Corrosion Protection Systems"},{"@type":"BreadcrumbList","@id":"https:\/\/www.canadametal.com\/fr\/products\/boules-de-zinc\/#breadcrumb","itemListElement":[{"@type":"ListItem","position":1,"name":"Home","item":"https:\/\/www.canadametal.com\/fr\/"},{"@type":"ListItem","position":2,"name":"Products","item":"https:\/\/www.canadametal.com\/fr\/products\/"},{"@type":"ListItem","position":3,"name":"Boules de zinc"}]},{"@type":"WebSite","@id":"https:\/\/www.canadametal.com\/fr\/#website","url":"https:\/\/www.canadametal.com\/fr\/","name":"Canada Metal","description":"Lead Suppliers, Lead Ingots | Canada Metal North America","publisher":{"@id":"https:\/\/www.canadametal.com\/fr\/#organization"},"potentialAction":[{"@type":"SearchAction","target":{"@type":"EntryPoint","urlTemplate":"https:\/\/www.canadametal.com\/fr\/?s={search_term_string}"},"query-input":{"@type":"PropertyValueSpecification","valueRequired":true,"valueName":"search_term_string"}}],"inLanguage":"fr-FR"},{"@type":"Organization","@id":"https:\/\/www.canadametal.com\/fr\/#organization","name":"Canada Metal","url":"https:\/\/www.canadametal.com\/fr\/","logo":{"@type":"ImageObject","inLanguage":"fr-FR","@id":"https:\/\/www.canadametal.com\/fr\/#\/schema\/logo\/image\/","url":"https:\/\/www.canadametal.com\/wp-content\/uploads\/2025\/10\/cropped-N299.3-16-CMNA-Radiation-Shielding-1_1-1.png","contentUrl":"https:\/\/www.canadametal.com\/wp-content\/uploads\/2025\/10\/cropped-N299.3-16-CMNA-Radiation-Shielding-1_1-1.png","width":1754,"height":155,"caption":"Canada Metal"},"image":{"@id":"https:\/\/www.canadametal.com\/fr\/#\/schema\/logo\/image\/"}}]}},"_links":{"self":[{"href":"https:\/\/www.canadametal.com\/fr\/wp-json\/wp\/v2\/product\/4506","targetHints":{"allow":["GET"]}}],"collection":[{"href":"https:\/\/www.canadametal.com\/fr\/wp-json\/wp\/v2\/product"}],"about":[{"href":"https:\/\/www.canadametal.com\/fr\/wp-json\/wp\/v2\/types\/product"}],"wp:featuredmedia":[{"embeddable":true,"href":"https:\/\/www.canadametal.com\/fr\/wp-json\/wp\/v2\/media\/4363"}],"wp:attachment":[{"href":"https:\/\/www.canadametal.com\/fr\/wp-json\/wp\/v2\/media?parent=4506"}],"wp:term":[{"taxonomy":"product_category","embeddable":true,"href":"https:\/\/www.canadametal.com\/fr\/wp-json\/wp\/v2\/product_category?post=4506"}],"curies":[{"name":"wp","href":"https:\/\/api.w.org\/{rel}","templated":true}]}}