{"id":5607,"date":"2025-12-31T11:52:44","date_gmt":"2025-12-31T11:52:44","guid":{"rendered":"https:\/\/www.canadametal.com\/products\/raccords-de-plomberie-en-plomb\/"},"modified":"2025-12-31T11:52:46","modified_gmt":"2025-12-31T11:52:46","slug":"raccords-de-plomberie-en-plomb","status":"publish","type":"product","link":"https:\/\/www.canadametal.com\/fr\/produits\/raccords-de-plomberie\/","title":{"rendered":"Raccords de plomberie en plomb"},"content":{"rendered":"<p>Description<br \/>\nCanada Metal est un fabricant et fournisseur de premier plan de manchons et coudes en plomb, avec des bagues en ABS, PVC, cuivre, laiton et fer, selon l&rsquo;application.<\/p>\n<p>Applications<br \/>\nTransport des d\u00e9chets<\/p>\n<p>Industries<br \/>\nPlomberie<\/p>\n<p>Formats<br \/>\nDisponibles dans toutes les tailles standard, et sur mesure \u00e0 la commande.<\/p>\n<p><script type=\"application\/ld+json\"> \n{\"@context\":\"https:\/\/schema.org\",\n\"@type\":\"WebPage\",\n\"url\":\"https:\/\/www.canadametal.com\/products\/plumbing-joints\/\",\n\"name\":\"Lead Plumbing Joints - Canada Metal North America\",\n\"description\":\"Canada Metal supplies high-quality lead plumbing joints for secure, long-lasting seals in piping systems. Trusted source for precision-made lead joints in Canada.\",\n\"publisher\":{\"@type\":\"Organization\",\"name\":\"Canada Metal North America\"},\n\"keywords\":\"lead plumbing joints\"} \n<\/script><\/p>\n","protected":false},"excerpt":{"rendered":"<p>Description Canada Metal est un fabricant et fournisseur de premier plan de manchons et coudes en plomb, avec des bagues en ABS, PVC, cuivre, laiton et fer, selon l&rsquo;application. Applications Transport des d\u00e9chets Industries Plomberie Formats Disponibles dans toutes les tailles standard, et sur mesure \u00e0 la commande.<\/p>\n","protected":false},"featured_media":0,"template":"","product_category":[139],"class_list":["post-5607","product","type-product","status-publish","hentry","product_category-plomb-produits"],"yoast_head":"<!-- This site is optimized with the Yoast SEO plugin v25.4 - https:\/\/yoast.com\/wordpress\/plugins\/seo\/ -->\n<title>Joints de plomberie en plomb - Canada Metal Am\u00e9rique du Nord<\/title>\n<meta name=\"description\" content=\"Canada Metal fournit des joints de plomberie en plomb de haute qualit\u00e9 pour des \u00e9tanch\u00e9it\u00e9s s\u00fbres et durables dans les syst\u00e8mes de tuyauterie. Source fiable pour des joints en plomb fabriqu\u00e9s avec pr\u00e9cision au Canada.\" \/>\n<meta name=\"robots\" content=\"index, follow, max-snippet:-1, max-image-preview:large, max-video-preview:-1\" \/>\n<link rel=\"canonical\" href=\"https:\/\/www.canadametal.com\/fr\/produits\/raccords-de-plomberie\/\" \/>\n<meta property=\"og:locale\" content=\"fr_FR\" \/>\n<meta property=\"og:type\" content=\"article\" \/>\n<meta property=\"og:title\" content=\"Joints de plomberie en plomb - Canada Metal Am\u00e9rique du Nord\" \/>\n<meta property=\"og:description\" content=\"Canada Metal fournit des joints de plomberie en plomb de haute qualit\u00e9 pour des \u00e9tanch\u00e9it\u00e9s s\u00fbres et durables dans les syst\u00e8mes de tuyauterie. Source fiable pour des joints en plomb fabriqu\u00e9s avec pr\u00e9cision au Canada.\" \/>\n<meta property=\"og:url\" content=\"https:\/\/www.canadametal.com\/fr\/produits\/raccords-de-plomberie\/\" \/>\n<meta property=\"og:site_name\" content=\"Canada Metal\" \/>\n<meta property=\"article:modified_time\" content=\"2025-12-31T11:52:46+00:00\" \/>\n<meta name=\"twitter:card\" content=\"summary_large_image\" \/>\n<!-- \/ Yoast SEO plugin. -->","yoast_head_json":{"title":"Joints de plomberie en plomb - Canada Metal Am\u00e9rique du Nord","description":"Canada Metal fournit des joints de plomberie en plomb de haute qualit\u00e9 pour des \u00e9tanch\u00e9it\u00e9s s\u00fbres et durables dans les syst\u00e8mes de tuyauterie. Source fiable pour des joints en plomb fabriqu\u00e9s avec pr\u00e9cision au Canada.","robots":{"index":"index","follow":"follow","max-snippet":"max-snippet:-1","max-image-preview":"max-image-preview:large","max-video-preview":"max-video-preview:-1"},"canonical":"https:\/\/www.canadametal.com\/fr\/produits\/raccords-de-plomberie\/","og_locale":"fr_FR","og_type":"article","og_title":"Joints de plomberie en plomb - Canada Metal Am\u00e9rique du Nord","og_description":"Canada Metal fournit des joints de plomberie en plomb de haute qualit\u00e9 pour des \u00e9tanch\u00e9it\u00e9s s\u00fbres et durables dans les syst\u00e8mes de tuyauterie. Source fiable pour des joints en plomb fabriqu\u00e9s avec pr\u00e9cision au Canada.","og_url":"https:\/\/www.canadametal.com\/fr\/produits\/raccords-de-plomberie\/","og_site_name":"Canada Metal","article_modified_time":"2025-12-31T11:52:46+00:00","twitter_card":"summary_large_image","schema":{"@context":"https:\/\/schema.org","@graph":[{"@type":"WebPage","@id":"https:\/\/www.canadametal.com\/fr\/produits\/raccords-de-plomberie\/","url":"https:\/\/www.canadametal.com\/fr\/produits\/raccords-de-plomberie\/","name":"Joints de plomberie en plomb - Canada Metal Am\u00e9rique du Nord","isPartOf":{"@id":"https:\/\/www.canadametal.com\/fr\/#website"},"datePublished":"2025-12-31T11:52:44+00:00","dateModified":"2025-12-31T11:52:46+00:00","description":"Canada Metal fournit des joints de plomberie en plomb de haute qualit\u00e9 pour des \u00e9tanch\u00e9it\u00e9s s\u00fbres et durables dans les syst\u00e8mes de tuyauterie. Source fiable pour des joints en plomb fabriqu\u00e9s avec pr\u00e9cision au Canada.","breadcrumb":{"@id":"https:\/\/www.canadametal.com\/fr\/produits\/raccords-de-plomberie\/#breadcrumb"},"inLanguage":"fr-FR","potentialAction":[{"@type":"ReadAction","target":["https:\/\/www.canadametal.com\/fr\/produits\/raccords-de-plomberie\/"]}]},{"@type":"BreadcrumbList","@id":"https:\/\/www.canadametal.com\/fr\/produits\/raccords-de-plomberie\/#breadcrumb","itemListElement":[{"@type":"ListItem","position":1,"name":"Home","item":"https:\/\/www.canadametal.com\/fr\/"},{"@type":"ListItem","position":2,"name":"Products","item":"https:\/\/www.canadametal.com\/fr\/products\/"},{"@type":"ListItem","position":3,"name":"Raccords de plomberie en plomb"}]},{"@type":"WebSite","@id":"https:\/\/www.canadametal.com\/fr\/#website","url":"https:\/\/www.canadametal.com\/fr\/","name":"Canada Metal","description":"Lead Suppliers, Lead Ingots | Canada Metal North America","publisher":{"@id":"https:\/\/www.canadametal.com\/fr\/#organization"},"potentialAction":[{"@type":"SearchAction","target":{"@type":"EntryPoint","urlTemplate":"https:\/\/www.canadametal.com\/fr\/?s={search_term_string}"},"query-input":{"@type":"PropertyValueSpecification","valueRequired":true,"valueName":"search_term_string"}}],"inLanguage":"fr-FR"},{"@type":"Organization","@id":"https:\/\/www.canadametal.com\/fr\/#organization","name":"Canada Metal","url":"https:\/\/www.canadametal.com\/fr\/","logo":{"@type":"ImageObject","inLanguage":"fr-FR","@id":"https:\/\/www.canadametal.com\/fr\/#\/schema\/logo\/image\/","url":"https:\/\/www.canadametal.com\/wp-content\/uploads\/2025\/10\/cropped-N299.3-16-CMNA-Radiation-Shielding-1_1-1.png","contentUrl":"https:\/\/www.canadametal.com\/wp-content\/uploads\/2025\/10\/cropped-N299.3-16-CMNA-Radiation-Shielding-1_1-1.png","width":1754,"height":155,"caption":"Canada Metal"},"image":{"@id":"https:\/\/www.canadametal.com\/fr\/#\/schema\/logo\/image\/"}}]}},"_links":{"self":[{"href":"https:\/\/www.canadametal.com\/fr\/wp-json\/wp\/v2\/product\/5607","targetHints":{"allow":["GET"]}}],"collection":[{"href":"https:\/\/www.canadametal.com\/fr\/wp-json\/wp\/v2\/product"}],"about":[{"href":"https:\/\/www.canadametal.com\/fr\/wp-json\/wp\/v2\/types\/product"}],"wp:attachment":[{"href":"https:\/\/www.canadametal.com\/fr\/wp-json\/wp\/v2\/media?parent=5607"}],"wp:term":[{"taxonomy":"product_category","embeddable":true,"href":"https:\/\/www.canadametal.com\/fr\/wp-json\/wp\/v2\/product_category?post=5607"}],"curies":[{"name":"wp","href":"https:\/\/api.w.org\/{rel}","templated":true}]}}