{"id":5753,"date":"2026-03-16T13:02:45","date_gmt":"2026-03-16T13:02:45","guid":{"rendered":"https:\/\/www.canadametal.com\/products\/lead-ingots\/"},"modified":"2026-04-22T08:59:12","modified_gmt":"2026-04-22T08:59:12","slug":"lead-ingots","status":"publish","type":"product","link":"https:\/\/www.canadametal.com\/fr\/produits\/lingots-de-plomb\/","title":{"rendered":"Lingots de plomb"},"content":{"rendered":"<h2>Fabricant de confiance de lingots de plomb pur au Canada<\/h2>\n<p><span style=\"font-weight: 400;\">Lorsque vos op\u00e9rations d\u00e9pendent de la constance, de la puret\u00e9 et de la performance, vous avez besoin d\u2019un fournisseur qui comprend les exigences de votre secteur. Canada Metal North America produit et distribue des lingots de plomb de haute qualit\u00e9 depuis plus d\u2019un si\u00e8cle. <\/span><\/p>\n<p><span style=\"font-weight: 400;\">Nous nous distinguons en tant que <\/span>fabricant et fournisseur reconnu de lingots de plomb pur et doux<span style=\"font-weight: 400;\"> \u00e0 travers l\u2019Am\u00e9rique du Nord. Nous livrons des lingots de plomb conformes aux normes les plus strictes et pr\u00eats \u00e0 \u00eatre utilis\u00e9s imm\u00e9diatement pour le moulage, la fabrication, les contrepoids et bien plus encore. <\/span><\/p>\n<p><span style=\"font-weight: 400;\">Que vous ayez besoin de lingots standard certifi\u00e9s ASTM ou d\u2019un alliage personnalis\u00e9, Canada Metal North America fournit des <\/span>lingots de plomb en vrac fiables \u00e0 travers l\u2019Am\u00e9rique du Nord.<\/p>\n<h2><b>Gamme de <\/b><b>lingots de plomb<\/b><\/h2>\n<p><span style=\"font-weight: 400;\">Canada Metal North America propose une large s\u00e9lection de<\/span> lingots de plomb en vrac<span style=\"font-weight: 400;\"> pour r\u00e9pondre aux besoins de diff\u00e9rentes industries et applications :<\/span><\/p>\n<ul>\n<li style=\"font-weight: 400;\" aria-level=\"1\"><b>Lingots de plomb pur standard<\/b><span style=\"font-weight: 400;\"> \u2013 Certifi\u00e9s ASTM avec une puret\u00e9 de 99,97 % pour un usage g\u00e9n\u00e9ral.<\/span><\/li>\n<li style=\"font-weight: 400;\" aria-level=\"1\"><b>Lingots d\u2019alliages personnalis\u00e9s<\/b><span style=\"font-weight: 400;\"> \u2013 M\u00e9lang\u00e9s avec de l\u2019antimoine, de l\u2019\u00e9tain, de l\u2019argent ou d\u2019autres m\u00e9taux pour obtenir des propri\u00e9t\u00e9s m\u00e9caniques sp\u00e9cifiques.<\/span><\/li>\n<li style=\"font-weight: 400;\" aria-level=\"1\">Petits lingots de moulage \u2013 Formats pratiques pour les fonderies et ateliers n\u00e9cessitant une manipulation ais\u00e9e.<\/li>\n<li style=\"font-weight: 400;\" aria-level=\"1\"><b>Grands lingots industriels<\/b><span style=\"font-weight: 400;\"> \u2013 Formats robustes pour les processus industriels \u00e0 grand volume.<\/span><\/li>\n<li style=\"font-weight: 400;\" aria-level=\"1\"><b>Lingots de plomb recycl\u00e9<\/b><span style=\"font-weight: 400;\"> \u2013 Options respectueuses de l\u2019environnement, produites dans une optique de durabilit\u00e9.<\/span><\/li>\n<li style=\"font-weight: 400;\" aria-level=\"1\"><b>Lingots sp\u00e9ciaux<\/b><span style=\"font-weight: 400;\"> \u2013 Con\u00e7us sur mesure selon des sp\u00e9cifications, des poids et des applications personnalis\u00e9s.<\/span><\/li>\n<\/ul>\n<p><span style=\"font-weight: 400;\">Cette large gamme garantit que, que vous ayez besoin de lingots en stock pour une utilisation imm\u00e9diate ou d\u2019alliages sp\u00e9cialis\u00e9s pour des environnements exigeants, Canada Metal North America peut r\u00e9pondre \u00e0 vos besoins.<\/span><\/p>\n<h2><b>Industries desservies avec des <\/b><b>lingots de plomb de qualit\u00e9<\/b><\/h2>\n<ul>\n<li style=\"font-weight: 400;\" aria-level=\"1\"><b>Nucl\u00e9aire et m\u00e9dical<\/b><span style=\"font-weight: 400;\"> \u2013 Lingots utilis\u00e9s pour le blindage et les produits de protection contre les radiations.<\/span><\/li>\n<li style=\"font-weight: 400;\" aria-level=\"1\"><b>Maritime et offshore<\/b><span style=\"font-weight: 400;\"> \u2013 Production de lest et d\u2019anodes.<\/span><\/li>\n<li style=\"font-weight: 400;\" aria-level=\"1\"><b>Construction et infrastructures<\/b><span style=\"font-weight: 400;\"> \u2013 Contrepoids et composants de contr\u00f4le des vibrations.<\/span><\/li>\n<li style=\"font-weight: 400;\" aria-level=\"1\"><b>Fabrication industrielle<\/b><span style=\"font-weight: 400;\"> \u2013 Moulage, extrusion et applications lourdes.<\/span><\/li>\n<\/ul>\n<p><span style=\"font-weight: 400;\">Des petits fabricants aux grandes multinationales, les entreprises choisissent Canada Metal North America comme fournisseur de confiance de <\/span>lingots de plomb.<\/p>\n<h2><b>Pourquoi choisir Canada Metal North America pour les <\/b><b>lingots de plomb<\/b><b> ?<\/b><\/h2>\n<ul>\n<li style=\"font-weight: 400;\" aria-level=\"1\"><b>Puret\u00e9 certifi\u00e9e :<\/b><span style=\"font-weight: 400;\"> Lingots fabriqu\u00e9s selon les sp\u00e9cifications ASTM B29 (plomb pur \u00e0 99,97 %).<\/span><\/li>\n<li style=\"font-weight: 400;\" aria-level=\"1\"><b>Alliages personnalis\u00e9s :<\/b><span style=\"font-weight: 400;\"> Formul\u00e9s pour r\u00e9pondre aux exigences sp\u00e9cifiques de chaque projet.<\/span><\/li>\n<li style=\"font-weight: 400;\" aria-level=\"1\"><b>Qualit\u00e9 constante :<\/b><span style=\"font-weight: 400;\"> Chaque lot est test\u00e9 et document\u00e9 pour une meilleure tra\u00e7abilit\u00e9.<\/span><\/li>\n<li style=\"font-weight: 400;\" aria-level=\"1\"><b>Approvisionnement flexible :<\/b><span style=\"font-weight: 400;\"> Produits en stock pour une exp\u00e9dition rapide ; commandes personnalis\u00e9es fabriqu\u00e9es selon les sp\u00e9cifications.<\/span><\/li>\n<li style=\"font-weight: 400;\" aria-level=\"1\"><b>Expertise reconnue :<\/b><span style=\"font-weight: 400;\"> Plus de 100 ans au service des industries au Canada et en Am\u00e9rique du Nord.<\/span><\/li>\n<\/ul>\n<p><span style=\"font-weight: 400;\">Notre engagement est simple : fournir des <\/span>lingots de plomb pur fiables<span style=\"font-weight: 400;\"> qui contribuent \u00e0 la r\u00e9ussite de vos projets.<\/span><\/p>\n<h2><b>Obtenez des <\/b><b>lingots de plomb de qualit\u00e9<\/b><b> avec Canada Metal North America<\/b><\/h2>\n<p><span style=\"font-weight: 400;\">Chaque lingot que nous produisons est fabriqu\u00e9 sous des contr\u00f4les de qualit\u00e9 stricts. Nous respectons ou d\u00e9passons les normes ASTM et fournissons une documentation compl\u00e8te pour simplifier la conformit\u00e9. Nous testons \u00e9galement chaque livraison de <\/span>lingots de plomb en vrac \u00e0 vendre<span style=\"font-weight: 400;\"> pour en v\u00e9rifier la puret\u00e9, la constance et les dimensions \u2014 vous offrant ainsi une totale confiance dans chaque commande.<\/span><\/p>\n<p><span style=\"font-weight: 400;\">Canada Metal North America est une r\u00e9f\u00e9rence en tant que <\/span>fabricant et fournisseur de lingots de plomb<span style=\"font-weight: 400;\">. Avec une puret\u00e9 certifi\u00e9e, une qualit\u00e9 constante et une livraison \u00e0 l\u2019\u00e9chelle nationale, nous facilitons l\u2019approvisionnement des produits essentiels \u00e0 votre activit\u00e9. <\/span><\/p>\n<p><span style=\"font-weight: 400;\">Contactez-nous d\u00e8s aujourd\u2019hui pour obtenir un devis et collaborez avec le principal <\/span>fournisseur de lingots de plomb au Canada<span style=\"font-weight: 400;\">.<\/span><\/p>\n<p><a href=\"https:\/\/www.canadametal.com\/fr\/contactez-nous-nouveau\/\"><span class=\"quote-btn22\">Demander un devis ! <\/span><\/a><br \/>\n<script type=\"application\/ld+json\"> \n{\"@context\":\"https:\/\/schema.org\",\n\"@type\":\"WebPage\",\n\"url\":\"https:\/\/www.canadametal.com\/products\/lead-ingots\/\",\n\"name\":\"Lead Ingots | Pure Lead Ingots Supplier - Canada Metal\",\n\"description\":\"Premium industrial lead ingots for manufacturing, shielding, and fabrication. Competitive pricing on bulk ordering and expert service. Request a quote now!\",\n\"publisher\":{\"@type\":\"Organization\",\"name\":\"Canada Metal North America\"},\n\"keywords\":\"Lead Ingots, Lead Ingots Canada, Bulk Lead Ingots, Bulk Lead Ingots for Sale, Lead Ingots Supplier, Lead Ingots Manufacturer, Pure Lead Ingots, Pure Soft Lead Ingots\"} \n<\/script><br \/>\n<script type=\"application\/ld+json\">\n{\n  \"@context\": \"https:\/\/schema.org\",\n  \"@type\": \"FAQPage\",\n  \"mainEntity\": [\n    {\n      \"@type\": \"Question\",\n      \"name\": \"What purity levels do Canada Metal North America lead ingots meet?\",\n      \"acceptedAnswer\": {\n        \"@type\": \"Answer\",\n        \"text\": \"Our standard ingots meet ASTM B29 requirements with 99.97% purity. We also produce custom alloys to client specifications.\"\n      }\n    },\n    {\n      \"@type\": \"Question\",\n      \"name\": \"Can you manufacture custom alloy ingots?\",\n      \"acceptedAnswer\": {\n        \"@type\": \"Answer\",\n        \"text\": \"Yes. We can blend lead with other metals, including tin, antimony, and silver, to achieve the properties your application requires.\"\n      }\n    },\n    {\n      \"@type\": \"Question\",\n      \"name\": \"What industries commonly use lead ingots?\",\n      \"acceptedAnswer\": {\n        \"@type\": \"Answer\",\n        \"text\": \"Industries include medical, nuclear, marine, aerospace, construction, and heavy manufacturing.\"\n      }\n    },\n    {\n      \"@type\": \"Question\",\n      \"name\": \"How are your ingots packaged for delivery?\",\n      \"acceptedAnswer\": {\n        \"@type\": \"Answer\",\n        \"text\": \"Ingots are securely palletized or crated for safe transport, with labelling and documentation included for traceability.\"\n      }\n    },\n    {\n      \"@type\": \"Question\",\n      \"name\": \"Do you ship lead ingots across North America?\",\n      \"acceptedAnswer\": {\n        \"@type\": \"Answer\",\n        \"text\": \"Yes. We maintain nationwide supply capabilities and also serve U.S. customers.\"\n      }\n    },\n    {\n      \"@type\": \"Question\",\n      \"name\": \"Do you provide technical support for product selection?\",\n      \"acceptedAnswer\": {\n        \"@type\": \"Answer\",\n        \"text\": \"Yes, our experts are available to consult and help specify the best lead ingot solutions for your needs.\"\n      }\n    },\n    {\n      \"@type\": \"Question\",\n      \"name\": \"Is your manufacturing facility certified?\",\n      \"acceptedAnswer\": {\n        \"@type\": \"Answer\",\n        \"text\": \"Yes, we operate under ISO 9001:2015 standards, ensuring top-tier quality management.\"\n      }\n    },\n    {\n      \"@type\": \"Question\",\n      \"name\": \"How quickly can I receive my order?\",\n      \"acceptedAnswer\": {\n        \"@type\": \"Answer\",\n        \"text\": \"Standard ingot sizes are available from stock for immediate shipping. We schedule custom alloy orders with confirmed lead times.\"\n      }\n    }\n  ]\n}\n<\/script><\/p>\n","protected":false},"excerpt":{"rendered":"<p>Fabricant de confiance de lingots de plomb pur au Canada Lorsque vos op\u00e9rations d\u00e9pendent de la constance, de la puret\u00e9 et de la performance, vous avez besoin d\u2019un fournisseur qui comprend les exigences de votre secteur. Canada Metal North America produit et distribue des lingots de plomb de haute qualit\u00e9 depuis plus d\u2019un si\u00e8cle. Nous [&hellip;]<\/p>\n","protected":false},"featured_media":5638,"template":"","product_category":[145,139],"class_list":["post-5753","product","type-product","status-publish","has-post-thumbnail","hentry","product_category-radiation-shielding-produits","product_category-plomb-produits"],"yoast_head":"<!-- This site is optimized with the Yoast SEO plugin v25.4 - https:\/\/yoast.com\/wordpress\/plugins\/seo\/ -->\n<title>Lead Ingots | Pure Lead Ingots Supplier - Canada Metal<\/title>\n<meta name=\"description\" content=\"Premium industrial lead ingots for manufacturing, shielding, and fabrication. Competitive pricing on bulk ordering and expert service. Request a quote now!\" \/>\n<meta name=\"robots\" content=\"index, follow, max-snippet:-1, max-image-preview:large, max-video-preview:-1\" \/>\n<link rel=\"canonical\" href=\"https:\/\/www.canadametal.com\/fr\/produits\/lingots-de-plomb\/\" \/>\n<meta property=\"og:locale\" content=\"fr_FR\" \/>\n<meta property=\"og:type\" content=\"article\" \/>\n<meta property=\"og:title\" content=\"Lead Ingots | Pure Lead Ingots Supplier - Canada Metal\" \/>\n<meta property=\"og:description\" content=\"Premium industrial lead ingots for manufacturing, shielding, and fabrication. Competitive pricing on bulk ordering and expert service. Request a quote now!\" \/>\n<meta property=\"og:url\" content=\"https:\/\/www.canadametal.com\/fr\/produits\/lingots-de-plomb\/\" \/>\n<meta property=\"og:site_name\" content=\"Canada Metal\" \/>\n<meta property=\"article:modified_time\" content=\"2026-04-22T08:59:12+00:00\" \/>\n<meta property=\"og:image\" content=\"https:\/\/www.canadametal.com\/wp-content\/uploads\/2026\/02\/lead-ingots-img.jpg\" \/>\n\t<meta property=\"og:image:width\" content=\"2560\" \/>\n\t<meta property=\"og:image:height\" content=\"1920\" \/>\n\t<meta property=\"og:image:type\" content=\"image\/jpeg\" \/>\n<meta name=\"twitter:card\" content=\"summary_large_image\" \/>\n<meta name=\"twitter:label1\" content=\"Dur\u00e9e de lecture estim\u00e9e\" \/>\n\t<meta name=\"twitter:data1\" content=\"3 minutes\" \/>\n<!-- \/ Yoast SEO plugin. -->","yoast_head_json":{"title":"Lead Ingots | Pure Lead Ingots Supplier - Canada Metal","description":"Premium industrial lead ingots for manufacturing, shielding, and fabrication. Competitive pricing on bulk ordering and expert service. Request a quote now!","robots":{"index":"index","follow":"follow","max-snippet":"max-snippet:-1","max-image-preview":"max-image-preview:large","max-video-preview":"max-video-preview:-1"},"canonical":"https:\/\/www.canadametal.com\/fr\/produits\/lingots-de-plomb\/","og_locale":"fr_FR","og_type":"article","og_title":"Lead Ingots | Pure Lead Ingots Supplier - Canada Metal","og_description":"Premium industrial lead ingots for manufacturing, shielding, and fabrication. Competitive pricing on bulk ordering and expert service. Request a quote now!","og_url":"https:\/\/www.canadametal.com\/fr\/produits\/lingots-de-plomb\/","og_site_name":"Canada Metal","article_modified_time":"2026-04-22T08:59:12+00:00","og_image":[{"width":2560,"height":1920,"url":"https:\/\/www.canadametal.com\/wp-content\/uploads\/2026\/02\/lead-ingots-img.jpg","type":"image\/jpeg"}],"twitter_card":"summary_large_image","twitter_misc":{"Dur\u00e9e de lecture estim\u00e9e":"3 minutes"},"schema":{"@context":"https:\/\/schema.org","@graph":[{"@type":"WebPage","@id":"https:\/\/www.canadametal.com\/fr\/produits\/lingots-de-plomb\/","url":"https:\/\/www.canadametal.com\/fr\/produits\/lingots-de-plomb\/","name":"Lead Ingots | Pure Lead Ingots Supplier - Canada Metal","isPartOf":{"@id":"https:\/\/www.canadametal.com\/fr\/#website"},"primaryImageOfPage":{"@id":"https:\/\/www.canadametal.com\/fr\/produits\/lingots-de-plomb\/#primaryimage"},"image":{"@id":"https:\/\/www.canadametal.com\/fr\/produits\/lingots-de-plomb\/#primaryimage"},"thumbnailUrl":"https:\/\/www.canadametal.com\/wp-content\/uploads\/2026\/02\/lead-ingots-img.jpg","datePublished":"2026-03-16T13:02:45+00:00","dateModified":"2026-04-22T08:59:12+00:00","description":"Premium industrial lead ingots for manufacturing, shielding, and fabrication. Competitive pricing on bulk ordering and expert service. Request a quote now!","breadcrumb":{"@id":"https:\/\/www.canadametal.com\/fr\/produits\/lingots-de-plomb\/#breadcrumb"},"inLanguage":"fr-FR","potentialAction":[{"@type":"ReadAction","target":["https:\/\/www.canadametal.com\/fr\/produits\/lingots-de-plomb\/"]}]},{"@type":"ImageObject","inLanguage":"fr-FR","@id":"https:\/\/www.canadametal.com\/fr\/produits\/lingots-de-plomb\/#primaryimage","url":"https:\/\/www.canadametal.com\/wp-content\/uploads\/2026\/02\/lead-ingots-img.jpg","contentUrl":"https:\/\/www.canadametal.com\/wp-content\/uploads\/2026\/02\/lead-ingots-img.jpg","width":2560,"height":1920},{"@type":"BreadcrumbList","@id":"https:\/\/www.canadametal.com\/fr\/produits\/lingots-de-plomb\/#breadcrumb","itemListElement":[{"@type":"ListItem","position":1,"name":"Home","item":"https:\/\/www.canadametal.com\/fr\/"},{"@type":"ListItem","position":2,"name":"Products","item":"https:\/\/www.canadametal.com\/fr\/products\/"},{"@type":"ListItem","position":3,"name":"Lingots de plomb"}]},{"@type":"WebSite","@id":"https:\/\/www.canadametal.com\/fr\/#website","url":"https:\/\/www.canadametal.com\/fr\/","name":"Canada Metal","description":"Lead Suppliers, Lead Ingots | Canada Metal North America","publisher":{"@id":"https:\/\/www.canadametal.com\/fr\/#organization"},"potentialAction":[{"@type":"SearchAction","target":{"@type":"EntryPoint","urlTemplate":"https:\/\/www.canadametal.com\/fr\/?s={search_term_string}"},"query-input":{"@type":"PropertyValueSpecification","valueRequired":true,"valueName":"search_term_string"}}],"inLanguage":"fr-FR"},{"@type":"Organization","@id":"https:\/\/www.canadametal.com\/fr\/#organization","name":"Canada Metal","url":"https:\/\/www.canadametal.com\/fr\/","logo":{"@type":"ImageObject","inLanguage":"fr-FR","@id":"https:\/\/www.canadametal.com\/fr\/#\/schema\/logo\/image\/","url":"https:\/\/www.canadametal.com\/wp-content\/uploads\/2025\/10\/cropped-N299.3-16-CMNA-Radiation-Shielding-1_1-1.png","contentUrl":"https:\/\/www.canadametal.com\/wp-content\/uploads\/2025\/10\/cropped-N299.3-16-CMNA-Radiation-Shielding-1_1-1.png","width":1754,"height":155,"caption":"Canada Metal"},"image":{"@id":"https:\/\/www.canadametal.com\/fr\/#\/schema\/logo\/image\/"}}]}},"_links":{"self":[{"href":"https:\/\/www.canadametal.com\/fr\/wp-json\/wp\/v2\/product\/5753","targetHints":{"allow":["GET"]}}],"collection":[{"href":"https:\/\/www.canadametal.com\/fr\/wp-json\/wp\/v2\/product"}],"about":[{"href":"https:\/\/www.canadametal.com\/fr\/wp-json\/wp\/v2\/types\/product"}],"wp:featuredmedia":[{"embeddable":true,"href":"https:\/\/www.canadametal.com\/fr\/wp-json\/wp\/v2\/media\/5638"}],"wp:attachment":[{"href":"https:\/\/www.canadametal.com\/fr\/wp-json\/wp\/v2\/media?parent=5753"}],"wp:term":[{"taxonomy":"product_category","embeddable":true,"href":"https:\/\/www.canadametal.com\/fr\/wp-json\/wp\/v2\/product_category?post=5753"}],"curies":[{"name":"wp","href":"https:\/\/api.w.org\/{rel}","templated":true}]}}