{"id":5754,"date":"2026-03-17T08:53:42","date_gmt":"2026-03-17T08:53:42","guid":{"rendered":"https:\/\/www.canadametal.com\/products\/lead-lined-plywood\/"},"modified":"2026-04-22T09:20:42","modified_gmt":"2026-04-22T09:20:42","slug":"lead-lined-plywood","status":"publish","type":"product","link":"https:\/\/www.canadametal.com\/fr\/produits\/contreplaque-double-de-plomb\/","title":{"rendered":"Contreplaqu\u00e9 plomb\u00e9"},"content":{"rendered":"<h2><b>Contreplaqu\u00e9 plomb\u00e9 haute performance pour la protection contre les radiations<\/b><\/h2>\n<p><span style=\"font-weight: 400;\">Lorsque la s\u00e9curit\u00e9 et la conformit\u00e9 sont essentielles, Canada Metal North America est votre partenaire de confiance. Nous concevons nos <\/span>contreplaqu\u00e9s plomb\u00e9s sur mesure<span style=\"font-weight: 400;\"> pour la protection contre les radiations dans les environnements m\u00e9dicaux, industriels et nucl\u00e9aires. Fabriqu\u00e9s avec pr\u00e9cision et test\u00e9s pour leurs performances, ils offrent la protection dont votre installation a besoin, sans compromettre la qualit\u00e9 ni la fiabilit\u00e9.<\/span><\/p>\n<p><span style=\"font-weight: 400;\">Avec plus d\u2019un si\u00e8cle d\u2019expertise dans les produits en plomb, nous sommes l\u2019une des entreprises les plus fiables au Canada pour la fourniture de <\/span>contreplaqu\u00e9 plomb\u00e9<span style=\"font-weight: 400;\">.<\/span><\/p>\n<h2><b>Qu\u2019est-ce que le contreplaqu\u00e9 plomb\u00e9\u00a0?<\/b><\/h2>\n<p><span style=\"font-weight: 400;\">Le contreplaqu\u00e9 plomb\u00e9 associe une base en bois solide \u00e0 une feuille de plomb de haute puret\u00e9. Cette conception offre une protection efficace contre les radiations tout en assurant une r\u00e9sistance structurelle pour les murs, les cloisons et les enceintes d\u2019\u00e9quipement. Les applications typiques incluent\u00a0:<\/span><\/p>\n<ul>\n<li style=\"font-weight: 400;\"><span style=\"font-weight: 400;\">Salles d\u2019imagerie m\u00e9dicale (rayons X, CT, PET et cabinets dentaires)<\/span><\/li>\n<li style=\"font-weight: 400;\"><span style=\"font-weight: 400;\">Installations nucl\u00e9aires<\/span><\/li>\n<li style=\"font-weight: 400;\"><span style=\"font-weight: 400;\">Laboratoires de recherche industrielle<\/span><\/li>\n<li style=\"font-weight: 400;\"><span style=\"font-weight: 400;\">Installations gouvernementales et de d\u00e9fense<\/span><\/li>\n<\/ul>\n<h2><b>Notre gamme compl\u00e8te de contreplaqu\u00e9s plomb\u00e9s<\/b><\/h2>\n<p><span style=\"font-weight: 400;\">Canada Metal North America propose une large gamme de panneaux standards et de <\/span>contreplaqu\u00e9s plomb\u00e9s sur mesure<span style=\"font-weight: 400;\"> pour r\u00e9pondre aux diff\u00e9rents besoins des projets\u00a0:<\/span><\/p>\n<ul>\n<li style=\"font-weight: 400;\"><b>Panneaux standards<\/b><span style=\"font-weight: 400;\"> \u2013 Feuilles pr\u00eates \u00e0 l\u2019emploi pour les applications courantes de protection.<\/span><\/li>\n<li style=\"font-weight: 400;\"><b>Panneaux d\u00e9coup\u00e9s sur mesure<\/b><span style=\"font-weight: 400;\"> \u2013 Fabriqu\u00e9s selon les plans architecturaux, r\u00e9duisant les ajustements sur site.<\/span><\/li>\n<li style=\"font-weight: 400;\"><b>\u00c9paisseur de plomb variable<\/b><span style=\"font-weight: 400;\"> \u2013 De 1\/32\u201d \u00e0 plusieurs millim\u00e8tres selon le niveau de radiation \u00e0 contenir.<\/span><\/li>\n<li style=\"font-weight: 400;\"><b>Diff\u00e9rents supports bois<\/b><span style=\"font-weight: 400;\"> \u2013 Options incluant contreplaqu\u00e9 structurel, MDF ou panneaux de particules.<\/span><\/li>\n<li style=\"font-weight: 400;\"><b>Accessoires int\u00e9gr\u00e9s<\/b><span style=\"font-weight: 400;\"> \u2013 Lattes, bandes et pi\u00e8ces d\u2019angle plomb\u00e9es assorties pour des syst\u00e8mes complets.<\/span><\/li>\n<\/ul>\n<p><span style=\"font-weight: 400;\">Cette gamme permet aux entrepreneurs, h\u00f4pitaux et gestionnaires d\u2019installations de trouver exactement ce dont ils ont besoin aupr\u00e8s d\u2019un seul fournisseur fiable.<\/span><\/p>\n<h2><b>Applications du contreplaqu\u00e9 plomb\u00e9<\/b><\/h2>\n<ul>\n<li style=\"font-weight: 400;\"><b>H\u00f4pitaux et cliniques<\/b><span style=\"font-weight: 400;\"> \u2013 Protection pour les salles de radiologie et d\u2019imagerie diagnostique.<\/span><\/li>\n<li style=\"font-weight: 400;\"><b>Cabinets dentaires<\/b><span style=\"font-weight: 400;\"> \u2013 Protection des zones de radiographie dans des espaces compacts.<\/span><\/li>\n<li style=\"font-weight: 400;\"><b>Installations nucl\u00e9aires<\/b><span style=\"font-weight: 400;\"> \u2013 Protection structurelle n\u00e9cessitant r\u00e9sistance et s\u00e9curit\u00e9.<\/span><\/li>\n<li style=\"font-weight: 400;\"><b>Laboratoires industriels et de recherche<\/b><span style=\"font-weight: 400;\"> \u2013 Barri\u00e8res de s\u00e9curit\u00e9 dans les environnements manipulant des sources radioactives.<\/span><\/li>\n<\/ul>\n<h2><b>Pourquoi choisir Canada Metal North America comme fournisseur de contreplaqu\u00e9 plomb\u00e9\u00a0?<\/b><\/h2>\n<ul>\n<li style=\"font-weight: 400;\"><b>Qualit\u00e9 certifi\u00e9e du plomb\u00a0:<\/b><span style=\"font-weight: 400;\"> Toutes les feuilles respectent ou d\u00e9passent les normes ASTM B29.<\/span><\/li>\n<li style=\"font-weight: 400;\"><b>Laminage de pr\u00e9cision\u00a0:<\/b><span style=\"font-weight: 400;\"> Liaison solide du plomb au bois pour une durabilit\u00e9 optimale.<\/span><\/li>\n<li style=\"font-weight: 400;\"><b>Fabrication sur mesure\u00a0:<\/b><span style=\"font-weight: 400;\"> Dimensions adapt\u00e9es aux plans architecturaux.<\/span><\/li>\n<li style=\"font-weight: 400;\"><b>Approvisionnement fiable\u00a0:<\/b><span style=\"font-weight: 400;\"> Stock disponible et d\u00e9lais rapides pour les commandes personnalis\u00e9es.<\/span><\/li>\n<li style=\"font-weight: 400;\"><b>Support expert\u00a0:<\/b><span style=\"font-weight: 400;\"> Accompagnement de la demande \u00e0 l\u2019installation pour garantir la conformit\u00e9.<\/span><\/li>\n<\/ul>\n<p><span style=\"font-weight: 400;\">Lorsque vos projets exigent pr\u00e9cision et documentation, Canada Metal North America r\u00e9pond pr\u00e9sent.<\/span><\/p>\n<h2><b>S\u00e9curisez votre approvisionnement en contreplaqu\u00e9 plomb\u00e9 d\u00e8s aujourd\u2019hui<\/b><\/h2>\n<p><span style=\"font-weight: 400;\">Canada Metal North America fabrique des <\/span>contreplaqu\u00e9s plomb\u00e9s sur mesure<span style=\"font-weight: 400;\"> selon des contr\u00f4les qualit\u00e9 stricts. Chaque panneau est test\u00e9 pour garantir une liaison uniforme, des dimensions pr\u00e9cises et une efficacit\u00e9 optimale de protection contre les radiations.<\/span><\/p>\n<p><span style=\"font-weight: 400;\">Nous fournissons une documentation compl\u00e8te et des certifications conformes aux normes de construction, de sant\u00e9 et aux exigences des projets.<\/span><\/p>\n<p><span style=\"font-weight: 400;\">Canada Metal North America est un fournisseur reconnu de contreplaqu\u00e9 plomb\u00e9 en Am\u00e9rique du Nord. Nous proposons des produits certifi\u00e9s, une large gamme et une livraison fiable \u00e0 l\u2019\u00e9chelle nationale.<\/span><\/p>\n<p><span style=\"font-weight: 400;\">Demandez un devis d\u00e8s aujourd\u2019hui et s\u00e9curisez votre projet avec la qualit\u00e9 \u00e9prouv\u00e9e de Canada Metal North America.<\/span><\/p>\n<p><a href=\"https:\/\/www.canadametal.com\/fr\/contactez-nous-nouveau\/\"><br \/>\n<span class=\"quote-btn22\">Demander un devis !<\/span><br \/>\n<\/a><\/p>\n","protected":false},"excerpt":{"rendered":"<p>Contreplaqu\u00e9 plomb\u00e9 haute performance pour la protection contre les radiations Lorsque la s\u00e9curit\u00e9 et la conformit\u00e9 sont essentielles, Canada Metal North America est votre partenaire de confiance. Nous concevons nos contreplaqu\u00e9s plomb\u00e9s sur mesure pour la protection contre les radiations dans les environnements m\u00e9dicaux, industriels et nucl\u00e9aires. Fabriqu\u00e9s avec pr\u00e9cision et test\u00e9s pour leurs performances, [&hellip;]<\/p>\n","protected":false},"featured_media":5928,"template":"","product_category":[145,139],"class_list":["post-5754","product","type-product","status-publish","has-post-thumbnail","hentry","product_category-radiation-shielding-produits","product_category-plomb-produits"],"yoast_head":"<!-- This site is optimized with the Yoast SEO plugin v25.4 - https:\/\/yoast.com\/wordpress\/plugins\/seo\/ -->\n<title>Lead Lined Plywood | Lead Backed Plywood - Canada Metal<\/title>\n<meta name=\"description\" content=\"Order quality lead lined plywood panels for radiation shielding projects. Superior construction &amp; custom sizes available. Contact us now!\" \/>\n<meta name=\"robots\" content=\"index, follow, max-snippet:-1, max-image-preview:large, max-video-preview:-1\" \/>\n<link rel=\"canonical\" href=\"https:\/\/www.canadametal.com\/fr\/produits\/contreplaque-double-de-plomb\/\" \/>\n<meta property=\"og:locale\" content=\"fr_FR\" \/>\n<meta property=\"og:type\" content=\"article\" \/>\n<meta property=\"og:title\" content=\"Lead Lined Plywood | Lead Backed Plywood - Canada Metal\" \/>\n<meta property=\"og:description\" content=\"Order quality lead lined plywood panels for radiation shielding projects. Superior construction &amp; custom sizes available. Contact us now!\" \/>\n<meta property=\"og:url\" content=\"https:\/\/www.canadametal.com\/fr\/produits\/contreplaque-double-de-plomb\/\" \/>\n<meta property=\"og:site_name\" content=\"Canada Metal\" \/>\n<meta property=\"article:modified_time\" content=\"2026-04-22T09:20:42+00:00\" \/>\n<meta property=\"og:image\" content=\"https:\/\/www.canadametal.com\/wp-content\/uploads\/2026\/04\/IMG_5149-scaled.jpg\" \/>\n\t<meta property=\"og:image:width\" content=\"2560\" \/>\n\t<meta property=\"og:image:height\" content=\"1920\" \/>\n\t<meta property=\"og:image:type\" content=\"image\/jpeg\" \/>\n<meta name=\"twitter:card\" content=\"summary_large_image\" \/>\n<meta name=\"twitter:label1\" content=\"Dur\u00e9e de lecture estim\u00e9e\" \/>\n\t<meta name=\"twitter:data1\" content=\"3 minutes\" \/>\n<!-- \/ Yoast SEO plugin. -->","yoast_head_json":{"title":"Lead Lined Plywood | Lead Backed Plywood - Canada Metal","description":"Order quality lead lined plywood panels for radiation shielding projects. Superior construction & custom sizes available. Contact us now!","robots":{"index":"index","follow":"follow","max-snippet":"max-snippet:-1","max-image-preview":"max-image-preview:large","max-video-preview":"max-video-preview:-1"},"canonical":"https:\/\/www.canadametal.com\/fr\/produits\/contreplaque-double-de-plomb\/","og_locale":"fr_FR","og_type":"article","og_title":"Lead Lined Plywood | Lead Backed Plywood - Canada Metal","og_description":"Order quality lead lined plywood panels for radiation shielding projects. Superior construction & custom sizes available. Contact us now!","og_url":"https:\/\/www.canadametal.com\/fr\/produits\/contreplaque-double-de-plomb\/","og_site_name":"Canada Metal","article_modified_time":"2026-04-22T09:20:42+00:00","og_image":[{"width":2560,"height":1920,"url":"https:\/\/www.canadametal.com\/wp-content\/uploads\/2026\/04\/IMG_5149-scaled.jpg","type":"image\/jpeg"}],"twitter_card":"summary_large_image","twitter_misc":{"Dur\u00e9e de lecture estim\u00e9e":"3 minutes"},"schema":{"@context":"https:\/\/schema.org","@graph":[{"@type":"WebPage","@id":"https:\/\/www.canadametal.com\/fr\/produits\/contreplaque-double-de-plomb\/","url":"https:\/\/www.canadametal.com\/fr\/produits\/contreplaque-double-de-plomb\/","name":"Lead Lined Plywood | Lead Backed Plywood - Canada Metal","isPartOf":{"@id":"https:\/\/www.canadametal.com\/fr\/#website"},"primaryImageOfPage":{"@id":"https:\/\/www.canadametal.com\/fr\/produits\/contreplaque-double-de-plomb\/#primaryimage"},"image":{"@id":"https:\/\/www.canadametal.com\/fr\/produits\/contreplaque-double-de-plomb\/#primaryimage"},"thumbnailUrl":"https:\/\/www.canadametal.com\/wp-content\/uploads\/2026\/04\/IMG_5149-scaled.jpg","datePublished":"2026-03-17T08:53:42+00:00","dateModified":"2026-04-22T09:20:42+00:00","description":"Order quality lead lined plywood panels for radiation shielding projects. Superior construction & custom sizes available. Contact us now!","breadcrumb":{"@id":"https:\/\/www.canadametal.com\/fr\/produits\/contreplaque-double-de-plomb\/#breadcrumb"},"inLanguage":"fr-FR","potentialAction":[{"@type":"ReadAction","target":["https:\/\/www.canadametal.com\/fr\/produits\/contreplaque-double-de-plomb\/"]}]},{"@type":"ImageObject","inLanguage":"fr-FR","@id":"https:\/\/www.canadametal.com\/fr\/produits\/contreplaque-double-de-plomb\/#primaryimage","url":"https:\/\/www.canadametal.com\/wp-content\/uploads\/2026\/04\/IMG_5149-scaled.jpg","contentUrl":"https:\/\/www.canadametal.com\/wp-content\/uploads\/2026\/04\/IMG_5149-scaled.jpg","width":2560,"height":1920},{"@type":"BreadcrumbList","@id":"https:\/\/www.canadametal.com\/fr\/produits\/contreplaque-double-de-plomb\/#breadcrumb","itemListElement":[{"@type":"ListItem","position":1,"name":"Home","item":"https:\/\/www.canadametal.com\/fr\/"},{"@type":"ListItem","position":2,"name":"Products","item":"https:\/\/www.canadametal.com\/fr\/products\/"},{"@type":"ListItem","position":3,"name":"Contreplaqu\u00e9 plomb\u00e9"}]},{"@type":"WebSite","@id":"https:\/\/www.canadametal.com\/fr\/#website","url":"https:\/\/www.canadametal.com\/fr\/","name":"Canada Metal","description":"Lead Suppliers, Lead Ingots | Canada Metal North America","publisher":{"@id":"https:\/\/www.canadametal.com\/fr\/#organization"},"potentialAction":[{"@type":"SearchAction","target":{"@type":"EntryPoint","urlTemplate":"https:\/\/www.canadametal.com\/fr\/?s={search_term_string}"},"query-input":{"@type":"PropertyValueSpecification","valueRequired":true,"valueName":"search_term_string"}}],"inLanguage":"fr-FR"},{"@type":"Organization","@id":"https:\/\/www.canadametal.com\/fr\/#organization","name":"Canada Metal","url":"https:\/\/www.canadametal.com\/fr\/","logo":{"@type":"ImageObject","inLanguage":"fr-FR","@id":"https:\/\/www.canadametal.com\/fr\/#\/schema\/logo\/image\/","url":"https:\/\/www.canadametal.com\/wp-content\/uploads\/2025\/10\/cropped-N299.3-16-CMNA-Radiation-Shielding-1_1-1.png","contentUrl":"https:\/\/www.canadametal.com\/wp-content\/uploads\/2025\/10\/cropped-N299.3-16-CMNA-Radiation-Shielding-1_1-1.png","width":1754,"height":155,"caption":"Canada Metal"},"image":{"@id":"https:\/\/www.canadametal.com\/fr\/#\/schema\/logo\/image\/"}}]}},"_links":{"self":[{"href":"https:\/\/www.canadametal.com\/fr\/wp-json\/wp\/v2\/product\/5754","targetHints":{"allow":["GET"]}}],"collection":[{"href":"https:\/\/www.canadametal.com\/fr\/wp-json\/wp\/v2\/product"}],"about":[{"href":"https:\/\/www.canadametal.com\/fr\/wp-json\/wp\/v2\/types\/product"}],"wp:featuredmedia":[{"embeddable":true,"href":"https:\/\/www.canadametal.com\/fr\/wp-json\/wp\/v2\/media\/5928"}],"wp:attachment":[{"href":"https:\/\/www.canadametal.com\/fr\/wp-json\/wp\/v2\/media?parent=5754"}],"wp:term":[{"taxonomy":"product_category","embeddable":true,"href":"https:\/\/www.canadametal.com\/fr\/wp-json\/wp\/v2\/product_category?post=5754"}],"curies":[{"name":"wp","href":"https:\/\/api.w.org\/{rel}","templated":true}]}}