{"id":5755,"date":"2025-07-01T07:10:22","date_gmt":"2025-07-01T07:10:22","guid":{"rendered":"https:\/\/www.canadametal.com\/products\/pipes-and-tubes\/"},"modified":"2026-04-22T09:00:39","modified_gmt":"2026-04-22T09:00:39","slug":"pipes-and-tubes","status":"publish","type":"product","link":"https:\/\/www.canadametal.com\/fr\/produits\/tuyaux-et-tubes\/","title":{"rendered":"Tuyaux et tubes en plomb"},"content":{"rendered":"<p>Description<br \/>\nCanada M\u00e9tal est l&rsquo;un des principaux fabricants de tubes et tuyaux en plomb extrud\u00e9 de dimensions, d&rsquo;\u00e9paisseur et de longueur personnalis\u00e9es.<\/p>\n<p>Applications<br \/>Ils conviennent au transport des eaux us\u00e9es, des acides et des produits chimiques corrosifs, \u00e0 la protection des c\u00e2bles \u00e9lectriques souterrains et aux syst\u00e8mes de pr\u00e9cipitation \u00e9lectrostatique.<\/p>\n<p>Industries<br \/>R\u00e9seau public de distribution d&rsquo;\u00e9lectricit\u00e9 ; Traitement des eaux us\u00e9es ; Fonderies ; Installations de production et de stockage d&rsquo;acide ; Usines de traitement et de d\u00e9capage \u00e0 l&rsquo;acide ;<\/p>\n<p>Formats<br \/>Longueurs continues (personnalis\u00e9es).<\/p>\n<p><script type=\"application\/ld+json\"> \n{\"@context\":\"https:\/\/schema.org\",\n\"@type\":\"WebPage\",\n\"url\":\"https:\/\/www.canadametal.com\/products\/pipes-and-tubes\/\",\n\"name\":\"Lead Pipes and Tubes | Lead Water Pipes | Canada Metal\",\n\"description\":\"Canada Metal supplies premium lead pipes and tubes for plumbing and industrial use. Explore durable lead water pipes and tubing solutions made in Canada.\",\n\"publisher\":{\"@type\":\"Organization\",\"name\":\"Canada Metal North America\"},\n\"keywords\":\"lead pipes, lead tubes, lead water pipes, lead plumbing pipes\"} \n<\/script><\/p>\n","protected":false},"excerpt":{"rendered":"<p>Description Canada M\u00e9tal est l&rsquo;un des principaux fabricants de tubes et tuyaux en plomb extrud\u00e9 de dimensions, d&rsquo;\u00e9paisseur et de longueur personnalis\u00e9es. ApplicationsIls conviennent au transport des eaux us\u00e9es, des acides et des produits chimiques corrosifs, \u00e0 la protection des c\u00e2bles \u00e9lectriques souterrains et aux syst\u00e8mes de pr\u00e9cipitation \u00e9lectrostatique. IndustriesR\u00e9seau public de distribution d&rsquo;\u00e9lectricit\u00e9 ; [&hellip;]<\/p>\n","protected":false},"featured_media":4349,"template":"","product_category":[139],"class_list":["post-5755","product","type-product","status-publish","has-post-thumbnail","hentry","product_category-plomb-produits"],"yoast_head":"<!-- This site is optimized with the Yoast SEO plugin v25.4 - https:\/\/yoast.com\/wordpress\/plugins\/seo\/ -->\n<title>Tuyaux et tubes en plomb | Conduites d&#039;eau en plomb | M\u00e9tal du Canada<\/title>\n<meta name=\"description\" content=\"Canada Metal fournit des tuyaux et tubes en plomb de qualit\u00e9 sup\u00e9rieure pour la plomberie et les applications industrielles. D\u00e9couvrez nos solutions durables de tuyauterie en plomb fabriqu\u00e9es au Canada.\" \/>\n<meta name=\"robots\" content=\"index, follow, max-snippet:-1, max-image-preview:large, max-video-preview:-1\" \/>\n<link rel=\"canonical\" href=\"https:\/\/www.canadametal.com\/fr\/produits\/tuyaux-et-tubes\/\" \/>\n<meta property=\"og:locale\" content=\"fr_FR\" \/>\n<meta property=\"og:type\" content=\"article\" \/>\n<meta property=\"og:title\" content=\"Tuyaux et tubes en plomb | Conduites d&#039;eau en plomb | M\u00e9tal du Canada\" \/>\n<meta property=\"og:description\" content=\"Canada Metal fournit des tuyaux et tubes en plomb de qualit\u00e9 sup\u00e9rieure pour la plomberie et les applications industrielles. D\u00e9couvrez nos solutions durables de tuyauterie en plomb fabriqu\u00e9es au Canada.\" \/>\n<meta property=\"og:url\" content=\"https:\/\/www.canadametal.com\/fr\/produits\/tuyaux-et-tubes\/\" \/>\n<meta property=\"og:site_name\" content=\"Canada Metal\" \/>\n<meta property=\"article:modified_time\" content=\"2026-04-22T09:00:39+00:00\" \/>\n<meta property=\"og:image\" content=\"https:\/\/www.canadametal.com\/wp-content\/uploads\/2025\/07\/pipes-and-tubes.jpg\" \/>\n\t<meta property=\"og:image:width\" content=\"1368\" \/>\n\t<meta property=\"og:image:height\" content=\"912\" \/>\n\t<meta property=\"og:image:type\" content=\"image\/jpeg\" \/>\n<meta name=\"twitter:card\" content=\"summary_large_image\" \/>\n<meta name=\"twitter:label1\" content=\"Dur\u00e9e de lecture estim\u00e9e\" \/>\n\t<meta name=\"twitter:data1\" content=\"1 minute\" \/>\n<!-- \/ Yoast SEO plugin. -->","yoast_head_json":{"title":"Tuyaux et tubes en plomb | Conduites d'eau en plomb | M\u00e9tal du Canada","description":"Canada Metal fournit des tuyaux et tubes en plomb de qualit\u00e9 sup\u00e9rieure pour la plomberie et les applications industrielles. D\u00e9couvrez nos solutions durables de tuyauterie en plomb fabriqu\u00e9es au Canada.","robots":{"index":"index","follow":"follow","max-snippet":"max-snippet:-1","max-image-preview":"max-image-preview:large","max-video-preview":"max-video-preview:-1"},"canonical":"https:\/\/www.canadametal.com\/fr\/produits\/tuyaux-et-tubes\/","og_locale":"fr_FR","og_type":"article","og_title":"Tuyaux et tubes en plomb | Conduites d'eau en plomb | M\u00e9tal du Canada","og_description":"Canada Metal fournit des tuyaux et tubes en plomb de qualit\u00e9 sup\u00e9rieure pour la plomberie et les applications industrielles. D\u00e9couvrez nos solutions durables de tuyauterie en plomb fabriqu\u00e9es au Canada.","og_url":"https:\/\/www.canadametal.com\/fr\/produits\/tuyaux-et-tubes\/","og_site_name":"Canada Metal","article_modified_time":"2026-04-22T09:00:39+00:00","og_image":[{"width":1368,"height":912,"url":"https:\/\/www.canadametal.com\/wp-content\/uploads\/2025\/07\/pipes-and-tubes.jpg","type":"image\/jpeg"}],"twitter_card":"summary_large_image","twitter_misc":{"Dur\u00e9e de lecture estim\u00e9e":"1 minute"},"schema":{"@context":"https:\/\/schema.org","@graph":[{"@type":"WebPage","@id":"https:\/\/www.canadametal.com\/fr\/produits\/tuyaux-et-tubes\/","url":"https:\/\/www.canadametal.com\/fr\/produits\/tuyaux-et-tubes\/","name":"Tuyaux et tubes en plomb | Conduites d'eau en plomb | M\u00e9tal du Canada","isPartOf":{"@id":"https:\/\/www.canadametal.com\/fr\/#website"},"primaryImageOfPage":{"@id":"https:\/\/www.canadametal.com\/fr\/produits\/tuyaux-et-tubes\/#primaryimage"},"image":{"@id":"https:\/\/www.canadametal.com\/fr\/produits\/tuyaux-et-tubes\/#primaryimage"},"thumbnailUrl":"https:\/\/www.canadametal.com\/wp-content\/uploads\/2025\/07\/pipes-and-tubes.jpg","datePublished":"2025-07-01T07:10:22+00:00","dateModified":"2026-04-22T09:00:39+00:00","description":"Canada Metal fournit des tuyaux et tubes en plomb de qualit\u00e9 sup\u00e9rieure pour la plomberie et les applications industrielles. D\u00e9couvrez nos solutions durables de tuyauterie en plomb fabriqu\u00e9es au Canada.","breadcrumb":{"@id":"https:\/\/www.canadametal.com\/fr\/produits\/tuyaux-et-tubes\/#breadcrumb"},"inLanguage":"fr-FR","potentialAction":[{"@type":"ReadAction","target":["https:\/\/www.canadametal.com\/fr\/produits\/tuyaux-et-tubes\/"]}]},{"@type":"ImageObject","inLanguage":"fr-FR","@id":"https:\/\/www.canadametal.com\/fr\/produits\/tuyaux-et-tubes\/#primaryimage","url":"https:\/\/www.canadametal.com\/wp-content\/uploads\/2025\/07\/pipes-and-tubes.jpg","contentUrl":"https:\/\/www.canadametal.com\/wp-content\/uploads\/2025\/07\/pipes-and-tubes.jpg","width":1368,"height":912},{"@type":"BreadcrumbList","@id":"https:\/\/www.canadametal.com\/fr\/produits\/tuyaux-et-tubes\/#breadcrumb","itemListElement":[{"@type":"ListItem","position":1,"name":"Home","item":"https:\/\/www.canadametal.com\/fr\/"},{"@type":"ListItem","position":2,"name":"Products","item":"https:\/\/www.canadametal.com\/fr\/products\/"},{"@type":"ListItem","position":3,"name":"Tuyaux et tubes en plomb"}]},{"@type":"WebSite","@id":"https:\/\/www.canadametal.com\/fr\/#website","url":"https:\/\/www.canadametal.com\/fr\/","name":"Canada Metal","description":"Lead Suppliers, Lead Ingots | Canada Metal North America","publisher":{"@id":"https:\/\/www.canadametal.com\/fr\/#organization"},"potentialAction":[{"@type":"SearchAction","target":{"@type":"EntryPoint","urlTemplate":"https:\/\/www.canadametal.com\/fr\/?s={search_term_string}"},"query-input":{"@type":"PropertyValueSpecification","valueRequired":true,"valueName":"search_term_string"}}],"inLanguage":"fr-FR"},{"@type":"Organization","@id":"https:\/\/www.canadametal.com\/fr\/#organization","name":"Canada Metal","url":"https:\/\/www.canadametal.com\/fr\/","logo":{"@type":"ImageObject","inLanguage":"fr-FR","@id":"https:\/\/www.canadametal.com\/fr\/#\/schema\/logo\/image\/","url":"https:\/\/www.canadametal.com\/wp-content\/uploads\/2025\/10\/cropped-N299.3-16-CMNA-Radiation-Shielding-1_1-1.png","contentUrl":"https:\/\/www.canadametal.com\/wp-content\/uploads\/2025\/10\/cropped-N299.3-16-CMNA-Radiation-Shielding-1_1-1.png","width":1754,"height":155,"caption":"Canada Metal"},"image":{"@id":"https:\/\/www.canadametal.com\/fr\/#\/schema\/logo\/image\/"}}]}},"_links":{"self":[{"href":"https:\/\/www.canadametal.com\/fr\/wp-json\/wp\/v2\/product\/5755","targetHints":{"allow":["GET"]}}],"collection":[{"href":"https:\/\/www.canadametal.com\/fr\/wp-json\/wp\/v2\/product"}],"about":[{"href":"https:\/\/www.canadametal.com\/fr\/wp-json\/wp\/v2\/types\/product"}],"wp:featuredmedia":[{"embeddable":true,"href":"https:\/\/www.canadametal.com\/fr\/wp-json\/wp\/v2\/media\/4349"}],"wp:attachment":[{"href":"https:\/\/www.canadametal.com\/fr\/wp-json\/wp\/v2\/media?parent=5755"}],"wp:term":[{"taxonomy":"product_category","embeddable":true,"href":"https:\/\/www.canadametal.com\/fr\/wp-json\/wp\/v2\/product_category?post=5755"}],"curies":[{"name":"wp","href":"https:\/\/api.w.org\/{rel}","templated":true}]}}