{"id":5756,"date":"2026-03-18T06:30:45","date_gmt":"2026-03-18T06:30:45","guid":{"rendered":"https:\/\/www.canadametal.com\/products\/tole-de-plomb\/"},"modified":"2026-04-17T13:28:39","modified_gmt":"2026-04-17T13:28:39","slug":"tole-de-plomb","status":"publish","type":"product","link":"https:\/\/www.canadametal.com\/fr\/produits\/feuilles-de-plomb\/","title":{"rendered":"T\u00f4le de plomb"},"content":{"rendered":"<p><span style=\"text-decoration: underline;\"><strong>Description<\/strong><\/span><br \/>\nNotre feuille de plomb est fabriqu\u00e9e \u00e0 partir de plomb pur qui respecte ou d\u00e9passe la norme ASTM B29 \u2013 03 L50021 (puret\u00e9 de 99,97 %). Les dimensions les plus courantes sont maintenues en stock pour une exp\u00e9dition le jour m\u00eame, et des options personnalis\u00e9es flexibles sont disponibles sur demande.<\/p>\n<p>Le plomb est reconnu pour sa capacit\u00e9 in\u00e9gal\u00e9e \u00e0 bloquer les radiations nocives. Les feuilles de plomb sont utilis\u00e9es pour prot\u00e9ger les employ\u00e9s, les \u00e9quipements et l\u2019environnement contre les effets n\u00e9gatifs des radiations. Elles peuvent \u00e9galement servir \u00e0 cr\u00e9er des espaces insonoris\u00e9s, r\u00e9duisant consid\u00e9rablement les niveaux de bruit entrant et sortant. Le plomb est \u00e9galement r\u00e9sistant \u00e0 la corrosion et peut \u00eatre utilis\u00e9 pour le rev\u00eatement de r\u00e9servoirs, comme ceux utilis\u00e9s dans les usines de d\u00e9capage, ainsi que pour d\u2019autres \u00e9quipements industriels, les prot\u00e9geant contre la rouille et les dommages environnementaux.<\/p>\n<p>Nos feuilles de plomb sont disponibles en dimensions standard et sur mesure afin de r\u00e9pondre \u00e0 toutes les applications. De plus, Canada Metal peut int\u00e9grer en usine des feuilles de plomb sur des panneaux de cloison s\u00e8che (gyproc) et du contreplaqu\u00e9, selon les sp\u00e9cifications du client et conform\u00e9ment aux normes de s\u00e9curit\u00e9 incendie. Consultez notre s\u00e9lection de feuilles de plomb en stock ci-dessous et contactez-nous pour des exigences sp\u00e9cifiques hors standard.<\/p>\n<p><span style=\"text-decoration: underline;\"><strong>Applications<\/strong><\/span><br \/>\nProtection contre les radiations, Toiture, Protection contre la corrosion, Insonorisation, Rev\u00eatement de r\u00e9servoirs<\/p>\n<p><span style=\"text-decoration: underline;\"><strong>Industries<\/strong><\/span><br \/>\nConstruction, \u00c9nergie nucl\u00e9aire<\/p>\n<p><span style=\"text-decoration: underline;\"><strong>Formats<\/strong><\/span><\/p>\n<div class=\"pro-desc\">\n<table class=\"table table-responsive table-bordered\" cellspacing=\"0\" cellpadding=\"0\">\n<tbody>\n<tr>\n<td class=\"head\" colspan=\"2\" align=\"center\" valign=\"middle\">FEUILLE DE PLOMB<\/td>\n<\/tr>\n<tr>\n<td class=\"head\" align=\"center\" valign=\"middle\" width=\"245\">Num\u00e9ro d\u2019article<\/td>\n<td class=\"head\" align=\"center\" valign=\"middle\" width=\"255\">Dimensions (pouces)<\/td>\n<\/tr>\n<tr>\n<td align=\"center\" valign=\"middle\">C.62.20<\/td>\n<td align=\"center\" valign=\"middle\">48 x 120 x 1\/32<\/td>\n<\/tr>\n<tr>\n<td align=\"center\" valign=\"middle\">C.62.84<\/td>\n<td align=\"center\" valign=\"middle\">48 x 84 x 1\/32<\/td>\n<\/tr>\n<tr>\n<td align=\"center\" valign=\"middle\">C.62.95<\/td>\n<td align=\"center\" valign=\"middle\">36 x 84 x 1\/32<\/td>\n<\/tr>\n<tr>\n<td align=\"center\" valign=\"middle\">C.62.96<\/td>\n<td align=\"center\" valign=\"middle\">48 x 96 x 1\/32<\/td>\n<\/tr>\n<tr>\n<td align=\"center\" valign=\"middle\">C.64.20<\/td>\n<td align=\"center\" valign=\"middle\">48 x 120 x 1\/16<\/td>\n<\/tr>\n<tr>\n<td align=\"center\" valign=\"middle\">C.64.84<\/td>\n<td align=\"center\" valign=\"middle\">48 x 84 x 1\/16<\/td>\n<\/tr>\n<tr>\n<td align=\"center\" valign=\"middle\">C.64.95<\/td>\n<td align=\"center\" valign=\"middle\">36 x 84 x 1\/16<\/td>\n<\/tr>\n<tr>\n<td align=\"center\" valign=\"middle\">C.64.96<\/td>\n<td align=\"center\" valign=\"middle\">48 x 96 x 1\/16<\/td>\n<\/tr>\n<tr>\n<td align=\"center\" valign=\"middle\">C.66.84<\/td>\n<td align=\"center\" valign=\"middle\">48 x 84 x 3\/32<\/td>\n<\/tr>\n<tr>\n<td align=\"center\" valign=\"middle\">C.66.96<\/td>\n<td align=\"center\" valign=\"middle\">48 x 96 x 3\/32<\/td>\n<\/tr>\n<tr>\n<td align=\"center\" valign=\"middle\">C.68.84<\/td>\n<td align=\"center\" valign=\"middle\">48 x 84 x 1\/8<\/td>\n<\/tr>\n<tr>\n<td align=\"center\" valign=\"middle\">C.68.96<\/td>\n<td align=\"center\" valign=\"middle\">48 x 96 x 1\/8<\/td>\n<\/tr>\n<\/tbody>\n<\/table>\n<\/div>\n<p>&nbsp;<\/p>\n<p><a href=\"https:\/\/canadametal.com\/wp-content\/uploads\/2025\/07\/sheetlead-brochure.pdf\" target=\"_blank\" rel=\"noopener\">T\u00e9l\u00e9charger le PDF<\/a><\/p>\n<p><script type=\"application\/ld+json\"> \n{\"@context\":\"https:\/\/schema.org\",\n\"@type\":\"WebPage\",\n\"url\":\"https:\/\/www.canadametal.com\/products\/sheet-lead\/\",\n\"name\":\"Lead Sheet | Lead Roofing Sheet - Canada Metal North America\",\n\"description\":\"Explore premium sheet lead and lead sheet metal for roofing and radiation shielding. Canada Metal supplies durable lead sheets for industrial and medical protection.\",\n\"publisher\":{\"@type\":\"Organization\",\"name\":\"Canada Metal North America\"},\n\"keywords\":\"Sheet Lead, lead sheet metal, lead roofing sheet, lead metal sheets, lead sheet canada, lead shielding sheets, lead shielding sheets, lead sheets for radiation shielding, lead sheeting for radiation protection\"} \n<\/script><\/p>\n","protected":false},"excerpt":{"rendered":"<p>Description Notre feuille de plomb est fabriqu\u00e9e \u00e0 partir de plomb pur qui respecte ou d\u00e9passe la norme ASTM B29 \u2013 03 L50021 (puret\u00e9 de 99,97 %). Les dimensions les plus courantes sont maintenues en stock pour une exp\u00e9dition le jour m\u00eame, et des options personnalis\u00e9es flexibles sont disponibles sur demande. Le plomb est reconnu [&hellip;]<\/p>\n","protected":false},"featured_media":4353,"template":"","product_category":[145,139],"class_list":["post-5756","product","type-product","status-publish","has-post-thumbnail","hentry","product_category-radiation-shielding-produits","product_category-plomb-produits"],"yoast_head":"<!-- This site is optimized with the Yoast SEO plugin v25.4 - https:\/\/yoast.com\/wordpress\/plugins\/seo\/ -->\n<title>Feuilles de plomb | T\u00f4les de toiture en plomb - Canada Metal Am\u00e9rique du Nord<\/title>\n<meta name=\"description\" content=\"D\u00e9couvrez nos feuilles de plomb de qualit\u00e9 sup\u00e9rieure pour la toiture et la protection contre les radiations. Canada Metal fournit des feuilles de plomb durables pour la protection industrielle et m\u00e9dicale.\" \/>\n<meta name=\"robots\" content=\"index, follow, max-snippet:-1, max-image-preview:large, max-video-preview:-1\" \/>\n<link rel=\"canonical\" href=\"https:\/\/www.canadametal.com\/fr\/produits\/feuilles-de-plomb\/\" \/>\n<meta property=\"og:locale\" content=\"fr_FR\" \/>\n<meta property=\"og:type\" content=\"article\" \/>\n<meta property=\"og:title\" content=\"Feuilles de plomb | T\u00f4les de toiture en plomb - Canada Metal Am\u00e9rique du Nord\" \/>\n<meta property=\"og:description\" content=\"D\u00e9couvrez nos feuilles de plomb de qualit\u00e9 sup\u00e9rieure pour la toiture et la protection contre les radiations. Canada Metal fournit des feuilles de plomb durables pour la protection industrielle et m\u00e9dicale.\" \/>\n<meta property=\"og:url\" content=\"https:\/\/www.canadametal.com\/fr\/produits\/feuilles-de-plomb\/\" \/>\n<meta property=\"og:site_name\" content=\"Canada Metal\" \/>\n<meta property=\"article:modified_time\" content=\"2026-04-17T13:28:39+00:00\" \/>\n<meta property=\"og:image\" content=\"https:\/\/www.canadametal.com\/wp-content\/uploads\/2025\/07\/sheet-lead.jpg\" \/>\n\t<meta property=\"og:image:width\" content=\"1368\" \/>\n\t<meta property=\"og:image:height\" content=\"912\" \/>\n\t<meta property=\"og:image:type\" content=\"image\/jpeg\" \/>\n<meta name=\"twitter:card\" content=\"summary_large_image\" \/>\n<meta name=\"twitter:label1\" content=\"Dur\u00e9e de lecture estim\u00e9e\" \/>\n\t<meta name=\"twitter:data1\" content=\"2 minutes\" \/>\n<!-- \/ Yoast SEO plugin. -->","yoast_head_json":{"title":"Feuilles de plomb | T\u00f4les de toiture en plomb - Canada Metal Am\u00e9rique du Nord","description":"D\u00e9couvrez nos feuilles de plomb de qualit\u00e9 sup\u00e9rieure pour la toiture et la protection contre les radiations. Canada Metal fournit des feuilles de plomb durables pour la protection industrielle et m\u00e9dicale.","robots":{"index":"index","follow":"follow","max-snippet":"max-snippet:-1","max-image-preview":"max-image-preview:large","max-video-preview":"max-video-preview:-1"},"canonical":"https:\/\/www.canadametal.com\/fr\/produits\/feuilles-de-plomb\/","og_locale":"fr_FR","og_type":"article","og_title":"Feuilles de plomb | T\u00f4les de toiture en plomb - Canada Metal Am\u00e9rique du Nord","og_description":"D\u00e9couvrez nos feuilles de plomb de qualit\u00e9 sup\u00e9rieure pour la toiture et la protection contre les radiations. Canada Metal fournit des feuilles de plomb durables pour la protection industrielle et m\u00e9dicale.","og_url":"https:\/\/www.canadametal.com\/fr\/produits\/feuilles-de-plomb\/","og_site_name":"Canada Metal","article_modified_time":"2026-04-17T13:28:39+00:00","og_image":[{"width":1368,"height":912,"url":"https:\/\/www.canadametal.com\/wp-content\/uploads\/2025\/07\/sheet-lead.jpg","type":"image\/jpeg"}],"twitter_card":"summary_large_image","twitter_misc":{"Dur\u00e9e de lecture estim\u00e9e":"2 minutes"},"schema":{"@context":"https:\/\/schema.org","@graph":[{"@type":"WebPage","@id":"https:\/\/www.canadametal.com\/fr\/produits\/feuilles-de-plomb\/","url":"https:\/\/www.canadametal.com\/fr\/produits\/feuilles-de-plomb\/","name":"Feuilles de plomb | T\u00f4les de toiture en plomb - Canada Metal Am\u00e9rique du Nord","isPartOf":{"@id":"https:\/\/www.canadametal.com\/fr\/#website"},"primaryImageOfPage":{"@id":"https:\/\/www.canadametal.com\/fr\/produits\/feuilles-de-plomb\/#primaryimage"},"image":{"@id":"https:\/\/www.canadametal.com\/fr\/produits\/feuilles-de-plomb\/#primaryimage"},"thumbnailUrl":"https:\/\/www.canadametal.com\/wp-content\/uploads\/2025\/07\/sheet-lead.jpg","datePublished":"2026-03-18T06:30:45+00:00","dateModified":"2026-04-17T13:28:39+00:00","description":"D\u00e9couvrez nos feuilles de plomb de qualit\u00e9 sup\u00e9rieure pour la toiture et la protection contre les radiations. Canada Metal fournit des feuilles de plomb durables pour la protection industrielle et m\u00e9dicale.","breadcrumb":{"@id":"https:\/\/www.canadametal.com\/fr\/produits\/feuilles-de-plomb\/#breadcrumb"},"inLanguage":"fr-FR","potentialAction":[{"@type":"ReadAction","target":["https:\/\/www.canadametal.com\/fr\/produits\/feuilles-de-plomb\/"]}]},{"@type":"ImageObject","inLanguage":"fr-FR","@id":"https:\/\/www.canadametal.com\/fr\/produits\/feuilles-de-plomb\/#primaryimage","url":"https:\/\/www.canadametal.com\/wp-content\/uploads\/2025\/07\/sheet-lead.jpg","contentUrl":"https:\/\/www.canadametal.com\/wp-content\/uploads\/2025\/07\/sheet-lead.jpg","width":1368,"height":912,"caption":"The Impact of CAD on Precision Lead Sheet Metal Design"},{"@type":"BreadcrumbList","@id":"https:\/\/www.canadametal.com\/fr\/produits\/feuilles-de-plomb\/#breadcrumb","itemListElement":[{"@type":"ListItem","position":1,"name":"Home","item":"https:\/\/www.canadametal.com\/fr\/"},{"@type":"ListItem","position":2,"name":"Products","item":"https:\/\/www.canadametal.com\/fr\/products\/"},{"@type":"ListItem","position":3,"name":"T\u00f4le de plomb"}]},{"@type":"WebSite","@id":"https:\/\/www.canadametal.com\/fr\/#website","url":"https:\/\/www.canadametal.com\/fr\/","name":"Canada Metal","description":"Lead Suppliers, Lead Ingots | Canada Metal North America","publisher":{"@id":"https:\/\/www.canadametal.com\/fr\/#organization"},"potentialAction":[{"@type":"SearchAction","target":{"@type":"EntryPoint","urlTemplate":"https:\/\/www.canadametal.com\/fr\/?s={search_term_string}"},"query-input":{"@type":"PropertyValueSpecification","valueRequired":true,"valueName":"search_term_string"}}],"inLanguage":"fr-FR"},{"@type":"Organization","@id":"https:\/\/www.canadametal.com\/fr\/#organization","name":"Canada Metal","url":"https:\/\/www.canadametal.com\/fr\/","logo":{"@type":"ImageObject","inLanguage":"fr-FR","@id":"https:\/\/www.canadametal.com\/fr\/#\/schema\/logo\/image\/","url":"https:\/\/www.canadametal.com\/wp-content\/uploads\/2025\/10\/cropped-N299.3-16-CMNA-Radiation-Shielding-1_1-1.png","contentUrl":"https:\/\/www.canadametal.com\/wp-content\/uploads\/2025\/10\/cropped-N299.3-16-CMNA-Radiation-Shielding-1_1-1.png","width":1754,"height":155,"caption":"Canada Metal"},"image":{"@id":"https:\/\/www.canadametal.com\/fr\/#\/schema\/logo\/image\/"}}]}},"_links":{"self":[{"href":"https:\/\/www.canadametal.com\/fr\/wp-json\/wp\/v2\/product\/5756","targetHints":{"allow":["GET"]}}],"collection":[{"href":"https:\/\/www.canadametal.com\/fr\/wp-json\/wp\/v2\/product"}],"about":[{"href":"https:\/\/www.canadametal.com\/fr\/wp-json\/wp\/v2\/types\/product"}],"wp:featuredmedia":[{"embeddable":true,"href":"https:\/\/www.canadametal.com\/fr\/wp-json\/wp\/v2\/media\/4353"}],"wp:attachment":[{"href":"https:\/\/www.canadametal.com\/fr\/wp-json\/wp\/v2\/media?parent=5756"}],"wp:term":[{"taxonomy":"product_category","embeddable":true,"href":"https:\/\/www.canadametal.com\/fr\/wp-json\/wp\/v2\/product_category?post=5756"}],"curies":[{"name":"wp","href":"https:\/\/api.w.org\/{rel}","templated":true}]}}