{"id":5758,"date":"2026-03-24T07:59:16","date_gmt":"2026-03-24T07:59:16","guid":{"rendered":"https:\/\/www.canadametal.com\/products\/portes-doublees-de-plomb\/"},"modified":"2026-04-22T08:55:15","modified_gmt":"2026-04-22T08:55:15","slug":"portes-doublees-de-plomb","status":"publish","type":"product","link":"https:\/\/www.canadametal.com\/fr\/produits\/portes-doublees-de-plomb\/","title":{"rendered":"Portes doubl\u00e9es de plomb"},"content":{"rendered":"<h2>Des environnements s\u00e9curis\u00e9s commencent par la bonne porte plomb\u00e9e<\/h2>\n<p style=\"text-align: left;\">Lorsque la s\u00e9curit\u00e9 et la conformit\u00e9 sont primordiales, les portes standard ne suffisent pas. Canada Metal North America con\u00e7oit et fabrique des portes coulissantes plomb\u00e9es r\u00e9pondant aux exigences strictes des environnements m\u00e9dicaux, nucl\u00e9aires et industriels.<\/p>\n<p style=\"text-align: left;\">Fabriqu\u00e9es avec un rev\u00eatement en plomb certifi\u00e9 et une ing\u00e9nierie de pr\u00e9cision, nos portes en bois plomb\u00e9es offrent la protection n\u00e9cessaire, ainsi que la qualit\u00e9 et la fiabilit\u00e9 requises pour vos projets.<\/p>\n<h2 style=\"text-align: left;\">Que sont les portes doubl\u00e9es de plomb ?<\/h2>\n<p style=\"text-align: left;\">Les portes plomb\u00e9es sont des portes sp\u00e9ciales dont l&rsquo;\u00e2me est constitu\u00e9e de feuilles de plomb. Cette conception cr\u00e9e une barri\u00e8re efficace contre les radiations, ce qui les rend indispensables pour les salles d&rsquo;imagerie m\u00e9dicale, les laboratoires et les installations nucl\u00e9aires.<\/p>\n<p style=\"text-align: left;\">Les portes m\u00e9talliques creuses plomb\u00e9es de Canada Metal North America allient durabilit\u00e9, conformit\u00e9 aux normes et savoir-faire professionnel. Elles sont disponibles en dimensions standard ou sur mesure pour r\u00e9pondre aux exigences de votre projet.<\/p>\n<h2 style=\"text-align: left;\"><strong>Caract\u00e9ristiques des portes et cadres plomb\u00e9s<\/strong><\/h2>\n<p style=\"text-align: left;\"><strong>Structure interne :<\/strong> Feuilles de plomb int\u00e9gr\u00e9es dans des noyaux de porte durables.<br \/>\n<strong>Options d\u2019\u00e9paisseur :<\/strong> Disponibles en plusieurs \u00e9paisseurs de plomb selon les exigences de protection.<br \/>\n<strong>Compatibilit\u00e9 des \u00e9quipements :<\/strong> Con\u00e7ues pour \u00eatre compatibles avec des cadres et quincailleries s\u00e9curis\u00e9s contre les radiations.<br \/>\n<strong>Finitions :<\/strong> Peintes, appr\u00eat\u00e9es ou personnalis\u00e9es pour s\u2019harmoniser avec les int\u00e9rieurs des installations.<br \/>\n<strong>Documentation :<\/strong> Certification et r\u00e9sultats de tests fournis avec chaque commande.<\/p>\n<h2 style=\"text-align: left;\">Applications des portes plomb\u00e9es<\/h2>\n<ul style=\"text-align: left;\">\n<li><strong>\u00c9tablissements m\u00e9dicaux<\/strong> \u2013 Protection pour les salles de radiographie, CT, PET et IRM.<\/li>\n<li><strong>Centrales nucl\u00e9aires &amp; laboratoires de recherche<\/strong> \u2013 Confinement fiable des radiations dans les zones contr\u00f4l\u00e9es.<\/li>\n<li><strong>Projets industriels<\/strong> \u2013 Points d\u2019acc\u00e8s s\u00e9curis\u00e9s dans les installations utilisant des \u00e9quipements g\u00e9n\u00e9rant des radiations.<\/li>\n<li><strong>Gouvernement &amp; militaire<\/strong> \u2013 Solutions s\u00e9curis\u00e9es pour les installations sensibles n\u00e9cessitant une protection contre les radiations.<\/li>\n<\/ul>\n<p style=\"text-align: left;\">Partout o\u00f9 la s\u00e9curit\u00e9 radiologique est une priorit\u00e9, Canada Metal North America fournit des portes performantes dans des conditions exigeantes.<\/p>\n<h2 style=\"text-align: left;\"><strong>Pourquoi nous choisir comme fabricant de portes plomb\u00e9es ?<\/strong><\/h2>\n<ul style=\"text-align: left;\">\n<li><strong>Expertise \u00e9prouv\u00e9e :<\/strong> Plus d\u2019un si\u00e8cle d\u2019exp\u00e9rience dans la fabrication de produits \u00e0 base de plomb.<\/li>\n<li><strong>Options sur mesure :<\/strong> Dimensions, finitions et quincailleries adapt\u00e9es \u00e0 vos sp\u00e9cifications.<\/li>\n<li><strong>Protection certifi\u00e9e :<\/strong> Portes fabriqu\u00e9es avec des feuilles de plomb conformes aux normes ASTM pour une protection v\u00e9rifi\u00e9e.<\/li>\n<li><strong>Support complet :<\/strong> De la conception \u00e0 la fabrication, jusqu\u2019\u00e0 la livraison et la documentation.<\/li>\n<li><strong>Distribution \u00e0 travers le Canada :<\/strong> Livraison fiable et rapide partout dans le pays.<\/li>\n<\/ul>\n<p style=\"text-align: left;\">Avec Canada Metal North America, vous choisissez un partenaire qui comprend \u00e0 la fois la s\u00e9curit\u00e9 et la conformit\u00e9.<\/p>\n<h2 style=\"text-align: left;\">Engag\u00e9s envers la s\u00e9curit\u00e9, la durabilit\u00e9 et l\u2019innovation<\/h2>\n<p style=\"text-align: left;\">Canada Metal North America accorde la priorit\u00e9 \u00e0 la s\u00e9curit\u00e9, non seulement dans ses produits, mais aussi dans ses processus de fabrication. Nous utilisons des m\u00e9thodes respectueuses de l\u2019environnement et am\u00e9liorons continuellement nos technologies afin de r\u00e9duire les d\u00e9chets et d\u2019optimiser l\u2019utilisation des ressources.<\/p>\n<p style=\"text-align: left;\">Nous agissons ainsi parce que la s\u00e9curit\u00e9 radiologique exige plus que des mat\u00e9riaux \u2014 elle n\u00e9cessite de l\u2019exp\u00e9rience, de la pr\u00e9cision et une conformit\u00e9 \u00e9prouv\u00e9e. Canada Metal North America offre ces trois \u00e9l\u00e9ments dans chaque porte m\u00e9tallique creuse plomb\u00e9e que nous fabriquons.<\/p>\n<p style=\"text-align: left;\">Contactez-nous d\u00e8s aujourd\u2019hui pour demander un devis et garantir la protection de votre installation avec le fournisseur canadien de confiance en portes plomb\u00e9es.<\/p>\n<p style=\"text-align: left;\"><a href=\"https:\/\/www.canadametal.com\/fr\/contactez-nous-nouveau\/\"><br \/>\n<span class=\"quote-btn22\">Demander un devis !<\/span><br \/>\n<\/a><\/p>\n<p style=\"text-align: left;\"><script type=\"application\/ld+json\"> \n{\"@context\":\"https:\/\/schema.org\",\n\"@type\":\"WebPage\",\n\"url\":\"https:\/\/www.canadametal.com\/products\/lead-lined-doors\/\",\n\"name\":\"Lead Lined Doors | Radiation Shielding Doors - Canada Metal\",\n\"description\":\"High-quality lead lined doors for hospitals, imaging centers, and laboratories. Custom radiation shielding solutions built to meet safety standards. Shop now!\",\n\"publisher\":{\"@type\":\"Organization\",\"name\":\"Canada Metal North America\"},\n\"keywords\":\"Lead Lined Doors, Lead Lined Door Manufacturers, Radiation Protection Doors\"} \n<\/script><\/p>\n<p><script type=\"application\/ld+json\">\n{\n  \"@context\": \"https:\/\/schema.org\",\n  \"@type\": \"FAQPage\",\n  \"mainEntity\": [\n    {\n      \"@type\": \"Question\",\n      \"name\": \"How do you ensure door durability?\",\n      \"acceptedAnswer\": {\n        \"@type\": \"Answer\",\n        \"text\": \"Our doors feature steel stiffening, reinforced frames, and lead-lined welded channels for durability and resistance to warping.\"\n      }\n    },\n    {\n      \"@type\": \"Question\",\n      \"name\": \"Can you customize lead-lined doors?\",\n      \"acceptedAnswer\": {\n        \"@type\": \"Answer\",\n        \"text\": \"Yes. We can build doors in custom sizes, thicknesses, finishes, and with hardware options to suit your project.\"\n      }\n    },\n    {\n      \"@type\": \"Question\",\n      \"name\": \"Are the doors fire-rated as well?\",\n      \"acceptedAnswer\": {\n        \"@type\": \"Answer\",\n        \"text\": \"Fire-rated lead-lined door options are available upon request. We\u2019ll confirm ratings during the quoting process.\"\n      }\n    },\n    {\n      \"@type\": \"Question\",\n      \"name\": \"What industries use lead-lined doors most often?\",\n      \"acceptedAnswer\": {\n        \"@type\": \"Answer\",\n        \"text\": \"Healthcare facilities, nuclear plants, research labs, and government installations rely on them for radiation protection.\"\n      }\n    },\n    {\n      \"@type\": \"Question\",\n      \"name\": \"Do you provide frames and hardware with the doors?\",\n      \"acceptedAnswer\": {\n        \"@type\": \"Answer\",\n        \"text\": \"Yes. We can supply frames and compatible radiation-safe hardware packages with your order.\"\n      }\n    },\n    {\n      \"@type\": \"Question\",\n      \"name\": \"How do I know which thickness I need?\",\n      \"acceptedAnswer\": {\n        \"@type\": \"Answer\",\n        \"text\": \"Your project\u2019s radiation safety officer or architect usually specifies the shielding requirements. Our team can guide you through options.\"\n      }\n    },\n    {\n      \"@type\": \"Question\",\n      \"name\": \"Do you ship across Canada?\",\n      \"acceptedAnswer\": {\n        \"@type\": \"Answer\",\n        \"text\": \"Absolutely. We supply and deliver lead-lined doors nationwide and coordinate cross-border shipments whenever necessary.\"\n      }\n    },\n    {\n      \"@type\": \"Question\",\n      \"name\": \"How long does delivery take?\",\n      \"acceptedAnswer\": {\n        \"@type\": \"Answer\",\n        \"text\": \"Stock configurations can ship quickly. We schedule custom lead-lined doors based on size and complexity, with timelines provided in your quote.\"\n      }\n    }\n  ]\n}\n<\/script><\/p>\n","protected":false},"excerpt":{"rendered":"<p>Des environnements s\u00e9curis\u00e9s commencent par la bonne porte plomb\u00e9e Lorsque la s\u00e9curit\u00e9 et la conformit\u00e9 sont primordiales, les portes standard ne suffisent pas. Canada Metal North America con\u00e7oit et fabrique des portes coulissantes plomb\u00e9es r\u00e9pondant aux exigences strictes des environnements m\u00e9dicaux, nucl\u00e9aires et industriels. Fabriqu\u00e9es avec un rev\u00eatement en plomb certifi\u00e9 et une ing\u00e9nierie de [&hellip;]<\/p>\n","protected":false},"featured_media":5631,"template":"","product_category":[145,139],"class_list":["post-5758","product","type-product","status-publish","has-post-thumbnail","hentry","product_category-radiation-shielding-produits","product_category-plomb-produits"],"yoast_head":"<!-- This site is optimized with the Yoast SEO plugin v25.4 - https:\/\/yoast.com\/wordpress\/plugins\/seo\/ -->\n<title>La s\u00e9curit\u00e9 des environnements commence par une porte plomb\u00e9e adapt\u00e9e.<\/title>\n<meta name=\"description\" content=\"Portes blind\u00e9es au plomb de haute qualit\u00e9 pour h\u00f4pitaux, centres d&#039;imagerie et laboratoires. Solutions de protection contre les radiations sur mesure, conformes aux normes de s\u00e9curit\u00e9. Commandez d\u00e8s maintenant !\" \/>\n<meta name=\"robots\" content=\"index, follow, max-snippet:-1, max-image-preview:large, max-video-preview:-1\" \/>\n<link rel=\"canonical\" href=\"https:\/\/www.canadametal.com\/fr\/produits\/portes-doublees-de-plomb\/\" \/>\n<meta property=\"og:locale\" content=\"fr_FR\" \/>\n<meta property=\"og:type\" content=\"article\" \/>\n<meta property=\"og:title\" content=\"La s\u00e9curit\u00e9 des environnements commence par une porte plomb\u00e9e adapt\u00e9e.\" \/>\n<meta property=\"og:description\" content=\"Portes blind\u00e9es au plomb de haute qualit\u00e9 pour h\u00f4pitaux, centres d&#039;imagerie et laboratoires. Solutions de protection contre les radiations sur mesure, conformes aux normes de s\u00e9curit\u00e9. Commandez d\u00e8s maintenant !\" \/>\n<meta property=\"og:url\" content=\"https:\/\/www.canadametal.com\/fr\/produits\/portes-doublees-de-plomb\/\" \/>\n<meta property=\"og:site_name\" content=\"Canada Metal\" \/>\n<meta property=\"article:modified_time\" content=\"2026-04-22T08:55:15+00:00\" \/>\n<meta property=\"og:image\" content=\"https:\/\/www.canadametal.com\/wp-content\/uploads\/2026\/02\/lead-lining-img.jpeg\" \/>\n\t<meta property=\"og:image:width\" content=\"2560\" \/>\n\t<meta property=\"og:image:height\" content=\"1920\" \/>\n\t<meta property=\"og:image:type\" content=\"image\/jpeg\" \/>\n<meta name=\"twitter:card\" content=\"summary_large_image\" \/>\n<meta name=\"twitter:label1\" content=\"Dur\u00e9e de lecture estim\u00e9e\" \/>\n\t<meta name=\"twitter:data1\" content=\"3 minutes\" \/>\n<!-- \/ Yoast SEO plugin. -->","yoast_head_json":{"title":"La s\u00e9curit\u00e9 des environnements commence par une porte plomb\u00e9e adapt\u00e9e.","description":"Portes blind\u00e9es au plomb de haute qualit\u00e9 pour h\u00f4pitaux, centres d'imagerie et laboratoires. Solutions de protection contre les radiations sur mesure, conformes aux normes de s\u00e9curit\u00e9. Commandez d\u00e8s maintenant !","robots":{"index":"index","follow":"follow","max-snippet":"max-snippet:-1","max-image-preview":"max-image-preview:large","max-video-preview":"max-video-preview:-1"},"canonical":"https:\/\/www.canadametal.com\/fr\/produits\/portes-doublees-de-plomb\/","og_locale":"fr_FR","og_type":"article","og_title":"La s\u00e9curit\u00e9 des environnements commence par une porte plomb\u00e9e adapt\u00e9e.","og_description":"Portes blind\u00e9es au plomb de haute qualit\u00e9 pour h\u00f4pitaux, centres d'imagerie et laboratoires. Solutions de protection contre les radiations sur mesure, conformes aux normes de s\u00e9curit\u00e9. Commandez d\u00e8s maintenant !","og_url":"https:\/\/www.canadametal.com\/fr\/produits\/portes-doublees-de-plomb\/","og_site_name":"Canada Metal","article_modified_time":"2026-04-22T08:55:15+00:00","og_image":[{"width":2560,"height":1920,"url":"https:\/\/www.canadametal.com\/wp-content\/uploads\/2026\/02\/lead-lining-img.jpeg","type":"image\/jpeg"}],"twitter_card":"summary_large_image","twitter_misc":{"Dur\u00e9e de lecture estim\u00e9e":"3 minutes"},"schema":{"@context":"https:\/\/schema.org","@graph":[{"@type":"WebPage","@id":"https:\/\/www.canadametal.com\/fr\/produits\/portes-doublees-de-plomb\/","url":"https:\/\/www.canadametal.com\/fr\/produits\/portes-doublees-de-plomb\/","name":"La s\u00e9curit\u00e9 des environnements commence par une porte plomb\u00e9e adapt\u00e9e.","isPartOf":{"@id":"https:\/\/www.canadametal.com\/fr\/#website"},"primaryImageOfPage":{"@id":"https:\/\/www.canadametal.com\/fr\/produits\/portes-doublees-de-plomb\/#primaryimage"},"image":{"@id":"https:\/\/www.canadametal.com\/fr\/produits\/portes-doublees-de-plomb\/#primaryimage"},"thumbnailUrl":"https:\/\/www.canadametal.com\/wp-content\/uploads\/2026\/02\/lead-lining-img.jpeg","datePublished":"2026-03-24T07:59:16+00:00","dateModified":"2026-04-22T08:55:15+00:00","description":"Portes blind\u00e9es au plomb de haute qualit\u00e9 pour h\u00f4pitaux, centres d'imagerie et laboratoires. Solutions de protection contre les radiations sur mesure, conformes aux normes de s\u00e9curit\u00e9. Commandez d\u00e8s maintenant !","breadcrumb":{"@id":"https:\/\/www.canadametal.com\/fr\/produits\/portes-doublees-de-plomb\/#breadcrumb"},"inLanguage":"fr-FR","potentialAction":[{"@type":"ReadAction","target":["https:\/\/www.canadametal.com\/fr\/produits\/portes-doublees-de-plomb\/"]}]},{"@type":"ImageObject","inLanguage":"fr-FR","@id":"https:\/\/www.canadametal.com\/fr\/produits\/portes-doublees-de-plomb\/#primaryimage","url":"https:\/\/www.canadametal.com\/wp-content\/uploads\/2026\/02\/lead-lining-img.jpeg","contentUrl":"https:\/\/www.canadametal.com\/wp-content\/uploads\/2026\/02\/lead-lining-img.jpeg","width":2560,"height":1920},{"@type":"BreadcrumbList","@id":"https:\/\/www.canadametal.com\/fr\/produits\/portes-doublees-de-plomb\/#breadcrumb","itemListElement":[{"@type":"ListItem","position":1,"name":"Home","item":"https:\/\/www.canadametal.com\/fr\/"},{"@type":"ListItem","position":2,"name":"Products","item":"https:\/\/www.canadametal.com\/fr\/products\/"},{"@type":"ListItem","position":3,"name":"Portes doubl\u00e9es de plomb"}]},{"@type":"WebSite","@id":"https:\/\/www.canadametal.com\/fr\/#website","url":"https:\/\/www.canadametal.com\/fr\/","name":"Canada Metal","description":"Lead Suppliers, Lead Ingots | Canada Metal North America","publisher":{"@id":"https:\/\/www.canadametal.com\/fr\/#organization"},"potentialAction":[{"@type":"SearchAction","target":{"@type":"EntryPoint","urlTemplate":"https:\/\/www.canadametal.com\/fr\/?s={search_term_string}"},"query-input":{"@type":"PropertyValueSpecification","valueRequired":true,"valueName":"search_term_string"}}],"inLanguage":"fr-FR"},{"@type":"Organization","@id":"https:\/\/www.canadametal.com\/fr\/#organization","name":"Canada Metal","url":"https:\/\/www.canadametal.com\/fr\/","logo":{"@type":"ImageObject","inLanguage":"fr-FR","@id":"https:\/\/www.canadametal.com\/fr\/#\/schema\/logo\/image\/","url":"https:\/\/www.canadametal.com\/wp-content\/uploads\/2025\/10\/cropped-N299.3-16-CMNA-Radiation-Shielding-1_1-1.png","contentUrl":"https:\/\/www.canadametal.com\/wp-content\/uploads\/2025\/10\/cropped-N299.3-16-CMNA-Radiation-Shielding-1_1-1.png","width":1754,"height":155,"caption":"Canada Metal"},"image":{"@id":"https:\/\/www.canadametal.com\/fr\/#\/schema\/logo\/image\/"}}]}},"_links":{"self":[{"href":"https:\/\/www.canadametal.com\/fr\/wp-json\/wp\/v2\/product\/5758","targetHints":{"allow":["GET"]}}],"collection":[{"href":"https:\/\/www.canadametal.com\/fr\/wp-json\/wp\/v2\/product"}],"about":[{"href":"https:\/\/www.canadametal.com\/fr\/wp-json\/wp\/v2\/types\/product"}],"wp:featuredmedia":[{"embeddable":true,"href":"https:\/\/www.canadametal.com\/fr\/wp-json\/wp\/v2\/media\/5631"}],"wp:attachment":[{"href":"https:\/\/www.canadametal.com\/fr\/wp-json\/wp\/v2\/media?parent=5758"}],"wp:term":[{"taxonomy":"product_category","embeddable":true,"href":"https:\/\/www.canadametal.com\/fr\/wp-json\/wp\/v2\/product_category?post=5758"}],"curies":[{"name":"wp","href":"https:\/\/api.w.org\/{rel}","templated":true}]}}