{"id":5760,"date":"2025-06-30T13:40:53","date_gmt":"2025-06-30T13:40:53","guid":{"rendered":"https:\/\/www.canadametal.com\/products\/bricks-and-blocks\/"},"modified":"2026-04-17T13:25:26","modified_gmt":"2026-04-17T13:25:26","slug":"bricks-and-blocks","status":"publish","type":"product","link":"https:\/\/www.canadametal.com\/fr\/produits\/briques-et-blocs\/","title":{"rendered":"Briques et blocs de plomb"},"content":{"rendered":"<p><span style=\"text-decoration: underline;\"><strong>Description<\/strong><\/span><\/p>\n<p data-start=\"33\" data-end=\"522\">Les blocs de plomb et les briques de plomb moul\u00e9es et extrud\u00e9es de Canada Metal offrent une protection maximale contre les rayonnements X. Les briques de plomb peuvent \u00eatre fabriqu\u00e9es selon les sp\u00e9cifications et comprennent des mod\u00e8les de type chevron, ainsi que des briques droites et d\u2019angle \u00e0 embo\u00eetement. Les blocs de plomb sont disponibles en stock en formats plats et en \u00ab V \u00bb embo\u00eetables, dans une vari\u00e9t\u00e9 de poids et de dimensions, et peuvent \u00e9galement \u00eatre fabriqu\u00e9s sur mesure.<\/p>\n<p data-start=\"524\" data-end=\"952\">Les briques de plomb sont utilis\u00e9es pour bloquer les effets des rayonnements. Les briques de Canada Metal sont con\u00e7ues pour s\u2019assembler facilement, permettant aux entrepreneurs et aux gestionnaires d\u2019immeubles de cr\u00e9er un mur ou une surface en plomb sur mesure. Ces briques embo\u00eetables pr\u00e9sentent une surface plane avec un profil en \u00ab V \u00bb qui peut \u00eatre facilement combin\u00e9 pour former une barri\u00e8re solide, s\u00e9curis\u00e9e et \u00e9tanche.<\/p>\n<p data-start=\"954\" data-end=\"1351\">Les briques de plomb embo\u00eetables sont sp\u00e9cifi\u00e9es par les architectes et les ing\u00e9nieurs dans les secteurs de la construction, de la sant\u00e9 et du nucl\u00e9aire. De nombreux h\u00f4pitaux, laboratoires m\u00e9dicaux et de recherche, ainsi que des installations utilisant des sources de rayonnement telles que les \u00e9quipements \u00e0 rayons X ou les isotopes radioactifs, utilisent ces briques pour un blindage efficace.<\/p>\n<p data-start=\"1353\" data-end=\"1465\" data-is-last-node=\"\" data-is-only-node=\"\">Consultez les professionnels exp\u00e9riment\u00e9s de Canada Metal pour discuter des besoins sp\u00e9cifiques de votre projet.<\/p>\n<p><span style=\"text-decoration: underline;\"><strong>Applications<\/strong><\/span><br \/>\nLes briques de plomb peuvent \u00eatre utilis\u00e9es pour un blindage radiologique temporaire ou permanent dans les applications o\u00f9 les feuilles de plomb ne sont pas pratiques.<\/p>\n<p><span style=\"text-decoration: underline;\"><strong>Industries<\/strong><\/span><br \/>\nConstruction, fabricants de portes sp\u00e9cialis\u00e9es, h\u00f4pitaux, cliniques, laboratoires m\u00e9dicaux, cliniques v\u00e9t\u00e9rinaires, laboratoires de recherche, m\u00e9decine nucl\u00e9aire, ch\u00e2teaux de plomb (sur mesure)<\/p>\n<p><span style=\"text-decoration: underline;\"><strong>Formats<\/strong><\/span><br \/>\nTailles standard disponibles, ainsi que des briques et blocs d\u2019angle dans les dimensions suivantes :<\/p>\n<table class=\"table table-responsive table-bordered\" border=\"0\" width=\"690\" cellspacing=\"0\" cellpadding=\"0\">\n<tbody>\n<tr>\n<td class=\"head\" align=\"center\" valign=\"middle\" width=\"172\">\u00ab V \u00bb embo\u00eetable<\/td>\n<td class=\"head\" align=\"center\" valign=\"middle\" width=\"172\">Dimensions (pouces)<\/td>\n<td class=\"head\" align=\"center\" valign=\"middle\" width=\"173\">Dimensions (mm)<\/td>\n<td class=\"head\" align=\"center\" valign=\"middle\" width=\"173\">Poids approximatif<\/td>\n<\/tr>\n<tr>\n<td align=\"center\" valign=\"middle\" width=\"172\">Std. Corner<\/td>\n<td align=\"center\" valign=\"middle\" width=\"172\">2 x 4 x 5<\/td>\n<td align=\"center\" valign=\"middle\" width=\"173\">50.8 x 101.6 x127.0<\/td>\n<td align=\"center\" valign=\"middle\" width=\"173\">23 lbs (10.4 kg)<\/td>\n<\/tr>\n<tr>\n<td align=\"center\" valign=\"middle\" width=\"172\">Top Corner<\/td>\n<td align=\"center\" valign=\"middle\" width=\"172\">2 x 3 x 5<\/td>\n<td align=\"center\" valign=\"middle\" width=\"173\">50.8 x 76.2 x 127.0<\/td>\n<td align=\"center\" valign=\"middle\" width=\"173\">17 lbs (7.8 kg)<\/td>\n<\/tr>\n<tr>\n<td align=\"center\" valign=\"middle\" width=\"172\">Base Corner<\/td>\n<td align=\"center\" valign=\"middle\" width=\"172\">2 x 3 x 5<\/td>\n<td align=\"center\" valign=\"middle\" width=\"173\">50.8 x 76.2 x 127.0<\/td>\n<td align=\"center\" valign=\"middle\" width=\"173\">17 lbs (7.8 kg)<\/td>\n<\/tr>\n<\/tbody>\n<\/table>\n<p><script type=\"application\/ld+json\"> \n{\"@context\":\"https:\/\/schema.org\",\n\"@type\":\"WebPage\",\n\"url\":\"https:\/\/www.canadametal.com\/products\/bricks-and-blocks\/\",\n\"name\":\"Lead Blocks & Bricks | Lead Bricks For Radiation Shielding\",\n\"description\":\"Canada Metal supplies high-density lead blocks and interlocking lead bricks for radiation shielding. Explore custom lead bricks for medical, industrial, and lab use.\",\n\"publisher\":{\"@type\":\"Organization\",\"name\":\"Canada Metal North America\"},\n\"keywords\":\"lead blocks, lead bricks, interlocking lead bricks, lead bricks for radiation shielding, lead bricks shielding, custom lead bricks\"} \n<\/script><\/p>\n","protected":false},"excerpt":{"rendered":"<p>Description Les blocs de plomb et les briques de plomb moul\u00e9es et extrud\u00e9es de Canada Metal offrent une protection maximale contre les rayonnements X. Les briques de plomb peuvent \u00eatre fabriqu\u00e9es selon les sp\u00e9cifications et comprennent des mod\u00e8les de type chevron, ainsi que des briques droites et d\u2019angle \u00e0 embo\u00eetement. Les blocs de plomb sont [&hellip;]<\/p>\n","protected":false},"featured_media":4337,"template":"","product_category":[139],"class_list":["post-5760","product","type-product","status-publish","has-post-thumbnail","hentry","product_category-plomb-produits"],"yoast_head":"<!-- This site is optimized with the Yoast SEO plugin v25.4 - https:\/\/yoast.com\/wordpress\/plugins\/seo\/ -->\n<title>Lead Blocks &amp; Bricks | Lead Bricks For Radiation Shielding<\/title>\n<meta name=\"description\" content=\"Canada Metal supplies high-density lead blocks and interlocking lead bricks for radiation shielding. Explore custom lead bricks for medical, industrial, and lab use.\" \/>\n<meta name=\"robots\" content=\"index, follow, max-snippet:-1, max-image-preview:large, max-video-preview:-1\" \/>\n<link rel=\"canonical\" href=\"https:\/\/www.canadametal.com\/fr\/produits\/briques-et-blocs\/\" \/>\n<meta property=\"og:locale\" content=\"fr_FR\" \/>\n<meta property=\"og:type\" content=\"article\" \/>\n<meta property=\"og:title\" content=\"Lead Blocks &amp; Bricks | Lead Bricks For Radiation Shielding\" \/>\n<meta property=\"og:description\" content=\"Canada Metal supplies high-density lead blocks and interlocking lead bricks for radiation shielding. Explore custom lead bricks for medical, industrial, and lab use.\" \/>\n<meta property=\"og:url\" content=\"https:\/\/www.canadametal.com\/fr\/produits\/briques-et-blocs\/\" \/>\n<meta property=\"og:site_name\" content=\"Canada Metal\" \/>\n<meta property=\"article:modified_time\" content=\"2026-04-17T13:25:26+00:00\" \/>\n<meta property=\"og:image\" content=\"https:\/\/www.canadametal.com\/wp-content\/uploads\/2025\/06\/bricks-and-blocks.jpg\" \/>\n\t<meta property=\"og:image:width\" content=\"1368\" \/>\n\t<meta property=\"og:image:height\" content=\"912\" \/>\n\t<meta property=\"og:image:type\" content=\"image\/jpeg\" \/>\n<meta name=\"twitter:card\" content=\"summary_large_image\" \/>\n<meta name=\"twitter:label1\" content=\"Dur\u00e9e de lecture estim\u00e9e\" \/>\n\t<meta name=\"twitter:data1\" content=\"2 minutes\" \/>\n<!-- \/ Yoast SEO plugin. -->","yoast_head_json":{"title":"Lead Blocks & Bricks | Lead Bricks For Radiation Shielding","description":"Canada Metal supplies high-density lead blocks and interlocking lead bricks for radiation shielding. Explore custom lead bricks for medical, industrial, and lab use.","robots":{"index":"index","follow":"follow","max-snippet":"max-snippet:-1","max-image-preview":"max-image-preview:large","max-video-preview":"max-video-preview:-1"},"canonical":"https:\/\/www.canadametal.com\/fr\/produits\/briques-et-blocs\/","og_locale":"fr_FR","og_type":"article","og_title":"Lead Blocks & Bricks | Lead Bricks For Radiation Shielding","og_description":"Canada Metal supplies high-density lead blocks and interlocking lead bricks for radiation shielding. Explore custom lead bricks for medical, industrial, and lab use.","og_url":"https:\/\/www.canadametal.com\/fr\/produits\/briques-et-blocs\/","og_site_name":"Canada Metal","article_modified_time":"2026-04-17T13:25:26+00:00","og_image":[{"width":1368,"height":912,"url":"https:\/\/www.canadametal.com\/wp-content\/uploads\/2025\/06\/bricks-and-blocks.jpg","type":"image\/jpeg"}],"twitter_card":"summary_large_image","twitter_misc":{"Dur\u00e9e de lecture estim\u00e9e":"2 minutes"},"schema":{"@context":"https:\/\/schema.org","@graph":[{"@type":"WebPage","@id":"https:\/\/www.canadametal.com\/fr\/produits\/briques-et-blocs\/","url":"https:\/\/www.canadametal.com\/fr\/produits\/briques-et-blocs\/","name":"Lead Blocks & Bricks | Lead Bricks For Radiation Shielding","isPartOf":{"@id":"https:\/\/www.canadametal.com\/fr\/#website"},"primaryImageOfPage":{"@id":"https:\/\/www.canadametal.com\/fr\/produits\/briques-et-blocs\/#primaryimage"},"image":{"@id":"https:\/\/www.canadametal.com\/fr\/produits\/briques-et-blocs\/#primaryimage"},"thumbnailUrl":"https:\/\/www.canadametal.com\/wp-content\/uploads\/2025\/06\/bricks-and-blocks.jpg","datePublished":"2025-06-30T13:40:53+00:00","dateModified":"2026-04-17T13:25:26+00:00","description":"Canada Metal supplies high-density lead blocks and interlocking lead bricks for radiation shielding. Explore custom lead bricks for medical, industrial, and lab use.","breadcrumb":{"@id":"https:\/\/www.canadametal.com\/fr\/produits\/briques-et-blocs\/#breadcrumb"},"inLanguage":"fr-FR","potentialAction":[{"@type":"ReadAction","target":["https:\/\/www.canadametal.com\/fr\/produits\/briques-et-blocs\/"]}]},{"@type":"ImageObject","inLanguage":"fr-FR","@id":"https:\/\/www.canadametal.com\/fr\/produits\/briques-et-blocs\/#primaryimage","url":"https:\/\/www.canadametal.com\/wp-content\/uploads\/2025\/06\/bricks-and-blocks.jpg","contentUrl":"https:\/\/www.canadametal.com\/wp-content\/uploads\/2025\/06\/bricks-and-blocks.jpg","width":1368,"height":912,"caption":"Understanding Lead Blocks for Industrial and Radiation Shielding Applications"},{"@type":"BreadcrumbList","@id":"https:\/\/www.canadametal.com\/fr\/produits\/briques-et-blocs\/#breadcrumb","itemListElement":[{"@type":"ListItem","position":1,"name":"Home","item":"https:\/\/www.canadametal.com\/fr\/"},{"@type":"ListItem","position":2,"name":"Products","item":"https:\/\/www.canadametal.com\/fr\/products\/"},{"@type":"ListItem","position":3,"name":"Briques et blocs de plomb"}]},{"@type":"WebSite","@id":"https:\/\/www.canadametal.com\/fr\/#website","url":"https:\/\/www.canadametal.com\/fr\/","name":"Canada Metal","description":"Lead Suppliers, Lead Ingots | Canada Metal North America","publisher":{"@id":"https:\/\/www.canadametal.com\/fr\/#organization"},"potentialAction":[{"@type":"SearchAction","target":{"@type":"EntryPoint","urlTemplate":"https:\/\/www.canadametal.com\/fr\/?s={search_term_string}"},"query-input":{"@type":"PropertyValueSpecification","valueRequired":true,"valueName":"search_term_string"}}],"inLanguage":"fr-FR"},{"@type":"Organization","@id":"https:\/\/www.canadametal.com\/fr\/#organization","name":"Canada Metal","url":"https:\/\/www.canadametal.com\/fr\/","logo":{"@type":"ImageObject","inLanguage":"fr-FR","@id":"https:\/\/www.canadametal.com\/fr\/#\/schema\/logo\/image\/","url":"https:\/\/www.canadametal.com\/wp-content\/uploads\/2025\/10\/cropped-N299.3-16-CMNA-Radiation-Shielding-1_1-1.png","contentUrl":"https:\/\/www.canadametal.com\/wp-content\/uploads\/2025\/10\/cropped-N299.3-16-CMNA-Radiation-Shielding-1_1-1.png","width":1754,"height":155,"caption":"Canada Metal"},"image":{"@id":"https:\/\/www.canadametal.com\/fr\/#\/schema\/logo\/image\/"}}]}},"_links":{"self":[{"href":"https:\/\/www.canadametal.com\/fr\/wp-json\/wp\/v2\/product\/5760","targetHints":{"allow":["GET"]}}],"collection":[{"href":"https:\/\/www.canadametal.com\/fr\/wp-json\/wp\/v2\/product"}],"about":[{"href":"https:\/\/www.canadametal.com\/fr\/wp-json\/wp\/v2\/types\/product"}],"wp:featuredmedia":[{"embeddable":true,"href":"https:\/\/www.canadametal.com\/fr\/wp-json\/wp\/v2\/media\/4337"}],"wp:attachment":[{"href":"https:\/\/www.canadametal.com\/fr\/wp-json\/wp\/v2\/media?parent=5760"}],"wp:term":[{"taxonomy":"product_category","embeddable":true,"href":"https:\/\/www.canadametal.com\/fr\/wp-json\/wp\/v2\/product_category?post=5760"}],"curies":[{"name":"wp","href":"https:\/\/api.w.org\/{rel}","templated":true}]}}