{"id":5761,"date":"2025-06-30T13:44:28","date_gmt":"2025-06-30T13:44:28","guid":{"rendered":"https:\/\/www.canadametal.com\/products\/bar-solder\/"},"modified":"2026-03-31T10:13:47","modified_gmt":"2026-03-31T10:13:47","slug":"bar-solder","status":"publish","type":"product","link":"https:\/\/www.canadametal.com\/fr\/produits\/barre-de-soudure\/","title":{"rendered":"Barre de soudure"},"content":{"rendered":"<p><span style=\"text-decoration: underline;\"><strong>Description<\/strong><\/span><\/p>\n<p>Les barres de brasure sont compos\u00e9es de m\u00e9tal pur ou d&rsquo;alliages m\u00e9talliques fondus pour souder les tuyaux, les joints ou les composants m\u00e9talliques. Elles r\u00e9sistent \u00e0 l&rsquo;oxydation et \u00e0 la corrosion.<\/p>\n<p>En tant que fournisseur de brasures de premier plan, Canada Metal propose une vaste gamme de produits de brasure \u00e0 base de plomb et d&rsquo;\u00e9tain de haute puret\u00e9, notamment des barres d&rsquo;\u00e9tain pur, des alliages 50\/50 et d&rsquo;autres compositions. Nous produisons \u00e9galement, sur demande, des alliages sp\u00e9cifiques tels que le cuivre-plomb, le plomb antimoni\u00e9 et d&rsquo;autres alliages adapt\u00e9s \u00e0 des applications particuli\u00e8res.<\/p>\n<p>Parcourez notre s\u00e9lection d&rsquo;alliages standard ci-dessous et contactez-nous d\u00e8s aujourd&rsquo;hui pour nous faire part de vos besoins.<\/p>\n<p><span style=\"text-decoration: underline;\"><strong>Formats<\/strong><\/span><br \/>\n1 Barres d&rsquo;alliages standards en stock. Formats de 5 lb, 10 lb et sur mesure disponibles sur demande.<\/p>\n<p id=\"tw-target-text\" class=\"tw-data-text tw-text-large tw-ta\" dir=\"ltr\" tabindex=\"-1\" role=\"text\" data-placeholder=\"Translation\" data-ved=\"2ahUKEwjj1Jnqgr2TAxWWT2wGHSpNCPIQ3ewLegQIDBAW\" aria-label=\"Translated text: Secteurs\"><span style=\"text-decoration: underline;\"><strong><span class=\"Y2IQFc\" lang=\"fr\">Secteurs<\/span><\/strong><\/span><\/p>\n<p class=\"tw-data-text tw-text-large tw-ta\" dir=\"ltr\" tabindex=\"-1\" role=\"text\" data-placeholder=\"Translation\" data-ved=\"2ahUKEwjj1Jnqgr2TAxWWT2wGHSpNCPIQ3ewLegQIDBAW\" aria-label=\"Translated text: Secteurs\">Marine commerciale, plomberie, p\u00e9trole et gaz, a\u00e9rospatiale, galvanoplastie, d\u00e9fense, services publics, nucl\u00e9aire, fusion et raffinage des m\u00e9taux.<\/p>\n<p><span style=\"text-decoration: underline;\"><strong>ALLIAGES<\/strong><\/span><\/p>\n<div class=\"pro-desc\">\n<table class=\"table table-responsive table-bordered\" border=\"0\" cellspacing=\"0\" cellpadding=\"0\">\n<tbody>\n<tr>\n<td align=\"center\" valign=\"middle\" width=\"104\">%Tin<\/td>\n<td align=\"center\" valign=\"middle\" width=\"104\">%Lead<\/td>\n<td align=\"center\" valign=\"middle\" width=\"104\">%Antimony<\/td>\n<td align=\"center\" valign=\"middle\" width=\"104\">Solidus (F)<\/td>\n<td align=\"center\" valign=\"middle\" width=\"104\">Liquidus (F)<\/td>\n<td align=\"center\" valign=\"middle\" width=\"104\">Tensile Str.<\/td>\n<\/tr>\n<tr>\n<td align=\"center\" valign=\"middle\" width=\"104\">\u2013<\/td>\n<td align=\"center\" valign=\"middle\" width=\"104\">100<\/td>\n<td align=\"center\" valign=\"middle\" width=\"104\">\u2013<\/td>\n<td align=\"center\" valign=\"middle\" width=\"104\">603<\/td>\n<td align=\"center\" valign=\"middle\" width=\"104\">621<\/td>\n<td align=\"center\" valign=\"middle\" width=\"104\">1900<\/td>\n<\/tr>\n<tr>\n<td align=\"center\" valign=\"middle\" width=\"104\">30<\/td>\n<td align=\"center\" valign=\"middle\" width=\"104\">70<\/td>\n<td align=\"center\" valign=\"middle\" width=\"104\">\u2013<\/td>\n<td align=\"center\" valign=\"middle\" width=\"104\">362<\/td>\n<td align=\"center\" valign=\"middle\" width=\"104\">490<\/td>\n<td align=\"center\" valign=\"middle\" width=\"104\">6140<\/td>\n<\/tr>\n<tr>\n<td align=\"center\" valign=\"middle\" width=\"104\">40<\/td>\n<td align=\"center\" valign=\"middle\" width=\"104\">60<\/td>\n<td align=\"center\" valign=\"middle\" width=\"104\">\u2013<\/td>\n<td align=\"center\" valign=\"middle\" width=\"104\">362<\/td>\n<td align=\"center\" valign=\"middle\" width=\"104\">460<\/td>\n<td align=\"center\" valign=\"middle\" width=\"104\">6320<\/td>\n<\/tr>\n<tr>\n<td align=\"center\" valign=\"middle\" width=\"104\">50<\/td>\n<td align=\"center\" valign=\"middle\" width=\"104\">50<\/td>\n<td align=\"center\" valign=\"middle\" width=\"104\">\u2013<\/td>\n<td align=\"center\" valign=\"middle\" width=\"104\">362<\/td>\n<td align=\"center\" valign=\"middle\" width=\"104\">420<\/td>\n<td align=\"center\" valign=\"middle\" width=\"104\">6450<\/td>\n<\/tr>\n<tr>\n<td align=\"center\" valign=\"middle\" width=\"104\">60<\/td>\n<td align=\"center\" valign=\"middle\" width=\"104\">40<\/td>\n<td align=\"center\" valign=\"middle\" width=\"104\">\u2013<\/td>\n<td align=\"center\" valign=\"middle\" width=\"104\">362<\/td>\n<td align=\"center\" valign=\"middle\" width=\"104\">375<\/td>\n<td align=\"center\" valign=\"middle\" width=\"104\">6400<\/td>\n<\/tr>\n<tr>\n<td align=\"center\" valign=\"middle\" width=\"104\">95<\/td>\n<td align=\"center\" valign=\"middle\" width=\"104\">\u2013<\/td>\n<td align=\"center\" valign=\"middle\" width=\"104\">5<\/td>\n<td align=\"center\" valign=\"middle\" width=\"104\">450<\/td>\n<td align=\"center\" valign=\"middle\" width=\"104\">464<\/td>\n<td align=\"center\" valign=\"middle\" width=\"104\">5900<\/td>\n<\/tr>\n<\/tbody>\n<\/table>\n<p>Alliages sur mesure disponibles sur demande.<\/p>\n<\/div>\n<p><script type=\"application\/ld+json\"> \n{\"@context\":\"https:\/\/schema.org\",\n\"@type\":\"WebPage\",\n\"url\":\"https:\/\/www.canadametal.com\/products\/bar-solder\/\",\n\"name\":\"Solder Bar | Wire Solder Supplier | Canada Metal\",\n\"description\":\"Canada Metal is a leading solder bar manufacturer and wire solder supplier. Explore premium solder bars engineered for reliability and superior performance.\",\n\"publisher\":{\"@type\":\"Organization\",\"name\":\"Canada Metal North America\"},\n\"keywords\":\"wire solder supplier, solder bar manufacturer, solder bar\"} \n<\/script><\/p>\n","protected":false},"excerpt":{"rendered":"<p>Description Les barres de brasure sont compos\u00e9es de m\u00e9tal pur ou d&rsquo;alliages m\u00e9talliques fondus pour souder les tuyaux, les joints ou les composants m\u00e9talliques. Elles r\u00e9sistent \u00e0 l&rsquo;oxydation et \u00e0 la corrosion. En tant que fournisseur de brasures de premier plan, Canada Metal propose une vaste gamme de produits de brasure \u00e0 base de plomb [&hellip;]<\/p>\n","protected":false},"featured_media":4339,"template":"","product_category":[146],"class_list":["post-5761","product","type-product","status-publish","has-post-thumbnail","hentry","product_category-solder-metal-produits"],"yoast_head":"<!-- This site is optimized with the Yoast SEO plugin v25.4 - https:\/\/yoast.com\/wordpress\/plugins\/seo\/ -->\n<title>Solder Bar | Wire Solder Supplier | Canada Metal<\/title>\n<meta name=\"description\" content=\"Canada Metal is a leading solder bar manufacturer and wire solder supplier. Explore premium solder bars engineered for reliability and superior performance.\" \/>\n<meta name=\"robots\" content=\"index, follow, max-snippet:-1, max-image-preview:large, max-video-preview:-1\" \/>\n<link rel=\"canonical\" href=\"https:\/\/www.canadametal.com\/fr\/produits\/barre-de-soudure\/\" \/>\n<meta property=\"og:locale\" content=\"fr_FR\" \/>\n<meta property=\"og:type\" content=\"article\" \/>\n<meta property=\"og:title\" content=\"Solder Bar | Wire Solder Supplier | Canada Metal\" \/>\n<meta property=\"og:description\" content=\"Canada Metal is a leading solder bar manufacturer and wire solder supplier. Explore premium solder bars engineered for reliability and superior performance.\" \/>\n<meta property=\"og:url\" content=\"https:\/\/www.canadametal.com\/fr\/produits\/barre-de-soudure\/\" \/>\n<meta property=\"og:site_name\" content=\"Canada Metal\" \/>\n<meta property=\"article:modified_time\" content=\"2026-03-31T10:13:47+00:00\" \/>\n<meta property=\"og:image\" content=\"https:\/\/www.canadametal.com\/wp-content\/uploads\/2025\/06\/bar-solder.jpg\" \/>\n\t<meta property=\"og:image:width\" content=\"1368\" \/>\n\t<meta property=\"og:image:height\" content=\"912\" \/>\n\t<meta property=\"og:image:type\" content=\"image\/jpeg\" \/>\n<meta name=\"twitter:card\" content=\"summary_large_image\" \/>\n<meta name=\"twitter:label1\" content=\"Dur\u00e9e de lecture estim\u00e9e\" \/>\n\t<meta name=\"twitter:data1\" content=\"2 minutes\" \/>\n<!-- \/ Yoast SEO plugin. -->","yoast_head_json":{"title":"Solder Bar | Wire Solder Supplier | Canada Metal","description":"Canada Metal is a leading solder bar manufacturer and wire solder supplier. Explore premium solder bars engineered for reliability and superior performance.","robots":{"index":"index","follow":"follow","max-snippet":"max-snippet:-1","max-image-preview":"max-image-preview:large","max-video-preview":"max-video-preview:-1"},"canonical":"https:\/\/www.canadametal.com\/fr\/produits\/barre-de-soudure\/","og_locale":"fr_FR","og_type":"article","og_title":"Solder Bar | Wire Solder Supplier | Canada Metal","og_description":"Canada Metal is a leading solder bar manufacturer and wire solder supplier. Explore premium solder bars engineered for reliability and superior performance.","og_url":"https:\/\/www.canadametal.com\/fr\/produits\/barre-de-soudure\/","og_site_name":"Canada Metal","article_modified_time":"2026-03-31T10:13:47+00:00","og_image":[{"width":1368,"height":912,"url":"https:\/\/www.canadametal.com\/wp-content\/uploads\/2025\/06\/bar-solder.jpg","type":"image\/jpeg"}],"twitter_card":"summary_large_image","twitter_misc":{"Dur\u00e9e de lecture estim\u00e9e":"2 minutes"},"schema":{"@context":"https:\/\/schema.org","@graph":[{"@type":"WebPage","@id":"https:\/\/www.canadametal.com\/fr\/produits\/barre-de-soudure\/","url":"https:\/\/www.canadametal.com\/fr\/produits\/barre-de-soudure\/","name":"Solder Bar | Wire Solder Supplier | Canada Metal","isPartOf":{"@id":"https:\/\/www.canadametal.com\/fr\/#website"},"primaryImageOfPage":{"@id":"https:\/\/www.canadametal.com\/fr\/produits\/barre-de-soudure\/#primaryimage"},"image":{"@id":"https:\/\/www.canadametal.com\/fr\/produits\/barre-de-soudure\/#primaryimage"},"thumbnailUrl":"https:\/\/www.canadametal.com\/wp-content\/uploads\/2025\/06\/bar-solder.jpg","datePublished":"2025-06-30T13:44:28+00:00","dateModified":"2026-03-31T10:13:47+00:00","description":"Canada Metal is a leading solder bar manufacturer and wire solder supplier. Explore premium solder bars engineered for reliability and superior performance.","breadcrumb":{"@id":"https:\/\/www.canadametal.com\/fr\/produits\/barre-de-soudure\/#breadcrumb"},"inLanguage":"fr-FR","potentialAction":[{"@type":"ReadAction","target":["https:\/\/www.canadametal.com\/fr\/produits\/barre-de-soudure\/"]}]},{"@type":"ImageObject","inLanguage":"fr-FR","@id":"https:\/\/www.canadametal.com\/fr\/produits\/barre-de-soudure\/#primaryimage","url":"https:\/\/www.canadametal.com\/wp-content\/uploads\/2025\/06\/bar-solder.jpg","contentUrl":"https:\/\/www.canadametal.com\/wp-content\/uploads\/2025\/06\/bar-solder.jpg","width":1368,"height":912},{"@type":"BreadcrumbList","@id":"https:\/\/www.canadametal.com\/fr\/produits\/barre-de-soudure\/#breadcrumb","itemListElement":[{"@type":"ListItem","position":1,"name":"Home","item":"https:\/\/www.canadametal.com\/fr\/"},{"@type":"ListItem","position":2,"name":"Products","item":"https:\/\/www.canadametal.com\/fr\/products\/"},{"@type":"ListItem","position":3,"name":"Barre de soudure"}]},{"@type":"WebSite","@id":"https:\/\/www.canadametal.com\/fr\/#website","url":"https:\/\/www.canadametal.com\/fr\/","name":"Canada Metal","description":"Lead Suppliers, Lead Ingots | Canada Metal North America","publisher":{"@id":"https:\/\/www.canadametal.com\/fr\/#organization"},"potentialAction":[{"@type":"SearchAction","target":{"@type":"EntryPoint","urlTemplate":"https:\/\/www.canadametal.com\/fr\/?s={search_term_string}"},"query-input":{"@type":"PropertyValueSpecification","valueRequired":true,"valueName":"search_term_string"}}],"inLanguage":"fr-FR"},{"@type":"Organization","@id":"https:\/\/www.canadametal.com\/fr\/#organization","name":"Canada Metal","url":"https:\/\/www.canadametal.com\/fr\/","logo":{"@type":"ImageObject","inLanguage":"fr-FR","@id":"https:\/\/www.canadametal.com\/fr\/#\/schema\/logo\/image\/","url":"https:\/\/www.canadametal.com\/wp-content\/uploads\/2025\/10\/cropped-N299.3-16-CMNA-Radiation-Shielding-1_1-1.png","contentUrl":"https:\/\/www.canadametal.com\/wp-content\/uploads\/2025\/10\/cropped-N299.3-16-CMNA-Radiation-Shielding-1_1-1.png","width":1754,"height":155,"caption":"Canada Metal"},"image":{"@id":"https:\/\/www.canadametal.com\/fr\/#\/schema\/logo\/image\/"}}]}},"_links":{"self":[{"href":"https:\/\/www.canadametal.com\/fr\/wp-json\/wp\/v2\/product\/5761","targetHints":{"allow":["GET"]}}],"collection":[{"href":"https:\/\/www.canadametal.com\/fr\/wp-json\/wp\/v2\/product"}],"about":[{"href":"https:\/\/www.canadametal.com\/fr\/wp-json\/wp\/v2\/types\/product"}],"wp:featuredmedia":[{"embeddable":true,"href":"https:\/\/www.canadametal.com\/fr\/wp-json\/wp\/v2\/media\/4339"}],"wp:attachment":[{"href":"https:\/\/www.canadametal.com\/fr\/wp-json\/wp\/v2\/media?parent=5761"}],"wp:term":[{"taxonomy":"product_category","embeddable":true,"href":"https:\/\/www.canadametal.com\/fr\/wp-json\/wp\/v2\/product_category?post=5761"}],"curies":[{"name":"wp","href":"https:\/\/api.w.org\/{rel}","templated":true}]}}