{"id":5763,"date":"2026-03-26T07:30:57","date_gmt":"2026-03-26T07:30:57","guid":{"rendered":"https:\/\/www.canadametal.com\/products\/tin-sheet-2\/"},"modified":"2026-04-22T08:43:29","modified_gmt":"2026-04-22T08:43:29","slug":"tin-sheet-2","status":"publish","type":"product","link":"https:\/\/www.canadametal.com\/fr\/produits\/feuilles-detain\/","title":{"rendered":"Feuille d\u2019\u00e9tain"},"content":{"rendered":"<p><strong>Description<\/strong><br \/>\nCanada Metal produit des feuilles d\u2019\u00e9tain pur de haute qualit\u00e9, lamin\u00e9es selon les sp\u00e9cifications des clients, pour une utilisation dans le blindage contre les rayonnements gamma, ainsi que par les artisans, les machinistes et les entrepreneurs pour une vari\u00e9t\u00e9 d\u2019applications.<\/p>\n<p>Feuilles d\u2019\u00e9tain de qualit\u00e9 sup\u00e9rieure au Canada<\/p>\n<p><strong>D\u00e9couvrez des feuilles de m\u00e9tal en \u00e9tain de qualit\u00e9<\/strong><br \/>\nChez Canada Metal, nous sommes fiers de proposer des feuilles d\u2019\u00e9tain de haute qualit\u00e9 pour r\u00e9pondre \u00e0 une vari\u00e9t\u00e9 de besoins industriels et artistiques. Nos feuilles de m\u00e9tal en \u00e9tain sont fabriqu\u00e9es \u00e0 partir d\u2019\u00e9tain pur, garantissant une durabilit\u00e9 exceptionnelle et une excellente r\u00e9sistance \u00e0 la corrosion. Que vous souhaitiez fabriquer des composants ou cr\u00e9er de superbes \u0153uvres d\u2019art, nos feuilles d\u2019\u00e9tain pur constituent la solution id\u00e9ale. Disponibles en diff\u00e9rentes tailles et \u00e9paisseurs, ces feuilles peuvent \u00eatre facilement d\u00e9coup\u00e9es et fa\u00e7onn\u00e9es pour r\u00e9pondre aux exigences sp\u00e9cifiques de votre projet.   <\/p>\n<p>Ne vous contentez pas de moins lorsqu\u2019il s\u2019agit de vos mat\u00e9riaux. Choisissez Canada Metal pour tous vos besoins en feuilles d\u2019\u00e9tain. Notre engagement envers la qualit\u00e9 et la satisfaction client nous distingue sur le march\u00e9. D\u00e9couvrez d\u00e8s aujourd\u2019hui notre large gamme de feuilles d\u2019\u00e9tain au Canada et constatez la diff\u00e9rence dans vos projets. Contactez-nous d\u00e8s maintenant pour passer votre commande ou demander un devis !    <\/p>\n<p><strong>Applications<\/strong><br \/>\nBlindage contre les rayonnements gamma.<\/p>\n<p><strong>Industries<\/strong><br \/>\nNucl\u00e9aire<\/p>\n<p><strong>Formats<\/strong><br \/>\nDisponibles en tailles standard et sur mesure.<\/p>\n<p><script type=\"application\/ld+json\"> \n{\"@context\":\"https:\/\/schema.org\",\n\"@type\":\"WebPage\",\n\"url\":\"https:\/\/www.canadametal.com\/product-category\/tin-products\/\",\n\"name\":\"Tin Metal Sheets, Pure Tin Sheet \u2013 Canada Metal\",\n\"description\":\"Shop high-quality pure tin sheets in Canada from Canada Metal. Our durable tin metal sheets are ideal for industrial, marine, and manufacturing applications.\",\n\"publisher\":{\"@type\":\"Organization\",\"name\":\"Canada Metal North America\"},\n\"keywords\":\"tin sheets canada, tin sheet, tin metal sheets, pure tin sheet\"} \n<\/script><\/p>\n","protected":false},"excerpt":{"rendered":"<p>Description Canada Metal produit des feuilles d\u2019\u00e9tain pur de haute qualit\u00e9, lamin\u00e9es selon les sp\u00e9cifications des clients, pour une utilisation dans le blindage contre les rayonnements gamma, ainsi que par les artisans, les machinistes et les entrepreneurs pour une vari\u00e9t\u00e9 d\u2019applications. Feuilles d\u2019\u00e9tain de qualit\u00e9 sup\u00e9rieure au Canada D\u00e9couvrez des feuilles de m\u00e9tal en \u00e9tain [&hellip;]<\/p>\n","protected":false},"featured_media":4341,"template":"","product_category":[140],"class_list":["post-5763","product","type-product","status-publish","has-post-thumbnail","hentry","product_category-etain-produits"],"yoast_head":"<!-- This site is optimized with the Yoast SEO plugin v25.4 - https:\/\/yoast.com\/wordpress\/plugins\/seo\/ -->\n<title>Feuilles de m\u00e9tal d&#039;\u00e9tain, feuille d&#039;\u00e9tain pur \u2013 Canada Metal<\/title>\n<meta name=\"description\" content=\"Shop high-quality pure tin sheets in Canada from Canada Metal. Our durable tin metal sheets are ideal for industrial, marine, and manufacturing applications.\" \/>\n<meta name=\"robots\" content=\"index, follow, max-snippet:-1, max-image-preview:large, max-video-preview:-1\" \/>\n<link rel=\"canonical\" href=\"https:\/\/www.canadametal.com\/fr\/produits\/feuilles-detain\/\" \/>\n<meta property=\"og:locale\" content=\"fr_FR\" \/>\n<meta property=\"og:type\" content=\"article\" \/>\n<meta property=\"og:title\" content=\"Feuilles de m\u00e9tal d&#039;\u00e9tain, feuille d&#039;\u00e9tain pur \u2013 Canada Metal\" \/>\n<meta property=\"og:description\" content=\"Shop high-quality pure tin sheets in Canada from Canada Metal. Our durable tin metal sheets are ideal for industrial, marine, and manufacturing applications.\" \/>\n<meta property=\"og:url\" content=\"https:\/\/www.canadametal.com\/fr\/produits\/feuilles-detain\/\" \/>\n<meta property=\"og:site_name\" content=\"Canada Metal\" \/>\n<meta property=\"article:modified_time\" content=\"2026-04-22T08:43:29+00:00\" \/>\n<meta property=\"og:image\" content=\"https:\/\/www.canadametal.com\/wp-content\/uploads\/2025\/06\/tin.jpg\" \/>\n\t<meta property=\"og:image:width\" content=\"1368\" \/>\n\t<meta property=\"og:image:height\" content=\"912\" \/>\n\t<meta property=\"og:image:type\" content=\"image\/jpeg\" \/>\n<meta name=\"twitter:card\" content=\"summary_large_image\" \/>\n<meta name=\"twitter:label1\" content=\"Dur\u00e9e de lecture estim\u00e9e\" \/>\n\t<meta name=\"twitter:data1\" content=\"1 minute\" \/>\n<!-- \/ Yoast SEO plugin. -->","yoast_head_json":{"title":"Feuilles de m\u00e9tal d'\u00e9tain, feuille d'\u00e9tain pur \u2013 Canada Metal","description":"Shop high-quality pure tin sheets in Canada from Canada Metal. Our durable tin metal sheets are ideal for industrial, marine, and manufacturing applications.","robots":{"index":"index","follow":"follow","max-snippet":"max-snippet:-1","max-image-preview":"max-image-preview:large","max-video-preview":"max-video-preview:-1"},"canonical":"https:\/\/www.canadametal.com\/fr\/produits\/feuilles-detain\/","og_locale":"fr_FR","og_type":"article","og_title":"Feuilles de m\u00e9tal d'\u00e9tain, feuille d'\u00e9tain pur \u2013 Canada Metal","og_description":"Shop high-quality pure tin sheets in Canada from Canada Metal. Our durable tin metal sheets are ideal for industrial, marine, and manufacturing applications.","og_url":"https:\/\/www.canadametal.com\/fr\/produits\/feuilles-detain\/","og_site_name":"Canada Metal","article_modified_time":"2026-04-22T08:43:29+00:00","og_image":[{"width":1368,"height":912,"url":"https:\/\/www.canadametal.com\/wp-content\/uploads\/2025\/06\/tin.jpg","type":"image\/jpeg"}],"twitter_card":"summary_large_image","twitter_misc":{"Dur\u00e9e de lecture estim\u00e9e":"1 minute"},"schema":{"@context":"https:\/\/schema.org","@graph":[{"@type":"WebPage","@id":"https:\/\/www.canadametal.com\/fr\/produits\/feuilles-detain\/","url":"https:\/\/www.canadametal.com\/fr\/produits\/feuilles-detain\/","name":"Feuilles de m\u00e9tal d'\u00e9tain, feuille d'\u00e9tain pur \u2013 Canada Metal","isPartOf":{"@id":"https:\/\/www.canadametal.com\/fr\/#website"},"primaryImageOfPage":{"@id":"https:\/\/www.canadametal.com\/fr\/produits\/feuilles-detain\/#primaryimage"},"image":{"@id":"https:\/\/www.canadametal.com\/fr\/produits\/feuilles-detain\/#primaryimage"},"thumbnailUrl":"https:\/\/www.canadametal.com\/wp-content\/uploads\/2025\/06\/tin.jpg","datePublished":"2026-03-26T07:30:57+00:00","dateModified":"2026-04-22T08:43:29+00:00","description":"Shop high-quality pure tin sheets in Canada from Canada Metal. Our durable tin metal sheets are ideal for industrial, marine, and manufacturing applications.","breadcrumb":{"@id":"https:\/\/www.canadametal.com\/fr\/produits\/feuilles-detain\/#breadcrumb"},"inLanguage":"fr-FR","potentialAction":[{"@type":"ReadAction","target":["https:\/\/www.canadametal.com\/fr\/produits\/feuilles-detain\/"]}]},{"@type":"ImageObject","inLanguage":"fr-FR","@id":"https:\/\/www.canadametal.com\/fr\/produits\/feuilles-detain\/#primaryimage","url":"https:\/\/www.canadametal.com\/wp-content\/uploads\/2025\/06\/tin.jpg","contentUrl":"https:\/\/www.canadametal.com\/wp-content\/uploads\/2025\/06\/tin.jpg","width":1368,"height":912},{"@type":"BreadcrumbList","@id":"https:\/\/www.canadametal.com\/fr\/produits\/feuilles-detain\/#breadcrumb","itemListElement":[{"@type":"ListItem","position":1,"name":"Home","item":"https:\/\/www.canadametal.com\/fr\/"},{"@type":"ListItem","position":2,"name":"Products","item":"https:\/\/www.canadametal.com\/fr\/products\/"},{"@type":"ListItem","position":3,"name":"Feuille d\u2019\u00e9tain"}]},{"@type":"WebSite","@id":"https:\/\/www.canadametal.com\/fr\/#website","url":"https:\/\/www.canadametal.com\/fr\/","name":"Canada Metal","description":"Lead Suppliers, Lead Ingots | Canada Metal North America","publisher":{"@id":"https:\/\/www.canadametal.com\/fr\/#organization"},"potentialAction":[{"@type":"SearchAction","target":{"@type":"EntryPoint","urlTemplate":"https:\/\/www.canadametal.com\/fr\/?s={search_term_string}"},"query-input":{"@type":"PropertyValueSpecification","valueRequired":true,"valueName":"search_term_string"}}],"inLanguage":"fr-FR"},{"@type":"Organization","@id":"https:\/\/www.canadametal.com\/fr\/#organization","name":"Canada Metal","url":"https:\/\/www.canadametal.com\/fr\/","logo":{"@type":"ImageObject","inLanguage":"fr-FR","@id":"https:\/\/www.canadametal.com\/fr\/#\/schema\/logo\/image\/","url":"https:\/\/www.canadametal.com\/wp-content\/uploads\/2025\/10\/cropped-N299.3-16-CMNA-Radiation-Shielding-1_1-1.png","contentUrl":"https:\/\/www.canadametal.com\/wp-content\/uploads\/2025\/10\/cropped-N299.3-16-CMNA-Radiation-Shielding-1_1-1.png","width":1754,"height":155,"caption":"Canada Metal"},"image":{"@id":"https:\/\/www.canadametal.com\/fr\/#\/schema\/logo\/image\/"}}]}},"_links":{"self":[{"href":"https:\/\/www.canadametal.com\/fr\/wp-json\/wp\/v2\/product\/5763","targetHints":{"allow":["GET"]}}],"collection":[{"href":"https:\/\/www.canadametal.com\/fr\/wp-json\/wp\/v2\/product"}],"about":[{"href":"https:\/\/www.canadametal.com\/fr\/wp-json\/wp\/v2\/types\/product"}],"wp:featuredmedia":[{"embeddable":true,"href":"https:\/\/www.canadametal.com\/fr\/wp-json\/wp\/v2\/media\/4341"}],"wp:attachment":[{"href":"https:\/\/www.canadametal.com\/fr\/wp-json\/wp\/v2\/media?parent=5763"}],"wp:term":[{"taxonomy":"product_category","embeddable":true,"href":"https:\/\/www.canadametal.com\/fr\/wp-json\/wp\/v2\/product_category?post=5763"}],"curies":[{"name":"wp","href":"https:\/\/api.w.org\/{rel}","templated":true}]}}