{"id":5766,"date":"2026-03-26T07:37:18","date_gmt":"2026-03-26T07:37:18","guid":{"rendered":"https:\/\/www.canadametal.com\/products\/zinc-treater-anodes\/"},"modified":"2026-03-31T10:26:44","modified_gmt":"2026-03-31T10:26:44","slug":"zinc-treater-anodes","status":"publish","type":"product","link":"https:\/\/www.canadametal.com\/fr\/products\/anodes-de-traitement-au-zinc\/","title":{"rendered":"anodes de traitement au zinc"},"content":{"rendered":"<p><span style=\"text-decoration: underline;\"><strong>Description<\/strong><\/span><br \/>\nNos anodes de traitement au zinc sont fabriqu\u00e9es \u00e0 partir de zinc de haute qualit\u00e9, sont conformes \u00e0 la norme ASTM B 41 8-88 Type II et sont test\u00e9es et certifi\u00e9es conformes aux normes les plus strictes de l&rsquo;industrie. Les anodes de traitement Canada Metal sont moul\u00e9es avec des noyaux en tige d&rsquo;acier filet\u00e9e (diam\u00e8tre de 15,9 mm).<\/p>\n<p><span style=\"text-decoration: underline;\"><strong>Applications<\/strong><\/span><br \/>\nUnit\u00e9s de traitement thermique, r\u00e9servoirs de stockage, r\u00e9cipients sous pression, \u00e9changeurs de chaleur, \u00e9cr\u00e9meurs, s\u00e9parateurs d&rsquo;huile<\/p>\n<p id=\"tw-target-text\" class=\"tw-data-text tw-text-large tw-ta\" dir=\"ltr\" tabindex=\"-1\" role=\"text\" data-placeholder=\"Translation\" data-ved=\"2ahUKEwjj1Jnqgr2TAxWWT2wGHSpNCPIQ3ewLegQIDBAW\" aria-label=\"Translated text: Secteurs\"><span style=\"text-decoration: underline;\"><strong><span class=\"Y2IQFc\" lang=\"fr\">Secteurs<\/span><\/strong><\/span><\/p>\n<p class=\"tw-data-text tw-text-large tw-ta\" dir=\"ltr\" tabindex=\"-1\" role=\"text\" data-placeholder=\"Translation\" data-ved=\"2ahUKEwjj1Jnqgr2TAxWWT2wGHSpNCPIQ3ewLegQIDBAW\" aria-label=\"Translated text: Secteurs\">P\u00e9trole et gaz<\/p>\n<p><span style=\"text-decoration: underline;\"><strong>Formats<\/strong><\/span><\/p>\n<div class=\"pro-desc\">\n<table class=\"table table-responsive table-bordered\" border=\"0\" width=\"538\" cellspacing=\"0\" cellpadding=\"0\">\n<tbody>\n<tr>\n<td class=\"head\" align=\"center\" valign=\"middle\" width=\"104\">ZINC<\/td>\n<td colspan=\"2\" align=\"center\" valign=\"middle\" width=\"161\"><\/td>\n<td class=\"head\" colspan=\"3\" align=\"center\" valign=\"middle\" width=\"274\">Nominal Dimensions<\/td>\n<\/tr>\n<tr>\n<td align=\"center\" valign=\"middle\" width=\"104\">Type Number<\/td>\n<td align=\"center\" valign=\"middle\" width=\"85\">Nom Wt.<br \/>\nLbs (Kgs)<\/td>\n<td align=\"center\" valign=\"middle\" width=\"76\">Mounting<\/td>\n<td align=\"center\" valign=\"middle\" width=\"85\">A-Length<br \/>\nIn (mm)<\/td>\n<td align=\"center\" valign=\"middle\" width=\"95\">B-Diameter<br \/>\nIn (mm)<\/td>\n<td align=\"center\" valign=\"middle\" width=\"94\">X-Dimen.<br \/>\nIn (mm)<\/td>\n<\/tr>\n<tr>\n<td align=\"center\" valign=\"middle\" width=\"104\">Treater Z321<\/td>\n<td align=\"center\" valign=\"middle\" width=\"85\">39.0 (17.7)<\/td>\n<td align=\"center\" valign=\"middle\" width=\"76\">Threaded<\/td>\n<td align=\"center\" valign=\"middle\" width=\"85\">21.5 (546)<\/td>\n<td align=\"center\" valign=\"middle\" width=\"95\">3.0 (76)<\/td>\n<td align=\"center\" valign=\"middle\" width=\"94\">1.0 1.5<\/td>\n<\/tr>\n<tr>\n<td align=\"center\" valign=\"middle\" width=\"104\">Treater Z321A<\/td>\n<td align=\"center\" valign=\"middle\" width=\"85\">39.0 (17.7)<\/td>\n<td align=\"center\" valign=\"middle\" width=\"76\">Threaded<\/td>\n<td align=\"center\" valign=\"middle\" width=\"85\">21.5 (546)<\/td>\n<td align=\"center\" valign=\"middle\" width=\"95\">3.0 (76)<\/td>\n<td align=\"center\" valign=\"middle\" width=\"94\">4.9<\/td>\n<\/tr>\n<tr>\n<td align=\"center\" valign=\"middle\" width=\"104\">Treater Z330<\/td>\n<td align=\"center\" valign=\"middle\" width=\"85\">56.0 (25.4)<\/td>\n<td align=\"center\" valign=\"middle\" width=\"76\">Threaded<\/td>\n<td align=\"center\" valign=\"middle\" width=\"85\">30.0 (762)<\/td>\n<td align=\"center\" valign=\"middle\" width=\"95\">3.0 (76)<\/td>\n<td align=\"center\" valign=\"middle\" width=\"94\">1.0 1.5<\/td>\n<\/tr>\n<tr>\n<td align=\"center\" valign=\"middle\" width=\"104\">Treater Z330A<\/td>\n<td align=\"center\" valign=\"middle\" width=\"85\">56.0 (25.4)<\/td>\n<td align=\"center\" valign=\"middle\" width=\"76\">Threaded<\/td>\n<td align=\"center\" valign=\"middle\" width=\"85\">30.0 (762)<\/td>\n<td align=\"center\" valign=\"middle\" width=\"95\">3.0 (76)<\/td>\n<td align=\"center\" valign=\"middle\" width=\"94\">4.0<\/td>\n<\/tr>\n<\/tbody>\n<\/table>\n<\/div>\n<p><script type=\"application\/ld+json\"> \n{\"@context\":\"https:\/\/schema.org\",\n\"@type\":\"WebPage\",\n\"url\":\"https:\/\/www.canadametal.com\/products\/zinc-treater-anodes\/\",\n\"name\":\"Quality Tested Zinc Treater Anodes | Canada Metal North America\",\n\"description\":\"Discover durable zinc treater anodes from Canada Metal, trusted for quality, longevity, and performance in marine and industrial corrosion protection systems.\",\n\"publisher\":{\"@type\":\"Organization\",\"name\":\"Canada Metal North America\"},\n\"keywords\":\"zinc treater anodes\"} \n<\/script><\/p>\n","protected":false},"excerpt":{"rendered":"<p>Description Nos anodes de traitement au zinc sont fabriqu\u00e9es \u00e0 partir de zinc de haute qualit\u00e9, sont conformes \u00e0 la norme ASTM B 41 8-88 Type II et sont test\u00e9es et certifi\u00e9es conformes aux normes les plus strictes de l&rsquo;industrie. Les anodes de traitement Canada Metal sont moul\u00e9es avec des noyaux en tige d&rsquo;acier filet\u00e9e [&hellip;]<\/p>\n","protected":false},"featured_media":5423,"template":"","product_category":[141],"class_list":["post-5766","product","type-product","status-publish","has-post-thumbnail","hentry","product_category-zinc-produits"],"yoast_head":"<!-- This site is optimized with the Yoast SEO plugin v25.4 - https:\/\/yoast.com\/wordpress\/plugins\/seo\/ -->\n<title>Quality Tested Zinc Treater Anodes | Canada Metal North America<\/title>\n<meta name=\"description\" content=\"Discover durable zinc treater anodes from Canada Metal, trusted for quality, longevity, and performance in marine and industrial corrosion protection systems.\" \/>\n<meta name=\"robots\" content=\"index, follow, max-snippet:-1, max-image-preview:large, max-video-preview:-1\" \/>\n<link rel=\"canonical\" href=\"https:\/\/www.canadametal.com\/fr\/products\/anodes-de-traitement-au-zinc\/\" \/>\n<meta property=\"og:locale\" content=\"fr_FR\" \/>\n<meta property=\"og:type\" content=\"article\" \/>\n<meta property=\"og:title\" content=\"Quality Tested Zinc Treater Anodes | Canada Metal North America\" \/>\n<meta property=\"og:description\" content=\"Discover durable zinc treater anodes from Canada Metal, trusted for quality, longevity, and performance in marine and industrial corrosion protection systems.\" \/>\n<meta property=\"og:url\" content=\"https:\/\/www.canadametal.com\/fr\/products\/anodes-de-traitement-au-zinc\/\" \/>\n<meta property=\"og:site_name\" content=\"Canada Metal\" \/>\n<meta property=\"article:modified_time\" content=\"2026-03-31T10:26:44+00:00\" \/>\n<meta property=\"og:image\" content=\"https:\/\/www.canadametal.com\/wp-content\/uploads\/2025\/06\/plating_anodes_img.jpg\" \/>\n\t<meta property=\"og:image:width\" content=\"1920\" \/>\n\t<meta property=\"og:image:height\" content=\"1005\" \/>\n\t<meta property=\"og:image:type\" content=\"image\/jpeg\" \/>\n<meta name=\"twitter:card\" content=\"summary_large_image\" \/>\n<meta name=\"twitter:label1\" content=\"Dur\u00e9e de lecture estim\u00e9e\" \/>\n\t<meta name=\"twitter:data1\" content=\"1 minute\" \/>\n<!-- \/ Yoast SEO plugin. -->","yoast_head_json":{"title":"Quality Tested Zinc Treater Anodes | Canada Metal North America","description":"Discover durable zinc treater anodes from Canada Metal, trusted for quality, longevity, and performance in marine and industrial corrosion protection systems.","robots":{"index":"index","follow":"follow","max-snippet":"max-snippet:-1","max-image-preview":"max-image-preview:large","max-video-preview":"max-video-preview:-1"},"canonical":"https:\/\/www.canadametal.com\/fr\/products\/anodes-de-traitement-au-zinc\/","og_locale":"fr_FR","og_type":"article","og_title":"Quality Tested Zinc Treater Anodes | Canada Metal North America","og_description":"Discover durable zinc treater anodes from Canada Metal, trusted for quality, longevity, and performance in marine and industrial corrosion protection systems.","og_url":"https:\/\/www.canadametal.com\/fr\/products\/anodes-de-traitement-au-zinc\/","og_site_name":"Canada Metal","article_modified_time":"2026-03-31T10:26:44+00:00","og_image":[{"width":1920,"height":1005,"url":"https:\/\/www.canadametal.com\/wp-content\/uploads\/2025\/06\/plating_anodes_img.jpg","type":"image\/jpeg"}],"twitter_card":"summary_large_image","twitter_misc":{"Dur\u00e9e de lecture estim\u00e9e":"1 minute"},"schema":{"@context":"https:\/\/schema.org","@graph":[{"@type":"WebPage","@id":"https:\/\/www.canadametal.com\/fr\/products\/anodes-de-traitement-au-zinc\/","url":"https:\/\/www.canadametal.com\/fr\/products\/anodes-de-traitement-au-zinc\/","name":"Quality Tested Zinc Treater Anodes | Canada Metal North America","isPartOf":{"@id":"https:\/\/www.canadametal.com\/fr\/#website"},"primaryImageOfPage":{"@id":"https:\/\/www.canadametal.com\/fr\/products\/anodes-de-traitement-au-zinc\/#primaryimage"},"image":{"@id":"https:\/\/www.canadametal.com\/fr\/products\/anodes-de-traitement-au-zinc\/#primaryimage"},"thumbnailUrl":"https:\/\/www.canadametal.com\/wp-content\/uploads\/2025\/06\/plating_anodes_img.jpg","datePublished":"2026-03-26T07:37:18+00:00","dateModified":"2026-03-31T10:26:44+00:00","description":"Discover durable zinc treater anodes from Canada Metal, trusted for quality, longevity, and performance in marine and industrial corrosion protection systems.","breadcrumb":{"@id":"https:\/\/www.canadametal.com\/fr\/products\/anodes-de-traitement-au-zinc\/#breadcrumb"},"inLanguage":"fr-FR","potentialAction":[{"@type":"ReadAction","target":["https:\/\/www.canadametal.com\/fr\/products\/anodes-de-traitement-au-zinc\/"]}]},{"@type":"ImageObject","inLanguage":"fr-FR","@id":"https:\/\/www.canadametal.com\/fr\/products\/anodes-de-traitement-au-zinc\/#primaryimage","url":"https:\/\/www.canadametal.com\/wp-content\/uploads\/2025\/06\/plating_anodes_img.jpg","contentUrl":"https:\/\/www.canadametal.com\/wp-content\/uploads\/2025\/06\/plating_anodes_img.jpg","width":1920,"height":1005},{"@type":"BreadcrumbList","@id":"https:\/\/www.canadametal.com\/fr\/products\/anodes-de-traitement-au-zinc\/#breadcrumb","itemListElement":[{"@type":"ListItem","position":1,"name":"Home","item":"https:\/\/www.canadametal.com\/fr\/"},{"@type":"ListItem","position":2,"name":"Products","item":"https:\/\/www.canadametal.com\/fr\/products\/"},{"@type":"ListItem","position":3,"name":"anodes de traitement au zinc"}]},{"@type":"WebSite","@id":"https:\/\/www.canadametal.com\/fr\/#website","url":"https:\/\/www.canadametal.com\/fr\/","name":"Canada Metal","description":"Lead Suppliers, Lead Ingots | Canada Metal North America","publisher":{"@id":"https:\/\/www.canadametal.com\/fr\/#organization"},"potentialAction":[{"@type":"SearchAction","target":{"@type":"EntryPoint","urlTemplate":"https:\/\/www.canadametal.com\/fr\/?s={search_term_string}"},"query-input":{"@type":"PropertyValueSpecification","valueRequired":true,"valueName":"search_term_string"}}],"inLanguage":"fr-FR"},{"@type":"Organization","@id":"https:\/\/www.canadametal.com\/fr\/#organization","name":"Canada Metal","url":"https:\/\/www.canadametal.com\/fr\/","logo":{"@type":"ImageObject","inLanguage":"fr-FR","@id":"https:\/\/www.canadametal.com\/fr\/#\/schema\/logo\/image\/","url":"https:\/\/www.canadametal.com\/wp-content\/uploads\/2025\/10\/cropped-N299.3-16-CMNA-Radiation-Shielding-1_1-1.png","contentUrl":"https:\/\/www.canadametal.com\/wp-content\/uploads\/2025\/10\/cropped-N299.3-16-CMNA-Radiation-Shielding-1_1-1.png","width":1754,"height":155,"caption":"Canada Metal"},"image":{"@id":"https:\/\/www.canadametal.com\/fr\/#\/schema\/logo\/image\/"}}]}},"_links":{"self":[{"href":"https:\/\/www.canadametal.com\/fr\/wp-json\/wp\/v2\/product\/5766","targetHints":{"allow":["GET"]}}],"collection":[{"href":"https:\/\/www.canadametal.com\/fr\/wp-json\/wp\/v2\/product"}],"about":[{"href":"https:\/\/www.canadametal.com\/fr\/wp-json\/wp\/v2\/types\/product"}],"wp:featuredmedia":[{"embeddable":true,"href":"https:\/\/www.canadametal.com\/fr\/wp-json\/wp\/v2\/media\/5423"}],"wp:attachment":[{"href":"https:\/\/www.canadametal.com\/fr\/wp-json\/wp\/v2\/media?parent=5766"}],"wp:term":[{"taxonomy":"product_category","embeddable":true,"href":"https:\/\/www.canadametal.com\/fr\/wp-json\/wp\/v2\/product_category?post=5766"}],"curies":[{"name":"wp","href":"https:\/\/api.w.org\/{rel}","templated":true}]}}