{"id":5769,"date":"2026-03-26T07:52:40","date_gmt":"2026-03-26T07:52:40","guid":{"rendered":"https:\/\/www.canadametal.com\/products\/aluminum-marine-anodes\/"},"modified":"2026-03-31T10:38:22","modified_gmt":"2026-03-31T10:38:22","slug":"aluminum-marine-anodes","status":"publish","type":"product","link":"https:\/\/www.canadametal.com\/fr\/produits\/anodes-marines-en-aluminium\/","title":{"rendered":"Anodes marines en aluminium"},"content":{"rendered":"<p class=\"pro-head\"><strong><span style=\"text-decoration: underline;\">Description<\/span><\/strong><\/p>\n<div class=\"pro-desc\">\n<p>La corrosion repr\u00e9sente une menace constante en milieu marin, et les anodes en aluminium constituent une protection essentielle contre ce ph\u00e9nom\u00e8ne. Elles sont largement utilis\u00e9es pour prolonger la dur\u00e9e de vie des navires commerciaux, priv\u00e9s et militaires, ainsi que des structures marines.<\/p>\n<p>Les anodes marines en aluminium sont utilis\u00e9es pour la protection des coques et autres pi\u00e8ces m\u00e9talliques en eau douce, saum\u00e2tre et sal\u00e9e, n\u00e9cessitant une anode sacrificielle moins r\u00e9sistante aux \u00e9lectrolytes pr\u00e9sents dans ces milieux. L&rsquo;aluminium, en attirant d&rsquo;abord les agents corrosifs puis en se dissolvant progressivement, pr\u00e9vient la corrosion et la rouille en prot\u00e9geant ainsi les coques et autres pi\u00e8ces m\u00e9talliques.<\/p>\n<p>Applications<br \/>\nCoques, citernes marines, cales, plaques de fond, quilles, gouvernails, tunnels d&rsquo;arbre, ballasts, citernes \u00e0 cargaison, pipelines en acier, plateformes de production, pieux de jet\u00e9e en acier, \u00e9changeurs de chaleur.<\/p>\n<p><span style=\"text-decoration: underline;\"><strong>Industries<\/strong><\/span><br \/>\nCommercial Marine, Oil and Gas, Defense.<\/p>\n<p>Formats<br \/>\nNos anodes en barres et en plaques, disponibles en versions boulonn\u00e9es et soud\u00e9es, profil\u00e9es, semi-profil\u00e9es et en forme de goutte d&rsquo;eau, sont sp\u00e9cialement con\u00e7ues pour offrir une protection anticorrosion sup\u00e9rieure \u00e0 la coque et aux composants des navires et structures maritimes. Les deux versions utilisent des inserts en aluminium ou en acier. Les anodes de coque \u00e0 souder sont dot\u00e9es de pattes de fixation permettant un pointage direct sur la structure du navire. Des pattes en acier (bandes) sont fournies de s\u00e9rie. Des pattes en aluminium sont disponibles sur la plupart des anodes. Les mod\u00e8les et dimensions les plus courants sont disponibles en stock.<\/p>\n<p>Browse our selection of marine anodes below and contact us directly for your requirements.<\/p>\n<div class=\"pro-desc\">\n<p class=\"pro-head\"><strong><span style=\"text-decoration: underline;\">ANODES EN ALUMINIUM POUR COQUES COMMERCIALES (NAVIRES DE TAILLE MOYENNE \u00c0 GRANDE)<\/span><\/strong><\/p>\n<table class=\"table table-responsive table-bordered\" border=\"0\" cellspacing=\"0\" cellpadding=\"0\">\n<tbody>\n<tr>\n<td class=\"head\" align=\"center\" valign=\"middle\" width=\"160\">Type No.<br \/>\nBAR ANODES<\/td>\n<td class=\"head\" align=\"center\" valign=\"middle\" width=\"104\">Nom Wgt<br \/>\nLbs (Kgs)<\/td>\n<td class=\"head\" align=\"center\" valign=\"middle\" width=\"85\">Mounting<\/td>\n<td class=\"head\" align=\"center\" valign=\"middle\" width=\"95\">A-Length<br \/>\nIn (mm)<\/td>\n<td class=\"head\" align=\"center\" valign=\"middle\" width=\"94\">B-Width<br \/>\nIn (mm)<\/td>\n<td class=\"head\" align=\"center\" valign=\"middle\" width=\"85\">C-Depth<br \/>\nIn (mm)<\/td>\n<\/tr>\n<tr>\n<td align=\"center\" valign=\"middle\" width=\"160\">AP5B2<\/td>\n<td align=\"center\" valign=\"middle\" width=\"104\">11.8 (5.36)<\/td>\n<td align=\"center\" valign=\"middle\" width=\"85\">Bolt-On<\/td>\n<td align=\"center\" valign=\"middle\" width=\"95\">24.0 (609)<\/td>\n<td align=\"center\" valign=\"middle\" width=\"94\">3.0 (76)<\/td>\n<td align=\"center\" valign=\"middle\" width=\"85\">1.25 (31)<\/td>\n<\/tr>\n<tr>\n<td align=\"center\" valign=\"middle\" width=\"160\">AP7B2, AZHC-50<\/td>\n<td align=\"center\" valign=\"middle\" width=\"104\">19.8 (8.9)<\/td>\n<td align=\"center\" valign=\"middle\" width=\"85\">Bolt-On<\/td>\n<td align=\"center\" valign=\"middle\" width=\"95\">24.0 (609)<\/td>\n<td align=\"center\" valign=\"middle\" width=\"94\">4.0 (101)<\/td>\n<td align=\"center\" valign=\"middle\" width=\"85\">1.25 (31)<\/td>\n<\/tr>\n<tr>\n<td align=\"center\" valign=\"middle\" width=\"160\">MA-2204<\/td>\n<td align=\"center\" valign=\"middle\" width=\"104\">16.0 (7.3)<\/td>\n<td align=\"center\" valign=\"middle\" width=\"85\">Weld-On<\/td>\n<td align=\"center\" valign=\"middle\" width=\"95\">20.0 (508)<\/td>\n<td align=\"center\" valign=\"middle\" width=\"94\">4.0 (101)<\/td>\n<td align=\"center\" valign=\"middle\" width=\"85\">2.0 (50)<\/td>\n<\/tr>\n<tr>\n<td align=\"center\" valign=\"middle\" width=\"160\">MA2244, AZHS-50<\/td>\n<td align=\"center\" valign=\"middle\" width=\"104\">19.7 (8.75)<\/td>\n<td align=\"center\" valign=\"middle\" width=\"85\">Weld-On<\/td>\n<td align=\"center\" valign=\"middle\" width=\"95\">24.0 (609)<\/td>\n<td align=\"center\" valign=\"middle\" width=\"94\">4.0 (101)<\/td>\n<td align=\"center\" valign=\"middle\" width=\"85\">2.0 (50)<\/td>\n<\/tr>\n<tr>\n<td align=\"center\" valign=\"middle\" width=\"160\">MA 3305<\/td>\n<td align=\"center\" valign=\"middle\" width=\"104\">32.1 (14.56)<\/td>\n<td align=\"center\" valign=\"middle\" width=\"85\">Weld-On<\/td>\n<td align=\"center\" valign=\"middle\" width=\"95\">30.0 (762)<\/td>\n<td align=\"center\" valign=\"middle\" width=\"94\">5.0 (127)<\/td>\n<td align=\"center\" valign=\"middle\" width=\"85\">3.0 (76)<\/td>\n<\/tr>\n<tr>\n<td align=\"center\" valign=\"middle\" width=\"160\">MA 3365<\/td>\n<td align=\"center\" valign=\"middle\" width=\"104\">38.3 (17.4)<\/td>\n<td align=\"center\" valign=\"middle\" width=\"85\">Weld-On<\/td>\n<td align=\"center\" valign=\"middle\" width=\"95\">36.0 (914)<\/td>\n<td align=\"center\" valign=\"middle\" width=\"94\">5.0 (127)<\/td>\n<td align=\"center\" valign=\"middle\" width=\"85\">3.0 (76)<\/td>\n<\/tr>\n<tr>\n<td align=\"center\" valign=\"middle\" width=\"160\">MA 4545<\/td>\n<td align=\"center\" valign=\"middle\" width=\"104\">98 (44.5)<\/td>\n<td align=\"center\" valign=\"middle\" width=\"85\">Weld-On<\/td>\n<td align=\"center\" valign=\"middle\" width=\"95\">54.5 (1384)<\/td>\n<td align=\"center\" valign=\"middle\" width=\"94\">4.5 (114)<\/td>\n<td align=\"center\" valign=\"middle\" width=\"85\">3.75 (95)<\/td>\n<\/tr>\n<\/tbody>\n<\/table>\n<p class=\"pro-head\"><strong><span style=\"text-decoration: underline;\">ANODES EN PLAQUE<\/span><\/strong><\/p>\n<table class=\"table table-responsive table-bordered\" border=\"0\" cellspacing=\"0\" cellpadding=\"0\">\n<tbody>\n<tr>\n<td align=\"center\" valign=\"middle\" width=\"160\">AZHC-2<\/td>\n<td align=\"center\" valign=\"middle\" width=\"104\">1.1 (0.5)<\/td>\n<td align=\"center\" valign=\"middle\" width=\"85\">Bolt-On<\/td>\n<td align=\"center\" valign=\"middle\" width=\"95\">5.75 (146)<\/td>\n<td align=\"center\" valign=\"middle\" width=\"94\">2.75 (70)<\/td>\n<td align=\"center\" valign=\"middle\" width=\"85\">.75 (19)<\/td>\n<\/tr>\n<tr>\n<td align=\"center\" valign=\"middle\" width=\"160\">AZ1, AZHC-23,<\/td>\n<td align=\"center\" valign=\"middle\" width=\"104\">10.6 (4.82)<\/td>\n<td align=\"center\" valign=\"middle\" width=\"85\">Bolt-On<\/td>\n<td align=\"center\" valign=\"middle\" width=\"95\">12.0 (304)<\/td>\n<td align=\"center\" valign=\"middle\" width=\"94\">6.0 (152)<\/td>\n<td align=\"center\" valign=\"middle\" width=\"85\">1.25 (31)<\/td>\n<\/tr>\n<tr>\n<td align=\"center\" valign=\"middle\" width=\"160\">AZ2, AZHS-23, MA 1126<\/td>\n<td align=\"center\" valign=\"middle\" width=\"104\">11.1 (5.05)<\/td>\n<td align=\"center\" valign=\"middle\" width=\"85\">Weld-On<\/td>\n<td align=\"center\" valign=\"middle\" width=\"95\">12.0 (304)<\/td>\n<td align=\"center\" valign=\"middle\" width=\"94\">6.0 (152)<\/td>\n<td align=\"center\" valign=\"middle\" width=\"85\">1.25 (31)<\/td>\n<\/tr>\n<tr>\n<td align=\"center\" valign=\"middle\" width=\"160\">AZHC-47<\/td>\n<td align=\"center\" valign=\"middle\" width=\"104\">18.1 (8.23)<\/td>\n<td align=\"center\" valign=\"middle\" width=\"85\">Bolt-On<\/td>\n<td align=\"center\" valign=\"middle\" width=\"95\">12.0 (304)<\/td>\n<td align=\"center\" valign=\"middle\" width=\"94\">6.0 (152)<\/td>\n<td align=\"center\" valign=\"middle\" width=\"85\">2.5 (64)<\/td>\n<\/tr>\n<tr>\n<td align=\"center\" valign=\"middle\" width=\"160\">AZHS-47<\/td>\n<td align=\"center\" valign=\"middle\" width=\"104\">18.1 (8.23<\/td>\n<td align=\"center\" valign=\"middle\" width=\"85\">Weld-On<\/td>\n<td align=\"center\" valign=\"middle\" width=\"95\">12.0 (304)<\/td>\n<td align=\"center\" valign=\"middle\" width=\"94\">6.0 (152)<\/td>\n<td align=\"center\" valign=\"middle\" width=\"85\">2.5 (64)<\/td>\n<\/tr>\n<\/tbody>\n<\/table>\n<p class=\"pro-head\"><strong><span style=\"text-decoration: underline;\">ANODES EN ALUMINIUM SEMI-PROFIL\u00c9ES<\/span><\/strong><\/p>\n<table class=\"table table-responsive table-bordered\" border=\"0\" width=\"623\" cellspacing=\"0\" cellpadding=\"0\">\n<tbody>\n<tr>\n<td class=\"head\" align=\"center\" valign=\"middle\" width=\"160\">Type No.<\/td>\n<td class=\"head\" align=\"center\" valign=\"middle\" width=\"104\">Nom Wgt<br \/>\nLbs (Kgs)<\/td>\n<td class=\"head\" align=\"center\" valign=\"middle\" width=\"85\">Mounting<\/td>\n<td class=\"head\" align=\"center\" valign=\"middle\" width=\"95\">A-Length<br \/>\nIn (mm)<\/td>\n<td class=\"head\" align=\"center\" valign=\"middle\" width=\"94\">B-Width<br \/>\nIn (mm)<\/td>\n<td class=\"head\" align=\"center\" valign=\"middle\" width=\"85\">C-Depth<br \/>\nIn (mm)<\/td>\n<\/tr>\n<tr>\n<td align=\"center\" valign=\"middle\" width=\"160\">AZ3 or AZSS<\/td>\n<td align=\"center\" valign=\"middle\" width=\"104\">5.0 (2.25)<\/td>\n<td align=\"center\" valign=\"middle\" width=\"85\">Weld-On<\/td>\n<td align=\"center\" valign=\"middle\" width=\"95\">12.0 (304)<\/td>\n<td align=\"center\" valign=\"middle\" width=\"94\">3.0 (76)<\/td>\n<td align=\"center\" valign=\"middle\" width=\"85\">1.25 (31)<\/td>\n<\/tr>\n<tr>\n<td align=\"center\" valign=\"middle\" width=\"160\">AZ4<\/td>\n<td align=\"center\" valign=\"middle\" width=\"104\">2.1 (.95)<\/td>\n<td align=\"center\" valign=\"middle\" width=\"85\">Weld-On<\/td>\n<td align=\"center\" valign=\"middle\" width=\"95\">6.0 (152)<\/td>\n<td align=\"center\" valign=\"middle\" width=\"94\">3.5 (88)<\/td>\n<td align=\"center\" valign=\"middle\" width=\"85\">1.0 (25)<\/td>\n<\/tr>\n<tr>\n<td align=\"center\" valign=\"middle\" width=\"160\">AZ6<\/td>\n<td align=\"center\" valign=\"middle\" width=\"104\">1.3 (.60)<\/td>\n<td align=\"center\" valign=\"middle\" width=\"85\">Weld-On<\/td>\n<td align=\"center\" valign=\"middle\" width=\"95\">5.0 (127)<\/td>\n<td align=\"center\" valign=\"middle\" width=\"94\">2.5 (63)<\/td>\n<td align=\"center\" valign=\"middle\" width=\"85\">1.0 (25)<\/td>\n<\/tr>\n<tr>\n<td align=\"center\" valign=\"middle\" width=\"160\">AZ19<\/td>\n<td align=\"center\" valign=\"middle\" width=\"104\">10.0 (4.55)<\/td>\n<td align=\"center\" valign=\"middle\" width=\"85\">Weld-On<\/td>\n<td align=\"center\" valign=\"middle\" width=\"95\">25.0 (635)<\/td>\n<td align=\"center\" valign=\"middle\" width=\"94\">3.125 (79)<\/td>\n<td align=\"center\" valign=\"middle\" width=\"85\">1.25 (31)<\/td>\n<\/tr>\n<tr>\n<td align=\"center\" valign=\"middle\" width=\"160\">AZC-5<\/td>\n<td align=\"center\" valign=\"middle\" width=\"104\">1.8 (.82)<\/td>\n<td align=\"center\" valign=\"middle\" width=\"85\">Weld-On<\/td>\n<td align=\"center\" valign=\"middle\" width=\"95\">9.0 (228)<\/td>\n<td align=\"center\" valign=\"middle\" width=\"94\">2.25 (57)<\/td>\n<td align=\"center\" valign=\"middle\" width=\"85\">1.25 (31)<\/td>\n<\/tr>\n<tr>\n<td align=\"center\" valign=\"middle\" width=\"160\">AZC-7<\/td>\n<td align=\"center\" valign=\"middle\" width=\"104\">3.0 (1.35)<\/td>\n<td align=\"center\" valign=\"middle\" width=\"85\">Weld-On<\/td>\n<td align=\"center\" valign=\"middle\" width=\"95\">9.0 (228)<\/td>\n<td align=\"center\" valign=\"middle\" width=\"94\">2.25 (57)<\/td>\n<td align=\"center\" valign=\"middle\" width=\"85\">1.625 (41)<\/td>\n<\/tr>\n<tr>\n<td align=\"center\" valign=\"middle\" width=\"160\">AZ3B<\/td>\n<td align=\"center\" valign=\"middle\" width=\"104\">5.0 (2.25)<\/td>\n<td align=\"center\" valign=\"middle\" width=\"85\">Bolt-On<\/td>\n<td align=\"center\" valign=\"middle\" width=\"95\">12.0 (304)<\/td>\n<td align=\"center\" valign=\"middle\" width=\"94\">3.0 (76)<\/td>\n<td align=\"center\" valign=\"middle\" width=\"85\">1.25 (31)<\/td>\n<\/tr>\n<tr>\n<td align=\"center\" valign=\"middle\" width=\"160\">AZ15B<\/td>\n<td align=\"center\" valign=\"middle\" width=\"104\">6.1 (2.76)<\/td>\n<td align=\"center\" valign=\"middle\" width=\"85\">Bolt-On<\/td>\n<td align=\"center\" valign=\"middle\" width=\"95\">18.0 (457)<\/td>\n<td align=\"center\" valign=\"middle\" width=\"94\">3.0 (76)<\/td>\n<td align=\"center\" valign=\"middle\" width=\"85\">1.5 (38)<\/td>\n<\/tr>\n<tr>\n<td align=\"center\" valign=\"middle\" width=\"160\">AHT1<\/td>\n<td align=\"center\" valign=\"middle\" width=\"104\">2.3 (1.04)<\/td>\n<td align=\"center\" valign=\"middle\" width=\"85\">Comb<\/td>\n<td align=\"center\" valign=\"middle\" width=\"95\">6.0 (152)<\/td>\n<td align=\"center\" valign=\"middle\" width=\"94\">3.0 (76)<\/td>\n<td align=\"center\" valign=\"middle\" width=\"85\">1.5 (38)<\/td>\n<\/tr>\n<tr>\n<td align=\"center\" valign=\"middle\" width=\"160\">AZ26<\/td>\n<td align=\"center\" valign=\"middle\" width=\"104\">10.8 (4.90)<\/td>\n<td align=\"center\" valign=\"middle\" width=\"85\">Weld-On<\/td>\n<td align=\"center\" valign=\"middle\" width=\"95\">13.5 (343)<\/td>\n<td align=\"center\" valign=\"middle\" width=\"94\">4.5 (114)<\/td>\n<td align=\"center\" valign=\"middle\" width=\"85\">2.25 (57)<\/td>\n<\/tr>\n<\/tbody>\n<\/table>\n<p class=\"pro-head\"><strong><span style=\"text-decoration: underline;\">ANODES EN ALUMINIUM PROFIL\u00c9ES<\/span><\/strong><\/p>\n<table class=\"table table-responsive table-bordered\" border=\"0\" width=\"623\" cellspacing=\"0\" cellpadding=\"0\">\n<tbody>\n<tr>\n<td class=\"head\" align=\"center\" valign=\"middle\" width=\"160\">Type No.<\/td>\n<td class=\"head\" align=\"center\" valign=\"middle\" width=\"104\">Nom Wgt<br \/>\nLbs (Kgs)<\/td>\n<td class=\"head\" align=\"center\" valign=\"middle\" width=\"85\">Mounting<\/td>\n<td class=\"head\" align=\"center\" valign=\"middle\" width=\"95\">A-Length<br \/>\nIn (mm)<\/td>\n<td class=\"head\" align=\"center\" valign=\"middle\" width=\"94\">B-Width<br \/>\nIn (mm)<\/td>\n<td class=\"head\" align=\"center\" valign=\"middle\" width=\"85\">C-Depth<br \/>\nIn (mm)<\/td>\n<\/tr>\n<tr>\n<td align=\"center\" valign=\"middle\" width=\"160\">AZ22<\/td>\n<td align=\"center\" valign=\"middle\" width=\"104\">11.0 (5.0)<\/td>\n<td align=\"center\" valign=\"middle\" width=\"85\">Weld-On<\/td>\n<td align=\"center\" valign=\"middle\" width=\"95\">14.0 (355)<\/td>\n<td align=\"center\" valign=\"middle\" width=\"94\">6.5 (165)<\/td>\n<td align=\"center\" valign=\"middle\" width=\"85\">1.5 (38)<\/td>\n<\/tr>\n<\/tbody>\n<\/table>\n<\/div>\n<\/div>\n<p><script type=\"application\/ld+json\"> \n{\"@context\":\"https:\/\/schema.org\",\n\"@type\":\"WebPage\",\n\"url\":\"https:\/\/www.canadametal.com\/products\/aluminum-marine-anodes\/\",\n\"name\":\"Aluminum Marine Anodes - Canada Metal\",\n\"description\":\"Shop high-performance aluminum marine anodes from Canada Metal. Designed for superior corrosion protection in boats, ships, and marine equipment.\",\n\"publisher\":{\"@type\":\"Organization\",\"name\":\"Canada Metal North America\"},\n\"keywords\":\"aluminum marine anodes\"} \n<\/script><\/p>\n","protected":false},"excerpt":{"rendered":"<p>Description La corrosion repr\u00e9sente une menace constante en milieu marin, et les anodes en aluminium constituent une protection essentielle contre ce ph\u00e9nom\u00e8ne. Elles sont largement utilis\u00e9es pour prolonger la dur\u00e9e de vie des navires commerciaux, priv\u00e9s et militaires, ainsi que des structures marines. Les anodes marines en aluminium sont utilis\u00e9es pour la protection des coques [&hellip;]<\/p>\n","protected":false},"featured_media":4213,"template":"","product_category":[137],"class_list":["post-5769","product","type-product","status-publish","has-post-thumbnail","hentry","product_category-aluminium-produits"],"yoast_head":"<!-- This site is optimized with the Yoast SEO plugin v25.4 - https:\/\/yoast.com\/wordpress\/plugins\/seo\/ -->\n<title>Aluminum Marine Anodes - Canada Metal<\/title>\n<meta name=\"description\" content=\"Shop high-performance aluminum marine anodes from Canada Metal. Designed for superior corrosion protection in boats, ships, and marine equipment.\" \/>\n<meta name=\"robots\" content=\"index, follow, max-snippet:-1, max-image-preview:large, max-video-preview:-1\" \/>\n<link rel=\"canonical\" href=\"https:\/\/www.canadametal.com\/fr\/produits\/anodes-marines-en-aluminium\/\" \/>\n<meta property=\"og:locale\" content=\"fr_FR\" \/>\n<meta property=\"og:type\" content=\"article\" \/>\n<meta property=\"og:title\" content=\"Aluminum Marine Anodes - Canada Metal\" \/>\n<meta property=\"og:description\" content=\"Shop high-performance aluminum marine anodes from Canada Metal. Designed for superior corrosion protection in boats, ships, and marine equipment.\" \/>\n<meta property=\"og:url\" content=\"https:\/\/www.canadametal.com\/fr\/produits\/anodes-marines-en-aluminium\/\" \/>\n<meta property=\"og:site_name\" content=\"Canada Metal\" \/>\n<meta property=\"article:modified_time\" content=\"2026-03-31T10:38:22+00:00\" \/>\n<meta property=\"og:image\" content=\"https:\/\/www.canadametal.com\/wp-content\/uploads\/2025\/06\/marine-anodes.jpg\" \/>\n\t<meta property=\"og:image:width\" content=\"1368\" \/>\n\t<meta property=\"og:image:height\" content=\"912\" \/>\n\t<meta property=\"og:image:type\" content=\"image\/jpeg\" \/>\n<meta name=\"twitter:card\" content=\"summary_large_image\" \/>\n<meta name=\"twitter:label1\" content=\"Dur\u00e9e de lecture estim\u00e9e\" \/>\n\t<meta name=\"twitter:data1\" content=\"3 minutes\" \/>\n<!-- \/ Yoast SEO plugin. -->","yoast_head_json":{"title":"Aluminum Marine Anodes - Canada Metal","description":"Shop high-performance aluminum marine anodes from Canada Metal. Designed for superior corrosion protection in boats, ships, and marine equipment.","robots":{"index":"index","follow":"follow","max-snippet":"max-snippet:-1","max-image-preview":"max-image-preview:large","max-video-preview":"max-video-preview:-1"},"canonical":"https:\/\/www.canadametal.com\/fr\/produits\/anodes-marines-en-aluminium\/","og_locale":"fr_FR","og_type":"article","og_title":"Aluminum Marine Anodes - Canada Metal","og_description":"Shop high-performance aluminum marine anodes from Canada Metal. Designed for superior corrosion protection in boats, ships, and marine equipment.","og_url":"https:\/\/www.canadametal.com\/fr\/produits\/anodes-marines-en-aluminium\/","og_site_name":"Canada Metal","article_modified_time":"2026-03-31T10:38:22+00:00","og_image":[{"width":1368,"height":912,"url":"https:\/\/www.canadametal.com\/wp-content\/uploads\/2025\/06\/marine-anodes.jpg","type":"image\/jpeg"}],"twitter_card":"summary_large_image","twitter_misc":{"Dur\u00e9e de lecture estim\u00e9e":"3 minutes"},"schema":{"@context":"https:\/\/schema.org","@graph":[{"@type":"WebPage","@id":"https:\/\/www.canadametal.com\/fr\/produits\/anodes-marines-en-aluminium\/","url":"https:\/\/www.canadametal.com\/fr\/produits\/anodes-marines-en-aluminium\/","name":"Aluminum Marine Anodes - Canada Metal","isPartOf":{"@id":"https:\/\/www.canadametal.com\/fr\/#website"},"primaryImageOfPage":{"@id":"https:\/\/www.canadametal.com\/fr\/produits\/anodes-marines-en-aluminium\/#primaryimage"},"image":{"@id":"https:\/\/www.canadametal.com\/fr\/produits\/anodes-marines-en-aluminium\/#primaryimage"},"thumbnailUrl":"https:\/\/www.canadametal.com\/wp-content\/uploads\/2025\/06\/marine-anodes.jpg","datePublished":"2026-03-26T07:52:40+00:00","dateModified":"2026-03-31T10:38:22+00:00","description":"Shop high-performance aluminum marine anodes from Canada Metal. Designed for superior corrosion protection in boats, ships, and marine equipment.","breadcrumb":{"@id":"https:\/\/www.canadametal.com\/fr\/produits\/anodes-marines-en-aluminium\/#breadcrumb"},"inLanguage":"fr-FR","potentialAction":[{"@type":"ReadAction","target":["https:\/\/www.canadametal.com\/fr\/produits\/anodes-marines-en-aluminium\/"]}]},{"@type":"ImageObject","inLanguage":"fr-FR","@id":"https:\/\/www.canadametal.com\/fr\/produits\/anodes-marines-en-aluminium\/#primaryimage","url":"https:\/\/www.canadametal.com\/wp-content\/uploads\/2025\/06\/marine-anodes.jpg","contentUrl":"https:\/\/www.canadametal.com\/wp-content\/uploads\/2025\/06\/marine-anodes.jpg","width":1368,"height":912},{"@type":"BreadcrumbList","@id":"https:\/\/www.canadametal.com\/fr\/produits\/anodes-marines-en-aluminium\/#breadcrumb","itemListElement":[{"@type":"ListItem","position":1,"name":"Home","item":"https:\/\/www.canadametal.com\/fr\/"},{"@type":"ListItem","position":2,"name":"Products","item":"https:\/\/www.canadametal.com\/fr\/products\/"},{"@type":"ListItem","position":3,"name":"Anodes marines en aluminium"}]},{"@type":"WebSite","@id":"https:\/\/www.canadametal.com\/fr\/#website","url":"https:\/\/www.canadametal.com\/fr\/","name":"Canada Metal","description":"Lead Suppliers, Lead Ingots | Canada Metal North America","publisher":{"@id":"https:\/\/www.canadametal.com\/fr\/#organization"},"potentialAction":[{"@type":"SearchAction","target":{"@type":"EntryPoint","urlTemplate":"https:\/\/www.canadametal.com\/fr\/?s={search_term_string}"},"query-input":{"@type":"PropertyValueSpecification","valueRequired":true,"valueName":"search_term_string"}}],"inLanguage":"fr-FR"},{"@type":"Organization","@id":"https:\/\/www.canadametal.com\/fr\/#organization","name":"Canada Metal","url":"https:\/\/www.canadametal.com\/fr\/","logo":{"@type":"ImageObject","inLanguage":"fr-FR","@id":"https:\/\/www.canadametal.com\/fr\/#\/schema\/logo\/image\/","url":"https:\/\/www.canadametal.com\/wp-content\/uploads\/2025\/10\/cropped-N299.3-16-CMNA-Radiation-Shielding-1_1-1.png","contentUrl":"https:\/\/www.canadametal.com\/wp-content\/uploads\/2025\/10\/cropped-N299.3-16-CMNA-Radiation-Shielding-1_1-1.png","width":1754,"height":155,"caption":"Canada Metal"},"image":{"@id":"https:\/\/www.canadametal.com\/fr\/#\/schema\/logo\/image\/"}}]}},"_links":{"self":[{"href":"https:\/\/www.canadametal.com\/fr\/wp-json\/wp\/v2\/product\/5769","targetHints":{"allow":["GET"]}}],"collection":[{"href":"https:\/\/www.canadametal.com\/fr\/wp-json\/wp\/v2\/product"}],"about":[{"href":"https:\/\/www.canadametal.com\/fr\/wp-json\/wp\/v2\/types\/product"}],"wp:featuredmedia":[{"embeddable":true,"href":"https:\/\/www.canadametal.com\/fr\/wp-json\/wp\/v2\/media\/4213"}],"wp:attachment":[{"href":"https:\/\/www.canadametal.com\/fr\/wp-json\/wp\/v2\/media?parent=5769"}],"wp:term":[{"taxonomy":"product_category","embeddable":true,"href":"https:\/\/www.canadametal.com\/fr\/wp-json\/wp\/v2\/product_category?post=5769"}],"curies":[{"name":"wp","href":"https:\/\/api.w.org\/{rel}","templated":true}]}}