{"id":5775,"date":"2025-06-30T05:54:56","date_gmt":"2025-06-30T05:54:56","guid":{"rendered":"https:\/\/www.canadametal.com\/products\/babbitt-metal\/"},"modified":"2026-03-31T10:44:56","modified_gmt":"2026-03-31T10:44:56","slug":"babbitt-metal","status":"publish","type":"product","link":"https:\/\/www.canadametal.com\/fr\/produits\/metal-babbitt\/","title":{"rendered":"M\u00e9tal Babbitt"},"content":{"rendered":"<p><span style=\"text-decoration: underline;\"><strong>Description<\/strong><\/span><\/p>\n<p data-start=\"33\" data-end=\"482\">Canada Metal fournit une gamme compl\u00e8te de m\u00e9taux Babbitt \u00e0 base de plomb et d\u2019\u00e9tain, y compris notre marque d\u00e9pos\u00e9e Harris Heavy Pressure, id\u00e9ale pour les applications \u00e0 vitesse plus faible et pour des paliers moins fortement charg\u00e9s. En fonction de divers facteurs, notamment la vitesse de surface de l\u2019arbre, la charge support\u00e9e et les syst\u00e8mes de refroidissement, nous vous aiderons \u00e0 s\u00e9lectionner le m\u00e9tal Babbitt le mieux adapt\u00e9 \u00e0 vos besoins.<\/p>\n<p data-start=\"484\" data-end=\"592\" data-is-last-node=\"\" data-is-only-node=\"\">Les Babbitts disponibles sont conformes \u00e0 la norme ASTM B 23-00 (2005), grades n\u00b0 1, 2, 3, 11, 7, 8, 13, 15.<\/p>\n<p><strong>M\u00e9tal Babbitt : solutions essentielles pour la r\u00e9paration des paliers<\/strong><\/p>\n<p data-start=\"99\" data-end=\"595\">Chez Canada Metal, nous sommes sp\u00e9cialis\u00e9s dans les m\u00e9taux Babbitt de haute qualit\u00e9, id\u00e9aux pour les applications de r\u00e9gulage (babbittage) et la r\u00e9paration efficace des paliers en m\u00e9tal Babbitt. Nos produits en m\u00e9tal Babbitt sont con\u00e7us pour offrir des performances exceptionnelles et une grande long\u00e9vit\u00e9 dans divers environnements industriels. Que vous souhaitiez r\u00e9parer des paliers existants ou en fabriquer de nouveaux, nos mat\u00e9riaux garantissent une durabilit\u00e9 et une fiabilit\u00e9 optimales.<\/p>\n<p data-start=\"597\" data-end=\"943\">Gr\u00e2ce \u00e0 notre expertise en babbittage, Canada Metal se distingue comme un fabricant nord-am\u00e9ricain de confiance. Notre m\u00e9tal Babbitt est formul\u00e9 pour r\u00e9sister \u00e0 l\u2019usure, offrant une solution fiable et durable pour vos besoins en paliers. Ne faites aucun compromis sur la qualit\u00e9 ; choisissez Canada Metal pour tous vos besoins en m\u00e9tal Babbitt.<\/p>\n<p data-start=\"945\" data-end=\"1150\" data-is-last-node=\"\" data-is-only-node=\"\">Contactez-nous d\u00e8s aujourd\u2019hui pour obtenir plus de d\u00e9tails sur nos produits en m\u00e9tal Babbitt et d\u00e9couvrir comment nous pouvons vous accompagner dans vos besoins de r\u00e9paration de paliers en m\u00e9tal Babbitt !<\/p>\n<p><span style=\"text-decoration: underline;\"><strong>Applications<\/strong><\/span><br \/>\nTurbines \u00e0 gaz, turbines hydrauliques, compresseurs, moteurs \u00e9lectriques, entra\u00eenements par engrenages, pompes, paliers, broyeurs \u00e0 boulets, broyeurs \u00e0 barres, broyeurs SAG<\/p>\n<p><span style=\"text-decoration: underline;\"><strong>Industries<\/strong><\/span><br \/>\nProduction d\u2019\u00e9nergie, exploitation mini\u00e8re, \u00e9quipements lourds<\/p>\n<p><span style=\"text-decoration: underline;\"><strong>Formats<\/strong><\/span><br \/>\nLes formats standard sont des lingots de 1 lb, des lingots ou galettes de 5 lb et des lingots entaill\u00e9s de 10 lb.<br data-start=\"146\" data-end=\"149\" \/>Des formats personnalis\u00e9s sont disponibles sur demande.<\/p>\n<p style=\"text-align: left;\"><strong><a href=\"https:\/\/www.canadametal.com\/wp-content\/uploads\/2016\/08\/thermal-data.pdf\">Download PDF<\/a><\/strong><\/p>\n<p><script type=\"application\/ld+json\"> \n{\"@context\":\"https:\/\/schema.org\",\n\"@type\":\"WebPage\",\n\"url\":\"https:\/\/www.canadametal.com\/products\/babbitt-metal\/\",\n\"name\":\"Babbitt Metal | Lead-Based Babbitt | Babbitt Material\",\n\"description\":\"Canada Metal is a trusted Babbitt metal supplier offering high-quality Babbitt alloys and lead-based Babbitt material for industrial and bearing applications.\",\n\"publisher\":{\"@type\":\"Organization\",\"name\":\"Canada Metal North America\"},\n\"keywords\":\"Babbitt metal, babbitt metal supplier, babbitt material, lead based babbitt, babbitt alloys, babbitting metal\"} \n<\/script><\/p>\n","protected":false},"excerpt":{"rendered":"<p>Description Canada Metal fournit une gamme compl\u00e8te de m\u00e9taux Babbitt \u00e0 base de plomb et d\u2019\u00e9tain, y compris notre marque d\u00e9pos\u00e9e Harris Heavy Pressure, id\u00e9ale pour les applications \u00e0 vitesse plus faible et pour des paliers moins fortement charg\u00e9s. En fonction de divers facteurs, notamment la vitesse de surface de l\u2019arbre, la charge support\u00e9e et [&hellip;]<\/p>\n","protected":false},"featured_media":4321,"template":"","product_category":[139],"class_list":["post-5775","product","type-product","status-publish","has-post-thumbnail","hentry","product_category-plomb-produits"],"yoast_head":"<!-- This site is optimized with the Yoast SEO plugin v25.4 - https:\/\/yoast.com\/wordpress\/plugins\/seo\/ -->\n<title>Babbitt Metal | Lead-Based Babbitt | Babbitt Material<\/title>\n<meta name=\"description\" content=\"Canada Metal is a trusted Babbitt metal supplier offering high-quality Babbitt alloys and lead-based Babbitt material for industrial and bearing applications.\" \/>\n<meta name=\"robots\" content=\"index, follow, max-snippet:-1, max-image-preview:large, max-video-preview:-1\" \/>\n<link rel=\"canonical\" href=\"https:\/\/www.canadametal.com\/fr\/produits\/metal-babbitt\/\" \/>\n<meta property=\"og:locale\" content=\"fr_FR\" \/>\n<meta property=\"og:type\" content=\"article\" \/>\n<meta property=\"og:title\" content=\"Babbitt Metal | Lead-Based Babbitt | Babbitt Material\" \/>\n<meta property=\"og:description\" content=\"Canada Metal is a trusted Babbitt metal supplier offering high-quality Babbitt alloys and lead-based Babbitt material for industrial and bearing applications.\" \/>\n<meta property=\"og:url\" content=\"https:\/\/www.canadametal.com\/fr\/produits\/metal-babbitt\/\" \/>\n<meta property=\"og:site_name\" content=\"Canada Metal\" \/>\n<meta property=\"article:modified_time\" content=\"2026-03-31T10:44:56+00:00\" \/>\n<meta property=\"og:image\" content=\"https:\/\/www.canadametal.com\/wp-content\/uploads\/2025\/06\/babbitting1-1.jpg\" \/>\n\t<meta property=\"og:image:width\" content=\"480\" \/>\n\t<meta property=\"og:image:height\" content=\"640\" \/>\n\t<meta property=\"og:image:type\" content=\"image\/jpeg\" \/>\n<meta name=\"twitter:card\" content=\"summary_large_image\" \/>\n<meta name=\"twitter:label1\" content=\"Dur\u00e9e de lecture estim\u00e9e\" \/>\n\t<meta name=\"twitter:data1\" content=\"2 minutes\" \/>\n<!-- \/ Yoast SEO plugin. -->","yoast_head_json":{"title":"Babbitt Metal | Lead-Based Babbitt | Babbitt Material","description":"Canada Metal is a trusted Babbitt metal supplier offering high-quality Babbitt alloys and lead-based Babbitt material for industrial and bearing applications.","robots":{"index":"index","follow":"follow","max-snippet":"max-snippet:-1","max-image-preview":"max-image-preview:large","max-video-preview":"max-video-preview:-1"},"canonical":"https:\/\/www.canadametal.com\/fr\/produits\/metal-babbitt\/","og_locale":"fr_FR","og_type":"article","og_title":"Babbitt Metal | Lead-Based Babbitt | Babbitt Material","og_description":"Canada Metal is a trusted Babbitt metal supplier offering high-quality Babbitt alloys and lead-based Babbitt material for industrial and bearing applications.","og_url":"https:\/\/www.canadametal.com\/fr\/produits\/metal-babbitt\/","og_site_name":"Canada Metal","article_modified_time":"2026-03-31T10:44:56+00:00","og_image":[{"width":480,"height":640,"url":"https:\/\/www.canadametal.com\/wp-content\/uploads\/2025\/06\/babbitting1-1.jpg","type":"image\/jpeg"}],"twitter_card":"summary_large_image","twitter_misc":{"Dur\u00e9e de lecture estim\u00e9e":"2 minutes"},"schema":{"@context":"https:\/\/schema.org","@graph":[{"@type":"WebPage","@id":"https:\/\/www.canadametal.com\/fr\/produits\/metal-babbitt\/","url":"https:\/\/www.canadametal.com\/fr\/produits\/metal-babbitt\/","name":"Babbitt Metal | Lead-Based Babbitt | Babbitt Material","isPartOf":{"@id":"https:\/\/www.canadametal.com\/fr\/#website"},"primaryImageOfPage":{"@id":"https:\/\/www.canadametal.com\/fr\/produits\/metal-babbitt\/#primaryimage"},"image":{"@id":"https:\/\/www.canadametal.com\/fr\/produits\/metal-babbitt\/#primaryimage"},"thumbnailUrl":"https:\/\/www.canadametal.com\/wp-content\/uploads\/2025\/06\/babbitting1-1.jpg","datePublished":"2025-06-30T05:54:56+00:00","dateModified":"2026-03-31T10:44:56+00:00","description":"Canada Metal is a trusted Babbitt metal supplier offering high-quality Babbitt alloys and lead-based Babbitt material for industrial and bearing applications.","breadcrumb":{"@id":"https:\/\/www.canadametal.com\/fr\/produits\/metal-babbitt\/#breadcrumb"},"inLanguage":"fr-FR","potentialAction":[{"@type":"ReadAction","target":["https:\/\/www.canadametal.com\/fr\/produits\/metal-babbitt\/"]}]},{"@type":"ImageObject","inLanguage":"fr-FR","@id":"https:\/\/www.canadametal.com\/fr\/produits\/metal-babbitt\/#primaryimage","url":"https:\/\/www.canadametal.com\/wp-content\/uploads\/2025\/06\/babbitting1-1.jpg","contentUrl":"https:\/\/www.canadametal.com\/wp-content\/uploads\/2025\/06\/babbitting1-1.jpg","width":480,"height":640},{"@type":"BreadcrumbList","@id":"https:\/\/www.canadametal.com\/fr\/produits\/metal-babbitt\/#breadcrumb","itemListElement":[{"@type":"ListItem","position":1,"name":"Home","item":"https:\/\/www.canadametal.com\/fr\/"},{"@type":"ListItem","position":2,"name":"Products","item":"https:\/\/www.canadametal.com\/fr\/products\/"},{"@type":"ListItem","position":3,"name":"M\u00e9tal Babbitt"}]},{"@type":"WebSite","@id":"https:\/\/www.canadametal.com\/fr\/#website","url":"https:\/\/www.canadametal.com\/fr\/","name":"Canada Metal","description":"Lead Suppliers, Lead Ingots | Canada Metal North America","publisher":{"@id":"https:\/\/www.canadametal.com\/fr\/#organization"},"potentialAction":[{"@type":"SearchAction","target":{"@type":"EntryPoint","urlTemplate":"https:\/\/www.canadametal.com\/fr\/?s={search_term_string}"},"query-input":{"@type":"PropertyValueSpecification","valueRequired":true,"valueName":"search_term_string"}}],"inLanguage":"fr-FR"},{"@type":"Organization","@id":"https:\/\/www.canadametal.com\/fr\/#organization","name":"Canada Metal","url":"https:\/\/www.canadametal.com\/fr\/","logo":{"@type":"ImageObject","inLanguage":"fr-FR","@id":"https:\/\/www.canadametal.com\/fr\/#\/schema\/logo\/image\/","url":"https:\/\/www.canadametal.com\/wp-content\/uploads\/2025\/10\/cropped-N299.3-16-CMNA-Radiation-Shielding-1_1-1.png","contentUrl":"https:\/\/www.canadametal.com\/wp-content\/uploads\/2025\/10\/cropped-N299.3-16-CMNA-Radiation-Shielding-1_1-1.png","width":1754,"height":155,"caption":"Canada Metal"},"image":{"@id":"https:\/\/www.canadametal.com\/fr\/#\/schema\/logo\/image\/"}}]}},"_links":{"self":[{"href":"https:\/\/www.canadametal.com\/fr\/wp-json\/wp\/v2\/product\/5775","targetHints":{"allow":["GET"]}}],"collection":[{"href":"https:\/\/www.canadametal.com\/fr\/wp-json\/wp\/v2\/product"}],"about":[{"href":"https:\/\/www.canadametal.com\/fr\/wp-json\/wp\/v2\/types\/product"}],"wp:featuredmedia":[{"embeddable":true,"href":"https:\/\/www.canadametal.com\/fr\/wp-json\/wp\/v2\/media\/4321"}],"wp:attachment":[{"href":"https:\/\/www.canadametal.com\/fr\/wp-json\/wp\/v2\/media?parent=5775"}],"wp:term":[{"taxonomy":"product_category","embeddable":true,"href":"https:\/\/www.canadametal.com\/fr\/wp-json\/wp\/v2\/product_category?post=5775"}],"curies":[{"name":"wp","href":"https:\/\/api.w.org\/{rel}","templated":true}]}}