{"id":5780,"date":"2026-03-27T13:30:55","date_gmt":"2026-03-27T13:30:55","guid":{"rendered":"https:\/\/www.canadametal.com\/products\/lead-anodes\/"},"modified":"2026-04-22T09:17:50","modified_gmt":"2026-04-22T09:17:50","slug":"lead-anodes","status":"publish","type":"product","link":"https:\/\/www.canadametal.com\/fr\/produits\/anodes-en-plomb\/","title":{"rendered":"Anodes en plomb"},"content":{"rendered":"<p><strong><span style=\"text-decoration: underline;\">Description<\/span><\/strong><\/p>\n<p>Les anodes en plomb et en alliages de plomb sont utilis\u00e9es dans le processus de galvanoplastie afin de modifier les propri\u00e9t\u00e9s chimiques et physiques des surfaces m\u00e9talliques, en fonction de l\u2019application \u00e0 laquelle elles sont destin\u00e9es. Par exemple, ces types d\u2019anodes en plomb sont couramment utilis\u00e9s dans le proc\u00e9d\u00e9 de chromage, augmentant la duret\u00e9 d\u2019un objet ou d\u2019un \u00e9quipement, am\u00e9liorant ainsi sa r\u00e9sistance \u00e0 la corrosion et pr\u00e9venant l\u2019usure pr\u00e9matur\u00e9e. <a href=\"https:\/\/www.canadametal.com\/fr\/\">Canada Metal<\/a> offre une large gamme d\u2019anodes de galvanoplastie en plomb et en alliages de plomb de haute qualit\u00e9, non sacrificielles, adapt\u00e9es aux applications l\u00e9g\u00e8res et lourdes. Forts de notre expertise dans ce domaine, nous fabriquons sur mesure selon les sp\u00e9cifications de nos clients, en utilisant uniquement des m\u00e9taux de haute puret\u00e9 et de qualit\u00e9 constante. <a href=\"https:\/\/www.canadametal.com\/contact\/\">Contactez les professionnels<\/a> de Canada Metal Am\u00e9rique du Nord pour discuter de vos besoins.<\/p>\n<p>Proc\u00e9d\u00e9s de galvanoplastie incluant les spires de vis de pompe \u00e0 huile chrom\u00e9es, les cylindres hydrauliques, les vis transporteuses, les t\u00f4les et les cuves.<\/p>\n<p><strong><span style=\"text-decoration: underline;\">Industries<\/span><\/strong><br \/>\nGalvanoplastie, hydraulique, fabrication.<\/p>\n<p><strong><span style=\"text-decoration: underline;\">Formats<\/span><\/strong><\/p>\n<div class=\"pro-desc\">\n<ol>\n<li>Panier<\/li>\n<li>Grille<\/li>\n<li>B\u00e2ton creux<\/li>\n<li>B\u00e2ton<\/li>\n<li>Plaque<\/li>\n<\/ol>\n<\/div>\n<p><script type=\"application\/ld+json\"> \n{\"@context\":\"https:\/\/schema.org\",\n\"@type\":\"WebPage\",\n\"url\":\"https:\/\/www.canadametal.com\/products\/lead-anodes\/\",\n\"name\":\"Lead Anode Manufacturers | Electroplating Anodes | Canada Metal\",\n\"description\":\"Canada Metal manufactures high-quality lead anodes for electroplating and industrial applications. Reliable lead anode delivering durable performance. Get a free quote!\",\n\"publisher\":{\"@type\":\"Organization\",\"name\":\"Canada Metal North America\"},\n\"keywords\":\"electroplating anodes, lead anodes, lead anode manufacturers\"} \n<\/script><\/p>\n","protected":false},"excerpt":{"rendered":"<p>Description Les anodes en plomb et en alliages de plomb sont utilis\u00e9es dans le processus de galvanoplastie afin de modifier les propri\u00e9t\u00e9s chimiques et physiques des surfaces m\u00e9talliques, en fonction de l\u2019application \u00e0 laquelle elles sont destin\u00e9es. Par exemple, ces types d\u2019anodes en plomb sont couramment utilis\u00e9s dans le proc\u00e9d\u00e9 de chromage, augmentant la duret\u00e9 [&hellip;]<\/p>\n","protected":false},"featured_media":5423,"template":"","product_category":[139],"class_list":["post-5780","product","type-product","status-publish","has-post-thumbnail","hentry","product_category-plomb-produits"],"yoast_head":"<!-- This site is optimized with the Yoast SEO plugin v25.4 - https:\/\/yoast.com\/wordpress\/plugins\/seo\/ -->\n<title>Lead Anode Manufacturers | Electroplating Anodes | Canada Metal<\/title>\n<meta name=\"description\" content=\"Canada Metal manufactures high-quality lead anodes for electroplating and industrial applications. Reliable lead anode delivering durable performance. Get a free quote!\" \/>\n<meta name=\"robots\" content=\"index, follow, max-snippet:-1, max-image-preview:large, max-video-preview:-1\" \/>\n<link rel=\"canonical\" href=\"https:\/\/www.canadametal.com\/fr\/produits\/anodes-en-plomb\/\" \/>\n<meta property=\"og:locale\" content=\"fr_FR\" \/>\n<meta property=\"og:type\" content=\"article\" \/>\n<meta property=\"og:title\" content=\"Lead Anode Manufacturers | Electroplating Anodes | Canada Metal\" \/>\n<meta property=\"og:description\" content=\"Canada Metal manufactures high-quality lead anodes for electroplating and industrial applications. Reliable lead anode delivering durable performance. Get a free quote!\" \/>\n<meta property=\"og:url\" content=\"https:\/\/www.canadametal.com\/fr\/produits\/anodes-en-plomb\/\" \/>\n<meta property=\"og:site_name\" content=\"Canada Metal\" \/>\n<meta property=\"article:modified_time\" content=\"2026-04-22T09:17:50+00:00\" \/>\n<meta property=\"og:image\" content=\"https:\/\/www.canadametal.com\/wp-content\/uploads\/2025\/06\/plating_anodes_img.jpg\" \/>\n\t<meta property=\"og:image:width\" content=\"1920\" \/>\n\t<meta property=\"og:image:height\" content=\"1005\" \/>\n\t<meta property=\"og:image:type\" content=\"image\/jpeg\" \/>\n<meta name=\"twitter:card\" content=\"summary_large_image\" \/>\n<meta name=\"twitter:label1\" content=\"Dur\u00e9e de lecture estim\u00e9e\" \/>\n\t<meta name=\"twitter:data1\" content=\"1 minute\" \/>\n<!-- \/ Yoast SEO plugin. -->","yoast_head_json":{"title":"Lead Anode Manufacturers | Electroplating Anodes | Canada Metal","description":"Canada Metal manufactures high-quality lead anodes for electroplating and industrial applications. Reliable lead anode delivering durable performance. Get a free quote!","robots":{"index":"index","follow":"follow","max-snippet":"max-snippet:-1","max-image-preview":"max-image-preview:large","max-video-preview":"max-video-preview:-1"},"canonical":"https:\/\/www.canadametal.com\/fr\/produits\/anodes-en-plomb\/","og_locale":"fr_FR","og_type":"article","og_title":"Lead Anode Manufacturers | Electroplating Anodes | Canada Metal","og_description":"Canada Metal manufactures high-quality lead anodes for electroplating and industrial applications. Reliable lead anode delivering durable performance. Get a free quote!","og_url":"https:\/\/www.canadametal.com\/fr\/produits\/anodes-en-plomb\/","og_site_name":"Canada Metal","article_modified_time":"2026-04-22T09:17:50+00:00","og_image":[{"width":1920,"height":1005,"url":"https:\/\/www.canadametal.com\/wp-content\/uploads\/2025\/06\/plating_anodes_img.jpg","type":"image\/jpeg"}],"twitter_card":"summary_large_image","twitter_misc":{"Dur\u00e9e de lecture estim\u00e9e":"1 minute"},"schema":{"@context":"https:\/\/schema.org","@graph":[{"@type":"WebPage","@id":"https:\/\/www.canadametal.com\/fr\/produits\/anodes-en-plomb\/","url":"https:\/\/www.canadametal.com\/fr\/produits\/anodes-en-plomb\/","name":"Lead Anode Manufacturers | Electroplating Anodes | Canada Metal","isPartOf":{"@id":"https:\/\/www.canadametal.com\/fr\/#website"},"primaryImageOfPage":{"@id":"https:\/\/www.canadametal.com\/fr\/produits\/anodes-en-plomb\/#primaryimage"},"image":{"@id":"https:\/\/www.canadametal.com\/fr\/produits\/anodes-en-plomb\/#primaryimage"},"thumbnailUrl":"https:\/\/www.canadametal.com\/wp-content\/uploads\/2025\/06\/plating_anodes_img.jpg","datePublished":"2026-03-27T13:30:55+00:00","dateModified":"2026-04-22T09:17:50+00:00","description":"Canada Metal manufactures high-quality lead anodes for electroplating and industrial applications. Reliable lead anode delivering durable performance. Get a free quote!","breadcrumb":{"@id":"https:\/\/www.canadametal.com\/fr\/produits\/anodes-en-plomb\/#breadcrumb"},"inLanguage":"fr-FR","potentialAction":[{"@type":"ReadAction","target":["https:\/\/www.canadametal.com\/fr\/produits\/anodes-en-plomb\/"]}]},{"@type":"ImageObject","inLanguage":"fr-FR","@id":"https:\/\/www.canadametal.com\/fr\/produits\/anodes-en-plomb\/#primaryimage","url":"https:\/\/www.canadametal.com\/wp-content\/uploads\/2025\/06\/plating_anodes_img.jpg","contentUrl":"https:\/\/www.canadametal.com\/wp-content\/uploads\/2025\/06\/plating_anodes_img.jpg","width":1920,"height":1005},{"@type":"BreadcrumbList","@id":"https:\/\/www.canadametal.com\/fr\/produits\/anodes-en-plomb\/#breadcrumb","itemListElement":[{"@type":"ListItem","position":1,"name":"Home","item":"https:\/\/www.canadametal.com\/fr\/"},{"@type":"ListItem","position":2,"name":"Products","item":"https:\/\/www.canadametal.com\/fr\/products\/"},{"@type":"ListItem","position":3,"name":"Anodes en plomb"}]},{"@type":"WebSite","@id":"https:\/\/www.canadametal.com\/fr\/#website","url":"https:\/\/www.canadametal.com\/fr\/","name":"Canada Metal","description":"Lead Suppliers, Lead Ingots | Canada Metal North America","publisher":{"@id":"https:\/\/www.canadametal.com\/fr\/#organization"},"potentialAction":[{"@type":"SearchAction","target":{"@type":"EntryPoint","urlTemplate":"https:\/\/www.canadametal.com\/fr\/?s={search_term_string}"},"query-input":{"@type":"PropertyValueSpecification","valueRequired":true,"valueName":"search_term_string"}}],"inLanguage":"fr-FR"},{"@type":"Organization","@id":"https:\/\/www.canadametal.com\/fr\/#organization","name":"Canada Metal","url":"https:\/\/www.canadametal.com\/fr\/","logo":{"@type":"ImageObject","inLanguage":"fr-FR","@id":"https:\/\/www.canadametal.com\/fr\/#\/schema\/logo\/image\/","url":"https:\/\/www.canadametal.com\/wp-content\/uploads\/2025\/10\/cropped-N299.3-16-CMNA-Radiation-Shielding-1_1-1.png","contentUrl":"https:\/\/www.canadametal.com\/wp-content\/uploads\/2025\/10\/cropped-N299.3-16-CMNA-Radiation-Shielding-1_1-1.png","width":1754,"height":155,"caption":"Canada Metal"},"image":{"@id":"https:\/\/www.canadametal.com\/fr\/#\/schema\/logo\/image\/"}}]}},"_links":{"self":[{"href":"https:\/\/www.canadametal.com\/fr\/wp-json\/wp\/v2\/product\/5780","targetHints":{"allow":["GET"]}}],"collection":[{"href":"https:\/\/www.canadametal.com\/fr\/wp-json\/wp\/v2\/product"}],"about":[{"href":"https:\/\/www.canadametal.com\/fr\/wp-json\/wp\/v2\/types\/product"}],"wp:featuredmedia":[{"embeddable":true,"href":"https:\/\/www.canadametal.com\/fr\/wp-json\/wp\/v2\/media\/5423"}],"wp:attachment":[{"href":"https:\/\/www.canadametal.com\/fr\/wp-json\/wp\/v2\/media?parent=5780"}],"wp:term":[{"taxonomy":"product_category","embeddable":true,"href":"https:\/\/www.canadametal.com\/fr\/wp-json\/wp\/v2\/product_category?post=5780"}],"curies":[{"name":"wp","href":"https:\/\/api.w.org\/{rel}","templated":true}]}}