{"id":5783,"date":"2025-07-01T07:02:53","date_gmt":"2025-07-01T07:02:53","guid":{"rendered":"https:\/\/www.canadametal.com\/products\/flashing\/"},"modified":"2026-03-31T11:08:09","modified_gmt":"2026-03-31T11:08:09","slug":"flashing","status":"publish","type":"product","link":"https:\/\/www.canadametal.com\/fr\/produits\/solins\/","title":{"rendered":"Solin de toiture en plomb"},"content":{"rendered":"<p><span style=\"text-decoration: underline;\"><strong>Description<\/strong><\/span><br \/>\nLe solin en plomb est principalement utilis\u00e9 dans l\u2019industrie de la toiture comme moyen d\u2019assurer l\u2019\u00e9tanch\u00e9it\u00e9 ext\u00e9rieure d\u2019une structure. Il fonctionne en d\u00e9viant l\u2019eau des joints ou des raccords, ainsi que dans les noues o\u00f9 l\u2019\u00e9coulement de l\u2019eau est canalis\u00e9. La mall\u00e9abilit\u00e9 du plomb et sa r\u00e9sistance \u00e0 la corrosion en font une barri\u00e8re imperm\u00e9able id\u00e9ale contre les intemp\u00e9ries, avec une durabilit\u00e9 de nombreuses ann\u00e9es. Sa couleur gris argent\u00e9 s\u2019harmonise avec le b\u00e9ton, la brique et le verre, offrant une finition esth\u00e9tique.<\/p>\n<p>Nous proposons une gamme de produits de solins de toiture en plomb avec diff\u00e9rentes dimensions et poids, afin de vous aider \u00e0 trouver le mat\u00e9riau adapt\u00e9 \u00e0 votre prochain projet de construction. N\u2019h\u00e9sitez pas \u00e0 nous contacter pour toute question et passez votre commande d\u00e8s aujourd\u2019hui !<\/p>\n<p><span style=\"text-decoration: underline;\"><strong>Applications<\/strong><\/span><br \/>\nToiture<\/p>\n<p><span style=\"text-decoration: underline;\"><strong>Industries<\/strong><\/span><br \/>\nConstruction<\/p>\n<p><span style=\"text-decoration: underline;\"><strong>Formats<\/strong><\/span><\/p>\n<div class=\"pro-desc\">\n<table class=\"table table-responsive table-bordered\" cellspacing=\"0\" cellpadding=\"0\">\n<tbody>\n<tr>\n<td class=\"head\" colspan=\"2\" align=\"center\" valign=\"middle\"><strong>SOLIN EN PLOMB<\/strong><\/td>\n<\/tr>\n<tr>\n<td class=\"head\" align=\"center\" valign=\"middle\" width=\"245\">Num\u00e9ro d\u2019article<\/td>\n<td class=\"head\" align=\"center\" valign=\"middle\" width=\"255\">Dimensions (Inches)<\/td>\n<\/tr>\n<tr>\n<td align=\"center\" valign=\"middle\" width=\"245\">C.65.22<\/td>\n<td align=\"center\" valign=\"middle\" width=\"255\">20 X 20 X 5\/64 (5#)<\/td>\n<\/tr>\n<tr>\n<td align=\"center\" valign=\"middle\" width=\"245\">C.65.24<\/td>\n<td align=\"center\" valign=\"middle\" width=\"255\">24 X 24 X 5\/64 (5#)<\/td>\n<\/tr>\n<tr>\n<td align=\"center\" valign=\"middle\" width=\"245\">C.65.30<\/td>\n<td align=\"center\" valign=\"middle\" width=\"255\">30 X 30 X 5\/64 (5#)<\/td>\n<\/tr>\n<tr>\n<td align=\"center\" valign=\"middle\" width=\"245\">C.65.36<\/td>\n<td align=\"center\" valign=\"middle\" width=\"255\">36 X 36 x 5\/64 (5#)<\/td>\n<\/tr>\n<tr>\n<td align=\"center\" valign=\"middle\" width=\"245\">C.08.03<\/td>\n<td align=\"center\" valign=\"middle\" width=\"255\">8 x 240 x 3\/64 (3#)<\/td>\n<\/tr>\n<tr>\n<td align=\"center\" valign=\"middle\" width=\"245\">C.10.03<\/td>\n<td align=\"center\" valign=\"middle\" width=\"255\">10 x 240 x 3\/64 (3#)<\/td>\n<\/tr>\n<tr>\n<td align=\"center\" valign=\"middle\" width=\"245\">C.12.03<\/td>\n<td align=\"center\" valign=\"middle\" width=\"255\">12 x 240 x 3\/64 (3#)<\/td>\n<\/tr>\n<tr>\n<td align=\"center\" valign=\"middle\" width=\"245\">C.18.03<\/td>\n<td align=\"center\" valign=\"middle\" width=\"255\">18 x 240 x 3\/64 (3#)<\/td>\n<\/tr>\n<tr>\n<td align=\"center\" valign=\"middle\" width=\"245\">C.24.03<\/td>\n<td align=\"center\" valign=\"middle\" width=\"255\">24 x 240 x 3\/64 (3#)<\/td>\n<\/tr>\n<\/tbody>\n<\/table>\n<\/div>\n<p><script type=\"application\/ld+json\"> \n{\"@context\":\"https:\/\/schema.org\",\n\"@type\":\"WebPage\",\n\"url\":\"https:\/\/www.canadametal.com\/products\/flashing\/\",\n\"name\":\"Lead Roof Flashing | Canada Metal\",\n\"description\":\"Get long-lasting lead roof flashing from Canada Metal. Ideal for roofing, waterproofing, and construction projects across Canada. Quality you can trust.\",\n\"publisher\":{\"@type\":\"Organization\",\"name\":\"Canada Metal North America\"},\n\"keywords\":\"lead roof flashing, lead flashing canada\"} \n<\/script><\/p>\n","protected":false},"excerpt":{"rendered":"<p>Description Le solin en plomb est principalement utilis\u00e9 dans l\u2019industrie de la toiture comme moyen d\u2019assurer l\u2019\u00e9tanch\u00e9it\u00e9 ext\u00e9rieure d\u2019une structure. Il fonctionne en d\u00e9viant l\u2019eau des joints ou des raccords, ainsi que dans les noues o\u00f9 l\u2019\u00e9coulement de l\u2019eau est canalis\u00e9. La mall\u00e9abilit\u00e9 du plomb et sa r\u00e9sistance \u00e0 la corrosion en font une barri\u00e8re [&hellip;]<\/p>\n","protected":false},"featured_media":4347,"template":"","product_category":[139],"class_list":["post-5783","product","type-product","status-publish","has-post-thumbnail","hentry","product_category-plomb-produits"],"yoast_head":"<!-- This site is optimized with the Yoast SEO plugin v25.4 - https:\/\/yoast.com\/wordpress\/plugins\/seo\/ -->\n<title>Lead Roof Flashing | Canada Metal<\/title>\n<meta name=\"description\" content=\"Get long-lasting lead roof flashing from Canada Metal. Ideal for roofing, waterproofing, and construction projects across Canada. Quality you can trust.\" \/>\n<meta name=\"robots\" content=\"index, follow, max-snippet:-1, max-image-preview:large, max-video-preview:-1\" \/>\n<link rel=\"canonical\" href=\"https:\/\/www.canadametal.com\/fr\/produits\/solins\/\" \/>\n<meta property=\"og:locale\" content=\"fr_FR\" \/>\n<meta property=\"og:type\" content=\"article\" \/>\n<meta property=\"og:title\" content=\"Lead Roof Flashing | Canada Metal\" \/>\n<meta property=\"og:description\" content=\"Get long-lasting lead roof flashing from Canada Metal. Ideal for roofing, waterproofing, and construction projects across Canada. Quality you can trust.\" \/>\n<meta property=\"og:url\" content=\"https:\/\/www.canadametal.com\/fr\/produits\/solins\/\" \/>\n<meta property=\"og:site_name\" content=\"Canada Metal\" \/>\n<meta property=\"article:modified_time\" content=\"2026-03-31T11:08:09+00:00\" \/>\n<meta property=\"og:image\" content=\"https:\/\/www.canadametal.com\/wp-content\/uploads\/2025\/07\/flashing.jpg\" \/>\n\t<meta property=\"og:image:width\" content=\"1368\" \/>\n\t<meta property=\"og:image:height\" content=\"2052\" \/>\n\t<meta property=\"og:image:type\" content=\"image\/jpeg\" \/>\n<meta name=\"twitter:card\" content=\"summary_large_image\" \/>\n<meta name=\"twitter:label1\" content=\"Dur\u00e9e de lecture estim\u00e9e\" \/>\n\t<meta name=\"twitter:data1\" content=\"2 minutes\" \/>\n<!-- \/ Yoast SEO plugin. -->","yoast_head_json":{"title":"Lead Roof Flashing | Canada Metal","description":"Get long-lasting lead roof flashing from Canada Metal. Ideal for roofing, waterproofing, and construction projects across Canada. Quality you can trust.","robots":{"index":"index","follow":"follow","max-snippet":"max-snippet:-1","max-image-preview":"max-image-preview:large","max-video-preview":"max-video-preview:-1"},"canonical":"https:\/\/www.canadametal.com\/fr\/produits\/solins\/","og_locale":"fr_FR","og_type":"article","og_title":"Lead Roof Flashing | Canada Metal","og_description":"Get long-lasting lead roof flashing from Canada Metal. Ideal for roofing, waterproofing, and construction projects across Canada. Quality you can trust.","og_url":"https:\/\/www.canadametal.com\/fr\/produits\/solins\/","og_site_name":"Canada Metal","article_modified_time":"2026-03-31T11:08:09+00:00","og_image":[{"width":1368,"height":2052,"url":"https:\/\/www.canadametal.com\/wp-content\/uploads\/2025\/07\/flashing.jpg","type":"image\/jpeg"}],"twitter_card":"summary_large_image","twitter_misc":{"Dur\u00e9e de lecture estim\u00e9e":"2 minutes"},"schema":{"@context":"https:\/\/schema.org","@graph":[{"@type":"WebPage","@id":"https:\/\/www.canadametal.com\/fr\/produits\/solins\/","url":"https:\/\/www.canadametal.com\/fr\/produits\/solins\/","name":"Lead Roof Flashing | Canada Metal","isPartOf":{"@id":"https:\/\/www.canadametal.com\/fr\/#website"},"primaryImageOfPage":{"@id":"https:\/\/www.canadametal.com\/fr\/produits\/solins\/#primaryimage"},"image":{"@id":"https:\/\/www.canadametal.com\/fr\/produits\/solins\/#primaryimage"},"thumbnailUrl":"https:\/\/www.canadametal.com\/wp-content\/uploads\/2025\/07\/flashing.jpg","datePublished":"2025-07-01T07:02:53+00:00","dateModified":"2026-03-31T11:08:09+00:00","description":"Get long-lasting lead roof flashing from Canada Metal. Ideal for roofing, waterproofing, and construction projects across Canada. Quality you can trust.","breadcrumb":{"@id":"https:\/\/www.canadametal.com\/fr\/produits\/solins\/#breadcrumb"},"inLanguage":"fr-FR","potentialAction":[{"@type":"ReadAction","target":["https:\/\/www.canadametal.com\/fr\/produits\/solins\/"]}]},{"@type":"ImageObject","inLanguage":"fr-FR","@id":"https:\/\/www.canadametal.com\/fr\/produits\/solins\/#primaryimage","url":"https:\/\/www.canadametal.com\/wp-content\/uploads\/2025\/07\/flashing.jpg","contentUrl":"https:\/\/www.canadametal.com\/wp-content\/uploads\/2025\/07\/flashing.jpg","width":1368,"height":2052},{"@type":"BreadcrumbList","@id":"https:\/\/www.canadametal.com\/fr\/produits\/solins\/#breadcrumb","itemListElement":[{"@type":"ListItem","position":1,"name":"Home","item":"https:\/\/www.canadametal.com\/fr\/"},{"@type":"ListItem","position":2,"name":"Products","item":"https:\/\/www.canadametal.com\/fr\/products\/"},{"@type":"ListItem","position":3,"name":"Solin de toiture en plomb"}]},{"@type":"WebSite","@id":"https:\/\/www.canadametal.com\/fr\/#website","url":"https:\/\/www.canadametal.com\/fr\/","name":"Canada Metal","description":"Lead Suppliers, Lead Ingots | Canada Metal North America","publisher":{"@id":"https:\/\/www.canadametal.com\/fr\/#organization"},"potentialAction":[{"@type":"SearchAction","target":{"@type":"EntryPoint","urlTemplate":"https:\/\/www.canadametal.com\/fr\/?s={search_term_string}"},"query-input":{"@type":"PropertyValueSpecification","valueRequired":true,"valueName":"search_term_string"}}],"inLanguage":"fr-FR"},{"@type":"Organization","@id":"https:\/\/www.canadametal.com\/fr\/#organization","name":"Canada Metal","url":"https:\/\/www.canadametal.com\/fr\/","logo":{"@type":"ImageObject","inLanguage":"fr-FR","@id":"https:\/\/www.canadametal.com\/fr\/#\/schema\/logo\/image\/","url":"https:\/\/www.canadametal.com\/wp-content\/uploads\/2025\/10\/cropped-N299.3-16-CMNA-Radiation-Shielding-1_1-1.png","contentUrl":"https:\/\/www.canadametal.com\/wp-content\/uploads\/2025\/10\/cropped-N299.3-16-CMNA-Radiation-Shielding-1_1-1.png","width":1754,"height":155,"caption":"Canada Metal"},"image":{"@id":"https:\/\/www.canadametal.com\/fr\/#\/schema\/logo\/image\/"}}]}},"_links":{"self":[{"href":"https:\/\/www.canadametal.com\/fr\/wp-json\/wp\/v2\/product\/5783","targetHints":{"allow":["GET"]}}],"collection":[{"href":"https:\/\/www.canadametal.com\/fr\/wp-json\/wp\/v2\/product"}],"about":[{"href":"https:\/\/www.canadametal.com\/fr\/wp-json\/wp\/v2\/types\/product"}],"wp:featuredmedia":[{"embeddable":true,"href":"https:\/\/www.canadametal.com\/fr\/wp-json\/wp\/v2\/media\/4347"}],"wp:attachment":[{"href":"https:\/\/www.canadametal.com\/fr\/wp-json\/wp\/v2\/media?parent=5783"}],"wp:term":[{"taxonomy":"product_category","embeddable":true,"href":"https:\/\/www.canadametal.com\/fr\/wp-json\/wp\/v2\/product_category?post=5783"}],"curies":[{"name":"wp","href":"https:\/\/api.w.org\/{rel}","templated":true}]}}