{"id":5840,"date":"2026-04-10T13:13:09","date_gmt":"2026-04-10T13:13:09","guid":{"rendered":"https:\/\/www.canadametal.com\/products\/brazing-alloys\/"},"modified":"2026-04-10T13:16:47","modified_gmt":"2026-04-10T13:16:47","slug":"brazing-alloys","status":"publish","type":"product","link":"https:\/\/www.canadametal.com\/fr\/produits\/alliages-de-brasage\/","title":{"rendered":"Alliages de brasage"},"content":{"rendered":"<p><span style=\"text-decoration: underline;\"><strong>Description<\/strong><\/span><br \/>\nLes alliages Canada Metal comptent parmi les plus propres et les plus brillants de l\u2019industrie, exempts d\u2019oxydes et d\u2019impuret\u00e9s de surface.<\/p>\n<p><span style=\"text-decoration: underline;\"><strong>Applications<\/strong><\/span><br \/>\nLargement utilis\u00e9s pour l\u2019assemblage de tubes en cuivre dans les syst\u00e8mes de r\u00e9frig\u00e9ration, les moteurs lourds, les pompes submersibles, les transformateurs et la climatisation.<\/p>\n<p><span style=\"text-decoration: underline;\"><strong>Industries<\/strong><\/span><br \/>\nPlomberie<\/p>\n<p><span style=\"text-decoration: underline;\"><strong>Formats<\/strong><\/span><\/p>\n<div class=\"pro-desc\">\n<table class=\"table table-responsive table-bordered\" border=\"0\" cellspacing=\"0\" cellpadding=\"0\">\n<tbody>\n<tr>\n<td class=\"head\" valign=\"top\" width=\"156\">M\u00e9tal d\u2019apport<\/td>\n<td class=\"head\" valign=\"top\" width=\"156\">Applications typiques<\/td>\n<td class=\"head\" valign=\"top\" width=\"156\">Solidus<\/td>\n<td class=\"head\" valign=\"top\" width=\"156\">Liquidus<\/td>\n<\/tr>\n<tr>\n<td valign=\"top\" width=\"156\">Nom<\/td>\n<td valign=\"top\" width=\"156\"><\/td>\n<td valign=\"top\" width=\"156\">F\/C<\/td>\n<td valign=\"top\" width=\"156\">F\/C<\/td>\n<\/tr>\n<tr>\n<td valign=\"top\" width=\"156\">Easy-Flo 45<\/td>\n<td valign=\"top\" width=\"156\">Assemblage de m\u00e9taux ferreux, non ferreux et dissemblables avec des jeux d\u2019assemblage serr\u00e9s.<\/td>\n<td valign=\"top\" width=\"156\">1125\/605<\/td>\n<td valign=\"top\" width=\"156\">1145\/620<\/td>\n<\/tr>\n<tr>\n<td valign=\"top\" width=\"156\">Braze 053<\/td>\n<td valign=\"top\" width=\"156\">Un brasage \u00e0 haute temp\u00e9rature pour des joints de r\u00e9sistance moyenne, sup\u00e9rieure \u00e0 celle des soudures tendres.<\/td>\n<td valign=\"top\" width=\"156\">640\/340<\/td>\n<td valign=\"top\" width=\"156\">740\/395<\/td>\n<\/tr>\n<tr>\n<td valign=\"top\" width=\"156\">Braze 380<\/td>\n<td valign=\"top\" width=\"156\">M\u00e9tal d\u2019apport fluide, sans cadmium, utilis\u00e9 avec des m\u00e9taux de base ferreux et non ferreux.<\/td>\n<td valign=\"top\" width=\"156\">1200\/650<\/td>\n<td valign=\"top\" width=\"156\">1330\/720<\/td>\n<\/tr>\n<tr>\n<td valign=\"top\" width=\"156\">Braze 450<\/td>\n<td valign=\"top\" width=\"156\">Pour la tuyauterie navale, les instruments \u00e0 vent, les refroidisseurs d\u2019huile de moteurs d\u2019avion, les lampes en laiton.<\/td>\n<td valign=\"top\" width=\"156\">1225\/665<\/td>\n<td valign=\"top\" width=\"156\">1370\/745<\/td>\n<\/tr>\n<tr>\n<td valign=\"top\" width=\"156\">Braze 560<\/td>\n<td valign=\"top\" width=\"156\">Pour les \u00e9quipements de manipulation alimentaire n\u00e9cessitant un alliage sans cadmium \u00e0 basse temp\u00e9rature de fusion.<\/td>\n<td valign=\"top\" width=\"156\">1145\/620<\/td>\n<td valign=\"top\" width=\"156\">1205\/650<\/td>\n<\/tr>\n<tr>\n<td valign=\"top\" width=\"156\">Sil-Fos<\/td>\n<td valign=\"top\" width=\"156\">\u00c0 utiliser lorsque des ajustements serr\u00e9s ne peuvent \u00eatre maintenus et que la ductilit\u00e9 du joint est importante. Jeu recommand\u00e9 : 0,002\u2033 \u00e0 0,005\u2033<\/td>\n<td valign=\"top\" width=\"156\">1190\/645<\/td>\n<td valign=\"top\" width=\"156\">1475\/800 (1300\/705)<\/td>\n<\/tr>\n<tr>\n<td valign=\"top\" width=\"156\">Sil-Fos 5<\/td>\n<td valign=\"top\" width=\"156\">Con\u00e7u principalement pour les applications o\u00f9 des ajustements serr\u00e9s ne peuvent \u00eatre maintenus. Il permet de combler les jeux et de former des cordons sans affecter la r\u00e9sistance du joint. Jeu recommand\u00e9 : 0,003\u2033 \u00e0 0,005\u2033<\/td>\n<td valign=\"top\" width=\"156\">1190\/645<\/td>\n<td valign=\"top\" width=\"156\">1495\/815 (1325\/720)<\/td>\n<\/tr>\n<\/tbody>\n<\/table>\n<\/div>\n","protected":false},"excerpt":{"rendered":"<p>Description Les alliages Canada Metal comptent parmi les plus propres et les plus brillants de l\u2019industrie, exempts d\u2019oxydes et d\u2019impuret\u00e9s de surface. Applications Largement utilis\u00e9s pour l\u2019assemblage de tubes en cuivre dans les syst\u00e8mes de r\u00e9frig\u00e9ration, les moteurs lourds, les pompes submersibles, les transformateurs et la climatisation. Industries Plomberie Formats M\u00e9tal d\u2019apport Applications typiques Solidus [&hellip;]<\/p>\n","protected":false},"featured_media":4355,"template":"","product_category":[146],"class_list":["post-5840","product","type-product","status-publish","has-post-thumbnail","hentry","product_category-solder-metal-produits"],"yoast_head":"<!-- This site is optimized with the Yoast SEO plugin v25.4 - https:\/\/yoast.com\/wordpress\/plugins\/seo\/ -->\n<title>Clean and bright brazing alloys - Canada Metal<\/title>\n<meta name=\"description\" content=\"Brazing alloys are used to join two or more metal items by using the alloy as filler. They are used in refrigerators, heavy motors, pumps, transformers, etc.\" \/>\n<meta name=\"robots\" content=\"index, follow, max-snippet:-1, max-image-preview:large, max-video-preview:-1\" \/>\n<link rel=\"canonical\" href=\"https:\/\/www.canadametal.com\/fr\/produits\/alliages-de-brasage\/\" \/>\n<meta property=\"og:locale\" content=\"fr_FR\" \/>\n<meta property=\"og:type\" content=\"article\" \/>\n<meta property=\"og:title\" content=\"Clean and bright brazing alloys - Canada Metal\" \/>\n<meta property=\"og:description\" content=\"Brazing alloys are used to join two or more metal items by using the alloy as filler. They are used in refrigerators, heavy motors, pumps, transformers, etc.\" \/>\n<meta property=\"og:url\" content=\"https:\/\/www.canadametal.com\/fr\/produits\/alliages-de-brasage\/\" \/>\n<meta property=\"og:site_name\" content=\"Canada Metal\" \/>\n<meta property=\"article:modified_time\" content=\"2026-04-10T13:16:47+00:00\" \/>\n<meta property=\"og:image\" content=\"https:\/\/www.canadametal.com\/wp-content\/uploads\/2025\/07\/brazing-alloys.jpg\" \/>\n\t<meta property=\"og:image:width\" content=\"280\" \/>\n\t<meta property=\"og:image:height\" content=\"187\" \/>\n\t<meta property=\"og:image:type\" content=\"image\/jpeg\" \/>\n<meta name=\"twitter:card\" content=\"summary_large_image\" \/>\n<meta name=\"twitter:label1\" content=\"Dur\u00e9e de lecture estim\u00e9e\" \/>\n\t<meta name=\"twitter:data1\" content=\"2 minutes\" \/>\n<!-- \/ Yoast SEO plugin. -->","yoast_head_json":{"title":"Clean and bright brazing alloys - Canada Metal","description":"Brazing alloys are used to join two or more metal items by using the alloy as filler. They are used in refrigerators, heavy motors, pumps, transformers, etc.","robots":{"index":"index","follow":"follow","max-snippet":"max-snippet:-1","max-image-preview":"max-image-preview:large","max-video-preview":"max-video-preview:-1"},"canonical":"https:\/\/www.canadametal.com\/fr\/produits\/alliages-de-brasage\/","og_locale":"fr_FR","og_type":"article","og_title":"Clean and bright brazing alloys - Canada Metal","og_description":"Brazing alloys are used to join two or more metal items by using the alloy as filler. They are used in refrigerators, heavy motors, pumps, transformers, etc.","og_url":"https:\/\/www.canadametal.com\/fr\/produits\/alliages-de-brasage\/","og_site_name":"Canada Metal","article_modified_time":"2026-04-10T13:16:47+00:00","og_image":[{"width":280,"height":187,"url":"https:\/\/www.canadametal.com\/wp-content\/uploads\/2025\/07\/brazing-alloys.jpg","type":"image\/jpeg"}],"twitter_card":"summary_large_image","twitter_misc":{"Dur\u00e9e de lecture estim\u00e9e":"2 minutes"},"schema":{"@context":"https:\/\/schema.org","@graph":[{"@type":"WebPage","@id":"https:\/\/www.canadametal.com\/fr\/produits\/alliages-de-brasage\/","url":"https:\/\/www.canadametal.com\/fr\/produits\/alliages-de-brasage\/","name":"Clean and bright brazing alloys - Canada Metal","isPartOf":{"@id":"https:\/\/www.canadametal.com\/fr\/#website"},"primaryImageOfPage":{"@id":"https:\/\/www.canadametal.com\/fr\/produits\/alliages-de-brasage\/#primaryimage"},"image":{"@id":"https:\/\/www.canadametal.com\/fr\/produits\/alliages-de-brasage\/#primaryimage"},"thumbnailUrl":"https:\/\/www.canadametal.com\/wp-content\/uploads\/2025\/07\/brazing-alloys.jpg","datePublished":"2026-04-10T13:13:09+00:00","dateModified":"2026-04-10T13:16:47+00:00","description":"Brazing alloys are used to join two or more metal items by using the alloy as filler. They are used in refrigerators, heavy motors, pumps, transformers, etc.","breadcrumb":{"@id":"https:\/\/www.canadametal.com\/fr\/produits\/alliages-de-brasage\/#breadcrumb"},"inLanguage":"fr-FR","potentialAction":[{"@type":"ReadAction","target":["https:\/\/www.canadametal.com\/fr\/produits\/alliages-de-brasage\/"]}]},{"@type":"ImageObject","inLanguage":"fr-FR","@id":"https:\/\/www.canadametal.com\/fr\/produits\/alliages-de-brasage\/#primaryimage","url":"https:\/\/www.canadametal.com\/wp-content\/uploads\/2025\/07\/brazing-alloys.jpg","contentUrl":"https:\/\/www.canadametal.com\/wp-content\/uploads\/2025\/07\/brazing-alloys.jpg","width":280,"height":187,"caption":"How Ferrous and Non-Ferrous Metals Compare in Strength and Use"},{"@type":"BreadcrumbList","@id":"https:\/\/www.canadametal.com\/fr\/produits\/alliages-de-brasage\/#breadcrumb","itemListElement":[{"@type":"ListItem","position":1,"name":"Home","item":"https:\/\/www.canadametal.com\/fr\/"},{"@type":"ListItem","position":2,"name":"Products","item":"https:\/\/www.canadametal.com\/fr\/products\/"},{"@type":"ListItem","position":3,"name":"Alliages de brasage"}]},{"@type":"WebSite","@id":"https:\/\/www.canadametal.com\/fr\/#website","url":"https:\/\/www.canadametal.com\/fr\/","name":"Canada Metal","description":"Lead Suppliers, Lead Ingots | Canada Metal North America","publisher":{"@id":"https:\/\/www.canadametal.com\/fr\/#organization"},"potentialAction":[{"@type":"SearchAction","target":{"@type":"EntryPoint","urlTemplate":"https:\/\/www.canadametal.com\/fr\/?s={search_term_string}"},"query-input":{"@type":"PropertyValueSpecification","valueRequired":true,"valueName":"search_term_string"}}],"inLanguage":"fr-FR"},{"@type":"Organization","@id":"https:\/\/www.canadametal.com\/fr\/#organization","name":"Canada Metal","url":"https:\/\/www.canadametal.com\/fr\/","logo":{"@type":"ImageObject","inLanguage":"fr-FR","@id":"https:\/\/www.canadametal.com\/fr\/#\/schema\/logo\/image\/","url":"https:\/\/www.canadametal.com\/wp-content\/uploads\/2025\/10\/cropped-N299.3-16-CMNA-Radiation-Shielding-1_1-1.png","contentUrl":"https:\/\/www.canadametal.com\/wp-content\/uploads\/2025\/10\/cropped-N299.3-16-CMNA-Radiation-Shielding-1_1-1.png","width":1754,"height":155,"caption":"Canada Metal"},"image":{"@id":"https:\/\/www.canadametal.com\/fr\/#\/schema\/logo\/image\/"}}]}},"_links":{"self":[{"href":"https:\/\/www.canadametal.com\/fr\/wp-json\/wp\/v2\/product\/5840","targetHints":{"allow":["GET"]}}],"collection":[{"href":"https:\/\/www.canadametal.com\/fr\/wp-json\/wp\/v2\/product"}],"about":[{"href":"https:\/\/www.canadametal.com\/fr\/wp-json\/wp\/v2\/types\/product"}],"wp:featuredmedia":[{"embeddable":true,"href":"https:\/\/www.canadametal.com\/fr\/wp-json\/wp\/v2\/media\/4355"}],"wp:attachment":[{"href":"https:\/\/www.canadametal.com\/fr\/wp-json\/wp\/v2\/media?parent=5840"}],"wp:term":[{"taxonomy":"product_category","embeddable":true,"href":"https:\/\/www.canadametal.com\/fr\/wp-json\/wp\/v2\/product_category?post=5840"}],"curies":[{"name":"wp","href":"https:\/\/api.w.org\/{rel}","templated":true}]}}