{"id":5844,"date":"2025-07-20T12:05:47","date_gmt":"2025-07-20T12:05:47","guid":{"rendered":"https:\/\/www.canadametal.com\/products\/counter-weights\/"},"modified":"2026-04-22T08:03:16","modified_gmt":"2026-04-22T08:03:16","slug":"counter-weights","status":"publish","type":"product","link":"https:\/\/www.canadametal.com\/fr\/produits\/contrepoids\/","title":{"rendered":"Contrepoids en plomb"},"content":{"rendered":"<p><strong>Description<\/strong><br \/>\nCanada Metal propose des contrepoids en plomb extrud\u00e9, fondu et lamin\u00e9 de tailles et formes personnalis\u00e9es.<\/p>\n<p><strong>Applications<\/strong><br \/>\nEfficacit\u00e9 de charge, r\u00e9partition de charge<\/p>\n<p><strong>Industries<\/strong><br \/>\nConstruction, ascenseurs commerciaux, p\u00e9trole, marine, a\u00e9rospatiale<\/p>\n<p><strong>Formats<\/strong><br \/>\nDisponibles en tailles et formes personnalis\u00e9es.<\/p>\n","protected":false},"excerpt":{"rendered":"<p>Description Canada Metal propose des contrepoids en plomb extrud\u00e9, fondu et lamin\u00e9 de tailles et formes personnalis\u00e9es. Applications Efficacit\u00e9 de charge, r\u00e9partition de charge Industries Construction, ascenseurs commerciaux, p\u00e9trole, marine, a\u00e9rospatiale Formats Disponibles en tailles et formes personnalis\u00e9es.<\/p>\n","protected":false},"featured_media":4345,"template":"","product_category":[139],"class_list":["post-5844","product","type-product","status-publish","has-post-thumbnail","hentry","product_category-plomb-produits"],"yoast_head":"<!-- This site is optimized with the Yoast SEO plugin v25.4 - https:\/\/yoast.com\/wordpress\/plugins\/seo\/ -->\n<title>Contrepoids en plomb personnalis\u00e9s - Canada Metal<\/title>\n<meta name=\"description\" content=\"Les contrepoids sont disponibles sous forme de plomb extrud\u00e9, coul\u00e9 et lamin\u00e9. Ils sont utilis\u00e9s dans des industries telles que la marine, le p\u00e9trole, entre autres, en raison de leur efficacit\u00e9 dans la charge.\" \/>\n<meta name=\"robots\" content=\"index, follow, max-snippet:-1, max-image-preview:large, max-video-preview:-1\" \/>\n<link rel=\"canonical\" href=\"https:\/\/www.canadametal.com\/fr\/produits\/contrepoids\/\" \/>\n<meta property=\"og:locale\" content=\"fr_FR\" \/>\n<meta property=\"og:type\" content=\"article\" \/>\n<meta property=\"og:title\" content=\"Contrepoids en plomb personnalis\u00e9s - Canada Metal\" \/>\n<meta property=\"og:description\" content=\"Les contrepoids sont disponibles sous forme de plomb extrud\u00e9, coul\u00e9 et lamin\u00e9. Ils sont utilis\u00e9s dans des industries telles que la marine, le p\u00e9trole, entre autres, en raison de leur efficacit\u00e9 dans la charge.\" \/>\n<meta property=\"og:url\" content=\"https:\/\/www.canadametal.com\/fr\/produits\/contrepoids\/\" \/>\n<meta property=\"og:site_name\" content=\"Canada Metal\" \/>\n<meta property=\"article:modified_time\" content=\"2026-04-22T08:03:16+00:00\" \/>\n<meta property=\"og:image\" content=\"https:\/\/www.canadametal.com\/wp-content\/uploads\/2025\/07\/counterweights.jpg\" \/>\n\t<meta property=\"og:image:width\" content=\"1368\" \/>\n\t<meta property=\"og:image:height\" content=\"912\" \/>\n\t<meta property=\"og:image:type\" content=\"image\/jpeg\" \/>\n<meta name=\"twitter:card\" content=\"summary_large_image\" \/>\n<meta name=\"twitter:label1\" content=\"Dur\u00e9e de lecture estim\u00e9e\" \/>\n\t<meta name=\"twitter:data1\" content=\"1 minute\" \/>\n<!-- \/ Yoast SEO plugin. -->","yoast_head_json":{"title":"Contrepoids en plomb personnalis\u00e9s - Canada Metal","description":"Les contrepoids sont disponibles sous forme de plomb extrud\u00e9, coul\u00e9 et lamin\u00e9. Ils sont utilis\u00e9s dans des industries telles que la marine, le p\u00e9trole, entre autres, en raison de leur efficacit\u00e9 dans la charge.","robots":{"index":"index","follow":"follow","max-snippet":"max-snippet:-1","max-image-preview":"max-image-preview:large","max-video-preview":"max-video-preview:-1"},"canonical":"https:\/\/www.canadametal.com\/fr\/produits\/contrepoids\/","og_locale":"fr_FR","og_type":"article","og_title":"Contrepoids en plomb personnalis\u00e9s - Canada Metal","og_description":"Les contrepoids sont disponibles sous forme de plomb extrud\u00e9, coul\u00e9 et lamin\u00e9. Ils sont utilis\u00e9s dans des industries telles que la marine, le p\u00e9trole, entre autres, en raison de leur efficacit\u00e9 dans la charge.","og_url":"https:\/\/www.canadametal.com\/fr\/produits\/contrepoids\/","og_site_name":"Canada Metal","article_modified_time":"2026-04-22T08:03:16+00:00","og_image":[{"width":1368,"height":912,"url":"https:\/\/www.canadametal.com\/wp-content\/uploads\/2025\/07\/counterweights.jpg","type":"image\/jpeg"}],"twitter_card":"summary_large_image","twitter_misc":{"Dur\u00e9e de lecture estim\u00e9e":"1 minute"},"schema":{"@context":"https:\/\/schema.org","@graph":[{"@type":"WebPage","@id":"https:\/\/www.canadametal.com\/fr\/produits\/contrepoids\/","url":"https:\/\/www.canadametal.com\/fr\/produits\/contrepoids\/","name":"Contrepoids en plomb personnalis\u00e9s - Canada Metal","isPartOf":{"@id":"https:\/\/www.canadametal.com\/fr\/#website"},"primaryImageOfPage":{"@id":"https:\/\/www.canadametal.com\/fr\/produits\/contrepoids\/#primaryimage"},"image":{"@id":"https:\/\/www.canadametal.com\/fr\/produits\/contrepoids\/#primaryimage"},"thumbnailUrl":"https:\/\/www.canadametal.com\/wp-content\/uploads\/2025\/07\/counterweights.jpg","datePublished":"2025-07-20T12:05:47+00:00","dateModified":"2026-04-22T08:03:16+00:00","description":"Les contrepoids sont disponibles sous forme de plomb extrud\u00e9, coul\u00e9 et lamin\u00e9. Ils sont utilis\u00e9s dans des industries telles que la marine, le p\u00e9trole, entre autres, en raison de leur efficacit\u00e9 dans la charge.","breadcrumb":{"@id":"https:\/\/www.canadametal.com\/fr\/produits\/contrepoids\/#breadcrumb"},"inLanguage":"fr-FR","potentialAction":[{"@type":"ReadAction","target":["https:\/\/www.canadametal.com\/fr\/produits\/contrepoids\/"]}]},{"@type":"ImageObject","inLanguage":"fr-FR","@id":"https:\/\/www.canadametal.com\/fr\/produits\/contrepoids\/#primaryimage","url":"https:\/\/www.canadametal.com\/wp-content\/uploads\/2025\/07\/counterweights.jpg","contentUrl":"https:\/\/www.canadametal.com\/wp-content\/uploads\/2025\/07\/counterweights.jpg","width":1368,"height":912},{"@type":"BreadcrumbList","@id":"https:\/\/www.canadametal.com\/fr\/produits\/contrepoids\/#breadcrumb","itemListElement":[{"@type":"ListItem","position":1,"name":"Home","item":"https:\/\/www.canadametal.com\/fr\/"},{"@type":"ListItem","position":2,"name":"Products","item":"https:\/\/www.canadametal.com\/fr\/products\/"},{"@type":"ListItem","position":3,"name":"Contrepoids en plomb"}]},{"@type":"WebSite","@id":"https:\/\/www.canadametal.com\/fr\/#website","url":"https:\/\/www.canadametal.com\/fr\/","name":"Canada Metal","description":"Lead Suppliers, Lead Ingots | Canada Metal North America","publisher":{"@id":"https:\/\/www.canadametal.com\/fr\/#organization"},"potentialAction":[{"@type":"SearchAction","target":{"@type":"EntryPoint","urlTemplate":"https:\/\/www.canadametal.com\/fr\/?s={search_term_string}"},"query-input":{"@type":"PropertyValueSpecification","valueRequired":true,"valueName":"search_term_string"}}],"inLanguage":"fr-FR"},{"@type":"Organization","@id":"https:\/\/www.canadametal.com\/fr\/#organization","name":"Canada Metal","url":"https:\/\/www.canadametal.com\/fr\/","logo":{"@type":"ImageObject","inLanguage":"fr-FR","@id":"https:\/\/www.canadametal.com\/fr\/#\/schema\/logo\/image\/","url":"https:\/\/www.canadametal.com\/wp-content\/uploads\/2025\/10\/cropped-N299.3-16-CMNA-Radiation-Shielding-1_1-1.png","contentUrl":"https:\/\/www.canadametal.com\/wp-content\/uploads\/2025\/10\/cropped-N299.3-16-CMNA-Radiation-Shielding-1_1-1.png","width":1754,"height":155,"caption":"Canada Metal"},"image":{"@id":"https:\/\/www.canadametal.com\/fr\/#\/schema\/logo\/image\/"}}]}},"_links":{"self":[{"href":"https:\/\/www.canadametal.com\/fr\/wp-json\/wp\/v2\/product\/5844","targetHints":{"allow":["GET"]}}],"collection":[{"href":"https:\/\/www.canadametal.com\/fr\/wp-json\/wp\/v2\/product"}],"about":[{"href":"https:\/\/www.canadametal.com\/fr\/wp-json\/wp\/v2\/types\/product"}],"wp:featuredmedia":[{"embeddable":true,"href":"https:\/\/www.canadametal.com\/fr\/wp-json\/wp\/v2\/media\/4345"}],"wp:attachment":[{"href":"https:\/\/www.canadametal.com\/fr\/wp-json\/wp\/v2\/media?parent=5844"}],"wp:term":[{"taxonomy":"product_category","embeddable":true,"href":"https:\/\/www.canadametal.com\/fr\/wp-json\/wp\/v2\/product_category?post=5844"}],"curies":[{"name":"wp","href":"https:\/\/api.w.org\/{rel}","templated":true}]}}