{"id":5888,"date":"2026-04-20T13:31:52","date_gmt":"2026-04-20T13:31:52","guid":{"rendered":"https:\/\/www.canadametal.com\/products\/anodes-de-zinc-marines\/"},"modified":"2026-04-20T13:37:10","modified_gmt":"2026-04-20T13:37:10","slug":"anodes-de-zinc-marines","status":"publish","type":"product","link":"https:\/\/www.canadametal.com\/fr\/produits\/anodes-de-zinc-marin\/","title":{"rendered":"Anodes de zinc marines"},"content":{"rendered":"<p><strong>Description<\/strong><br \/>\nLes anodes marines en zinc sont largement utilis\u00e9es pour prot\u00e9ger les navires commerciaux, priv\u00e9s et militaires ainsi que les structures contre la corrosion ou la rouille en environnement marin. Leur nature sacrificielle prolonge la dur\u00e9e de vie des bateaux, des navires, des embarcations et des structures marines.<\/p>\n<p>Les anodes en zinc sont privil\u00e9gi\u00e9es pour la protection en milieu marin car elles sont moins sensibles aux \u00e9lectrolytes pr\u00e9sents dans l&rsquo;eau de mer. Le zinc, en attirant la corrosion et en se dissolvant progressivement, pr\u00e9vient la corrosion et la rouille des autres surfaces m\u00e9talliques, prot\u00e9geant ainsi les coques et autres pi\u00e8ces m\u00e9talliques en se \u00ab sacrifiant \u00bb.<\/p>\n<p>Applications<br \/>\nCoques, caisses \u00e0 eau de mer, fonds de cale, t\u00f4les de fond, quilles, gouvernails, tunnels d\u2019arbres, ballasts, citernes de cargaison, pipelines en acier, plateformes de production, pieux de quais en acier, \u00e9changeurs de chaleur.<\/p>\n<p>Secteurs d&rsquo;activit\u00e9<br \/>\nMaritime commerciale, P\u00e9trole et gaz, D\u00e9fense<\/p>\n<p><strong>Formats<\/strong><br \/>\nNos anodes en barres et en plaques, disponibles en versions \u00ab \u00e0 boulonner \u00bb et \u00ab \u00e0 souder \u00bb, sous des formes profil\u00e9es, semi-profil\u00e9es et en goutte d\u2019eau, sont sp\u00e9cialement con\u00e7ues pour offrir une protection sup\u00e9rieure contre la corrosion des coques et des composants des navires et des structures marines. Les deux versions utilisent des inserts en aluminium ou en acier.<br \/>\nLes anodes de coque \u00e0 souder sont dot\u00e9es de pattes saillantes permettant un pointage direct sur la structure du navire. Des pattes (bandes) en acier sont fournies en standard. Des pattes en aluminium sont disponibles pour la plupart des anodes.<br \/>\nLes mod\u00e8les et dimensions les plus courants sont disponibles en stock.<\/p>\n<p>Parcourez notre s\u00e9lection d&rsquo;anodes marines et de tiges d&rsquo;anodes en zinc disponibles au Canada ci-dessous et contactez-nous directement pour nous faire part de vos besoins.<\/p>\n<div class=\"pro-desc\">\n<table class=\"table table-responsive table-bordered\" border=\"0\" cellspacing=\"0\" cellpadding=\"0\">\n<tbody>\n<tr>\n<td colspan=\"6\" align=\"center\" valign=\"middle\" width=\"623\">ANODES DE ZINC POUR COQUES COMMERCIALES (NAVIRES MOYENS \u00c0 GRANDS)<\/td>\n<\/tr>\n<tr>\n<td align=\"center\" valign=\"middle\" width=\"160\">Type N\u00b0<br \/>\nANODES EN BARRES<\/td>\n<td align=\"center\" valign=\"middle\" width=\"104\">Poids nominal<br \/>\nlb (kg)**<\/td>\n<td align=\"center\" valign=\"middle\" width=\"85\">Fixation<\/td>\n<td align=\"center\" valign=\"middle\" width=\"95\">A \u2013 Longueur<br \/>\npo (mm)**<\/td>\n<td align=\"center\" valign=\"middle\" width=\"94\">B Largeur<br \/>\nEn (mm)<\/td>\n<td align=\"center\" valign=\"middle\" width=\"85\">C \u2013 Profondeur<br \/>\npo (mm)<\/td>\n<\/tr>\n<tr>\n<td align=\"center\" valign=\"middle\" width=\"160\">P5B2<\/td>\n<td align=\"center\" valign=\"middle\" width=\"104\">25 (11.4)<\/td>\n<td align=\"center\" valign=\"middle\" width=\"85\">\u00c0 boulonner<\/td>\n<td align=\"center\" valign=\"middle\" width=\"95\">24.0 (609)<\/td>\n<td align=\"center\" valign=\"middle\" width=\"94\">3.0 (76)<\/td>\n<td align=\"center\" valign=\"middle\" width=\"85\">1.25 (31)<\/td>\n<\/tr>\n<tr>\n<td align=\"center\" valign=\"middle\" width=\"160\">P7B2, ZHC-50<\/td>\n<td align=\"center\" valign=\"middle\" width=\"104\">45 (20.5)<\/td>\n<td align=\"center\" valign=\"middle\" width=\"85\">\u00c0 boulonner<\/td>\n<td align=\"center\" valign=\"middle\" width=\"95\">24.0 (609)<\/td>\n<td align=\"center\" valign=\"middle\" width=\"94\">4.0 (101)<\/td>\n<td align=\"center\" valign=\"middle\" width=\"85\">1.25 (31)<\/td>\n<\/tr>\n<tr>\n<td align=\"center\" valign=\"middle\" width=\"160\">ZMA 2204<\/td>\n<td align=\"center\" valign=\"middle\" width=\"104\">36.5 (16.5)<\/td>\n<td align=\"center\" valign=\"middle\" width=\"85\">\u00c0 souder<\/td>\n<td align=\"center\" valign=\"middle\" width=\"95\">20.0 (508)<\/td>\n<td align=\"center\" valign=\"middle\" width=\"94\">4.0 (101)<\/td>\n<td align=\"center\" valign=\"middle\" width=\"85\">2.0 (50)<\/td>\n<\/tr>\n<tr>\n<td align=\"center\" valign=\"middle\" width=\"160\">ZMA 2244, ZHS-50<\/td>\n<td align=\"center\" valign=\"middle\" width=\"104\">47 (21)<\/td>\n<td align=\"center\" valign=\"middle\" width=\"85\">\u00c0 souder<\/td>\n<td align=\"center\" valign=\"middle\" width=\"95\">24.0 (609)<\/td>\n<td align=\"center\" valign=\"middle\" width=\"94\">4.0 (101)<\/td>\n<td align=\"center\" valign=\"middle\" width=\"85\">2.0 (50)<\/td>\n<\/tr>\n<tr>\n<td align=\"center\" valign=\"middle\" width=\"160\">ZMA 3305<\/td>\n<td align=\"center\" valign=\"middle\" width=\"104\">86.5 (39.3)<\/td>\n<td align=\"center\" valign=\"middle\" width=\"85\">\u00c0 souder<\/td>\n<td align=\"center\" valign=\"middle\" width=\"95\">30.0 (762)<\/td>\n<td align=\"center\" valign=\"middle\" width=\"94\">5.0 (127)<\/td>\n<td align=\"center\" valign=\"middle\" width=\"85\">3.0 (76)<\/td>\n<\/tr>\n<tr>\n<td align=\"center\" valign=\"middle\" width=\"160\">ZMA 3365<\/td>\n<td align=\"center\" valign=\"middle\" width=\"104\">103 (46.8)<\/td>\n<td align=\"center\" valign=\"middle\" width=\"85\">\u00c0 souder<\/td>\n<td align=\"center\" valign=\"middle\" width=\"95\">36.0 (914)<\/td>\n<td align=\"center\" valign=\"middle\" width=\"94\">5.0 (127)<\/td>\n<td align=\"center\" valign=\"middle\" width=\"85\">3.0 (76)<\/td>\n<\/tr>\n<tr>\n<td align=\"center\" valign=\"middle\" width=\"160\">ZMA 4545<\/td>\n<td align=\"center\" valign=\"middle\" width=\"104\">264 (120)<\/td>\n<td align=\"center\" valign=\"middle\" width=\"85\">\u00c0 souder<\/td>\n<td align=\"center\" valign=\"middle\" width=\"95\">54.5 (1384)<\/td>\n<td align=\"center\" valign=\"middle\" width=\"94\">4.5 (114)<\/td>\n<td align=\"center\" valign=\"middle\" width=\"85\">3.75 (95)<\/td>\n<\/tr>\n<tr>\n<td colspan=\"6\" align=\"center\" valign=\"middle\" width=\"623\">ANODES EN PLAQUES<\/td>\n<\/tr>\n<tr>\n<td align=\"center\" valign=\"middle\" width=\"160\">ZHC-2<\/td>\n<td align=\"center\" valign=\"middle\" width=\"104\">2.5 (1.1)<\/td>\n<td align=\"center\" valign=\"middle\" width=\"85\">\u00c0 boulonner<\/td>\n<td align=\"center\" valign=\"middle\" width=\"95\">5.75 (146)<\/td>\n<td align=\"center\" valign=\"middle\" width=\"94\">2.75 (70)<\/td>\n<td align=\"center\" valign=\"middle\" width=\"85\">.75 (19)<\/td>\n<\/tr>\n<tr>\n<td align=\"center\" valign=\"middle\" width=\"160\">Z1, ZHC-23,<\/td>\n<td align=\"center\" valign=\"middle\" width=\"104\">23.0 (10.4)<\/td>\n<td align=\"center\" valign=\"middle\" width=\"85\">\u00c0 boulonner<\/td>\n<td align=\"center\" valign=\"middle\" width=\"95\">12.0 (304)<\/td>\n<td align=\"center\" valign=\"middle\" width=\"94\">6.0 (152)<\/td>\n<td align=\"center\" valign=\"middle\" width=\"85\">1.25 (31)<\/td>\n<\/tr>\n<tr>\n<td align=\"center\" valign=\"middle\" width=\"160\">Z2, ZHS-23, ZMA 1126<\/td>\n<td align=\"center\" valign=\"middle\" width=\"104\">23.5 (10.6)<\/td>\n<td align=\"center\" valign=\"middle\" width=\"85\">\u00c0 souder<\/td>\n<td align=\"center\" valign=\"middle\" width=\"95\">12.0 (304)<\/td>\n<td align=\"center\" valign=\"middle\" width=\"94\">6.0 (152)<\/td>\n<td align=\"center\" valign=\"middle\" width=\"85\">1.25 (31)<\/td>\n<\/tr>\n<tr>\n<td align=\"center\" valign=\"middle\" width=\"160\">ZHC-47<\/td>\n<td align=\"center\" valign=\"middle\" width=\"104\">45 (20.5)<\/td>\n<td align=\"center\" valign=\"middle\" width=\"85\">\u00c0 boulonner<\/td>\n<td align=\"center\" valign=\"middle\" width=\"95\">12.0 (304)<\/td>\n<td align=\"center\" valign=\"middle\" width=\"94\">6.0 (152)<\/td>\n<td align=\"center\" valign=\"middle\" width=\"85\">2.5 (64)<\/td>\n<\/tr>\n<tr>\n<td align=\"center\" valign=\"middle\" width=\"160\">ZHS-47<\/td>\n<td align=\"center\" valign=\"middle\" width=\"104\">45 (20.5)<\/td>\n<td align=\"center\" valign=\"middle\" width=\"85\">\u00c0 souder<\/td>\n<td align=\"center\" valign=\"middle\" width=\"95\">12.0 (304)<\/td>\n<td align=\"center\" valign=\"middle\" width=\"94\">6.0 (152)<\/td>\n<td align=\"center\" valign=\"middle\" width=\"85\">2.5 (64)<\/td>\n<\/tr>\n<\/tbody>\n<\/table>\n<p>&nbsp;<\/p>\n<table class=\"table table-responsive table-bordered\" border=\"0\" width=\"623\" cellspacing=\"0\" cellpadding=\"0\">\n<tbody>\n<tr>\n<td colspan=\"6\" align=\"center\" valign=\"middle\" width=\"623\">ANODES EN ZINC SEMI-PROFIL\u00c9ES<\/td>\n<\/tr>\n<tr>\n<td align=\"center\" valign=\"middle\" width=\"160\">Type N\u00b0<\/td>\n<td align=\"center\" valign=\"middle\" width=\"104\">Poids nominal<br \/>\nlb (kg)**<\/td>\n<td align=\"center\" valign=\"middle\" width=\"85\">Fixation<\/td>\n<td align=\"center\" valign=\"middle\" width=\"95\">A-Length<br \/>\nIn (mm)<\/td>\n<td align=\"center\" valign=\"middle\" width=\"94\">A \u2013 Longueur<br \/>\npo (mm)**<\/td>\n<td align=\"center\" valign=\"middle\" width=\"85\">C \u2013 Profondeur<br \/>\npo (mm)<\/td>\n<\/tr>\n<tr>\n<td align=\"center\" valign=\"middle\" width=\"160\">Z3 or ZSS<\/td>\n<td align=\"center\" valign=\"middle\" width=\"104\">10.3 (4.68)<\/td>\n<td align=\"center\" valign=\"middle\" width=\"85\">\u00c0 souder<\/td>\n<td align=\"center\" valign=\"middle\" width=\"95\">12.0 (304)<\/td>\n<td align=\"center\" valign=\"middle\" width=\"94\">3.0 (76)<\/td>\n<td align=\"center\" valign=\"middle\" width=\"85\">1.25 (31)<\/td>\n<\/tr>\n<tr>\n<td align=\"center\" valign=\"middle\" width=\"160\">Z4<\/td>\n<td align=\"center\" valign=\"middle\" width=\"104\">5.0 (2.25)<\/td>\n<td align=\"center\" valign=\"middle\" width=\"85\">\u00c0 souder<\/td>\n<td align=\"center\" valign=\"middle\" width=\"95\">6.0 (152)<\/td>\n<td align=\"center\" valign=\"middle\" width=\"94\">3.5 (88)<\/td>\n<td align=\"center\" valign=\"middle\" width=\"85\">1.0 (25)<\/td>\n<\/tr>\n<tr>\n<td align=\"center\" valign=\"middle\" width=\"160\">Z6<\/td>\n<td align=\"center\" valign=\"middle\" width=\"104\">3.0 (1.35)<\/td>\n<td align=\"center\" valign=\"middle\" width=\"85\">\u00c0 souder<\/td>\n<td align=\"center\" valign=\"middle\" width=\"95\">5.0 (127)<\/td>\n<td align=\"center\" valign=\"middle\" width=\"94\">2.5 (63)<\/td>\n<td align=\"center\" valign=\"middle\" width=\"85\">1.0 (25)<\/td>\n<\/tr>\n<tr>\n<td align=\"center\" valign=\"middle\" width=\"160\">Z19<\/td>\n<td align=\"center\" valign=\"middle\" width=\"104\">22.0 (10.0)<\/td>\n<td align=\"center\" valign=\"middle\" width=\"85\">\u00c0 souder<\/td>\n<td align=\"center\" valign=\"middle\" width=\"95\">25.0 (635)<\/td>\n<td align=\"center\" valign=\"middle\" width=\"94\">3.125 (79)<\/td>\n<td align=\"center\" valign=\"middle\" width=\"85\">1.25 (31)<\/td>\n<\/tr>\n<tr>\n<td align=\"center\" valign=\"middle\" width=\"160\">ZC-5<\/td>\n<td align=\"center\" valign=\"middle\" width=\"104\">5.0 (2.25)<\/td>\n<td align=\"center\" valign=\"middle\" width=\"85\">\u00c0 souder<\/td>\n<td align=\"center\" valign=\"middle\" width=\"95\">9.0 (228)<\/td>\n<td align=\"center\" valign=\"middle\" width=\"94\">2.25 (57)<\/td>\n<td align=\"center\" valign=\"middle\" width=\"85\">1.25 (31)<\/td>\n<\/tr>\n<tr>\n<td align=\"center\" valign=\"middle\" width=\"160\">ZC-7<\/td>\n<td align=\"center\" valign=\"middle\" width=\"104\">7.0 (3.15)<\/td>\n<td align=\"center\" valign=\"middle\" width=\"85\">\u00c0 souder<\/td>\n<td align=\"center\" valign=\"middle\" width=\"95\">9.0 (228)<\/td>\n<td align=\"center\" valign=\"middle\" width=\"94\">2.25 (57)<\/td>\n<td align=\"center\" valign=\"middle\" width=\"85\">1.625 (41)<\/td>\n<\/tr>\n<tr>\n<td align=\"center\" valign=\"middle\" width=\"160\">Z3B<\/td>\n<td align=\"center\" valign=\"middle\" width=\"104\">10.3 (4.68)<\/td>\n<td align=\"center\" valign=\"middle\" width=\"85\">\u00c0 boulonner<\/td>\n<td align=\"center\" valign=\"middle\" width=\"95\">12.0 (304)<\/td>\n<td align=\"center\" valign=\"middle\" width=\"94\">3.0 (76)<\/td>\n<td align=\"center\" valign=\"middle\" width=\"85\">1.25 (31)<\/td>\n<\/tr>\n<tr>\n<td align=\"center\" valign=\"middle\" width=\"160\">Z15B<\/td>\n<td align=\"center\" valign=\"middle\" width=\"104\">15.1 (6.85)<\/td>\n<td align=\"center\" valign=\"middle\" width=\"85\">\u00c0 boulonner<\/td>\n<td align=\"center\" valign=\"middle\" width=\"95\">18.0 (457)<\/td>\n<td align=\"center\" valign=\"middle\" width=\"94\">3.0 (76)<\/td>\n<td align=\"center\" valign=\"middle\" width=\"85\">1.5 (38)<\/td>\n<\/tr>\n<tr>\n<td align=\"center\" valign=\"middle\" width=\"160\">HT1<\/td>\n<td align=\"center\" valign=\"middle\" width=\"104\">5.0 (2.27)<\/td>\n<td align=\"center\" valign=\"middle\" width=\"85\">Combinaison<\/td>\n<td align=\"center\" valign=\"middle\" width=\"95\">6.0 (152)<\/td>\n<td align=\"center\" valign=\"middle\" width=\"94\">3.0 (76)<\/td>\n<td align=\"center\" valign=\"middle\" width=\"85\">1.5 (38)<\/td>\n<\/tr>\n<tr>\n<td align=\"center\" valign=\"middle\" width=\"160\">Z26<\/td>\n<td align=\"center\" valign=\"middle\" width=\"104\">26.0 (11.79)<\/td>\n<td align=\"center\" valign=\"middle\" width=\"85\">\u00c0 souder<\/td>\n<td align=\"center\" valign=\"middle\" width=\"95\">13.5 (343)<\/td>\n<td align=\"center\" valign=\"middle\" width=\"94\">4.5 (114)<\/td>\n<td align=\"center\" valign=\"middle\" width=\"85\">2.25 (57)<\/td>\n<\/tr>\n<\/tbody>\n<\/table>\n<p>&nbsp;<\/p>\n<table class=\"table table-responsive table-bordered\" border=\"0\" width=\"623\" cellspacing=\"0\" cellpadding=\"0\">\n<tbody>\n<tr>\n<td colspan=\"6\" align=\"center\" valign=\"middle\" width=\"623\">ANODES EN ZINC PROFIL\u00c9ES<\/td>\n<\/tr>\n<tr>\n<td align=\"center\" valign=\"middle\" width=\"160\">Type N\u00b0<\/td>\n<td align=\"center\" valign=\"middle\" width=\"104\">Poids nominal<br \/>\nlb (kg)**<\/td>\n<td align=\"center\" valign=\"middle\" width=\"85\">Fixation<\/td>\n<td align=\"center\" valign=\"middle\" width=\"95\">A-Length<br \/>\nIn (mm)<\/td>\n<td align=\"center\" valign=\"middle\" width=\"94\">A \u2013 Longueur<br \/>\npo (mm)**<\/td>\n<td align=\"center\" valign=\"middle\" width=\"85\">C \u2013 Profondeur<br \/>\npo (mm)<\/td>\n<\/tr>\n<tr>\n<td align=\"center\" valign=\"middle\" width=\"160\">Z22<\/td>\n<td align=\"center\" valign=\"middle\" width=\"104\">23.5 (10.65)<\/td>\n<td align=\"center\" valign=\"middle\" width=\"85\">\u00c0 souder<\/td>\n<td align=\"center\" valign=\"middle\" width=\"95\">14.0 (355)<\/td>\n<td align=\"center\" valign=\"middle\" width=\"94\">6.5 (165)<\/td>\n<td align=\"center\" valign=\"middle\" width=\"85\">1.5 (38)<\/td>\n<\/tr>\n<\/tbody>\n<\/table>\n<\/div>\n<p><script type=\"application\/ld+json\"> \n{\"@context\":\"https:\/\/schema.org\",\n\"@type\":\"WebPage\",\n\"url\":\"https:\/\/canadametal.com\/products\/marine-zinc-anodes\/\",\n\"name\":\"Zinc Pier Anodes | Marine Zinc Anodes | Canada Metal\",\n\"description\":\"High-quality marine zinc anodes and zinc anodes for corrosion protection of boats, docks, and piers. Durable pier anodes made in Canada. Shop now!\",\n\"publisher\":{\"@type\":\"Organization\",\"name\":\"Canada Metal North America\"},\n\"keywords\":\"marine zinc anodes, zinc anodes, pier anodes\"} \n<\/script><\/p>\n<p><script type=\"application\/ld+json\">\n{\n  \"@context\": \"https:\/\/schema.org\",\n  \"@type\": \"FAQPage\",\n  \"mainEntity\": [\n    {\n      \"@type\": \"Question\",\n      \"name\": \"What are marine zinc anodes?\",\n      \"acceptedAnswer\": {\n        \"@type\": \"Answer\",\n        \"text\": \"Marine zinc anodes are metal components used to protect boats and marine structures from corrosion caused by electrolytic reactions in saltwater. These anodes are made from zinc, which acts as a sacrificial metal, corroding in place of the more valuable components of your vessel, such as the hull or propeller.\"\n      }\n    },\n    {\n      \"@type\": \"Question\",\n      \"name\": \"What is a zinc anode rod and how does it work?\",\n      \"acceptedAnswer\": {\n        \"@type\": \"Answer\",\n        \"text\": \"A zinc anode rod is a specific type of anode designed to protect your boat\u2019s metal parts from corrosion. When immersed in water, the zinc rod slowly corrodes instead of the boat\u2019s critical parts. This process, known as galvanic protection, is essential for extending the life of your boat and its equipment.\"\n      }\n    },\n    {\n      \"@type\": \"Question\",\n      \"name\": \"Why should I use zinc anodes in marine environments?\",\n      \"acceptedAnswer\": {\n        \"@type\": \"Answer\",\n        \"text\": \"Zinc is highly effective in preventing corrosion in marine environments, making it the preferred choice for boat owners in Canada and worldwide. It works particularly well in saltwater conditions, where metal components are most vulnerable to electrolytic corrosion. By using zinc anodes, you can significantly reduce maintenance costs and ensure the longevity of your marine equipment.\"\n      }\n    },\n    {\n      \"@type\": \"Question\",\n      \"name\": \"How often should I replace my marine zinc anodes?\",\n      \"acceptedAnswer\": {\n        \"@type\": \"Answer\",\n        \"text\": \"The frequency of replacement depends on factors such as the water conditions and how often the boat is used. As a general rule, it\u2019s a good idea to inspect your zinc anodes at least once per season. If they are significantly worn down, they should be replaced to continue providing optimal protection against corrosion.\"\n      }\n    },\n    {\n      \"@type\": \"Question\",\n      \"name\": \"What types of marine anodes are available?\",\n      \"acceptedAnswer\": {\n        \"@type\": \"Answer\",\n        \"text\": \"Marine anodes come in various shapes and sizes to fit different types of boats and marine applications. These include zinc anode rods, flat anodes, and propeller anodes. Zinc is the most common material used, but other materials like aluminum or magnesium may also be used depending on the water conditions and the specific needs of your vessel.\"\n      }\n    },\n    {\n      \"@type\": \"Question\",\n      \"name\": \"Are there other types of anodes besides zinc anodes?\",\n      \"acceptedAnswer\": {\n        \"@type\": \"Answer\",\n        \"text\": \"Yes, besides zinc anodes, there are also aluminum and magnesium anodes, which are commonly used in fresh or brackish water. Zinc anodes are generally the best option for saltwater environments, which is why they are widely used in marine applications across Canada.\"\n      }\n    }\n  ]\n}\n<\/script><\/p>\n","protected":false},"excerpt":{"rendered":"<p>Description Les anodes marines en zinc sont largement utilis\u00e9es pour prot\u00e9ger les navires commerciaux, priv\u00e9s et militaires ainsi que les structures contre la corrosion ou la rouille en environnement marin. Leur nature sacrificielle prolonge la dur\u00e9e de vie des bateaux, des navires, des embarcations et des structures marines. Les anodes en zinc sont privil\u00e9gi\u00e9es pour [&hellip;]<\/p>\n","protected":false},"featured_media":4365,"template":"","product_category":[141],"class_list":["post-5888","product","type-product","status-publish","has-post-thumbnail","hentry","product_category-zinc-produits"],"yoast_head":"<!-- This site is optimized with the Yoast SEO plugin v25.4 - https:\/\/yoast.com\/wordpress\/plugins\/seo\/ -->\n<title>Anodes de quai en zinc | Anodes marines en zinc | Canada Metal<\/title>\n<meta name=\"description\" content=\"Anodes marines en zinc de haute qualit\u00e9 et anodes en zinc pour la protection contre la corrosion des bateaux, quais et jet\u00e9es. Anodes de quai durables fabriqu\u00e9es au Canada. Achetez maintenant !\" \/>\n<meta name=\"robots\" content=\"index, follow, max-snippet:-1, max-image-preview:large, max-video-preview:-1\" \/>\n<link rel=\"canonical\" href=\"https:\/\/www.canadametal.com\/fr\/produits\/anodes-de-zinc-marin\/\" \/>\n<meta property=\"og:locale\" content=\"fr_FR\" \/>\n<meta property=\"og:type\" content=\"article\" \/>\n<meta property=\"og:title\" content=\"Anodes de quai en zinc | Anodes marines en zinc | Canada Metal\" \/>\n<meta property=\"og:description\" content=\"Anodes marines en zinc de haute qualit\u00e9 et anodes en zinc pour la protection contre la corrosion des bateaux, quais et jet\u00e9es. Anodes de quai durables fabriqu\u00e9es au Canada. Achetez maintenant !\" \/>\n<meta property=\"og:url\" content=\"https:\/\/www.canadametal.com\/fr\/produits\/anodes-de-zinc-marin\/\" \/>\n<meta property=\"og:site_name\" content=\"Canada Metal\" \/>\n<meta property=\"article:modified_time\" content=\"2026-04-20T13:37:10+00:00\" \/>\n<meta property=\"og:image\" content=\"https:\/\/www.canadametal.com\/wp-content\/uploads\/2025\/07\/marine-anodes-1.jpg\" \/>\n\t<meta property=\"og:image:width\" content=\"1368\" \/>\n\t<meta property=\"og:image:height\" content=\"912\" \/>\n\t<meta property=\"og:image:type\" content=\"image\/jpeg\" \/>\n<meta name=\"twitter:card\" content=\"summary_large_image\" \/>\n<meta name=\"twitter:label1\" content=\"Dur\u00e9e de lecture estim\u00e9e\" \/>\n\t<meta name=\"twitter:data1\" content=\"3 minutes\" \/>\n<!-- \/ Yoast SEO plugin. -->","yoast_head_json":{"title":"Anodes de quai en zinc | Anodes marines en zinc | Canada Metal","description":"Anodes marines en zinc de haute qualit\u00e9 et anodes en zinc pour la protection contre la corrosion des bateaux, quais et jet\u00e9es. Anodes de quai durables fabriqu\u00e9es au Canada. Achetez maintenant !","robots":{"index":"index","follow":"follow","max-snippet":"max-snippet:-1","max-image-preview":"max-image-preview:large","max-video-preview":"max-video-preview:-1"},"canonical":"https:\/\/www.canadametal.com\/fr\/produits\/anodes-de-zinc-marin\/","og_locale":"fr_FR","og_type":"article","og_title":"Anodes de quai en zinc | Anodes marines en zinc | Canada Metal","og_description":"Anodes marines en zinc de haute qualit\u00e9 et anodes en zinc pour la protection contre la corrosion des bateaux, quais et jet\u00e9es. Anodes de quai durables fabriqu\u00e9es au Canada. Achetez maintenant !","og_url":"https:\/\/www.canadametal.com\/fr\/produits\/anodes-de-zinc-marin\/","og_site_name":"Canada Metal","article_modified_time":"2026-04-20T13:37:10+00:00","og_image":[{"width":1368,"height":912,"url":"https:\/\/www.canadametal.com\/wp-content\/uploads\/2025\/07\/marine-anodes-1.jpg","type":"image\/jpeg"}],"twitter_card":"summary_large_image","twitter_misc":{"Dur\u00e9e de lecture estim\u00e9e":"3 minutes"},"schema":{"@context":"https:\/\/schema.org","@graph":[{"@type":"WebPage","@id":"https:\/\/www.canadametal.com\/fr\/produits\/anodes-de-zinc-marin\/","url":"https:\/\/www.canadametal.com\/fr\/produits\/anodes-de-zinc-marin\/","name":"Anodes de quai en zinc | Anodes marines en zinc | Canada Metal","isPartOf":{"@id":"https:\/\/www.canadametal.com\/fr\/#website"},"primaryImageOfPage":{"@id":"https:\/\/www.canadametal.com\/fr\/produits\/anodes-de-zinc-marin\/#primaryimage"},"image":{"@id":"https:\/\/www.canadametal.com\/fr\/produits\/anodes-de-zinc-marin\/#primaryimage"},"thumbnailUrl":"https:\/\/www.canadametal.com\/wp-content\/uploads\/2025\/07\/marine-anodes-1.jpg","datePublished":"2026-04-20T13:31:52+00:00","dateModified":"2026-04-20T13:37:10+00:00","description":"Anodes marines en zinc de haute qualit\u00e9 et anodes en zinc pour la protection contre la corrosion des bateaux, quais et jet\u00e9es. Anodes de quai durables fabriqu\u00e9es au Canada. Achetez maintenant !","breadcrumb":{"@id":"https:\/\/www.canadametal.com\/fr\/produits\/anodes-de-zinc-marin\/#breadcrumb"},"inLanguage":"fr-FR","potentialAction":[{"@type":"ReadAction","target":["https:\/\/www.canadametal.com\/fr\/produits\/anodes-de-zinc-marin\/"]}]},{"@type":"ImageObject","inLanguage":"fr-FR","@id":"https:\/\/www.canadametal.com\/fr\/produits\/anodes-de-zinc-marin\/#primaryimage","url":"https:\/\/www.canadametal.com\/wp-content\/uploads\/2025\/07\/marine-anodes-1.jpg","contentUrl":"https:\/\/www.canadametal.com\/wp-content\/uploads\/2025\/07\/marine-anodes-1.jpg","width":1368,"height":912},{"@type":"BreadcrumbList","@id":"https:\/\/www.canadametal.com\/fr\/produits\/anodes-de-zinc-marin\/#breadcrumb","itemListElement":[{"@type":"ListItem","position":1,"name":"Home","item":"https:\/\/www.canadametal.com\/fr\/"},{"@type":"ListItem","position":2,"name":"Products","item":"https:\/\/www.canadametal.com\/fr\/products\/"},{"@type":"ListItem","position":3,"name":"Anodes de zinc marines"}]},{"@type":"WebSite","@id":"https:\/\/www.canadametal.com\/fr\/#website","url":"https:\/\/www.canadametal.com\/fr\/","name":"Canada Metal","description":"Lead Suppliers, Lead Ingots | Canada Metal North America","publisher":{"@id":"https:\/\/www.canadametal.com\/fr\/#organization"},"potentialAction":[{"@type":"SearchAction","target":{"@type":"EntryPoint","urlTemplate":"https:\/\/www.canadametal.com\/fr\/?s={search_term_string}"},"query-input":{"@type":"PropertyValueSpecification","valueRequired":true,"valueName":"search_term_string"}}],"inLanguage":"fr-FR"},{"@type":"Organization","@id":"https:\/\/www.canadametal.com\/fr\/#organization","name":"Canada Metal","url":"https:\/\/www.canadametal.com\/fr\/","logo":{"@type":"ImageObject","inLanguage":"fr-FR","@id":"https:\/\/www.canadametal.com\/fr\/#\/schema\/logo\/image\/","url":"https:\/\/www.canadametal.com\/wp-content\/uploads\/2025\/10\/cropped-N299.3-16-CMNA-Radiation-Shielding-1_1-1.png","contentUrl":"https:\/\/www.canadametal.com\/wp-content\/uploads\/2025\/10\/cropped-N299.3-16-CMNA-Radiation-Shielding-1_1-1.png","width":1754,"height":155,"caption":"Canada Metal"},"image":{"@id":"https:\/\/www.canadametal.com\/fr\/#\/schema\/logo\/image\/"}}]}},"_links":{"self":[{"href":"https:\/\/www.canadametal.com\/fr\/wp-json\/wp\/v2\/product\/5888","targetHints":{"allow":["GET"]}}],"collection":[{"href":"https:\/\/www.canadametal.com\/fr\/wp-json\/wp\/v2\/product"}],"about":[{"href":"https:\/\/www.canadametal.com\/fr\/wp-json\/wp\/v2\/types\/product"}],"wp:featuredmedia":[{"embeddable":true,"href":"https:\/\/www.canadametal.com\/fr\/wp-json\/wp\/v2\/media\/4365"}],"wp:attachment":[{"href":"https:\/\/www.canadametal.com\/fr\/wp-json\/wp\/v2\/media?parent=5888"}],"wp:term":[{"taxonomy":"product_category","embeddable":true,"href":"https:\/\/www.canadametal.com\/fr\/wp-json\/wp\/v2\/product_category?post=5888"}],"curies":[{"name":"wp","href":"https:\/\/api.w.org\/{rel}","templated":true}]}}