{"id":5890,"date":"2026-04-20T13:41:21","date_gmt":"2026-04-20T13:41:21","guid":{"rendered":"https:\/\/www.canadametal.com\/products\/anodes-en-zinc\/"},"modified":"2026-04-20T13:41:21","modified_gmt":"2026-04-20T13:41:21","slug":"anodes-en-zinc","status":"publish","type":"product","link":"https:\/\/www.canadametal.com\/fr\/produits\/tiges-de-zinc\/","title":{"rendered":"Anodes en zinc"},"content":{"rendered":"<p><strong>Description<\/strong><br \/>\nNous fournissons des barres de zinc de qualit\u00e9 sup\u00e9rieure, fabriqu\u00e9es \u00e0 partir de zinc de haute puret\u00e9 (99,99 + 0\/0), disponibles en diam\u00e8tres standard et sur mesure.<\/p>\n<p><strong>Applications<\/strong><br \/>\nProtection contre la corrosion<\/p>\n<p><span style=\"text-decoration: underline;\"><strong>Secteurs<\/strong><\/span><br \/>\nMarin<\/p>\n<p><span style=\"text-decoration: underline;\"><strong>Formats<\/strong><\/span><\/p>\n<div class=\"pro-desc\">\n<table class=\"table table-responsive table-bordered\" border=\"0\" cellspacing=\"0\" cellpadding=\"0\">\n<tbody>\n<tr>\n<td colspan=\"4\" valign=\"top\">Tiges de zinc<\/td>\n<\/tr>\n<tr>\n<td valign=\"top\" width=\"122\">Code<\/td>\n<td valign=\"top\" width=\"102\">Dia. in. <\/td>\n<td valign=\"top\" width=\"102\">Length in.<\/td>\n<\/tr>\n<tr>\n<td valign=\"top\" width=\"122\">X.00.14<\/td>\n<td valign=\"top\" width=\"102\">1\/4<\/td>\n<td valign=\"top\" width=\"102\">6<\/td>\n<\/tr>\n<tr>\n<td valign=\"top\" width=\"122\">X.00.12<\/td>\n<td valign=\"top\" width=\"102\">1\/2<\/td>\n<td valign=\"top\" width=\"102\">12<\/td>\n<\/tr>\n<tr>\n<td valign=\"top\" width=\"122\">X.00.38<\/td>\n<td valign=\"top\" width=\"102\">3\/8<\/td>\n<td valign=\"top\" width=\"102\">12<\/td>\n<\/tr>\n<tr>\n<td valign=\"top\" width=\"122\">X.00.58<\/td>\n<td valign=\"top\" width=\"102\">5\/8<\/td>\n<td valign=\"top\" width=\"102\">12<\/td>\n<\/tr>\n<tr>\n<td valign=\"top\" width=\"122\">X.00.34<\/td>\n<td valign=\"top\" width=\"102\">3\/4<\/td>\n<td valign=\"top\" width=\"102\">12<\/td>\n<\/tr>\n<tr>\n<td valign=\"top\" width=\"122\">X.00.78<\/td>\n<td valign=\"top\" width=\"102\">7\/8<\/td>\n<td valign=\"top\" width=\"102\">12<\/td>\n<\/tr>\n<tr>\n<td valign=\"top\" width=\"122\">x.01.18<\/td>\n<td valign=\"top\" width=\"102\">1-1\/8<\/td>\n<td valign=\"top\" width=\"102\">12<\/td>\n<\/tr>\n<tr>\n<td valign=\"top\" width=\"122\">X.01.14<\/td>\n<td valign=\"top\" width=\"102\">1-1\/4<\/td>\n<td valign=\"top\" width=\"102\">12<\/td>\n<\/tr>\n<tr>\n<td valign=\"top\" width=\"122\">X.01.12<\/td>\n<td valign=\"top\" width=\"102\">1-1\/2<\/td>\n<td valign=\"top\" width=\"102\">12<\/td>\n<\/tr>\n<tr>\n<td valign=\"top\" width=\"122\">X.01.34<\/td>\n<td valign=\"top\" width=\"102\">1-3\/4<\/td>\n<td valign=\"top\" width=\"102\">12<\/td>\n<\/tr>\n<tr>\n<td valign=\"top\" width=\"122\">x.02.00<\/td>\n<td valign=\"top\" width=\"102\">2<\/td>\n<td valign=\"top\" width=\"102\">12<\/td>\n<\/tr>\n<tr>\n<td width=\"122\">X.02.12<\/td>\n<td width=\"102\">2-1\/2<\/td>\n<td width=\"102\">12<\/td>\n<\/tr>\n<tr>\n<td>X.03.00<\/td>\n<td>3<\/td>\n<td width=\"102\">12<\/td>\n<\/tr>\n<tr>\n<td>X.03.14<\/td>\n<td>3-1\/4<\/td>\n<td width=\"102\">12<\/td>\n<\/tr>\n<tr>\n<td>X.03.12<\/td>\n<td>3-1\/2<\/td>\n<td width=\"102\">12<\/td>\n<\/tr>\n<tr>\n<td>X.04.00<\/td>\n<td>4<\/td>\n<td width=\"102\">12<\/td>\n<\/tr>\n<tr>\n<td>X.04.12<\/td>\n<td>4-1\/2<\/td>\n<td width=\"102\">12<\/td>\n<\/tr>\n<tr>\n<td>X.05.00<\/td>\n<td>5<\/td>\n<td width=\"102\">12<\/td>\n<\/tr>\n<tr>\n<td>X.06.00<\/td>\n<td>6<\/td>\n<td width=\"102\">12<\/td>\n<\/tr>\n<tr>\n<td>X.10.38<\/td>\n<td>3\/8<\/td>\n<td width=\"102\">72<\/td>\n<\/tr>\n<tr>\n<td>X.10.12<\/td>\n<td>1\/2<\/td>\n<td width=\"102\">72<\/td>\n<\/tr>\n<tr>\n<td>X.10.58<\/td>\n<td>5\/8<\/td>\n<td width=\"102\">72<\/td>\n<\/tr>\n<tr>\n<td>X.10.34<\/td>\n<td>3\/4<\/td>\n<td width=\"102\">72<\/td>\n<\/tr>\n<tr>\n<td>X.10.78<\/td>\n<td>7\/8<\/td>\n<td width=\"102\">72<\/td>\n<\/tr>\n<tr>\n<td>X.11.00<\/td>\n<td>1<\/td>\n<td width=\"102\">72<\/td>\n<\/tr>\n<tr>\n<td>X.11.14<\/td>\n<td>1-1\/4<\/td>\n<td width=\"102\">72<\/td>\n<\/tr>\n<tr>\n<td>X.11.12<\/td>\n<td>1-1\/2<\/td>\n<td width=\"102\">72<\/td>\n<\/tr>\n<\/tbody>\n<\/table>\n<\/div>\n<p><script type=\"application\/ld+json\"> \n{\"@context\":\"https:\/\/schema.org\",\n\"@type\":\"WebPage\",\n\"url\":\"https:\/\/www.canadametal.com\/products\/zinc-rods\/\",\n\"name\":\"Zinc Anode Rods | Pure Zinc Metal Rods - Canada Metal\",\n\"description\":\"Shop premium zinc anode rods from Canada Metal. Manufactured with pure zinc for strength, conductivity, and corrosion resistance in industrial use.\",\n\"publisher\":{\"@type\":\"Organization\",\"name\":\"Canada Metal North America\"},\n\"keywords\":\"zinc rods, zinc anode rods, pure zinc rod, zinc metal rod\"} \n<\/script><\/p>\n","protected":false},"excerpt":{"rendered":"<p>Description Nous fournissons des barres de zinc de qualit\u00e9 sup\u00e9rieure, fabriqu\u00e9es \u00e0 partir de zinc de haute puret\u00e9 (99,99 + 0\/0), disponibles en diam\u00e8tres standard et sur mesure. Applications Protection contre la corrosion Secteurs Marin Formats Tiges de zinc Code Dia. in. Length in. X.00.14 1\/4 6 X.00.12 1\/2 12 X.00.38 3\/8 12 X.00.58 5\/8 [&hellip;]<\/p>\n","protected":false},"featured_media":4367,"template":"","product_category":[141],"class_list":["post-5890","product","type-product","status-publish","has-post-thumbnail","hentry","product_category-zinc-produits"],"yoast_head":"<!-- This site is optimized with the Yoast SEO plugin v25.4 - https:\/\/yoast.com\/wordpress\/plugins\/seo\/ -->\n<title>Anodes en zinc | Tiges de zinc pur - Canada Metal<\/title>\n<meta name=\"description\" content=\"Achetez des tiges d\u2019anode en zinc de qualit\u00e9 sup\u00e9rieure de Canada Metal. Fabriqu\u00e9es en zinc pur pour offrir r\u00e9sistance, conductivit\u00e9 et r\u00e9sistance \u00e0 la corrosion dans les applications industrielles.\" \/>\n<meta name=\"robots\" content=\"index, follow, max-snippet:-1, max-image-preview:large, max-video-preview:-1\" \/>\n<link rel=\"canonical\" href=\"https:\/\/www.canadametal.com\/fr\/produits\/tiges-de-zinc\/\" \/>\n<meta property=\"og:locale\" content=\"fr_FR\" \/>\n<meta property=\"og:type\" content=\"article\" \/>\n<meta property=\"og:title\" content=\"Anodes en zinc | Tiges de zinc pur - Canada Metal\" \/>\n<meta property=\"og:description\" content=\"Achetez des tiges d\u2019anode en zinc de qualit\u00e9 sup\u00e9rieure de Canada Metal. Fabriqu\u00e9es en zinc pur pour offrir r\u00e9sistance, conductivit\u00e9 et r\u00e9sistance \u00e0 la corrosion dans les applications industrielles.\" \/>\n<meta property=\"og:url\" content=\"https:\/\/www.canadametal.com\/fr\/produits\/tiges-de-zinc\/\" \/>\n<meta property=\"og:site_name\" content=\"Canada Metal\" \/>\n<meta property=\"og:image\" content=\"https:\/\/www.canadametal.com\/wp-content\/uploads\/2025\/07\/zinc-rods.jpg\" \/>\n\t<meta property=\"og:image:width\" content=\"1368\" \/>\n\t<meta property=\"og:image:height\" content=\"912\" \/>\n\t<meta property=\"og:image:type\" content=\"image\/jpeg\" \/>\n<meta name=\"twitter:card\" content=\"summary_large_image\" \/>\n<!-- \/ Yoast SEO plugin. -->","yoast_head_json":{"title":"Anodes en zinc | Tiges de zinc pur - Canada Metal","description":"Achetez des tiges d\u2019anode en zinc de qualit\u00e9 sup\u00e9rieure de Canada Metal. Fabriqu\u00e9es en zinc pur pour offrir r\u00e9sistance, conductivit\u00e9 et r\u00e9sistance \u00e0 la corrosion dans les applications industrielles.","robots":{"index":"index","follow":"follow","max-snippet":"max-snippet:-1","max-image-preview":"max-image-preview:large","max-video-preview":"max-video-preview:-1"},"canonical":"https:\/\/www.canadametal.com\/fr\/produits\/tiges-de-zinc\/","og_locale":"fr_FR","og_type":"article","og_title":"Anodes en zinc | Tiges de zinc pur - Canada Metal","og_description":"Achetez des tiges d\u2019anode en zinc de qualit\u00e9 sup\u00e9rieure de Canada Metal. Fabriqu\u00e9es en zinc pur pour offrir r\u00e9sistance, conductivit\u00e9 et r\u00e9sistance \u00e0 la corrosion dans les applications industrielles.","og_url":"https:\/\/www.canadametal.com\/fr\/produits\/tiges-de-zinc\/","og_site_name":"Canada Metal","og_image":[{"width":1368,"height":912,"url":"https:\/\/www.canadametal.com\/wp-content\/uploads\/2025\/07\/zinc-rods.jpg","type":"image\/jpeg"}],"twitter_card":"summary_large_image","schema":{"@context":"https:\/\/schema.org","@graph":[{"@type":"WebPage","@id":"https:\/\/www.canadametal.com\/fr\/produits\/tiges-de-zinc\/","url":"https:\/\/www.canadametal.com\/fr\/produits\/tiges-de-zinc\/","name":"Anodes en zinc | Tiges de zinc pur - Canada Metal","isPartOf":{"@id":"https:\/\/www.canadametal.com\/fr\/#website"},"primaryImageOfPage":{"@id":"https:\/\/www.canadametal.com\/fr\/produits\/tiges-de-zinc\/#primaryimage"},"image":{"@id":"https:\/\/www.canadametal.com\/fr\/produits\/tiges-de-zinc\/#primaryimage"},"thumbnailUrl":"https:\/\/www.canadametal.com\/wp-content\/uploads\/2025\/07\/zinc-rods.jpg","datePublished":"2026-04-20T13:41:21+00:00","description":"Achetez des tiges d\u2019anode en zinc de qualit\u00e9 sup\u00e9rieure de Canada Metal. Fabriqu\u00e9es en zinc pur pour offrir r\u00e9sistance, conductivit\u00e9 et r\u00e9sistance \u00e0 la corrosion dans les applications industrielles.","breadcrumb":{"@id":"https:\/\/www.canadametal.com\/fr\/produits\/tiges-de-zinc\/#breadcrumb"},"inLanguage":"fr-FR","potentialAction":[{"@type":"ReadAction","target":["https:\/\/www.canadametal.com\/fr\/produits\/tiges-de-zinc\/"]}]},{"@type":"ImageObject","inLanguage":"fr-FR","@id":"https:\/\/www.canadametal.com\/fr\/produits\/tiges-de-zinc\/#primaryimage","url":"https:\/\/www.canadametal.com\/wp-content\/uploads\/2025\/07\/zinc-rods.jpg","contentUrl":"https:\/\/www.canadametal.com\/wp-content\/uploads\/2025\/07\/zinc-rods.jpg","width":1368,"height":912},{"@type":"BreadcrumbList","@id":"https:\/\/www.canadametal.com\/fr\/produits\/tiges-de-zinc\/#breadcrumb","itemListElement":[{"@type":"ListItem","position":1,"name":"Home","item":"https:\/\/www.canadametal.com\/fr\/"},{"@type":"ListItem","position":2,"name":"Products","item":"https:\/\/www.canadametal.com\/fr\/products\/"},{"@type":"ListItem","position":3,"name":"Anodes en zinc"}]},{"@type":"WebSite","@id":"https:\/\/www.canadametal.com\/fr\/#website","url":"https:\/\/www.canadametal.com\/fr\/","name":"Canada Metal","description":"Lead Suppliers, Lead Ingots | Canada Metal North America","publisher":{"@id":"https:\/\/www.canadametal.com\/fr\/#organization"},"potentialAction":[{"@type":"SearchAction","target":{"@type":"EntryPoint","urlTemplate":"https:\/\/www.canadametal.com\/fr\/?s={search_term_string}"},"query-input":{"@type":"PropertyValueSpecification","valueRequired":true,"valueName":"search_term_string"}}],"inLanguage":"fr-FR"},{"@type":"Organization","@id":"https:\/\/www.canadametal.com\/fr\/#organization","name":"Canada Metal","url":"https:\/\/www.canadametal.com\/fr\/","logo":{"@type":"ImageObject","inLanguage":"fr-FR","@id":"https:\/\/www.canadametal.com\/fr\/#\/schema\/logo\/image\/","url":"https:\/\/www.canadametal.com\/wp-content\/uploads\/2025\/10\/cropped-N299.3-16-CMNA-Radiation-Shielding-1_1-1.png","contentUrl":"https:\/\/www.canadametal.com\/wp-content\/uploads\/2025\/10\/cropped-N299.3-16-CMNA-Radiation-Shielding-1_1-1.png","width":1754,"height":155,"caption":"Canada Metal"},"image":{"@id":"https:\/\/www.canadametal.com\/fr\/#\/schema\/logo\/image\/"}}]}},"_links":{"self":[{"href":"https:\/\/www.canadametal.com\/fr\/wp-json\/wp\/v2\/product\/5890","targetHints":{"allow":["GET"]}}],"collection":[{"href":"https:\/\/www.canadametal.com\/fr\/wp-json\/wp\/v2\/product"}],"about":[{"href":"https:\/\/www.canadametal.com\/fr\/wp-json\/wp\/v2\/types\/product"}],"wp:featuredmedia":[{"embeddable":true,"href":"https:\/\/www.canadametal.com\/fr\/wp-json\/wp\/v2\/media\/4367"}],"wp:attachment":[{"href":"https:\/\/www.canadametal.com\/fr\/wp-json\/wp\/v2\/media?parent=5890"}],"wp:term":[{"taxonomy":"product_category","embeddable":true,"href":"https:\/\/www.canadametal.com\/fr\/wp-json\/wp\/v2\/product_category?post=5890"}],"curies":[{"name":"wp","href":"https:\/\/api.w.org\/{rel}","templated":true}]}}